{"id":2998,"date":"2025-08-02T20:50:10","date_gmt":"2025-08-02T17:50:10","guid":{"rendered":"https:\/\/rehaira.com\/datenschutzrichtlinie\/"},"modified":"2025-10-23T10:22:33","modified_gmt":"2025-10-23T07:22:33","slug":"datenschutzrichtlinie","status":"publish","type":"page","link":"https:\/\/rehaira.com\/de\/datenschutzrichtlinie\/","title":{"rendered":"Datenschutzrichtlinie"},"content":{"rendered":"<h1 data-start=\"380\" data-end=\"402\"><strong data-start=\"382\" data-end=\"400\">Datenschutzrichtlinie<\/strong><\/h1>\n<p data-start=\"403\" data-end=\"478\"><strong data-start=\"403\" data-end=\"422\">Wirksamkeitsdatum:<\/strong> 23. Oktober 2025<br data-start=\"439\" data-end=\"442\"><strong data-start=\"442\" data-end=\"459\">Letzte Aktualisierung:<\/strong> 23. Oktober 2025<\/p>\n<h2 data-start=\"480\" data-end=\"500\">1. Einf\u00fchrung<\/h2>\n<p data-start=\"501\" data-end=\"902\">Diese Datenschutzerkl\u00e4rung erl\u00e4utert, wie <strong data-start=\"534\" data-end=\"608\">REHA\u0130RA SA\u011eLIK TUR\u0130ZM \u0130N\u015eAAT TEKST\u0130L SANAY\u0130 VE T\u0130CARET L\u0130M\u0130TED \u015e\u0130RKET\u0130<\/strong>, firmierend unter dem Markennamen <strong data-start=\"641\" data-end=\"664\">Rehaira Hair Clinic<\/strong> (\u201e<strong data-start=\"667\" data-end=\"678\">Rehaira<\/strong>\u201c, \u201e<strong data-start=\"682\" data-end=\"688\">wir<\/strong>\u201c, \u201e<strong data-start=\"692\" data-end=\"699\">unser<\/strong>\u201c oder \u201e<strong data-start=\"706\" data-end=\"720\">die Klinik<\/strong>\u201c), Ihre personenbezogenen Daten erfasst, verwendet, offenlegt und sch\u00fctzt, wenn Sie unsere Website besuchen, unsere Dienstleistungen nutzen oder mit unseren Anzeigen und digitalen Kommunikationskan\u00e4len interagieren.<\/p>\n<p data-start=\"904\" data-end=\"1168\">Rehaira verpflichtet sich, Ihre Privatsph\u00e4re zu sch\u00fctzen und sicherzustellen, dass Ihre personenbezogenen Daten in \u00dcbereinstimmung mit der <strong data-start=\"1023\" data-end=\"1071\">EU-Datenschutz-Grundverordnung (DSGVO)<\/strong>, dem <strong data-start=\"1077\" data-end=\"1108\">UK Data Protection Act 2018<\/strong> und dem <strong data-start=\"1118\" data-end=\"1165\">t\u00fcrkischen Gesetz zum Schutz personenbezogener Daten (KVKK)<\/strong> behandelt werden.<\/p>\n<hr data-start=\"1170\" data-end=\"1173\">\n<h2 data-start=\"1175\" data-end=\"1198\">2. Daten, die wir erfassen<\/h2>\n<p data-start=\"1199\" data-end=\"1309\">Abh\u00e4ngig davon, wie Sie mit uns interagieren, k\u00f6nnen wir die folgenden Kategorien personenbezogener Daten erfassen und verarbeiten:<\/p>\n<ul data-start=\"1311\" data-end=\"1793\">\n<li data-start=\"1311\" data-end=\"1374\">\n<p data-start=\"1313\" data-end=\"1374\"><strong data-start=\"1313\" data-end=\"1338\">Identit\u00e4tsinformationen:<\/strong> Vollst\u00e4ndiger Name, Geburtsdatum, Geschlecht.<\/p>\n<\/li>\n<li data-start=\"1375\" data-end=\"1451\">\n<p data-start=\"1377\" data-end=\"1451\"><strong data-start=\"1377\" data-end=\"1401\">Kontaktinformationen:<\/strong> E-Mail-Adresse, Telefonnummer, Land und Stadt.<\/p>\n<\/li>\n<li data-start=\"1452\" data-end=\"1602\">\n<p data-start=\"1454\" data-end=\"1602\"><strong data-start=\"1454\" data-end=\"1478\">Medizinische Informationen:<\/strong> Zustand des Haarausfalls, Details zur Kopfhautanalyse und relevanter medizinischer Hintergrund (wird nur mit Ihrer ausdr\u00fccklichen Zustimmung verarbeitet).<\/p>\n<\/li>\n<li data-start=\"1603\" data-end=\"1693\">\n<p data-start=\"1605\" data-end=\"1693\"><strong data-start=\"1605\" data-end=\"1624\">Technische Daten:<\/strong> IP-Adresse, Ger\u00e4tedetails, Browsertyp, Cookies und Nutzungsprotokolle.<\/p>\n<\/li>\n<li data-start=\"1694\" data-end=\"1793\">\n<p data-start=\"1696\" data-end=\"1793\"><strong data-start=\"1696\" data-end=\"1715\">Marketingdaten:<\/strong> Pr\u00e4ferenzen, Feedback und Engagement-Historie aus unseren Anzeigen oder Online-Formularen.<\/p>\n<\/li>\n<\/ul>\n<hr data-start=\"1795\" data-end=\"1798\">\n<h2 data-start=\"1800\" data-end=\"1834\">3. Zweck der Datenverarbeitung<\/h2>\n<p data-start=\"1835\" data-end=\"1865\">Wir verarbeiten personenbezogene Daten, um:<\/p>\n<ul data-start=\"1867\" data-end=\"2153\">\n<li data-start=\"1867\" data-end=\"1930\">\n<p data-start=\"1869\" data-end=\"1930\">Haaranalysen, Beratungen und medizinische Planungen anzubieten,<\/p>\n<\/li>\n<li data-start=\"1931\" data-end=\"1993\">\n<p data-start=\"1933\" data-end=\"1993\">mit Ihnen bez\u00fcglich Terminen und Anfragen zu kommunizieren,<\/p>\n<\/li>\n<li data-start=\"1994\" data-end=\"2042\">\n<p data-start=\"1996\" data-end=\"2042\">unsere Dienstleistungen und das Patientenerlebnis zu verbessern,<\/p>\n<\/li>\n<li data-start=\"2043\" data-end=\"2090\">\n<p data-start=\"2045\" data-end=\"2090\">Werbe- und Marketingkampagnen zu verwalten,<\/p>\n<\/li>\n<li data-start=\"2091\" data-end=\"2153\">\n<p data-start=\"2093\" data-end=\"2153\">unsere gesetzlichen Verpflichtungen zu erf\u00fcllen und Patientenakten zu f\u00fchren.<\/p>\n<\/li>\n<\/ul>\n<hr data-start=\"2155\" data-end=\"2158\">\n<h2 data-start=\"2160\" data-end=\"2194\">4. Rechtsgrundlage f\u00fcr die Verarbeitung<\/h2>\n<p data-start=\"2195\" data-end=\"2256\">Wir verarbeiten Ihre personenbezogenen Daten auf den folgenden Rechtsgrundlagen:<\/p>\n<ul data-start=\"2258\" data-end=\"2493\">\n<li data-start=\"2258\" data-end=\"2288\">\n<p data-start=\"2260\" data-end=\"2288\"><strong data-start=\"2260\" data-end=\"2285\">Ihre ausdr\u00fcckliche Einwilligung<\/strong>,<\/p>\n<\/li>\n<li data-start=\"2289\" data-end=\"2366\">\n<p data-start=\"2291\" data-end=\"2366\"><strong data-start=\"2291\" data-end=\"2320\">Erf\u00fcllung eines Vertrags<\/strong> (z. B. Beratung oder Behandlungsplanung),<\/p>\n<\/li>\n<li data-start=\"2367\" data-end=\"2409\">\n<p data-start=\"2369\" data-end=\"2409\"><strong data-start=\"2369\" data-end=\"2406\">Einhaltung gesetzlicher Verpflichtungen<\/strong>,<\/p>\n<\/li>\n<li data-start=\"2410\" data-end=\"2493\">\n<p data-start=\"2412\" data-end=\"2493\"><strong data-start=\"2412\" data-end=\"2436\">Berechtigte Interessen<\/strong> an der Verbesserung der Servicequalit\u00e4t und der Patientenzufriedenheit.<\/p>\n<\/li>\n<\/ul>\n<hr data-start=\"2495\" data-end=\"2498\">\n<h2 data-start=\"2500\" data-end=\"2527\">5. Wie wir Daten erfassen<\/h2>\n<p data-start=\"2528\" data-end=\"2565\">Ihre Daten k\u00f6nnen erfasst werden durch:<\/p>\n<ul data-start=\"2567\" data-end=\"2842\">\n<li data-start=\"2567\" data-end=\"2643\">\n<p data-start=\"2569\" data-end=\"2643\">Online-Formulare auf unserer Website (z. B. kostenlose Haaranalyse- oder Kontaktformulare),<\/p>\n<\/li>\n<li data-start=\"2644\" data-end=\"2716\">\n<p data-start=\"2646\" data-end=\"2716\">Messaging-Plattformen (WhatsApp, Instagram, Facebook Messenger usw.),<\/p>\n<\/li>\n<li data-start=\"2717\" data-end=\"2774\">\n<p data-start=\"2719\" data-end=\"2774\">Werbekampagnen (Meta, Google Ads, TikTok Ads),<\/p>\n<\/li>\n<li data-start=\"2775\" data-end=\"2842\">\n<p data-start=\"2777\" data-end=\"2842\">E-Mail, Telefon oder direkte Kommunikation mit unseren Vertretern.<\/p>\n<\/li>\n<\/ul>\n<hr data-start=\"2844\" data-end=\"2847\">\n<h2 data-start=\"2849\" data-end=\"2897\">6. Datenweitergabe und internationale \u00dcbermittlungen<\/h2>\n<p data-start=\"2898\" data-end=\"3016\">Wir k\u00f6nnen personenbezogene Daten an vertrauensw\u00fcrdige Partner und Dienstleister f\u00fcr die oben genannten Zwecke weitergeben. Dies beinhaltet: <\/p>\n<ul data-start=\"3018\" data-end=\"3245\">\n<li data-start=\"3018\" data-end=\"3096\">\n<p data-start=\"3020\" data-end=\"3096\"><strong data-start=\"3020\" data-end=\"3065\">Medizinisches Fachpersonal und Partnerkliniken<\/strong> zur Koordinierung der Behandlung,<\/p>\n<\/li>\n<li data-start=\"3097\" data-end=\"3179\">\n<p data-start=\"3099\" data-end=\"3179\"><strong data-start=\"3099\" data-end=\"3144\">Anbieter von digitalem Marketing und Analysen<\/strong> zur Optimierung der Online-Performance,<\/p>\n<\/li>\n<li data-start=\"3180\" data-end=\"3245\">\n<p data-start=\"3182\" data-end=\"3245\"><strong data-start=\"3182\" data-end=\"3220\">Rechts- und Regierungsbeh\u00f6rden<\/strong>, wenn dies gesetzlich vorgeschrieben ist.<\/p>\n<\/li>\n<\/ul>\n<p data-start=\"3247\" data-end=\"3451\">Wann immer Daten au\u00dferhalb des Europ\u00e4ischen Wirtschaftsraums (EWR) \u00fcbertragen werden, stellen wir sicher, dass geeignete Schutzma\u00dfnahmen getroffen werden, wie z. B. von der Europ\u00e4ischen Kommission genehmigte <strong data-start=\"3373\" data-end=\"3412\">Standardvertragsklauseln (SCCs)<\/strong>.<\/p>\n<p data-start=\"3453\" data-end=\"3515\">Ihre personenbezogenen Daten werden niemals an Dritte verkauft oder vermietet.<\/p>\n<hr data-start=\"3517\" data-end=\"3520\">\n<h2 data-start=\"3522\" data-end=\"3563\">7. Cookies und Tracking-Technologien<\/h2>\n<p data-start=\"3564\" data-end=\"3739\">Unsere Website verwendet Cookies, um die Benutzerfreundlichkeit zu verbessern, den Traffic zu analysieren und Inhalte zu personalisieren.<br data-start=\"3658\" data-end=\"3661\">Sie k\u00f6nnen Cookies jederzeit \u00fcber Ihre Browsereinstellungen verwalten oder deaktivieren.<\/p>\n<hr data-start=\"3741\" data-end=\"3744\">\n<h2 data-start=\"3746\" data-end=\"3768\">8. Datenspeicherung<\/h2>\n<p data-start=\"3769\" data-end=\"3984\">Wir speichern personenbezogene Daten nur so lange, wie es f\u00fcr die Erf\u00fcllung der in dieser Richtlinie beschriebenen Zwecke erforderlich ist oder wie es das geltende Recht vorschreibt. Nach Ablauf der Aufbewahrungsfristen werden die Daten sicher gel\u00f6scht oder anonymisiert. <\/p>\n<hr data-start=\"3986\" data-end=\"3989\">\n<h2 data-start=\"3991\" data-end=\"4023\">9. Ihre Rechte (gem\u00e4\u00df DSGVO)<\/h2>\n<p data-start=\"4024\" data-end=\"4085\">Sie haben die folgenden Rechte bez\u00fcglich Ihrer personenbezogenen Daten:<\/p>\n<ul data-start=\"4087\" data-end=\"4299\">\n<li data-start=\"4087\" data-end=\"4117\">\n<p data-start=\"4089\" data-end=\"4117\">Zugriff auf Ihre personenbezogenen Daten,<\/p>\n<\/li>\n<li data-start=\"4118\" data-end=\"4153\">\n<p data-start=\"4120\" data-end=\"4153\">Anforderung der Berichtigung oder L\u00f6schung,<\/p>\n<\/li>\n<li data-start=\"4154\" data-end=\"4191\">\n<p data-start=\"4156\" data-end=\"4191\">Einschr\u00e4nkung oder Widerspruch gegen die Verarbeitung,<\/p>\n<\/li>\n<li data-start=\"4192\" data-end=\"4221\">\n<p data-start=\"4194\" data-end=\"4221\">Anforderung der Daten\u00fcbertragbarkeit,<\/p>\n<\/li>\n<li data-start=\"4222\" data-end=\"4299\">\n<p data-start=\"4224\" data-end=\"4299\">Widerruf der Einwilligung jederzeit (ohne Auswirkungen auf die vorherige rechtm\u00e4\u00dfige Verarbeitung).<\/p>\n<\/li>\n<\/ul>\n<p data-start=\"4301\" data-end=\"4364\">Um diese Rechte auszu\u00fcben, kontaktieren Sie uns unter <strong data-start=\"4341\" data-end=\"4361\"><a class=\"decorated-link cursor-pointer\" rel=\"noopener\" data-start=\"4343\" data-end=\"4359\">info@rehaira.com<\/a><\/strong>.<\/p>\n<hr data-start=\"4366\" data-end=\"4369\">\n<h2 data-start=\"4371\" data-end=\"4393\">10. Datensicherheit<\/h2>\n<p data-start=\"4394\" data-end=\"4640\">Rehaira trifft geeignete technische und organisatorische Ma\u00dfnahmen, um Ihre personenbezogenen Daten vor unbefugtem Zugriff, Ver\u00e4nderung, Offenlegung oder Zerst\u00f6rung zu sch\u00fctzen.<br data-start=\"4558\" data-end=\"4561\">Alle Daten\u00fcbertragungen \u00fcber unsere Website sind mit <strong data-start=\"4619\" data-end=\"4637\">SSL-Verschl\u00fcsselung<\/strong> gesch\u00fctzt.<\/p>\n<hr data-start=\"4642\" data-end=\"4645\">\n<h2 data-start=\"4647\" data-end=\"4678\">11. Aktualisierungen dieser Richtlinie<\/h2>\n<p data-start=\"4679\" data-end=\"4942\">Wir k\u00f6nnen diese Datenschutzerkl\u00e4rung regelm\u00e4\u00dfig aktualisieren, um rechtliche oder betriebliche \u00c4nderungen zu ber\u00fccksichtigen.<br data-start=\"4766\" data-end=\"4769\">Die neueste Version ist immer unter <a class=\"decorated-link\" href=\"https:\/\/www.rehaira.com\" target=\"_new\" rel=\"noopener\" data-start=\"4816\" data-end=\"4858\">www.rehaira.com<\/a> verf\u00fcgbar.<br data-start=\"4859\" data-end=\"4862\">Im Falle wesentlicher Aktualisierungen werden wir Sie per E-Mail oder auf unserer Website benachrichtigen.<\/p>\n<hr data-start=\"4944\" data-end=\"4947\">\n<h2 data-start=\"4949\" data-end=\"4977\">12. Kontaktinformationen<\/h2>\n<p data-start=\"4978\" data-end=\"5296\"><strong data-start=\"4978\" data-end=\"4998\">Datenverantwortlicher:<\/strong><br data-start=\"4998\" data-end=\"5001\"><strong data-start=\"5001\" data-end=\"5075\">REHA\u0130RA SA\u011eLIK TUR\u0130ZM \u0130N\u015eAAT TEKST\u0130L SANAY\u0130 VE T\u0130CARET L\u0130M\u0130TED \u015e\u0130RKET\u0130<\/strong><br data-start=\"5075\" data-end=\"5078\"><strong data-start=\"5078\" data-end=\"5093\">Markenname:<\/strong> Rehaira Hair Clinic<br data-start=\"5113\" data-end=\"5116\"><strong data-start=\"5116\" data-end=\"5126\">E-Mail:<\/strong> <a class=\"decorated-link cursor-pointer\" rel=\"noopener\" data-start=\"5127\" data-end=\"5143\">info@rehaira.com<\/a><br data-start=\"5143\" data-end=\"5146\"><strong data-start=\"5146\" data-end=\"5156\">Telefon:<\/strong> +90 501 005 44 99<br data-start=\"5174\" data-end=\"5177\"><strong data-start=\"5177\" data-end=\"5189\">Website:<\/strong> <a class=\"decorated-link\" href=\"https:\/\/www.rehaira.com\" target=\"_new\" rel=\"noopener\" data-start=\"5190\" data-end=\"5232\">www.rehaira.com<\/a><br data-start=\"5232\" data-end=\"5235\"><strong data-start=\"5235\" data-end=\"5247\">Adresse:<\/strong> Cihangir Mahallesi, E5 Yan yol, Londra Asfalt\u0131 Caddesi, B Blok No: 291\/1G, 34310 Avc\u0131lar\/\u0130stanbul<\/p>\n","protected":false},"excerpt":{"rendered":"<p>Ihre Privatsph\u00e4re ist uns wichtig. Lesen Sie, wie wir Ihre pers\u00f6nlichen Daten erfassen, speichern und sch\u00fctzen. <\/p>\n","protected":false},"author":1,"featured_media":0,"parent":0,"menu_order":0,"comment_status":"closed","ping_status":"closed","template":"100-width.php","meta":{"_acf_changed":false,"footnotes":""},"class_list":["post-2998","page","type-page","status-publish","hentry"],"acf":[],"_links":{"self":[{"href":"https:\/\/rehaira.com\/de\/wp-json\/wp\/v2\/pages\/2998","targetHints":{"allow":["GET"]}}],"collection":[{"href":"https:\/\/rehaira.com\/de\/wp-json\/wp\/v2\/pages"}],"about":[{"href":"https:\/\/rehaira.com\/de\/wp-json\/wp\/v2\/types\/page"}],"author":[{"embeddable":true,"href":"https:\/\/rehaira.com\/de\/wp-json\/wp\/v2\/users\/1"}],"replies":[{"embeddable":true,"href":"https:\/\/rehaira.com\/de\/wp-json\/wp\/v2\/comments?post=2998"}],"version-history":[{"count":2,"href":"https:\/\/rehaira.com\/de\/wp-json\/wp\/v2\/pages\/2998\/revisions"}],"predecessor-version":[{"id":9225,"href":"https:\/\/rehaira.com\/de\/wp-json\/wp\/v2\/pages\/2998\/revisions\/9225"}],"wp:attachment":[{"href":"https:\/\/rehaira.com\/de\/wp-json\/wp\/v2\/media?parent=2998"}],"curies":[{"name":"wp","href":"https:\/\/api.w.org\/{rel}","templated":true}]}}