{"id":3446,"date":"2025-08-03T13:59:13","date_gmt":"2025-08-03T10:59:13","guid":{"rendered":"https:\/\/rehaira.com\/faq-haeufig-gestellte-fragen\/nachsorge-genesung\/"},"modified":"2025-10-03T14:26:03","modified_gmt":"2025-10-03T11:26:03","slug":"nachsorge-genesung","status":"publish","type":"page","link":"https:\/\/rehaira.com\/de\/faq-haeufig-gestellte-fragen\/nachsorge-genesung\/","title":{"rendered":"Nachsorge &amp; Genesung"},"content":{"rendered":"<div class=\"fusion-fullwidth fullwidth-box fusion-builder-row-1 fusion-flex-container has-pattern-background has-mask-background nonhundred-percent-fullwidth non-hundred-percent-height-scrolling\" style=\"--awb-border-radius-top-left:0px;--awb-border-radius-top-right:0px;--awb-border-radius-bottom-right:0px;--awb-border-radius-bottom-left:0px;--awb-flex-wrap:wrap;\" ><div class=\"fusion-builder-row fusion-row fusion-flex-align-items-flex-start fusion-flex-content-wrap\" style=\"max-width:1248px;margin-left: calc(-4% \/ 2 );margin-right: calc(-4% \/ 2 );\"><div class=\"fusion-layout-column fusion_builder_column fusion-builder-column-0 fusion_builder_column_1_1 1_1 fusion-flex-column\" style=\"--awb-bg-size:cover;--awb-width-large:100%;--awb-margin-top-large:0px;--awb-spacing-right-large:1.92%;--awb-margin-bottom-large:20px;--awb-spacing-left-large:1.92%;--awb-width-medium:100%;--awb-order-medium:0;--awb-spacing-right-medium:1.92%;--awb-spacing-left-medium:1.92%;--awb-width-small:100%;--awb-order-small:0;--awb-spacing-right-small:1.92%;--awb-spacing-left-small:1.92%;\"><div class=\"fusion-column-wrapper fusion-column-has-shadow fusion-flex-justify-content-flex-start fusion-content-layout-column\"><style type=\"text\/css\">#accordian-1 .fusion-panel:hover,#accordian-1 .fusion-panel.hover{ background-color: var(--awb-custom_color_2) } #accordian-1 .fusion-panel { border-color:var(--awb-color6); border-width:1px; background-color:var(--awb-color6); }.fusion-accordian #accordian-1 .panel-title a .fa-fusion-box:before{ font-size: 16px;width: 16px;}.fusion-accordian #accordian-1 .panel-title a .fa-fusion-box{ color: var(--awb-color5);}.fusion-accordian  #accordian-1 .panel-title a{font-size:16px;font-family:\"Lexend Deca\";font-style:normal;font-weight:300;}.fusion-accordian  #accordian-1 .panel-title a:not(:hover){}.fusion-accordian  #accordian-1 .toggle-content{font-family:var(--awb-typography4-font-family);font-weight:var(--awb-typography4-font-weight);font-style:var(--awb-typography4-font-style);}.fusion-accordian #accordian-1 .panel-title a:hover,.fusion-accordian #accordian-1 .panel-title a.hover { color: var(--awb-color3);}.fusion-faq-shortcode .fusion-accordian #accordian-1 .fusion-toggle-boxed-mode:hover .panel-title a { color: var(--awb-color3);}.fusion-accordian #accordian-1.fusion-toggle-icon-unboxed .panel-title a:hover .fa-fusion-box,.fusion-accordian #accordian-1.fusion-toggle-icon-unboxed .panel-title a.hover .fa-fusion-box { color: var(--awb-color3); }.fusion-faqs-wrapper .fusion-accordian #accordian-1 .panel-title a.active{ color: var(--awb-color3) !important;}.fusion-faqs-wrapper .fusion-accordian  #accordian-1.fusion-toggle-icon-unboxed .fusion-panel .panel-title a.active .fa-fusion-box{ color: var(--awb-color3) !important;}<\/style><div class=\"fusion-faq-shortcode\" style=\"\"><div class=\"fusion-faqs-wrapper\"><div class=\"accordian fusion-accordian\"><div class=\"panel-group  fusion-toggle-icon-unboxed\" id=\"accordian-1\"><div class=\"fusion-panel fusion-toggle-no-divider fusion-toggle-boxed-mode panel-default fusion-faq-post fusion-faq-post-4996 nachsorge-genesung \"><span class=\"entry-title rich-snippet-hidden\">Was sollte ich unmittelbar nach meiner Haartransplantation tun?<\/span><span class=\"vcard rich-snippet-hidden\"><span class=\"fn\"><a href=\"https:\/\/rehaira.com\/de\/author\/admin_3a81wdyw\/\" title=\"Beitr\u00e4ge von admin\" rel=\"author\">admin<\/a><\/span><\/span><span class=\"updated rich-snippet-hidden\">2025-09-06T06:05:28+03:00<\/span><div class=\"panel-heading\"><h4 id=\"faq_1-4996\" class=\"panel-title toggle\"><a data-toggle=\"collapse\" class=\"collapsed\" data-parent=\"#accordian-1\" data-target=\"#collapse-1-4996\" href=\"#collapse-1-4996\" aria-expanded=\"false\"><div class=\"fusion-toggle-icon-wrapper\"><div class=\"fusion-toggle-icon-wrapper-main\"><div class=\"fusion-toggle-icon-wrapper-sub\"><i class=\"fa-fusion-box active-icon awb-icon-minus\" aria-hidden=\"true\"><\/i><i class=\"fa-fusion-box inactive-icon awb-icon-plus\" aria-hidden=\"true\"><\/i><\/div><\/div><\/div><div class=\"fusion-toggle-heading\">Was sollte ich unmittelbar nach meiner Haartransplantation tun?<\/div><\/a><\/h4><\/div><div id=\"collapse-1-4996\" aria-labelledby=\"faq_1-4996\" class=\"panel-collapse collapse\"><div class=\"panel-body toggle-content post-content\"><p>Befolgen Sie die Nachsorgeanweisungen Ihrer Klinik genau. Halten Sie Ihren Kopf hoch, vermeiden Sie es, die Transplantate zu ber\u00fchren, und ruhen Sie sich aus. Sch\u00fctzen Sie den behandelten Bereich vor direktem Kontakt, Sonne oder versehentlichen St\u00f6\u00dfen.  <\/p>\n<\/div><\/div><\/div><div class=\"fusion-panel fusion-toggle-no-divider fusion-toggle-boxed-mode panel-default fusion-faq-post fusion-faq-post-4990 nachsorge-genesung \"><span class=\"entry-title rich-snippet-hidden\">Wie sollte ich in der ersten Nacht nach der Operation schlafen?<\/span><span class=\"vcard rich-snippet-hidden\"><span class=\"fn\"><a href=\"https:\/\/rehaira.com\/de\/author\/admin_3a81wdyw\/\" title=\"Beitr\u00e4ge von admin\" rel=\"author\">admin<\/a><\/span><\/span><span class=\"updated rich-snippet-hidden\">2025-09-06T06:05:44+03:00<\/span><div class=\"panel-heading\"><h4 id=\"faq_1-4990\" class=\"panel-title toggle\"><a data-toggle=\"collapse\" class=\"collapsed\" data-parent=\"#accordian-1\" data-target=\"#collapse-1-4990\" href=\"#collapse-1-4990\" aria-expanded=\"false\"><div class=\"fusion-toggle-icon-wrapper\"><div class=\"fusion-toggle-icon-wrapper-main\"><div class=\"fusion-toggle-icon-wrapper-sub\"><i class=\"fa-fusion-box active-icon awb-icon-minus\" aria-hidden=\"true\"><\/i><i class=\"fa-fusion-box inactive-icon awb-icon-plus\" aria-hidden=\"true\"><\/i><\/div><\/div><\/div><div class=\"fusion-toggle-heading\">Wie sollte ich in der ersten Nacht nach der Operation schlafen?<\/div><\/a><\/h4><\/div><div id=\"collapse-1-4990\" aria-labelledby=\"faq_1-4990\" class=\"panel-collapse collapse\"><div class=\"panel-body toggle-content post-content\"><p>Schlafen Sie mit erh\u00f6htem Kopf in einem Winkel von 30\u201345 Grad, verwenden Sie dabei Kissen oder ein Reisekissen. Dies hilft, Schwellungen zu reduzieren und verhindert Druck auf die implantierten Follikel. <\/p>\n<\/div><\/div><\/div><div class=\"fusion-panel fusion-toggle-no-divider fusion-toggle-boxed-mode panel-default fusion-faq-post fusion-faq-post-4977 nachsorge-genesung \"><span class=\"entry-title rich-snippet-hidden\">Wie lange sollte ich meinen Kopf hochlagern?<\/span><span class=\"vcard rich-snippet-hidden\"><span class=\"fn\"><a href=\"https:\/\/rehaira.com\/de\/author\/admin_3a81wdyw\/\" title=\"Beitr\u00e4ge von admin\" rel=\"author\">admin<\/a><\/span><\/span><span class=\"updated rich-snippet-hidden\">2025-09-06T06:08:01+03:00<\/span><div class=\"panel-heading\"><h4 id=\"faq_1-4977\" class=\"panel-title toggle\"><a data-toggle=\"collapse\" class=\"collapsed\" data-parent=\"#accordian-1\" data-target=\"#collapse-1-4977\" href=\"#collapse-1-4977\" aria-expanded=\"false\"><div class=\"fusion-toggle-icon-wrapper\"><div class=\"fusion-toggle-icon-wrapper-main\"><div class=\"fusion-toggle-icon-wrapper-sub\"><i class=\"fa-fusion-box active-icon awb-icon-minus\" aria-hidden=\"true\"><\/i><i class=\"fa-fusion-box inactive-icon awb-icon-plus\" aria-hidden=\"true\"><\/i><\/div><\/div><\/div><div class=\"fusion-toggle-heading\">Wie lange sollte ich meinen Kopf hochlagern?<\/div><\/a><\/h4><\/div><div id=\"collapse-1-4977\" aria-labelledby=\"faq_1-4977\" class=\"panel-collapse collapse\"><div class=\"panel-body toggle-content post-content\"><p>Im Allgemeinen sollten Sie Ihren Kopf f\u00fcr die ersten 3\u20134 N\u00e4chte hochlagern. Wenn die Schwellung anh\u00e4lt, k\u00f6nnen Sie dies auf eine Woche verl\u00e4ngern. <\/p>\n<\/div><\/div><\/div><div class=\"fusion-panel fusion-toggle-no-divider fusion-toggle-boxed-mode panel-default fusion-faq-post fusion-faq-post-4973 nachsorge-genesung \"><span class=\"entry-title rich-snippet-hidden\">Darf ich meine Kopfhaut nach dem Eingriff ber\u00fchren oder kratzen?<\/span><span class=\"vcard rich-snippet-hidden\"><span class=\"fn\"><a href=\"https:\/\/rehaira.com\/de\/author\/admin_3a81wdyw\/\" title=\"Beitr\u00e4ge von admin\" rel=\"author\">admin<\/a><\/span><\/span><span class=\"updated rich-snippet-hidden\">2025-09-06T06:08:42+03:00<\/span><div class=\"panel-heading\"><h4 id=\"faq_1-4973\" class=\"panel-title toggle\"><a data-toggle=\"collapse\" class=\"collapsed\" data-parent=\"#accordian-1\" data-target=\"#collapse-1-4973\" href=\"#collapse-1-4973\" aria-expanded=\"false\"><div class=\"fusion-toggle-icon-wrapper\"><div class=\"fusion-toggle-icon-wrapper-main\"><div class=\"fusion-toggle-icon-wrapper-sub\"><i class=\"fa-fusion-box active-icon awb-icon-minus\" aria-hidden=\"true\"><\/i><i class=\"fa-fusion-box inactive-icon awb-icon-plus\" aria-hidden=\"true\"><\/i><\/div><\/div><\/div><div class=\"fusion-toggle-heading\">Darf ich meine Kopfhaut nach dem Eingriff ber\u00fchren oder kratzen?<\/div><\/a><\/h4><\/div><div id=\"collapse-1-4973\" aria-labelledby=\"faq_1-4973\" class=\"panel-collapse collapse\"><div class=\"panel-body toggle-content post-content\"><p>Vermeiden Sie es, den transplantierten Bereich f\u00fcr mindestens 7\u201310 Tage zu ber\u00fchren. Kratzen oder Reiben kann Transplantate l\u00f6sen und die Ergebnisse beeintr\u00e4chtigen. <\/p>\n<\/div><\/div><\/div><div class=\"fusion-panel fusion-toggle-no-divider fusion-toggle-boxed-mode panel-default fusion-faq-post fusion-faq-post-4970 nachsorge-genesung \"><span class=\"entry-title rich-snippet-hidden\">Wann wird die erste Haarw\u00e4sche durchgef\u00fchrt?<\/span><span class=\"vcard rich-snippet-hidden\"><span class=\"fn\"><a href=\"https:\/\/rehaira.com\/de\/author\/admin_3a81wdyw\/\" title=\"Beitr\u00e4ge von admin\" rel=\"author\">admin<\/a><\/span><\/span><span class=\"updated rich-snippet-hidden\">2025-09-06T06:09:15+03:00<\/span><div class=\"panel-heading\"><h4 id=\"faq_1-4970\" class=\"panel-title toggle\"><a data-toggle=\"collapse\" class=\"collapsed\" data-parent=\"#accordian-1\" data-target=\"#collapse-1-4970\" href=\"#collapse-1-4970\" aria-expanded=\"false\"><div class=\"fusion-toggle-icon-wrapper\"><div class=\"fusion-toggle-icon-wrapper-main\"><div class=\"fusion-toggle-icon-wrapper-sub\"><i class=\"fa-fusion-box active-icon awb-icon-minus\" aria-hidden=\"true\"><\/i><i class=\"fa-fusion-box inactive-icon awb-icon-plus\" aria-hidden=\"true\"><\/i><\/div><\/div><\/div><div class=\"fusion-toggle-heading\">Wann wird die erste Haarw\u00e4sche durchgef\u00fchrt?<\/div><\/a><\/h4><\/div><div id=\"collapse-1-4970\" aria-labelledby=\"faq_1-4970\" class=\"panel-collapse collapse\"><div class=\"panel-body toggle-content post-content\"><p>Die erste Haarw\u00e4sche wird normalerweise in der Klinik innerhalb von 1\u20133 Tagen nach dem Eingriff durchgef\u00fchrt, abh\u00e4ngig von der Pr\u00e4ferenz Ihres Chirurgen.<\/p>\n<\/div><\/div><\/div><div class=\"fusion-panel fusion-toggle-no-divider fusion-toggle-boxed-mode panel-default fusion-faq-post fusion-faq-post-4954 nachsorge-genesung \"><span class=\"entry-title rich-snippet-hidden\">Kann ich meine Haare in den ersten Tagen selbst waschen?<\/span><span class=\"vcard rich-snippet-hidden\"><span class=\"fn\"><a href=\"https:\/\/rehaira.com\/de\/author\/admin_3a81wdyw\/\" title=\"Beitr\u00e4ge von admin\" rel=\"author\">admin<\/a><\/span><\/span><span class=\"updated rich-snippet-hidden\">2025-09-06T06:09:42+03:00<\/span><div class=\"panel-heading\"><h4 id=\"faq_1-4954\" class=\"panel-title toggle\"><a data-toggle=\"collapse\" class=\"collapsed\" data-parent=\"#accordian-1\" data-target=\"#collapse-1-4954\" href=\"#collapse-1-4954\" aria-expanded=\"false\"><div class=\"fusion-toggle-icon-wrapper\"><div class=\"fusion-toggle-icon-wrapper-main\"><div class=\"fusion-toggle-icon-wrapper-sub\"><i class=\"fa-fusion-box active-icon awb-icon-minus\" aria-hidden=\"true\"><\/i><i class=\"fa-fusion-box inactive-icon awb-icon-plus\" aria-hidden=\"true\"><\/i><\/div><\/div><\/div><div class=\"fusion-toggle-heading\">Kann ich meine Haare in den ersten Tagen selbst waschen?<\/div><\/a><\/h4><\/div><div id=\"collapse-1-4954\" aria-labelledby=\"faq_1-4954\" class=\"panel-collapse collapse\"><div class=\"panel-body toggle-content post-content\"><p>Sie sollten Ihre Haare erst selbst waschen, nachdem Ihnen die Klinik die richtige Technik gezeigt hat, normalerweise ab dem 3. oder 4. Tag.<\/p>\n<\/div><\/div><\/div><div class=\"fusion-panel fusion-toggle-no-divider fusion-toggle-boxed-mode panel-default fusion-faq-post fusion-faq-post-4950 nachsorge-genesung \"><span class=\"entry-title rich-snippet-hidden\">Wie soll ich meine Haare nach der Transplantation waschen?<\/span><span class=\"vcard rich-snippet-hidden\"><span class=\"fn\"><a href=\"https:\/\/rehaira.com\/de\/author\/admin_3a81wdyw\/\" title=\"Beitr\u00e4ge von admin\" rel=\"author\">admin<\/a><\/span><\/span><span class=\"updated rich-snippet-hidden\">2025-09-06T06:10:19+03:00<\/span><div class=\"panel-heading\"><h4 id=\"faq_1-4950\" class=\"panel-title toggle\"><a data-toggle=\"collapse\" class=\"collapsed\" data-parent=\"#accordian-1\" data-target=\"#collapse-1-4950\" href=\"#collapse-1-4950\" aria-expanded=\"false\"><div class=\"fusion-toggle-icon-wrapper\"><div class=\"fusion-toggle-icon-wrapper-main\"><div class=\"fusion-toggle-icon-wrapper-sub\"><i class=\"fa-fusion-box active-icon awb-icon-minus\" aria-hidden=\"true\"><\/i><i class=\"fa-fusion-box inactive-icon awb-icon-plus\" aria-hidden=\"true\"><\/i><\/div><\/div><\/div><div class=\"fusion-toggle-heading\">Wie soll ich meine Haare nach der Transplantation waschen?<\/div><\/a><\/h4><\/div><div id=\"collapse-1-4950\" aria-labelledby=\"faq_1-4950\" class=\"panel-collapse collapse\"><div class=\"panel-body toggle-content post-content\"><p>Verwenden Sie lauwarmes Wasser und eine sanfte, tupfende Bewegung mit den Fingerspitzen. Vermeiden Sie direkten, stark str\u00f6menden Wasserfluss und reibende Bewegungen. <\/p>\n<\/div><\/div><\/div><div class=\"fusion-panel fusion-toggle-no-divider fusion-toggle-boxed-mode panel-default fusion-faq-post fusion-faq-post-4946 nachsorge-genesung \"><span class=\"entry-title rich-snippet-hidden\">Welches Shampoo sollte ich nach der Operation verwenden?<\/span><span class=\"vcard rich-snippet-hidden\"><span class=\"fn\"><a href=\"https:\/\/rehaira.com\/de\/author\/admin_3a81wdyw\/\" title=\"Beitr\u00e4ge von admin\" rel=\"author\">admin<\/a><\/span><\/span><span class=\"updated rich-snippet-hidden\">2025-09-06T06:10:59+03:00<\/span><div class=\"panel-heading\"><h4 id=\"faq_1-4946\" class=\"panel-title toggle\"><a data-toggle=\"collapse\" class=\"collapsed\" data-parent=\"#accordian-1\" data-target=\"#collapse-1-4946\" href=\"#collapse-1-4946\" aria-expanded=\"false\"><div class=\"fusion-toggle-icon-wrapper\"><div class=\"fusion-toggle-icon-wrapper-main\"><div class=\"fusion-toggle-icon-wrapper-sub\"><i class=\"fa-fusion-box active-icon awb-icon-minus\" aria-hidden=\"true\"><\/i><i class=\"fa-fusion-box inactive-icon awb-icon-plus\" aria-hidden=\"true\"><\/i><\/div><\/div><\/div><div class=\"fusion-toggle-heading\">Welches Shampoo sollte ich nach der Operation verwenden?<\/div><\/a><\/h4><\/div><div id=\"collapse-1-4946\" aria-labelledby=\"faq_1-4946\" class=\"panel-collapse collapse\"><div class=\"panel-body toggle-content post-content\"><p>Verwenden Sie das milde, sulfatfreie Shampoo, das von Ihrer Klinik empfohlen wird. Babyshampoo oder speziell entwickelte Shampoos f\u00fcr die Zeit nach der Transplantation werden oft empfohlen. <\/p>\n<\/div><\/div><\/div><div class=\"fusion-panel fusion-toggle-no-divider fusion-toggle-boxed-mode panel-default fusion-faq-post fusion-faq-post-4933 nachsorge-genesung \"><span class=\"entry-title rich-snippet-hidden\">Kann ich nach dem Eingriff eine Haarsp\u00fclung verwenden?<\/span><span class=\"vcard rich-snippet-hidden\"><span class=\"fn\"><a href=\"https:\/\/rehaira.com\/de\/author\/admin_3a81wdyw\/\" title=\"Beitr\u00e4ge von admin\" rel=\"author\">admin<\/a><\/span><\/span><span class=\"updated rich-snippet-hidden\">2025-09-06T06:11:33+03:00<\/span><div class=\"panel-heading\"><h4 id=\"faq_1-4933\" class=\"panel-title toggle\"><a data-toggle=\"collapse\" class=\"collapsed\" data-parent=\"#accordian-1\" data-target=\"#collapse-1-4933\" href=\"#collapse-1-4933\" aria-expanded=\"false\"><div class=\"fusion-toggle-icon-wrapper\"><div class=\"fusion-toggle-icon-wrapper-main\"><div class=\"fusion-toggle-icon-wrapper-sub\"><i class=\"fa-fusion-box active-icon awb-icon-minus\" aria-hidden=\"true\"><\/i><i class=\"fa-fusion-box inactive-icon awb-icon-plus\" aria-hidden=\"true\"><\/i><\/div><\/div><\/div><div class=\"fusion-toggle-heading\">Kann ich nach dem Eingriff eine Haarsp\u00fclung verwenden?<\/div><\/a><\/h4><\/div><div id=\"collapse-1-4933\" aria-labelledby=\"faq_1-4933\" class=\"panel-collapse collapse\"><div class=\"panel-body toggle-content post-content\"><p>Eine Sp\u00fclung kann nach den ersten 10\u201314 Tagen verwendet werden, wobei der Fokus nur auf den L\u00e4ngen des Haares liegen und die Kopfhaut vermieden werden sollte.<\/p>\n<\/div><\/div><\/div><div class=\"fusion-panel fusion-toggle-no-divider fusion-toggle-boxed-mode panel-default fusion-faq-post fusion-faq-post-4928 nachsorge-genesung \"><span class=\"entry-title rich-snippet-hidden\">Wie trockne ich mein Haar nach einer Transplantation?<\/span><span class=\"vcard rich-snippet-hidden\"><span class=\"fn\"><a href=\"https:\/\/rehaira.com\/de\/author\/admin_3a81wdyw\/\" title=\"Beitr\u00e4ge von admin\" rel=\"author\">admin<\/a><\/span><\/span><span class=\"updated rich-snippet-hidden\">2025-09-06T06:12:14+03:00<\/span><div class=\"panel-heading\"><h4 id=\"faq_1-4928\" class=\"panel-title toggle\"><a data-toggle=\"collapse\" class=\"collapsed\" data-parent=\"#accordian-1\" data-target=\"#collapse-1-4928\" href=\"#collapse-1-4928\" aria-expanded=\"false\"><div class=\"fusion-toggle-icon-wrapper\"><div class=\"fusion-toggle-icon-wrapper-main\"><div class=\"fusion-toggle-icon-wrapper-sub\"><i class=\"fa-fusion-box active-icon awb-icon-minus\" aria-hidden=\"true\"><\/i><i class=\"fa-fusion-box inactive-icon awb-icon-plus\" aria-hidden=\"true\"><\/i><\/div><\/div><\/div><div class=\"fusion-toggle-heading\">Wie trockne ich mein Haar nach einer Transplantation?<\/div><\/a><\/h4><\/div><div id=\"collapse-1-4928\" aria-labelledby=\"faq_1-4928\" class=\"panel-collapse collapse\"><div class=\"panel-body toggle-content post-content\"><p>Tupfen Sie Ihr Haar vorsichtig mit einem weichen Tuch ab oder lassen Sie es an der Luft trocknen. Vermeiden Sie reibende Bewegungen. <\/p>\n<\/div><\/div><\/div><\/div><\/div><\/div><\/div><\/div><\/div><\/div><\/div>\n","protected":false},"excerpt":{"rendered":"<p>Alles, was Sie \u00fcber die Heilung und Pflege Ihrer Haare nach dem Eingriff wissen m\u00fcssen.<\/p>\n","protected":false},"author":1,"featured_media":0,"parent":3381,"menu_order":0,"comment_status":"closed","ping_status":"closed","template":"100-width.php","meta":{"_acf_changed":false,"footnotes":""},"class_list":["post-3446","page","type-page","status-publish","hentry"],"acf":[],"_links":{"self":[{"href":"https:\/\/rehaira.com\/de\/wp-json\/wp\/v2\/pages\/3446","targetHints":{"allow":["GET"]}}],"collection":[{"href":"https:\/\/rehaira.com\/de\/wp-json\/wp\/v2\/pages"}],"about":[{"href":"https:\/\/rehaira.com\/de\/wp-json\/wp\/v2\/types\/page"}],"author":[{"embeddable":true,"href":"https:\/\/rehaira.com\/de\/wp-json\/wp\/v2\/users\/1"}],"replies":[{"embeddable":true,"href":"https:\/\/rehaira.com\/de\/wp-json\/wp\/v2\/comments?post=3446"}],"version-history":[{"count":8,"href":"https:\/\/rehaira.com\/de\/wp-json\/wp\/v2\/pages\/3446\/revisions"}],"predecessor-version":[{"id":3478,"href":"https:\/\/rehaira.com\/de\/wp-json\/wp\/v2\/pages\/3446\/revisions\/3478"}],"up":[{"embeddable":true,"href":"https:\/\/rehaira.com\/de\/wp-json\/wp\/v2\/pages\/3381"}],"wp:attachment":[{"href":"https:\/\/rehaira.com\/de\/wp-json\/wp\/v2\/media?parent=3446"}],"curies":[{"name":"wp","href":"https:\/\/api.w.org\/{rel}","templated":true}]}}