{"id":3483,"date":"2025-08-03T14:00:46","date_gmt":"2025-08-03T11:00:46","guid":{"rendered":"https:\/\/rehaira.com\/faq-haeufig-gestellte-fragen\/preise-reise\/"},"modified":"2025-10-03T14:26:30","modified_gmt":"2025-10-03T11:26:30","slug":"preise-reise","status":"publish","type":"page","link":"https:\/\/rehaira.com\/de\/faq-haeufig-gestellte-fragen\/preise-reise\/","title":{"rendered":"Preise &amp; Reise"},"content":{"rendered":"<div class=\"fusion-fullwidth fullwidth-box fusion-builder-row-1 fusion-flex-container has-pattern-background has-mask-background nonhundred-percent-fullwidth non-hundred-percent-height-scrolling\" style=\"--awb-border-radius-top-left:0px;--awb-border-radius-top-right:0px;--awb-border-radius-bottom-right:0px;--awb-border-radius-bottom-left:0px;--awb-flex-wrap:wrap;\" ><div class=\"fusion-builder-row fusion-row fusion-flex-align-items-flex-start fusion-flex-content-wrap\" style=\"max-width:1248px;margin-left: calc(-4% \/ 2 );margin-right: calc(-4% \/ 2 );\"><div class=\"fusion-layout-column fusion_builder_column fusion-builder-column-0 fusion_builder_column_1_1 1_1 fusion-flex-column\" style=\"--awb-bg-size:cover;--awb-width-large:100%;--awb-margin-top-large:0px;--awb-spacing-right-large:1.92%;--awb-margin-bottom-large:20px;--awb-spacing-left-large:1.92%;--awb-width-medium:100%;--awb-order-medium:0;--awb-spacing-right-medium:1.92%;--awb-spacing-left-medium:1.92%;--awb-width-small:100%;--awb-order-small:0;--awb-spacing-right-small:1.92%;--awb-spacing-left-small:1.92%;\"><div class=\"fusion-column-wrapper fusion-column-has-shadow fusion-flex-justify-content-flex-start fusion-content-layout-column\"><style type=\"text\/css\">#accordian-1 .fusion-panel:hover,#accordian-1 .fusion-panel.hover{ background-color: var(--awb-custom_color_2) } #accordian-1 .fusion-panel { border-color:var(--awb-color6); border-width:1px; background-color:var(--awb-color6); }.fusion-accordian #accordian-1 .panel-title a .fa-fusion-box:before{ font-size: 16px;width: 16px;}.fusion-accordian #accordian-1 .panel-title a .fa-fusion-box{ color: var(--awb-color5);}.fusion-accordian  #accordian-1 .panel-title a{font-size:16px;font-family:\"Lexend Deca\";font-style:normal;font-weight:300;}.fusion-accordian  #accordian-1 .panel-title a:not(:hover){}.fusion-accordian  #accordian-1 .toggle-content{font-family:var(--awb-typography4-font-family);font-weight:var(--awb-typography4-font-weight);font-style:var(--awb-typography4-font-style);}.fusion-accordian #accordian-1 .panel-title a:hover,.fusion-accordian #accordian-1 .panel-title a.hover { color: var(--awb-color3);}.fusion-faq-shortcode .fusion-accordian #accordian-1 .fusion-toggle-boxed-mode:hover .panel-title a { color: var(--awb-color3);}.fusion-accordian #accordian-1.fusion-toggle-icon-unboxed .panel-title a:hover .fa-fusion-box,.fusion-accordian #accordian-1.fusion-toggle-icon-unboxed .panel-title a.hover .fa-fusion-box { color: var(--awb-color3); }.fusion-faqs-wrapper .fusion-accordian #accordian-1 .panel-title a.active{ color: var(--awb-color3) !important;}.fusion-faqs-wrapper .fusion-accordian  #accordian-1.fusion-toggle-icon-unboxed .fusion-panel .panel-title a.active .fa-fusion-box{ color: var(--awb-color3) !important;}<\/style><div class=\"fusion-faq-shortcode\" style=\"\"><div class=\"fusion-faqs-wrapper\"><div class=\"accordian fusion-accordian\"><div class=\"panel-group  fusion-toggle-icon-unboxed\" id=\"accordian-1\"><div class=\"fusion-panel fusion-toggle-no-divider fusion-toggle-boxed-mode panel-default fusion-faq-post fusion-faq-post-4854 preise-pakete preise-reise \"><span class=\"entry-title rich-snippet-hidden\">Wie werden die Kosten einer Haartransplantation bestimmt?<\/span><span class=\"vcard rich-snippet-hidden\"><span class=\"fn\"><a href=\"https:\/\/rehaira.com\/de\/author\/admin_3a81wdyw\/\" title=\"Beitr\u00e4ge von admin\" rel=\"author\">admin<\/a><\/span><\/span><span class=\"updated rich-snippet-hidden\">2025-09-06T06:24:53+03:00<\/span><div class=\"panel-heading\"><h4 id=\"faq_1-4854\" class=\"panel-title toggle\"><a data-toggle=\"collapse\" class=\"collapsed\" data-parent=\"#accordian-1\" data-target=\"#collapse-1-4854\" href=\"#collapse-1-4854\" aria-expanded=\"false\"><div class=\"fusion-toggle-icon-wrapper\"><div class=\"fusion-toggle-icon-wrapper-main\"><div class=\"fusion-toggle-icon-wrapper-sub\"><i class=\"fa-fusion-box active-icon awb-icon-minus\" aria-hidden=\"true\"><\/i><i class=\"fa-fusion-box inactive-icon awb-icon-plus\" aria-hidden=\"true\"><\/i><\/div><\/div><\/div><div class=\"fusion-toggle-heading\">Wie werden die Kosten einer Haartransplantation bestimmt?<\/div><\/a><\/h4><\/div><div id=\"collapse-1-4854\" aria-labelledby=\"faq_1-4854\" class=\"panel-collapse collapse\"><div class=\"panel-body toggle-content post-content\"><p>Die Kosten basieren auf mehreren Faktoren, einschlie\u00dflich der verwendeten Technik, der Komplexit\u00e4t des Falles und der f\u00fcr den Eingriff ben\u00f6tigten Ressourcen. Wir konzentrieren uns darauf, einen sicheren und qualitativ hochwertigen Behandlungsplan zu erstellen, der auf jeden Patienten zugeschnitten ist, anstatt einfach nach der Anzahl abzurechnen. <\/p>\n<\/div><\/div><\/div><div class=\"fusion-panel fusion-toggle-no-divider fusion-toggle-boxed-mode panel-default fusion-faq-post fusion-faq-post-4851 preise-pakete preise-reise \"><span class=\"entry-title rich-snippet-hidden\">Berechnen Sie pro Follikel oder bieten Sie Festpreis-Pakete an?<\/span><span class=\"vcard rich-snippet-hidden\"><span class=\"fn\"><a href=\"https:\/\/rehaira.com\/de\/author\/admin_3a81wdyw\/\" title=\"Beitr\u00e4ge von admin\" rel=\"author\">admin<\/a><\/span><\/span><span class=\"updated rich-snippet-hidden\">2025-09-06T06:25:57+03:00<\/span><div class=\"panel-heading\"><h4 id=\"faq_1-4851\" class=\"panel-title toggle\"><a data-toggle=\"collapse\" class=\"collapsed\" data-parent=\"#accordian-1\" data-target=\"#collapse-1-4851\" href=\"#collapse-1-4851\" aria-expanded=\"false\"><div class=\"fusion-toggle-icon-wrapper\"><div class=\"fusion-toggle-icon-wrapper-main\"><div class=\"fusion-toggle-icon-wrapper-sub\"><i class=\"fa-fusion-box active-icon awb-icon-minus\" aria-hidden=\"true\"><\/i><i class=\"fa-fusion-box inactive-icon awb-icon-plus\" aria-hidden=\"true\"><\/i><\/div><\/div><\/div><div class=\"fusion-toggle-heading\">Berechnen Sie pro Follikel oder bieten Sie Festpreis-Pakete an?<\/div><\/a><\/h4><\/div><div id=\"collapse-1-4851\" aria-labelledby=\"faq_1-4851\" class=\"panel-collapse collapse\"><div class=\"panel-body toggle-content post-content\"><p>Wir berechnen nicht pro Follikel. Stattdessen bieten wir Festpreis-Pakete an, die alle Aspekte der Behandlung ohne unerwartete Kosten abdecken. <\/p>\n<\/div><\/div><\/div><div class=\"fusion-panel fusion-toggle-no-divider fusion-toggle-boxed-mode panel-default fusion-faq-post fusion-faq-post-4837 preise-pakete preise-reise \"><span class=\"entry-title rich-snippet-hidden\">Wenn Sie nicht pro Follikel abrechnen, warum k\u00f6nnen die Kosten bei umfangreichen F\u00e4llen variieren?<\/span><span class=\"vcard rich-snippet-hidden\"><span class=\"fn\"><a href=\"https:\/\/rehaira.com\/de\/author\/admin_3a81wdyw\/\" title=\"Beitr\u00e4ge von admin\" rel=\"author\">admin<\/a><\/span><\/span><span class=\"updated rich-snippet-hidden\">2025-09-06T06:27:38+03:00<\/span><div class=\"panel-heading\"><h4 id=\"faq_1-4837\" class=\"panel-title toggle\"><a data-toggle=\"collapse\" class=\"collapsed\" data-parent=\"#accordian-1\" data-target=\"#collapse-1-4837\" href=\"#collapse-1-4837\" aria-expanded=\"false\"><div class=\"fusion-toggle-icon-wrapper\"><div class=\"fusion-toggle-icon-wrapper-main\"><div class=\"fusion-toggle-icon-wrapper-sub\"><i class=\"fa-fusion-box active-icon awb-icon-minus\" aria-hidden=\"true\"><\/i><i class=\"fa-fusion-box inactive-icon awb-icon-plus\" aria-hidden=\"true\"><\/i><\/div><\/div><\/div><div class=\"fusion-toggle-heading\">Wenn Sie nicht pro Follikel abrechnen, warum k\u00f6nnen die Kosten bei umfangreichen F\u00e4llen variieren?<\/div><\/a><\/h4><\/div><div id=\"collapse-1-4837\" aria-labelledby=\"faq_1-4837\" class=\"panel-collapse collapse\"><div class=\"panel-body toggle-content post-content\"><p>Bei umfangreichen F\u00e4llen k\u00f6nnen zus\u00e4tzliches medizinisches Personal, Ger\u00e4te und Instrumente erforderlich sein, um sicherzustellen, dass die Follikel schnell und sicher implantiert werden, ohne zu viel Zeit au\u00dferhalb des K\u00f6rpers zu verbringen. Dies tr\u00e4gt zum Schutz der \u00dcberlebensraten der Follikel bei, was die Gesamtkosten leicht beeinflussen kann. <\/p>\n<\/div><\/div><\/div><div class=\"fusion-panel fusion-toggle-no-divider fusion-toggle-boxed-mode panel-default fusion-faq-post fusion-faq-post-4832 preise-pakete preise-reise \"><span class=\"entry-title rich-snippet-hidden\">Was ist im Paketpreis enthalten?<\/span><span class=\"vcard rich-snippet-hidden\"><span class=\"fn\"><a href=\"https:\/\/rehaira.com\/de\/author\/admin_3a81wdyw\/\" title=\"Beitr\u00e4ge von admin\" rel=\"author\">admin<\/a><\/span><\/span><span class=\"updated rich-snippet-hidden\">2025-09-06T06:28:06+03:00<\/span><div class=\"panel-heading\"><h4 id=\"faq_1-4832\" class=\"panel-title toggle\"><a data-toggle=\"collapse\" class=\"collapsed\" data-parent=\"#accordian-1\" data-target=\"#collapse-1-4832\" href=\"#collapse-1-4832\" aria-expanded=\"false\"><div class=\"fusion-toggle-icon-wrapper\"><div class=\"fusion-toggle-icon-wrapper-main\"><div class=\"fusion-toggle-icon-wrapper-sub\"><i class=\"fa-fusion-box active-icon awb-icon-minus\" aria-hidden=\"true\"><\/i><i class=\"fa-fusion-box inactive-icon awb-icon-plus\" aria-hidden=\"true\"><\/i><\/div><\/div><\/div><div class=\"fusion-toggle-heading\">Was ist im Paketpreis enthalten?<\/div><\/a><\/h4><\/div><div id=\"collapse-1-4832\" aria-labelledby=\"faq_1-4832\" class=\"panel-collapse collapse\"><div class=\"panel-body toggle-content post-content\"><p>Unsere Pakete beinhalten in der Regel den Eingriff selbst, alle medizinischen Verbrauchsmaterialien, die Lokalan\u00e4sthesie, Nachsorgeprodukte, Nachuntersuchungen, Flughafentransfers und die Hotelunterkunft (falls zutreffend).<\/p>\n<\/div><\/div><\/div><div class=\"fusion-panel fusion-toggle-no-divider fusion-toggle-boxed-mode panel-default fusion-faq-post fusion-faq-post-4829 preise-pakete preise-reise \"><span class=\"entry-title rich-snippet-hidden\">Gibt es versteckte oder zus\u00e4tzliche Kosten, \u00fcber die ich informiert sein sollte?<\/span><span class=\"vcard rich-snippet-hidden\"><span class=\"fn\"><a href=\"https:\/\/rehaira.com\/de\/author\/admin_3a81wdyw\/\" title=\"Beitr\u00e4ge von admin\" rel=\"author\">admin<\/a><\/span><\/span><span class=\"updated rich-snippet-hidden\">2025-09-06T06:28:35+03:00<\/span><div class=\"panel-heading\"><h4 id=\"faq_1-4829\" class=\"panel-title toggle\"><a data-toggle=\"collapse\" class=\"collapsed\" data-parent=\"#accordian-1\" data-target=\"#collapse-1-4829\" href=\"#collapse-1-4829\" aria-expanded=\"false\"><div class=\"fusion-toggle-icon-wrapper\"><div class=\"fusion-toggle-icon-wrapper-main\"><div class=\"fusion-toggle-icon-wrapper-sub\"><i class=\"fa-fusion-box active-icon awb-icon-minus\" aria-hidden=\"true\"><\/i><i class=\"fa-fusion-box inactive-icon awb-icon-plus\" aria-hidden=\"true\"><\/i><\/div><\/div><\/div><div class=\"fusion-toggle-heading\">Gibt es versteckte oder zus\u00e4tzliche Kosten, \u00fcber die ich informiert sein sollte?<\/div><\/a><\/h4><\/div><div id=\"collapse-1-4829\" aria-labelledby=\"faq_1-4829\" class=\"panel-collapse collapse\"><div class=\"panel-body toggle-content post-content\"><p>Nein. Wir glauben an vollst\u00e4ndige Transparenz. Alle Details dar\u00fcber, was enthalten ist, werden Ihnen schriftlich mitgeteilt, bevor Sie eine Entscheidung treffen.  <\/p>\n<\/div><\/div><\/div><div class=\"fusion-panel fusion-toggle-no-divider fusion-toggle-boxed-mode panel-default fusion-faq-post fusion-faq-post-4815 preise-pakete preise-reise \"><span class=\"entry-title rich-snippet-hidden\">Haben verschiedene Techniken (FUE Saphir, DHI) unterschiedliche Preise?<\/span><span class=\"vcard rich-snippet-hidden\"><span class=\"fn\"><a href=\"https:\/\/rehaira.com\/de\/author\/admin_3a81wdyw\/\" title=\"Beitr\u00e4ge von admin\" rel=\"author\">admin<\/a><\/span><\/span><span class=\"updated rich-snippet-hidden\">2025-09-06T06:28:57+03:00<\/span><div class=\"panel-heading\"><h4 id=\"faq_1-4815\" class=\"panel-title toggle\"><a data-toggle=\"collapse\" class=\"collapsed\" data-parent=\"#accordian-1\" data-target=\"#collapse-1-4815\" href=\"#collapse-1-4815\" aria-expanded=\"false\"><div class=\"fusion-toggle-icon-wrapper\"><div class=\"fusion-toggle-icon-wrapper-main\"><div class=\"fusion-toggle-icon-wrapper-sub\"><i class=\"fa-fusion-box active-icon awb-icon-minus\" aria-hidden=\"true\"><\/i><i class=\"fa-fusion-box inactive-icon awb-icon-plus\" aria-hidden=\"true\"><\/i><\/div><\/div><\/div><div class=\"fusion-toggle-heading\">Haben verschiedene Techniken (FUE Saphir, DHI) unterschiedliche Preise?<\/div><\/a><\/h4><\/div><div id=\"collapse-1-4815\" aria-labelledby=\"faq_1-4815\" class=\"panel-collapse collapse\"><div class=\"panel-body toggle-content post-content\"><p>Ja, denn jede Methode erfordert unterschiedliche Werkzeuge, Teamgr\u00f6\u00dfen und Operationszeiten, was die Gesamtkosten beeinflussen kann.<\/p>\n<\/div><\/div><\/div><div class=\"fusion-panel fusion-toggle-no-divider fusion-toggle-boxed-mode panel-default fusion-faq-post fusion-faq-post-4811 preise-pakete preise-reise \"><span class=\"entry-title rich-snippet-hidden\">Gibt es einen Preisunterschied zwischen lokalen und internationalen Patienten?<\/span><span class=\"vcard rich-snippet-hidden\"><span class=\"fn\"><a href=\"https:\/\/rehaira.com\/de\/author\/admin_3a81wdyw\/\" title=\"Beitr\u00e4ge von admin\" rel=\"author\">admin<\/a><\/span><\/span><span class=\"updated rich-snippet-hidden\">2025-09-06T06:29:21+03:00<\/span><div class=\"panel-heading\"><h4 id=\"faq_1-4811\" class=\"panel-title toggle\"><a data-toggle=\"collapse\" class=\"collapsed\" data-parent=\"#accordian-1\" data-target=\"#collapse-1-4811\" href=\"#collapse-1-4811\" aria-expanded=\"false\"><div class=\"fusion-toggle-icon-wrapper\"><div class=\"fusion-toggle-icon-wrapper-main\"><div class=\"fusion-toggle-icon-wrapper-sub\"><i class=\"fa-fusion-box active-icon awb-icon-minus\" aria-hidden=\"true\"><\/i><i class=\"fa-fusion-box inactive-icon awb-icon-plus\" aria-hidden=\"true\"><\/i><\/div><\/div><\/div><div class=\"fusion-toggle-heading\">Gibt es einen Preisunterschied zwischen lokalen und internationalen Patienten?<\/div><\/a><\/h4><\/div><div id=\"collapse-1-4811\" aria-labelledby=\"faq_1-4811\" class=\"panel-collapse collapse\"><div class=\"panel-body toggle-content post-content\"><p>Nein. F\u00fcr alle Patienten gelten die gleichen medizinischen Standards, die gleiche Versorgung und die gleichen Preisprinzipien. <\/p>\n<\/div><\/div><\/div><div class=\"fusion-panel fusion-toggle-no-divider fusion-toggle-boxed-mode panel-default fusion-faq-post fusion-faq-post-4806 preise-pakete preise-reise \"><span class=\"entry-title rich-snippet-hidden\">Wie viel kostet eine typische Haartransplantation in der T\u00fcrkei?<\/span><span class=\"vcard rich-snippet-hidden\"><span class=\"fn\"><a href=\"https:\/\/rehaira.com\/de\/author\/admin_3a81wdyw\/\" title=\"Beitr\u00e4ge von admin\" rel=\"author\">admin<\/a><\/span><\/span><span class=\"updated rich-snippet-hidden\">2025-09-06T06:29:45+03:00<\/span><div class=\"panel-heading\"><h4 id=\"faq_1-4806\" class=\"panel-title toggle\"><a data-toggle=\"collapse\" class=\"collapsed\" data-parent=\"#accordian-1\" data-target=\"#collapse-1-4806\" href=\"#collapse-1-4806\" aria-expanded=\"false\"><div class=\"fusion-toggle-icon-wrapper\"><div class=\"fusion-toggle-icon-wrapper-main\"><div class=\"fusion-toggle-icon-wrapper-sub\"><i class=\"fa-fusion-box active-icon awb-icon-minus\" aria-hidden=\"true\"><\/i><i class=\"fa-fusion-box inactive-icon awb-icon-plus\" aria-hidden=\"true\"><\/i><\/div><\/div><\/div><div class=\"fusion-toggle-heading\">Wie viel kostet eine typische Haartransplantation in der T\u00fcrkei?<\/div><\/a><\/h4><\/div><div id=\"collapse-1-4806\" aria-labelledby=\"faq_1-4806\" class=\"panel-collapse collapse\"><div class=\"panel-body toggle-content post-content\"><p>Die Preise variieren zwischen den Kliniken, abh\u00e4ngig von Fachwissen, Technik und Servicequalit\u00e4t. Wir konzentrieren uns darauf, durch medizinische Sicherheit und langfristige Ergebnisse einen Mehrwert zu bieten, anstatt um den niedrigsten Preis zu konkurrieren. <\/p>\n<\/div><\/div><\/div><div class=\"fusion-panel fusion-toggle-no-divider fusion-toggle-boxed-mode panel-default fusion-faq-post fusion-faq-post-4792 preise-pakete preise-reise \"><span class=\"entry-title rich-snippet-hidden\">Sind Beratungen kostenlos?<\/span><span class=\"vcard rich-snippet-hidden\"><span class=\"fn\"><a href=\"https:\/\/rehaira.com\/de\/author\/admin_3a81wdyw\/\" title=\"Beitr\u00e4ge von admin\" rel=\"author\">admin<\/a><\/span><\/span><span class=\"updated rich-snippet-hidden\">2025-09-06T06:30:05+03:00<\/span><div class=\"panel-heading\"><h4 id=\"faq_1-4792\" class=\"panel-title toggle\"><a data-toggle=\"collapse\" class=\"collapsed\" data-parent=\"#accordian-1\" data-target=\"#collapse-1-4792\" href=\"#collapse-1-4792\" aria-expanded=\"false\"><div class=\"fusion-toggle-icon-wrapper\"><div class=\"fusion-toggle-icon-wrapper-main\"><div class=\"fusion-toggle-icon-wrapper-sub\"><i class=\"fa-fusion-box active-icon awb-icon-minus\" aria-hidden=\"true\"><\/i><i class=\"fa-fusion-box inactive-icon awb-icon-plus\" aria-hidden=\"true\"><\/i><\/div><\/div><\/div><div class=\"fusion-toggle-heading\">Sind Beratungen kostenlos?<\/div><\/a><\/h4><\/div><div id=\"collapse-1-4792\" aria-labelledby=\"faq_1-4792\" class=\"panel-collapse collapse\"><div class=\"panel-body toggle-content post-content\"><p>Ja. Beratungen sind kostenlos und unverbindlich, unabh\u00e4ngig davon, ob sie pers\u00f6nlich oder online durchgef\u00fchrt werden. <\/p>\n<\/div><\/div><\/div><\/div><\/div><\/div><\/div><\/div><\/div><\/div><\/div>\n","protected":false},"excerpt":{"rendered":"<p>Erhalten Sie Details zu den Preisen, was in Ihrem Paket enthalten ist und wie Sie zu Rehaira reisen.<\/p>\n","protected":false},"author":1,"featured_media":0,"parent":3381,"menu_order":0,"comment_status":"closed","ping_status":"closed","template":"100-width.php","meta":{"_acf_changed":false,"footnotes":""},"class_list":["post-3483","page","type-page","status-publish","hentry"],"acf":[],"_links":{"self":[{"href":"https:\/\/rehaira.com\/de\/wp-json\/wp\/v2\/pages\/3483","targetHints":{"allow":["GET"]}}],"collection":[{"href":"https:\/\/rehaira.com\/de\/wp-json\/wp\/v2\/pages"}],"about":[{"href":"https:\/\/rehaira.com\/de\/wp-json\/wp\/v2\/types\/page"}],"author":[{"embeddable":true,"href":"https:\/\/rehaira.com\/de\/wp-json\/wp\/v2\/users\/1"}],"replies":[{"embeddable":true,"href":"https:\/\/rehaira.com\/de\/wp-json\/wp\/v2\/comments?post=3483"}],"version-history":[{"count":10,"href":"https:\/\/rehaira.com\/de\/wp-json\/wp\/v2\/pages\/3483\/revisions"}],"predecessor-version":[{"id":3524,"href":"https:\/\/rehaira.com\/de\/wp-json\/wp\/v2\/pages\/3483\/revisions\/3524"}],"up":[{"embeddable":true,"href":"https:\/\/rehaira.com\/de\/wp-json\/wp\/v2\/pages\/3381"}],"wp:attachment":[{"href":"https:\/\/rehaira.com\/de\/wp-json\/wp\/v2\/media?parent=3483"}],"curies":[{"name":"wp","href":"https:\/\/api.w.org\/{rel}","templated":true}]}}