{"id":3499,"date":"2025-08-03T13:59:44","date_gmt":"2025-08-03T10:59:44","guid":{"rendered":"https:\/\/rehaira.com\/faq-haeufig-gestellte-fragen\/vor-der-behandlung\/"},"modified":"2025-10-03T14:26:30","modified_gmt":"2025-10-03T11:26:30","slug":"vor-der-behandlung","status":"publish","type":"page","link":"https:\/\/rehaira.com\/de\/faq-haeufig-gestellte-fragen\/vor-der-behandlung\/","title":{"rendered":"Vor der Behandlung"},"content":{"rendered":"<div class=\"fusion-fullwidth fullwidth-box fusion-builder-row-1 fusion-flex-container has-pattern-background has-mask-background nonhundred-percent-fullwidth non-hundred-percent-height-scrolling\" style=\"--awb-border-radius-top-left:0px;--awb-border-radius-top-right:0px;--awb-border-radius-bottom-right:0px;--awb-border-radius-bottom-left:0px;--awb-flex-wrap:wrap;\" ><div class=\"fusion-builder-row fusion-row fusion-flex-align-items-flex-start fusion-flex-content-wrap\" style=\"max-width:1248px;margin-left: calc(-4% \/ 2 );margin-right: calc(-4% \/ 2 );\"><div class=\"fusion-layout-column fusion_builder_column fusion-builder-column-0 fusion_builder_column_1_1 1_1 fusion-flex-column\" style=\"--awb-bg-size:cover;--awb-width-large:100%;--awb-margin-top-large:0px;--awb-spacing-right-large:1.92%;--awb-margin-bottom-large:20px;--awb-spacing-left-large:1.92%;--awb-width-medium:100%;--awb-order-medium:0;--awb-spacing-right-medium:1.92%;--awb-spacing-left-medium:1.92%;--awb-width-small:100%;--awb-order-small:0;--awb-spacing-right-small:1.92%;--awb-spacing-left-small:1.92%;\"><div class=\"fusion-column-wrapper fusion-column-has-shadow fusion-flex-justify-content-flex-start fusion-content-layout-column\"><style type=\"text\/css\">#accordian-1 .fusion-panel:hover,#accordian-1 .fusion-panel.hover{ background-color: var(--awb-custom_color_2) } #accordian-1 .fusion-panel { border-color:var(--awb-color6); border-width:1px; background-color:var(--awb-color6); }.fusion-accordian #accordian-1 .panel-title a .fa-fusion-box:before{ font-size: 16px;width: 16px;}.fusion-accordian #accordian-1 .panel-title a .fa-fusion-box{ color: var(--awb-color5);}.fusion-accordian  #accordian-1 .panel-title a{font-size:16px;font-family:\"Lexend Deca\";font-style:normal;font-weight:300;}.fusion-accordian  #accordian-1 .panel-title a:not(:hover){}.fusion-accordian  #accordian-1 .toggle-content{font-family:var(--awb-typography4-font-family);font-weight:var(--awb-typography4-font-weight);font-style:var(--awb-typography4-font-style);}.fusion-accordian #accordian-1 .panel-title a:hover,.fusion-accordian #accordian-1 .panel-title a.hover { color: var(--awb-color3);}.fusion-faq-shortcode .fusion-accordian #accordian-1 .fusion-toggle-boxed-mode:hover .panel-title a { color: var(--awb-color3);}.fusion-accordian #accordian-1.fusion-toggle-icon-unboxed .panel-title a:hover .fa-fusion-box,.fusion-accordian #accordian-1.fusion-toggle-icon-unboxed .panel-title a.hover .fa-fusion-box { color: var(--awb-color3); }.fusion-faqs-wrapper .fusion-accordian #accordian-1 .panel-title a.active{ color: var(--awb-color3) !important;}.fusion-faqs-wrapper .fusion-accordian  #accordian-1.fusion-toggle-icon-unboxed .fusion-panel .panel-title a.active .fa-fusion-box{ color: var(--awb-color3) !important;}<\/style><div class=\"fusion-faq-shortcode\" style=\"\"><div class=\"fusion-faqs-wrapper\"><div class=\"accordian fusion-accordian\"><div class=\"panel-group  fusion-toggle-icon-unboxed\" id=\"accordian-1\"><div class=\"fusion-panel fusion-toggle-no-divider fusion-toggle-boxed-mode panel-default fusion-faq-post fusion-faq-post-4925 vor-der-behandlung \"><span class=\"entry-title rich-snippet-hidden\">Wie sollte man sich auf eine Haartransplantation vorbereiten?<\/span><span class=\"vcard rich-snippet-hidden\"><span class=\"fn\"><a href=\"https:\/\/rehaira.com\/de\/author\/admin_3a81wdyw\/\" title=\"Beitr\u00e4ge von admin\" rel=\"author\">admin<\/a><\/span><\/span><span class=\"updated rich-snippet-hidden\">2025-09-06T06:14:57+03:00<\/span><div class=\"panel-heading\"><h4 id=\"faq_1-4925\" class=\"panel-title toggle\"><a data-toggle=\"collapse\" class=\"collapsed\" data-parent=\"#accordian-1\" data-target=\"#collapse-1-4925\" href=\"#collapse-1-4925\" aria-expanded=\"false\"><div class=\"fusion-toggle-icon-wrapper\"><div class=\"fusion-toggle-icon-wrapper-main\"><div class=\"fusion-toggle-icon-wrapper-sub\"><i class=\"fa-fusion-box active-icon awb-icon-minus\" aria-hidden=\"true\"><\/i><i class=\"fa-fusion-box inactive-icon awb-icon-plus\" aria-hidden=\"true\"><\/i><\/div><\/div><\/div><div class=\"fusion-toggle-heading\">Wie sollte man sich auf eine Haartransplantation vorbereiten?<\/div><\/a><\/h4><\/div><div id=\"collapse-1-4925\" aria-labelledby=\"faq_1-4925\" class=\"panel-collapse collapse\"><div class=\"panel-body toggle-content post-content\"><p>Die Vorbereitung umfasst einige einfache, aber wichtige Schritte. Vermeiden Sie Alkohol, Rauchen und bestimmte Medikamente, wie von Ihrem medizinischen Team empfohlen. Stellen Sie sicher, dass Ihre Kopfhaut vor dem Eingriff sauber und ausgeruht ist. Planen Sie Ihren Zeitplan so, dass Sie sich in den ersten Tagen nach der Transplantation ausruhen k\u00f6nnen.   <\/p>\n<\/div><\/div><\/div><div class=\"fusion-panel fusion-toggle-no-divider fusion-toggle-boxed-mode panel-default fusion-faq-post fusion-faq-post-4921 vor-der-behandlung \"><span class=\"entry-title rich-snippet-hidden\">Muss ich vor dem Eingriff Medikamente absetzen?<\/span><span class=\"vcard rich-snippet-hidden\"><span class=\"fn\"><a href=\"https:\/\/rehaira.com\/de\/author\/admin_3a81wdyw\/\" title=\"Beitr\u00e4ge von admin\" rel=\"author\">admin<\/a><\/span><\/span><span class=\"updated rich-snippet-hidden\">2025-09-06T06:15:13+03:00<\/span><div class=\"panel-heading\"><h4 id=\"faq_1-4921\" class=\"panel-title toggle\"><a data-toggle=\"collapse\" class=\"collapsed\" data-parent=\"#accordian-1\" data-target=\"#collapse-1-4921\" href=\"#collapse-1-4921\" aria-expanded=\"false\"><div class=\"fusion-toggle-icon-wrapper\"><div class=\"fusion-toggle-icon-wrapper-main\"><div class=\"fusion-toggle-icon-wrapper-sub\"><i class=\"fa-fusion-box active-icon awb-icon-minus\" aria-hidden=\"true\"><\/i><i class=\"fa-fusion-box inactive-icon awb-icon-plus\" aria-hidden=\"true\"><\/i><\/div><\/div><\/div><div class=\"fusion-toggle-heading\">Muss ich vor dem Eingriff Medikamente absetzen?<\/div><\/a><\/h4><\/div><div id=\"collapse-1-4921\" aria-labelledby=\"faq_1-4921\" class=\"panel-collapse collapse\"><div class=\"panel-body toggle-content post-content\"><p>Ja, bestimmte Medikamente k\u00f6nnen Blutungen verst\u00e4rken oder die Heilung beeintr\u00e4chtigen. Ihr medizinisches Team wird Ihre aktuellen Verschreibungen \u00fcberpr\u00fcfen und Sie dar\u00fcber informieren, welche Sie vor dem Eingriff pausieren und f\u00fcr wie lange. Befolgen Sie stets den professionellen medizinischen Rat, bevor Sie Medikamente absetzen.  <\/p>\n<\/div><\/div><\/div><div class=\"fusion-panel fusion-toggle-no-divider fusion-toggle-boxed-mode panel-default fusion-faq-post fusion-faq-post-4907 vor-der-behandlung \"><span class=\"entry-title rich-snippet-hidden\">Kann ich eine Haartransplantation durchf\u00fchren lassen, wenn ich eine Vorerkrankung habe?<\/span><span class=\"vcard rich-snippet-hidden\"><span class=\"fn\"><a href=\"https:\/\/rehaira.com\/de\/author\/admin_3a81wdyw\/\" title=\"Beitr\u00e4ge von admin\" rel=\"author\">admin<\/a><\/span><\/span><span class=\"updated rich-snippet-hidden\">2025-09-06T06:15:33+03:00<\/span><div class=\"panel-heading\"><h4 id=\"faq_1-4907\" class=\"panel-title toggle\"><a data-toggle=\"collapse\" class=\"collapsed\" data-parent=\"#accordian-1\" data-target=\"#collapse-1-4907\" href=\"#collapse-1-4907\" aria-expanded=\"false\"><div class=\"fusion-toggle-icon-wrapper\"><div class=\"fusion-toggle-icon-wrapper-main\"><div class=\"fusion-toggle-icon-wrapper-sub\"><i class=\"fa-fusion-box active-icon awb-icon-minus\" aria-hidden=\"true\"><\/i><i class=\"fa-fusion-box inactive-icon awb-icon-plus\" aria-hidden=\"true\"><\/i><\/div><\/div><\/div><div class=\"fusion-toggle-heading\">Kann ich eine Haartransplantation durchf\u00fchren lassen, wenn ich eine Vorerkrankung habe?<\/div><\/a><\/h4><\/div><div id=\"collapse-1-4907\" aria-labelledby=\"faq_1-4907\" class=\"panel-collapse collapse\"><div class=\"panel-body toggle-content post-content\"><p>In vielen F\u00e4llen ja, aber es h\u00e4ngt von der jeweiligen Erkrankung und deren Kontrolle ab. Personen mit chronischen Erkrankungen wie Diabetes, Herzerkrankungen oder Autoimmunerkrankungen sollten sich einer medizinischen Untersuchung unterziehen, um sicherzustellen, dass der Eingriff f\u00fcr sie sicher ist. <\/p>\n<\/div><\/div><\/div><div class=\"fusion-panel fusion-toggle-no-divider fusion-toggle-boxed-mode panel-default fusion-faq-post fusion-faq-post-4902 vor-der-behandlung \"><span class=\"entry-title rich-snippet-hidden\">Sind Bluttests vor der Transplantation erforderlich?<\/span><span class=\"vcard rich-snippet-hidden\"><span class=\"fn\"><a href=\"https:\/\/rehaira.com\/de\/author\/admin_3a81wdyw\/\" title=\"Beitr\u00e4ge von admin\" rel=\"author\">admin<\/a><\/span><\/span><span class=\"updated rich-snippet-hidden\">2025-09-06T06:15:53+03:00<\/span><div class=\"panel-heading\"><h4 id=\"faq_1-4902\" class=\"panel-title toggle\"><a data-toggle=\"collapse\" class=\"collapsed\" data-parent=\"#accordian-1\" data-target=\"#collapse-1-4902\" href=\"#collapse-1-4902\" aria-expanded=\"false\"><div class=\"fusion-toggle-icon-wrapper\"><div class=\"fusion-toggle-icon-wrapper-main\"><div class=\"fusion-toggle-icon-wrapper-sub\"><i class=\"fa-fusion-box active-icon awb-icon-minus\" aria-hidden=\"true\"><\/i><i class=\"fa-fusion-box inactive-icon awb-icon-plus\" aria-hidden=\"true\"><\/i><\/div><\/div><\/div><div class=\"fusion-toggle-heading\">Sind Bluttests vor der Transplantation erforderlich?<\/div><\/a><\/h4><\/div><div id=\"collapse-1-4902\" aria-labelledby=\"faq_1-4902\" class=\"panel-collapse collapse\"><div class=\"panel-body toggle-content post-content\"><p>Ja, die meisten Kliniken verlangen routinem\u00e4\u00dfige Bluttests, um auf Infektionen, Blutgerinnungsf\u00e4higkeit und den allgemeinen Gesundheitszustand zu pr\u00fcfen. Diese Tests tragen dazu bei, ein sicheres Verfahren und eine reibungslose Genesung zu gew\u00e4hrleisten. <\/p>\n<\/div><\/div><\/div><div class=\"fusion-panel fusion-toggle-no-divider fusion-toggle-boxed-mode panel-default fusion-faq-post fusion-faq-post-4898 vor-der-behandlung \"><span class=\"entry-title rich-snippet-hidden\">Soll ich mein Haar vor der Transplantation schneiden oder rasieren?<\/span><span class=\"vcard rich-snippet-hidden\"><span class=\"fn\"><a href=\"https:\/\/rehaira.com\/de\/author\/admin_3a81wdyw\/\" title=\"Beitr\u00e4ge von admin\" rel=\"author\">admin<\/a><\/span><\/span><span class=\"updated rich-snippet-hidden\">2025-09-06T06:16:13+03:00<\/span><div class=\"panel-heading\"><h4 id=\"faq_1-4898\" class=\"panel-title toggle\"><a data-toggle=\"collapse\" class=\"collapsed\" data-parent=\"#accordian-1\" data-target=\"#collapse-1-4898\" href=\"#collapse-1-4898\" aria-expanded=\"false\"><div class=\"fusion-toggle-icon-wrapper\"><div class=\"fusion-toggle-icon-wrapper-main\"><div class=\"fusion-toggle-icon-wrapper-sub\"><i class=\"fa-fusion-box active-icon awb-icon-minus\" aria-hidden=\"true\"><\/i><i class=\"fa-fusion-box inactive-icon awb-icon-plus\" aria-hidden=\"true\"><\/i><\/div><\/div><\/div><div class=\"fusion-toggle-heading\">Soll ich mein Haar vor der Transplantation schneiden oder rasieren?<\/div><\/a><\/h4><\/div><div id=\"collapse-1-4898\" aria-labelledby=\"faq_1-4898\" class=\"panel-collapse collapse\"><div class=\"panel-body toggle-content post-content\"><p>In den meisten F\u00e4llen \u00fcbernimmt die Klinik alle f\u00fcr den Eingriff erforderlichen Trimm- oder Rasierarbeiten. Bei bestimmten Techniken wie DHI ist eine Rasur m\u00f6glicherweise gar nicht erforderlich. Ihr medizinisches Team wird Ihnen spezifische Anweisungen auf der Grundlage Ihres Behandlungsplans geben.  <\/p>\n<\/div><\/div><\/div><div class=\"fusion-panel fusion-toggle-no-divider fusion-toggle-boxed-mode panel-default fusion-faq-post fusion-faq-post-4884 vor-der-behandlung \"><span class=\"entry-title rich-snippet-hidden\">Kann ich vor meiner Haartransplantation eine topische Haarausfallbehandlung anwenden?<\/span><span class=\"vcard rich-snippet-hidden\"><span class=\"fn\"><a href=\"https:\/\/rehaira.com\/de\/author\/admin_3a81wdyw\/\" title=\"Beitr\u00e4ge von admin\" rel=\"author\">admin<\/a><\/span><\/span><span class=\"updated rich-snippet-hidden\">2025-09-06T06:16:31+03:00<\/span><div class=\"panel-heading\"><h4 id=\"faq_1-4884\" class=\"panel-title toggle\"><a data-toggle=\"collapse\" class=\"collapsed\" data-parent=\"#accordian-1\" data-target=\"#collapse-1-4884\" href=\"#collapse-1-4884\" aria-expanded=\"false\"><div class=\"fusion-toggle-icon-wrapper\"><div class=\"fusion-toggle-icon-wrapper-main\"><div class=\"fusion-toggle-icon-wrapper-sub\"><i class=\"fa-fusion-box active-icon awb-icon-minus\" aria-hidden=\"true\"><\/i><i class=\"fa-fusion-box inactive-icon awb-icon-plus\" aria-hidden=\"true\"><\/i><\/div><\/div><\/div><div class=\"fusion-toggle-heading\">Kann ich vor meiner Haartransplantation eine topische Haarausfallbehandlung anwenden?<\/div><\/a><\/h4><\/div><div id=\"collapse-1-4884\" aria-labelledby=\"faq_1-4884\" class=\"panel-collapse collapse\"><div class=\"panel-body toggle-content post-content\"><p>Milde topische Behandlungen sind in der Regel bis wenige Tage vor der Operation unbedenklich, aber bestimmte Produkte k\u00f6nnen die Kopfhaut reizen oder die Heilung beeintr\u00e4chtigen. Ihr medizinisches Team wird Ihnen genau mitteilen, wann Sie diese vor dem Eingriff pausieren sollen. <\/p>\n<\/div><\/div><\/div><div class=\"fusion-panel fusion-toggle-no-divider fusion-toggle-boxed-mode panel-default fusion-faq-post fusion-faq-post-4881 vor-der-behandlung \"><span class=\"entry-title rich-snippet-hidden\">Sollte ich vor dem Eingriff etwas essen oder trinken?<\/span><span class=\"vcard rich-snippet-hidden\"><span class=\"fn\"><a href=\"https:\/\/rehaira.com\/de\/author\/admin_3a81wdyw\/\" title=\"Beitr\u00e4ge von admin\" rel=\"author\">admin<\/a><\/span><\/span><span class=\"updated rich-snippet-hidden\">2025-09-06T06:16:52+03:00<\/span><div class=\"panel-heading\"><h4 id=\"faq_1-4881\" class=\"panel-title toggle\"><a data-toggle=\"collapse\" class=\"collapsed\" data-parent=\"#accordian-1\" data-target=\"#collapse-1-4881\" href=\"#collapse-1-4881\" aria-expanded=\"false\"><div class=\"fusion-toggle-icon-wrapper\"><div class=\"fusion-toggle-icon-wrapper-main\"><div class=\"fusion-toggle-icon-wrapper-sub\"><i class=\"fa-fusion-box active-icon awb-icon-minus\" aria-hidden=\"true\"><\/i><i class=\"fa-fusion-box inactive-icon awb-icon-plus\" aria-hidden=\"true\"><\/i><\/div><\/div><\/div><div class=\"fusion-toggle-heading\">Sollte ich vor dem Eingriff etwas essen oder trinken?<\/div><\/a><\/h4><\/div><div id=\"collapse-1-4881\" aria-labelledby=\"faq_1-4881\" class=\"panel-collapse collapse\"><div class=\"panel-body toggle-content post-content\"><p>Wenn Ihre Transplantation unter \u00f6rtlicher Bet\u00e4ubung erfolgt, wird in der Regel eine leichte Mahlzeit empfohlen, um Ihren Energiehaushalt stabil zu halten. Vermeiden Sie am Morgen Ihres Eingriffs sehr schwere oder fettige Speisen. <\/p>\n<\/div><\/div><\/div><div class=\"fusion-panel fusion-toggle-no-divider fusion-toggle-boxed-mode panel-default fusion-faq-post fusion-faq-post-4876 vor-der-behandlung \"><span class=\"entry-title rich-snippet-hidden\">Muss ich vor der Transplantation auf Koffein verzichten?<\/span><span class=\"vcard rich-snippet-hidden\"><span class=\"fn\"><a href=\"https:\/\/rehaira.com\/de\/author\/admin_3a81wdyw\/\" title=\"Beitr\u00e4ge von admin\" rel=\"author\">admin<\/a><\/span><\/span><span class=\"updated rich-snippet-hidden\">2025-09-06T06:17:13+03:00<\/span><div class=\"panel-heading\"><h4 id=\"faq_1-4876\" class=\"panel-title toggle\"><a data-toggle=\"collapse\" class=\"collapsed\" data-parent=\"#accordian-1\" data-target=\"#collapse-1-4876\" href=\"#collapse-1-4876\" aria-expanded=\"false\"><div class=\"fusion-toggle-icon-wrapper\"><div class=\"fusion-toggle-icon-wrapper-main\"><div class=\"fusion-toggle-icon-wrapper-sub\"><i class=\"fa-fusion-box active-icon awb-icon-minus\" aria-hidden=\"true\"><\/i><i class=\"fa-fusion-box inactive-icon awb-icon-plus\" aria-hidden=\"true\"><\/i><\/div><\/div><\/div><div class=\"fusion-toggle-heading\">Muss ich vor der Transplantation auf Koffein verzichten?<\/div><\/a><\/h4><\/div><div id=\"collapse-1-4876\" aria-labelledby=\"faq_1-4876\" class=\"panel-collapse collapse\"><div class=\"panel-body toggle-content post-content\"><p>Es empfiehlt sich, am Tag Ihres Eingriffs Koffein einzuschr\u00e4nken, da es die Empfindlichkeit erh\u00f6hen und m\u00f6glicherweise Blutungen beeinflussen kann.<\/p>\n<\/div><\/div><\/div><div class=\"fusion-panel fusion-toggle-no-divider fusion-toggle-boxed-mode panel-default fusion-faq-post fusion-faq-post-4862 vor-der-behandlung \"><span class=\"entry-title rich-snippet-hidden\">Kann ich meine Haare vor meiner Haartransplantation stylen oder Haarprodukte verwenden?<\/span><span class=\"vcard rich-snippet-hidden\"><span class=\"fn\"><a href=\"https:\/\/rehaira.com\/de\/author\/admin_3a81wdyw\/\" title=\"Beitr\u00e4ge von admin\" rel=\"author\">admin<\/a><\/span><\/span><span class=\"updated rich-snippet-hidden\">2025-09-06T06:17:32+03:00<\/span><div class=\"panel-heading\"><h4 id=\"faq_1-4862\" class=\"panel-title toggle\"><a data-toggle=\"collapse\" class=\"collapsed\" data-parent=\"#accordian-1\" data-target=\"#collapse-1-4862\" href=\"#collapse-1-4862\" aria-expanded=\"false\"><div class=\"fusion-toggle-icon-wrapper\"><div class=\"fusion-toggle-icon-wrapper-main\"><div class=\"fusion-toggle-icon-wrapper-sub\"><i class=\"fa-fusion-box active-icon awb-icon-minus\" aria-hidden=\"true\"><\/i><i class=\"fa-fusion-box inactive-icon awb-icon-plus\" aria-hidden=\"true\"><\/i><\/div><\/div><\/div><div class=\"fusion-toggle-heading\">Kann ich meine Haare vor meiner Haartransplantation stylen oder Haarprodukte verwenden?<\/div><\/a><\/h4><\/div><div id=\"collapse-1-4862\" aria-labelledby=\"faq_1-4862\" class=\"panel-collapse collapse\"><div class=\"panel-body toggle-content post-content\"><p>Am Tag Ihres Eingriffs erscheinen Sie bitte mit sauberen, produktfreien Haaren. Vermeiden Sie Gels, Sprays oder Stylingcremes, da diese die chirurgische Pr\u00e4zision beeintr\u00e4chtigen k\u00f6nnen. <\/p>\n<\/div><\/div><\/div><div class=\"fusion-panel fusion-toggle-no-divider fusion-toggle-boxed-mode panel-default fusion-faq-post fusion-faq-post-4859 vor-der-behandlung \"><span class=\"entry-title rich-snippet-hidden\">Sollte ich den Transport nach dem Eingriff arrangieren?<\/span><span class=\"vcard rich-snippet-hidden\"><span class=\"fn\"><a href=\"https:\/\/rehaira.com\/de\/author\/admin_3a81wdyw\/\" title=\"Beitr\u00e4ge von admin\" rel=\"author\">admin<\/a><\/span><\/span><span class=\"updated rich-snippet-hidden\">2025-09-06T06:17:52+03:00<\/span><div class=\"panel-heading\"><h4 id=\"faq_1-4859\" class=\"panel-title toggle\"><a data-toggle=\"collapse\" class=\"collapsed\" data-parent=\"#accordian-1\" data-target=\"#collapse-1-4859\" href=\"#collapse-1-4859\" aria-expanded=\"false\"><div class=\"fusion-toggle-icon-wrapper\"><div class=\"fusion-toggle-icon-wrapper-main\"><div class=\"fusion-toggle-icon-wrapper-sub\"><i class=\"fa-fusion-box active-icon awb-icon-minus\" aria-hidden=\"true\"><\/i><i class=\"fa-fusion-box inactive-icon awb-icon-plus\" aria-hidden=\"true\"><\/i><\/div><\/div><\/div><div class=\"fusion-toggle-heading\">Sollte ich den Transport nach dem Eingriff arrangieren?<\/div><\/a><\/h4><\/div><div id=\"collapse-1-4859\" aria-labelledby=\"faq_1-4859\" class=\"panel-collapse collapse\"><div class=\"panel-body toggle-content post-content\"><p>Ja, selbst wenn eine \u00f6rtliche Bet\u00e4ubung angewendet wird, k\u00f6nnen Sie sich danach m\u00fcde oder benommen f\u00fchlen. Es ist sicherer und bequemer, sich nach Hause fahren zu lassen. <\/p>\n<\/div><\/div><\/div><\/div><\/div><\/div><\/div><\/div><\/div><\/div><\/div>\n","protected":false},"excerpt":{"rendered":"<p>Erfahren Sie, wie Sie sich auf Ihre Haartransplantation vorbereiten k\u00f6nnen, um das bestm\u00f6gliche Ergebnis zu erzielen.<\/p>\n","protected":false},"author":1,"featured_media":0,"parent":3381,"menu_order":0,"comment_status":"closed","ping_status":"closed","template":"100-width.php","meta":{"_acf_changed":false,"footnotes":""},"class_list":["post-3499","page","type-page","status-publish","hentry"],"acf":[],"_links":{"self":[{"href":"https:\/\/rehaira.com\/de\/wp-json\/wp\/v2\/pages\/3499","targetHints":{"allow":["GET"]}}],"collection":[{"href":"https:\/\/rehaira.com\/de\/wp-json\/wp\/v2\/pages"}],"about":[{"href":"https:\/\/rehaira.com\/de\/wp-json\/wp\/v2\/types\/page"}],"author":[{"embeddable":true,"href":"https:\/\/rehaira.com\/de\/wp-json\/wp\/v2\/users\/1"}],"replies":[{"embeddable":true,"href":"https:\/\/rehaira.com\/de\/wp-json\/wp\/v2\/comments?post=3499"}],"version-history":[{"count":6,"href":"https:\/\/rehaira.com\/de\/wp-json\/wp\/v2\/pages\/3499\/revisions"}],"predecessor-version":[{"id":3531,"href":"https:\/\/rehaira.com\/de\/wp-json\/wp\/v2\/pages\/3499\/revisions\/3531"}],"up":[{"embeddable":true,"href":"https:\/\/rehaira.com\/de\/wp-json\/wp\/v2\/pages\/3381"}],"wp:attachment":[{"href":"https:\/\/rehaira.com\/de\/wp-json\/wp\/v2\/media?parent=3499"}],"curies":[{"name":"wp","href":"https:\/\/api.w.org\/{rel}","templated":true}]}}