{"id":3906,"date":"2025-08-03T14:01:43","date_gmt":"2025-08-03T11:01:43","guid":{"rendered":"https:\/\/rehaira.com\/faq-haeufig-gestellte-fragen\/ergebnisse-erwartungen\/"},"modified":"2025-10-03T14:29:14","modified_gmt":"2025-10-03T11:29:14","slug":"ergebnisse-erwartungen","status":"publish","type":"page","link":"https:\/\/rehaira.com\/de\/faq-haeufig-gestellte-fragen\/ergebnisse-erwartungen\/","title":{"rendered":"Ergebnisse &amp; Erwartungen"},"content":{"rendered":"<div class=\"fusion-fullwidth fullwidth-box fusion-builder-row-1 fusion-flex-container has-pattern-background has-mask-background nonhundred-percent-fullwidth non-hundred-percent-height-scrolling\" style=\"--awb-border-radius-top-left:0px;--awb-border-radius-top-right:0px;--awb-border-radius-bottom-right:0px;--awb-border-radius-bottom-left:0px;--awb-flex-wrap:wrap;\" ><div class=\"fusion-builder-row fusion-row fusion-flex-align-items-flex-start fusion-flex-content-wrap\" style=\"max-width:1248px;margin-left: calc(-4% \/ 2 );margin-right: calc(-4% \/ 2 );\"><div class=\"fusion-layout-column fusion_builder_column fusion-builder-column-0 fusion_builder_column_1_1 1_1 fusion-flex-column\" style=\"--awb-bg-size:cover;--awb-width-large:100%;--awb-margin-top-large:0px;--awb-spacing-right-large:1.92%;--awb-margin-bottom-large:20px;--awb-spacing-left-large:1.92%;--awb-width-medium:100%;--awb-order-medium:0;--awb-spacing-right-medium:1.92%;--awb-spacing-left-medium:1.92%;--awb-width-small:100%;--awb-order-small:0;--awb-spacing-right-small:1.92%;--awb-spacing-left-small:1.92%;\"><div class=\"fusion-column-wrapper fusion-column-has-shadow fusion-flex-justify-content-flex-start fusion-content-layout-column\"><style type=\"text\/css\">#accordian-1 .fusion-panel:hover,#accordian-1 .fusion-panel.hover{ background-color: var(--awb-custom_color_2) } #accordian-1 .fusion-panel { border-color:var(--awb-color6); border-width:1px; background-color:var(--awb-color6); }.fusion-accordian #accordian-1 .panel-title a .fa-fusion-box:before{ font-size: 16px;width: 16px;}.fusion-accordian #accordian-1 .panel-title a .fa-fusion-box{ color: var(--awb-color5);}.fusion-accordian  #accordian-1 .panel-title a{font-size:16px;font-family:\"Lexend Deca\";font-style:normal;font-weight:300;}.fusion-accordian  #accordian-1 .panel-title a:not(:hover){}.fusion-accordian  #accordian-1 .toggle-content{font-family:var(--awb-typography4-font-family);font-weight:var(--awb-typography4-font-weight);font-style:var(--awb-typography4-font-style);}.fusion-accordian #accordian-1 .panel-title a:hover,.fusion-accordian #accordian-1 .panel-title a.hover { color: var(--awb-color3);}.fusion-faq-shortcode .fusion-accordian #accordian-1 .fusion-toggle-boxed-mode:hover .panel-title a { color: var(--awb-color3);}.fusion-accordian #accordian-1.fusion-toggle-icon-unboxed .panel-title a:hover .fa-fusion-box,.fusion-accordian #accordian-1.fusion-toggle-icon-unboxed .panel-title a.hover .fa-fusion-box { color: var(--awb-color3); }.fusion-faqs-wrapper .fusion-accordian #accordian-1 .panel-title a.active{ color: var(--awb-color3) !important;}.fusion-faqs-wrapper .fusion-accordian  #accordian-1.fusion-toggle-icon-unboxed .fusion-panel .panel-title a.active .fa-fusion-box{ color: var(--awb-color3) !important;}<\/style><div class=\"fusion-faq-shortcode\" style=\"\"><div class=\"fusion-faqs-wrapper\"><div class=\"accordian fusion-accordian\"><div class=\"panel-group  fusion-toggle-icon-unboxed\" id=\"accordian-1\"><div class=\"fusion-panel fusion-toggle-no-divider fusion-toggle-boxed-mode panel-default fusion-faq-post fusion-faq-post-4789 allgemeine-erwartungen-an-das-ergebnis ergebnisse-erwartungen \"><span class=\"entry-title rich-snippet-hidden\">Die Ergebnisse von Haartransplantationen sind von Patient zu Patient unterschiedlich, aber wie hoch ist die durchschnittliche Erfolgsrate?<\/span><span class=\"vcard rich-snippet-hidden\"><span class=\"fn\"><a href=\"https:\/\/rehaira.com\/de\/author\/admin_3a81wdyw\/\" title=\"Beitr\u00e4ge von admin\" rel=\"author\">admin<\/a><\/span><\/span><span class=\"updated rich-snippet-hidden\">2025-09-06T06:33:23+03:00<\/span><div class=\"panel-heading\"><h4 id=\"faq_1-4789\" class=\"panel-title toggle\"><a data-toggle=\"collapse\" class=\"collapsed\" data-parent=\"#accordian-1\" data-target=\"#collapse-1-4789\" href=\"#collapse-1-4789\" aria-expanded=\"false\"><div class=\"fusion-toggle-icon-wrapper\"><div class=\"fusion-toggle-icon-wrapper-main\"><div class=\"fusion-toggle-icon-wrapper-sub\"><i class=\"fa-fusion-box active-icon awb-icon-minus\" aria-hidden=\"true\"><\/i><i class=\"fa-fusion-box inactive-icon awb-icon-plus\" aria-hidden=\"true\"><\/i><\/div><\/div><\/div><div class=\"fusion-toggle-heading\">Die Ergebnisse von Haartransplantationen sind von Patient zu Patient unterschiedlich, aber wie hoch ist die durchschnittliche Erfolgsrate?<\/div><\/a><\/h4><\/div><div id=\"collapse-1-4789\" aria-labelledby=\"faq_1-4789\" class=\"panel-collapse collapse\"><div class=\"panel-body toggle-content post-content\"><p>W\u00e4hrend die individuellen Ergebnisse von Faktoren wie Haarqualit\u00e4t, Kopfhautgesundheit und postoperativer Pflege abh\u00e4ngen, erzielen moderne Techniken wie DHI und Sapphire FUE in der Regel eine Follikel\u00fcberlebensrate von 90\u201395 %, wenn sie von einem erfahrenen Team durchgef\u00fchrt werden.<\/p>\n<\/div><\/div><\/div><div class=\"fusion-panel fusion-toggle-no-divider fusion-toggle-boxed-mode panel-default fusion-faq-post fusion-faq-post-4784 allgemeine-erwartungen-an-das-ergebnis ergebnisse-erwartungen \"><span class=\"entry-title rich-snippet-hidden\">Wann sind die ersten sichtbaren Ergebnisse nach einer Haartransplantation zu erwarten?<\/span><span class=\"vcard rich-snippet-hidden\"><span class=\"fn\"><a href=\"https:\/\/rehaira.com\/de\/author\/admin_3a81wdyw\/\" title=\"Beitr\u00e4ge von admin\" rel=\"author\">admin<\/a><\/span><\/span><span class=\"updated rich-snippet-hidden\">2025-09-06T06:33:50+03:00<\/span><div class=\"panel-heading\"><h4 id=\"faq_1-4784\" class=\"panel-title toggle\"><a data-toggle=\"collapse\" class=\"collapsed\" data-parent=\"#accordian-1\" data-target=\"#collapse-1-4784\" href=\"#collapse-1-4784\" aria-expanded=\"false\"><div class=\"fusion-toggle-icon-wrapper\"><div class=\"fusion-toggle-icon-wrapper-main\"><div class=\"fusion-toggle-icon-wrapper-sub\"><i class=\"fa-fusion-box active-icon awb-icon-minus\" aria-hidden=\"true\"><\/i><i class=\"fa-fusion-box inactive-icon awb-icon-plus\" aria-hidden=\"true\"><\/i><\/div><\/div><\/div><div class=\"fusion-toggle-heading\">Wann sind die ersten sichtbaren Ergebnisse nach einer Haartransplantation zu erwarten?<\/div><\/a><\/h4><\/div><div id=\"collapse-1-4784\" aria-labelledby=\"faq_1-4784\" class=\"panel-collapse collapse\"><div class=\"panel-body toggle-content post-content\"><p>Sie k\u00f6nnen bereits 3\u20134 Monate nach dem Eingriff ein erstes Wachstum feststellen. Die anf\u00e4nglichen Haare werden jedoch fein und weich sein, bevor sie in den folgenden Monaten allm\u00e4hlich dicker werden. <\/p>\n<\/div><\/div><\/div><div class=\"fusion-panel fusion-toggle-no-divider fusion-toggle-boxed-mode panel-default fusion-faq-post fusion-faq-post-4773 allgemeine-erwartungen-an-das-ergebnis ergebnisse-erwartungen \"><span class=\"entry-title rich-snippet-hidden\">Wann werden die endg\u00fcltigen Ergebnisse sichtbar sein?<\/span><span class=\"vcard rich-snippet-hidden\"><span class=\"fn\"><a href=\"https:\/\/rehaira.com\/de\/author\/admin_3a81wdyw\/\" title=\"Beitr\u00e4ge von admin\" rel=\"author\">admin<\/a><\/span><\/span><span class=\"updated rich-snippet-hidden\">2025-09-06T06:34:55+03:00<\/span><div class=\"panel-heading\"><h4 id=\"faq_1-4773\" class=\"panel-title toggle\"><a data-toggle=\"collapse\" class=\"collapsed\" data-parent=\"#accordian-1\" data-target=\"#collapse-1-4773\" href=\"#collapse-1-4773\" aria-expanded=\"false\"><div class=\"fusion-toggle-icon-wrapper\"><div class=\"fusion-toggle-icon-wrapper-main\"><div class=\"fusion-toggle-icon-wrapper-sub\"><i class=\"fa-fusion-box active-icon awb-icon-minus\" aria-hidden=\"true\"><\/i><i class=\"fa-fusion-box inactive-icon awb-icon-plus\" aria-hidden=\"true\"><\/i><\/div><\/div><\/div><div class=\"fusion-toggle-heading\">Wann werden die endg\u00fcltigen Ergebnisse sichtbar sein?<\/div><\/a><\/h4><\/div><div id=\"collapse-1-4773\" aria-labelledby=\"faq_1-4773\" class=\"panel-collapse collapse\"><div class=\"panel-body toggle-content post-content\"><p>Die vollst\u00e4ndigen Ergebnisse sind in der Regel 12 bis 18 Monate nach dem Eingriff sichtbar, da die transplantierten Follikel ihre nat\u00fcrlichen Wachstumszyklen abschlie\u00dfen.<\/p>\n<\/div><\/div><\/div><div class=\"fusion-panel fusion-toggle-no-divider fusion-toggle-boxed-mode panel-default fusion-faq-post fusion-faq-post-4768 allgemeine-erwartungen-an-das-ergebnis ergebnisse-erwartungen \"><span class=\"entry-title rich-snippet-hidden\">Wird mein transplantiertes Haar vollkommen nat\u00fcrlich aussehen?<\/span><span class=\"vcard rich-snippet-hidden\"><span class=\"fn\"><a href=\"https:\/\/rehaira.com\/de\/author\/admin_3a81wdyw\/\" title=\"Beitr\u00e4ge von admin\" rel=\"author\">admin<\/a><\/span><\/span><span class=\"updated rich-snippet-hidden\">2025-09-06T06:35:17+03:00<\/span><div class=\"panel-heading\"><h4 id=\"faq_1-4768\" class=\"panel-title toggle\"><a data-toggle=\"collapse\" class=\"collapsed\" data-parent=\"#accordian-1\" data-target=\"#collapse-1-4768\" href=\"#collapse-1-4768\" aria-expanded=\"false\"><div class=\"fusion-toggle-icon-wrapper\"><div class=\"fusion-toggle-icon-wrapper-main\"><div class=\"fusion-toggle-icon-wrapper-sub\"><i class=\"fa-fusion-box active-icon awb-icon-minus\" aria-hidden=\"true\"><\/i><i class=\"fa-fusion-box inactive-icon awb-icon-plus\" aria-hidden=\"true\"><\/i><\/div><\/div><\/div><div class=\"fusion-toggle-heading\">Wird mein transplantiertes Haar vollkommen nat\u00fcrlich aussehen?<\/div><\/a><\/h4><\/div><div id=\"collapse-1-4768\" aria-labelledby=\"faq_1-4768\" class=\"panel-collapse collapse\"><div class=\"panel-body toggle-content post-content\"><p>Ja, wenn der Eingriff von erfahrenen Fachleuten durchgef\u00fchrt wird, werden das Design der Haarlinie, die Dichte und die Richtung sorgf\u00e4ltig geplant, um Ihrem nat\u00fcrlichen Wachstumsmuster zu entsprechen, was zu einem nahtlosen, nat\u00fcrlichen Aussehen f\u00fchrt.<\/p>\n<\/div><\/div><\/div><div class=\"fusion-panel fusion-toggle-no-divider fusion-toggle-boxed-mode panel-default fusion-faq-post fusion-faq-post-4759 allgemeine-erwartungen-an-das-ergebnis ergebnisse-erwartungen \"><span class=\"entry-title rich-snippet-hidden\">Wie stellen Sie sicher, dass sich das transplantierte Haar nahtlos in mein vorhandenes Haar einf\u00fcgt?<\/span><span class=\"vcard rich-snippet-hidden\"><span class=\"fn\"><a href=\"https:\/\/rehaira.com\/de\/author\/admin_3a81wdyw\/\" title=\"Beitr\u00e4ge von admin\" rel=\"author\">admin<\/a><\/span><\/span><span class=\"updated rich-snippet-hidden\">2025-09-06T06:35:42+03:00<\/span><div class=\"panel-heading\"><h4 id=\"faq_1-4759\" class=\"panel-title toggle\"><a data-toggle=\"collapse\" class=\"collapsed\" data-parent=\"#accordian-1\" data-target=\"#collapse-1-4759\" href=\"#collapse-1-4759\" aria-expanded=\"false\"><div class=\"fusion-toggle-icon-wrapper\"><div class=\"fusion-toggle-icon-wrapper-main\"><div class=\"fusion-toggle-icon-wrapper-sub\"><i class=\"fa-fusion-box active-icon awb-icon-minus\" aria-hidden=\"true\"><\/i><i class=\"fa-fusion-box inactive-icon awb-icon-plus\" aria-hidden=\"true\"><\/i><\/div><\/div><\/div><div class=\"fusion-toggle-heading\">Wie stellen Sie sicher, dass sich das transplantierte Haar nahtlos in mein vorhandenes Haar einf\u00fcgt?<\/div><\/a><\/h4><\/div><div id=\"collapse-1-4759\" aria-labelledby=\"faq_1-4759\" class=\"panel-collapse collapse\"><div class=\"panel-body toggle-content post-content\"><p>Wir passen Follikeltyp, Dicke, Winkel und Richtung an Ihr nat\u00fcrliches Haar an. Die strategische Platzierung sorgt daf\u00fcr, dass das neue Wachstum sich perfekt in das vorhandene Haar integriert. <\/p>\n<\/div><\/div><\/div><div class=\"fusion-panel fusion-toggle-no-divider fusion-toggle-boxed-mode panel-default fusion-faq-post fusion-faq-post-6063 allgemeine-erwartungen-an-das-ergebnis ergebnisse-erwartungen \"><span class=\"entry-title rich-snippet-hidden\">Wird das Design des Haaransatzes zu meinen Gesichtsz\u00fcgen und meinem Alter passen?<\/span><span class=\"vcard rich-snippet-hidden\"><span class=\"fn\"><a href=\"https:\/\/rehaira.com\/de\/author\/admin_3a81wdyw\/\" title=\"Beitr\u00e4ge von admin\" rel=\"author\">admin<\/a><\/span><\/span><span class=\"updated rich-snippet-hidden\">2025-09-06T06:36:06+03:00<\/span><div class=\"panel-heading\"><h4 id=\"faq_1-6063\" class=\"panel-title toggle\"><a data-toggle=\"collapse\" class=\"collapsed\" data-parent=\"#accordian-1\" data-target=\"#collapse-1-6063\" href=\"#collapse-1-6063\" aria-expanded=\"false\"><div class=\"fusion-toggle-icon-wrapper\"><div class=\"fusion-toggle-icon-wrapper-main\"><div class=\"fusion-toggle-icon-wrapper-sub\"><i class=\"fa-fusion-box active-icon awb-icon-minus\" aria-hidden=\"true\"><\/i><i class=\"fa-fusion-box inactive-icon awb-icon-plus\" aria-hidden=\"true\"><\/i><\/div><\/div><\/div><div class=\"fusion-toggle-heading\">Wird das Design des Haaransatzes zu meinen Gesichtsz\u00fcgen und meinem Alter passen?<\/div><\/a><\/h4><\/div><div id=\"collapse-1-6063\" aria-labelledby=\"faq_1-6063\" class=\"panel-collapse collapse\"><div class=\"panel-body toggle-content post-content\"><p>Ja. Das Design des Haaransatzes wird auf Ihre Gesichtsstruktur, Ihr Alter und Ihre \u00e4sthetischen Ziele zugeschnitten, wobei ein nat\u00fcrliches Aussehen mit langfristiger Nachhaltigkeit in Einklang gebracht wird. <\/p>\n<\/div><\/div><\/div><div class=\"fusion-panel fusion-toggle-no-divider fusion-toggle-boxed-mode panel-default fusion-faq-post fusion-faq-post-6059 allgemeine-erwartungen-an-das-ergebnis ergebnisse-erwartungen \"><span class=\"entry-title rich-snippet-hidden\">Kann eine Haartransplantation meine urspr\u00fcngliche Haardichte wiederherstellen?<\/span><span class=\"vcard rich-snippet-hidden\"><span class=\"fn\"><a href=\"https:\/\/rehaira.com\/de\/author\/admin_3a81wdyw\/\" title=\"Beitr\u00e4ge von admin\" rel=\"author\">admin<\/a><\/span><\/span><span class=\"updated rich-snippet-hidden\">2025-09-06T06:36:27+03:00<\/span><div class=\"panel-heading\"><h4 id=\"faq_1-6059\" class=\"panel-title toggle\"><a data-toggle=\"collapse\" class=\"collapsed\" data-parent=\"#accordian-1\" data-target=\"#collapse-1-6059\" href=\"#collapse-1-6059\" aria-expanded=\"false\"><div class=\"fusion-toggle-icon-wrapper\"><div class=\"fusion-toggle-icon-wrapper-main\"><div class=\"fusion-toggle-icon-wrapper-sub\"><i class=\"fa-fusion-box active-icon awb-icon-minus\" aria-hidden=\"true\"><\/i><i class=\"fa-fusion-box inactive-icon awb-icon-plus\" aria-hidden=\"true\"><\/i><\/div><\/div><\/div><div class=\"fusion-toggle-heading\">Kann eine Haartransplantation meine urspr\u00fcngliche Haardichte wiederherstellen?<\/div><\/a><\/h4><\/div><div id=\"collapse-1-6059\" aria-labelledby=\"faq_1-6059\" class=\"panel-collapse collapse\"><div class=\"panel-body toggle-content post-content\"><p>Obwohl eine vollst\u00e4ndige Wiederherstellung Ihrer urspr\u00fcnglichen Dichte aufgrund von Einschr\u00e4nkungen im Spenderbereich nicht immer m\u00f6glich ist, streben wir danach, die maximale nat\u00fcrliche Dichte zu erreichen, die sowohl Deckung als auch ein ausgewogenes Erscheinungsbild bietet.<\/p>\n<\/div><\/div><\/div><div class=\"fusion-panel fusion-toggle-no-divider fusion-toggle-boxed-mode panel-default fusion-faq-post fusion-faq-post-6047 allgemeine-erwartungen-an-das-ergebnis ergebnisse-erwartungen \"><span class=\"entry-title rich-snippet-hidden\">Ist es m\u00f6glich, eine vollst\u00e4ndige Abdeckung in einer Sitzung zu erreichen?<\/span><span class=\"vcard rich-snippet-hidden\"><span class=\"fn\"><a href=\"https:\/\/rehaira.com\/de\/author\/admin_3a81wdyw\/\" title=\"Beitr\u00e4ge von admin\" rel=\"author\">admin<\/a><\/span><\/span><span class=\"updated rich-snippet-hidden\">2025-09-06T06:36:47+03:00<\/span><div class=\"panel-heading\"><h4 id=\"faq_1-6047\" class=\"panel-title toggle\"><a data-toggle=\"collapse\" class=\"collapsed\" data-parent=\"#accordian-1\" data-target=\"#collapse-1-6047\" href=\"#collapse-1-6047\" aria-expanded=\"false\"><div class=\"fusion-toggle-icon-wrapper\"><div class=\"fusion-toggle-icon-wrapper-main\"><div class=\"fusion-toggle-icon-wrapper-sub\"><i class=\"fa-fusion-box active-icon awb-icon-minus\" aria-hidden=\"true\"><\/i><i class=\"fa-fusion-box inactive-icon awb-icon-plus\" aria-hidden=\"true\"><\/i><\/div><\/div><\/div><div class=\"fusion-toggle-heading\">Ist es m\u00f6glich, eine vollst\u00e4ndige Abdeckung in einer Sitzung zu erreichen?<\/div><\/a><\/h4><\/div><div id=\"collapse-1-6047\" aria-labelledby=\"faq_1-6047\" class=\"panel-collapse collapse\"><div class=\"panel-body toggle-content post-content\"><p>Dies h\u00e4ngt vom Ausma\u00df des Haarausfalls und der Spenderkapazit\u00e4t ab. In leichten bis mittelschweren F\u00e4llen kann oft eine vollst\u00e4ndige Abdeckung in einer Sitzung erreicht werden. Fortgeschrittene F\u00e4lle k\u00f6nnen mehrere Sitzungen f\u00fcr optimale Ergebnisse erfordern.  <\/p>\n<\/div><\/div><\/div><div class=\"fusion-panel fusion-toggle-no-divider fusion-toggle-boxed-mode panel-default fusion-faq-post fusion-faq-post-6044 allgemeine-erwartungen-an-das-ergebnis ergebnisse-erwartungen \"><span class=\"entry-title rich-snippet-hidden\">Wird das transplantierte Haar wie normales Haar wachsen?<\/span><span class=\"vcard rich-snippet-hidden\"><span class=\"fn\"><a href=\"https:\/\/rehaira.com\/de\/author\/admin_3a81wdyw\/\" title=\"Beitr\u00e4ge von admin\" rel=\"author\">admin<\/a><\/span><\/span><span class=\"updated rich-snippet-hidden\">2025-09-06T06:37:07+03:00<\/span><div class=\"panel-heading\"><h4 id=\"faq_1-6044\" class=\"panel-title toggle\"><a data-toggle=\"collapse\" class=\"collapsed\" data-parent=\"#accordian-1\" data-target=\"#collapse-1-6044\" href=\"#collapse-1-6044\" aria-expanded=\"false\"><div class=\"fusion-toggle-icon-wrapper\"><div class=\"fusion-toggle-icon-wrapper-main\"><div class=\"fusion-toggle-icon-wrapper-sub\"><i class=\"fa-fusion-box active-icon awb-icon-minus\" aria-hidden=\"true\"><\/i><i class=\"fa-fusion-box inactive-icon awb-icon-plus\" aria-hidden=\"true\"><\/i><\/div><\/div><\/div><div class=\"fusion-toggle-heading\">Wird das transplantierte Haar wie normales Haar wachsen?<\/div><\/a><\/h4><\/div><div id=\"collapse-1-6044\" aria-labelledby=\"faq_1-6044\" class=\"panel-collapse collapse\"><div class=\"panel-body toggle-content post-content\"><p>Ja. Sobald die Follikel angewachsen sind, wachsen sie auf nat\u00fcrliche Weise Haare, die wie Ihr restliches Haar gewaschen, geschnitten und gestylt werden k\u00f6nnen. <\/p>\n<\/div><\/div><\/div><div class=\"fusion-panel fusion-toggle-no-divider fusion-toggle-boxed-mode panel-default fusion-faq-post fusion-faq-post-6040 allgemeine-erwartungen-an-das-ergebnis ergebnisse-erwartungen \"><span class=\"entry-title rich-snippet-hidden\">K\u00f6nnen die Ergebnisse dauerhaft sein?<\/span><span class=\"vcard rich-snippet-hidden\"><span class=\"fn\"><a href=\"https:\/\/rehaira.com\/de\/author\/admin_3a81wdyw\/\" title=\"Beitr\u00e4ge von admin\" rel=\"author\">admin<\/a><\/span><\/span><span class=\"updated rich-snippet-hidden\">2025-09-06T06:37:31+03:00<\/span><div class=\"panel-heading\"><h4 id=\"faq_1-6040\" class=\"panel-title toggle\"><a data-toggle=\"collapse\" class=\"collapsed\" data-parent=\"#accordian-1\" data-target=\"#collapse-1-6040\" href=\"#collapse-1-6040\" aria-expanded=\"false\"><div class=\"fusion-toggle-icon-wrapper\"><div class=\"fusion-toggle-icon-wrapper-main\"><div class=\"fusion-toggle-icon-wrapper-sub\"><i class=\"fa-fusion-box active-icon awb-icon-minus\" aria-hidden=\"true\"><\/i><i class=\"fa-fusion-box inactive-icon awb-icon-plus\" aria-hidden=\"true\"><\/i><\/div><\/div><\/div><div class=\"fusion-toggle-heading\">K\u00f6nnen die Ergebnisse dauerhaft sein?<\/div><\/a><\/h4><\/div><div id=\"collapse-1-6040\" aria-labelledby=\"faq_1-6040\" class=\"panel-collapse collapse\"><div class=\"panel-body toggle-content post-content\"><p>Ja. Transplantiertes Haar ist typischerweise resistent gegen das Hormon, das f\u00fcr erblich bedingten Haarausfall verantwortlich ist, was bedeutet, dass es bei richtiger Pflege ein Leben lang halten sollte. <\/p>\n<\/div><\/div><\/div><\/div><\/div><\/div><\/div><\/div><\/div><\/div><\/div>\n","protected":false},"excerpt":{"rendered":"<p>Verstehen Sie, welche Art von Ergebnissen Sie erwarten k\u00f6nnen und den Zeitplan f\u00fcr sichtbare Verbesserungen.<\/p>\n","protected":false},"author":1,"featured_media":0,"parent":3381,"menu_order":0,"comment_status":"closed","ping_status":"closed","template":"100-width.php","meta":{"_acf_changed":false,"footnotes":""},"class_list":["post-3906","page","type-page","status-publish","hentry"],"acf":[],"_links":{"self":[{"href":"https:\/\/rehaira.com\/de\/wp-json\/wp\/v2\/pages\/3906","targetHints":{"allow":["GET"]}}],"collection":[{"href":"https:\/\/rehaira.com\/de\/wp-json\/wp\/v2\/pages"}],"about":[{"href":"https:\/\/rehaira.com\/de\/wp-json\/wp\/v2\/types\/page"}],"author":[{"embeddable":true,"href":"https:\/\/rehaira.com\/de\/wp-json\/wp\/v2\/users\/1"}],"replies":[{"embeddable":true,"href":"https:\/\/rehaira.com\/de\/wp-json\/wp\/v2\/comments?post=3906"}],"version-history":[{"count":8,"href":"https:\/\/rehaira.com\/de\/wp-json\/wp\/v2\/pages\/3906\/revisions"}],"predecessor-version":[{"id":3939,"href":"https:\/\/rehaira.com\/de\/wp-json\/wp\/v2\/pages\/3906\/revisions\/3939"}],"up":[{"embeddable":true,"href":"https:\/\/rehaira.com\/de\/wp-json\/wp\/v2\/pages\/3381"}],"wp:attachment":[{"href":"https:\/\/rehaira.com\/de\/wp-json\/wp\/v2\/media?parent=3906"}],"curies":[{"name":"wp","href":"https:\/\/api.w.org\/{rel}","templated":true}]}}