{"id":4124,"date":"2025-07-31T11:48:16","date_gmt":"2025-07-31T08:48:16","guid":{"rendered":"https:\/\/rehaira.com\/leistungen\/"},"modified":"2026-02-24T13:00:04","modified_gmt":"2026-02-24T10:00:04","slug":"leistungen","status":"publish","type":"page","link":"https:\/\/rehaira.com\/de\/leistungen\/","title":{"rendered":"Leistungen"},"content":{"rendered":"<p><div class=\"fusion-fullwidth fullwidth-box fusion-builder-row-1 fusion-flex-container has-pattern-background has-mask-background nonhundred-percent-fullwidth non-hundred-percent-height-scrolling\" style=\"--awb-border-radius-top-left:0px;--awb-border-radius-top-right:0px;--awb-border-radius-bottom-right:0px;--awb-border-radius-bottom-left:0px;--awb-padding-top:2%;--awb-padding-bottom:2%;--awb-flex-wrap:wrap;\" ><div class=\"fusion-builder-row fusion-row fusion-flex-align-items-flex-start fusion-flex-justify-content-center fusion-flex-content-wrap\" style=\"max-width:1248px;margin-left: calc(-4% \/ 2 );margin-right: calc(-4% \/ 2 );\"><div class=\"fusion-layout-column fusion_builder_column fusion-builder-column-0 fusion_builder_column_4_5 4_5 fusion-flex-column\" style=\"--awb-bg-size:cover;--awb-width-large:80%;--awb-margin-top-large:0px;--awb-spacing-right-large:2.4%;--awb-margin-bottom-large:20px;--awb-spacing-left-large:2.4%;--awb-width-medium:80%;--awb-order-medium:0;--awb-spacing-right-medium:2.4%;--awb-spacing-left-medium:2.4%;--awb-width-small:100%;--awb-order-small:0;--awb-spacing-right-small:1.92%;--awb-spacing-left-small:1.92%;\" data-scroll-devices=\"small-visibility,medium-visibility,large-visibility\"><div class=\"fusion-column-wrapper fusion-column-has-shadow fusion-flex-justify-content-flex-start fusion-content-layout-column\"><div class=\"fusion-title title fusion-title-1 fusion-sep-none fusion-title-center fusion-title-text fusion-title-size-one\" style=\"--awb-font-size:58px;\"><h1 class=\"fusion-title-heading title-heading-center\" style=\"margin:0;font-size:1em;\"><p>Unsere Expertise in der<\/p>\n<p>Haarwiederherstellung<\/p><\/h1><\/div><div class=\"fusion-separator\" style=\"align-self: center;margin-left: auto;margin-right: auto;margin-bottom:20px;width:100%;max-width:250px;\"><div class=\"fusion-separator-border sep-single sep-solid\" style=\"--awb-height:20px;--awb-amount:20px;--awb-sep-color:var(--awb-color3);border-color:var(--awb-color3);border-top-width:1px;\"><\/div><\/div><div class=\"fusion-text fusion-text-1\" style=\"--awb-content-alignment:center;\"><p>Bei Rehaira bieten wir eine umfassende Palette fortschrittlicher Haartransplantationsl\u00f6sungen, die auf Ihre individuellen Bed\u00fcrfnisse zugeschnitten sind. Ob Sie Ihren Haaransatz wiederherstellen, Ihren Bart neu definieren oder Ihre Augenbrauen verbessern m\u00f6chten, unser Expertenteam begleitet Sie bei jedem Schritt. <\/p>\n<\/div><\/div><\/div><\/div><\/div><div class=\"fusion-fullwidth fullwidth-box fusion-builder-row-2 fusion-flex-container has-pattern-background has-mask-background hundred-percent-fullwidth non-hundred-percent-height-scrolling\" style=\"--awb-border-radius-top-left:0px;--awb-border-radius-top-right:0px;--awb-border-radius-bottom-right:0px;--awb-border-radius-bottom-left:0px;--awb-padding-top:270px;--awb-margin-bottom:-170px;--awb-background-color:var(--awb-custom_color_2);--awb-flex-wrap:wrap;\" ><div class=\"fusion-builder-row fusion-row fusion-flex-align-items-flex-start fusion-flex-content-wrap\" style=\"width:104% !important;max-width:104% !important;margin-left: calc(-4% \/ 2 );margin-right: calc(-4% \/ 2 );\"><\/div><\/div><div class=\"fusion-fullwidth fullwidth-box fusion-builder-row-3 fusion-flex-container has-pattern-background has-mask-background nonhundred-percent-fullwidth non-hundred-percent-height-scrolling\" style=\"--awb-border-radius-top-left:0px;--awb-border-radius-top-right:0px;--awb-border-radius-bottom-right:0px;--awb-border-radius-bottom-left:0px;--awb-padding-bottom:30px;--awb-flex-wrap:wrap;\" ><div class=\"fusion-builder-row fusion-row fusion-flex-align-items-stretch fusion-flex-content-wrap\" style=\"max-width:1248px;margin-left: calc(-4% \/ 2 );margin-right: calc(-4% \/ 2 );\"><div class=\"fusion-layout-column fusion_builder_column fusion-builder-column-1 fusion_builder_column_1_1 1_1 fusion-flex-column\" style=\"--awb-padding-top:-5px;--awb-overflow:hidden;--awb-bg-color:var(--awb-color6);--awb-bg-color-hover:var(--awb-color6);--awb-bg-size:cover;--awb-border-radius:12px 12px 12px 12px;--awb-width-large:100%;--awb-margin-top-large:0px;--awb-spacing-right-large:1.92%;--awb-margin-bottom-large:20px;--awb-spacing-left-large:1.92%;--awb-width-medium:100%;--awb-order-medium:0;--awb-spacing-right-medium:1.92%;--awb-spacing-left-medium:1.92%;--awb-width-small:100%;--awb-order-small:0;--awb-spacing-right-small:1.92%;--awb-spacing-left-small:1.92%;\" data-scroll-devices=\"small-visibility,medium-visibility,large-visibility\"><div class=\"fusion-column-wrapper fusion-column-has-shadow fusion-flex-justify-content-flex-start fusion-content-layout-column\"><div class=\"fusion-tabs fusion-tabs-1 classic nav-is-justified services-tabs-icon horizontal-tabs icon-position-top mobile-mode-carousel mobile-sticky-tabs\" style=\"--icon-color:var(--awb-color3);--icon-active-color:var(--awb-color3);--awb-title-border-radius-top-left:8px;--awb-title-border-radius-top-right:8px;--awb-title-border-radius-bottom-right:8px;--awb-title-border-radius-bottom-left:8px;--awb-title-padding-right:15px;--awb-title-padding-left:15px;--awb-title-font-size:17px;--awb-alignment:center;--awb-inactive-color:var(--awb-color8);--awb-title-text-color:var(--awb-custom_color_1);--awb-title-active-text-color:var(--awb-custom_color_1);--awb-background-color:var(--awb-color6);--awb-border-color:rgba(28,31,41,0);--awb-active-border-color:rgba(28,31,41,0);\"><div class=\"nav\"><ul class=\"nav-tabs nav-justified\" role=\"tablist\"><li class=\"active\" role=\"presentation\"><a class=\"tab-link\" data-toggle=\"tab\" role=\"tab\" aria-controls=\"tab-5fe68f97c1aad48fba2\" aria-selected=\"true\" id=\"fusion-tab-dhihaartransplantation\" href=\"#tab-5fe68f97c1aad48fba2\"><h2 class=\"fusion-tab-heading\"><i class=\"fontawesome-icon hticon-dhi1\" aria-hidden=\"true\" style=\"font-size:36px;\"><\/i>DHI Haartransplantation<\/h2><\/a><\/li><li role=\"presentation\"><a class=\"tab-link\" data-toggle=\"tab\" role=\"tab\" aria-controls=\"tab-8043a1a0c6f4c1b1a30\" aria-selected=\"false\" tabindex=\"-1\" id=\"fusion-tab-fue-saphir-haartransplantation\" href=\"#tab-8043a1a0c6f4c1b1a30\"><h2 class=\"fusion-tab-heading\"><i class=\"fontawesome-icon hticon-sapphire\" aria-hidden=\"true\" style=\"font-size:36px;\"><\/i>FUE-Saphir-Haartransplantation<\/h2><\/a><\/li><li role=\"presentation\"><a class=\"tab-link\" data-toggle=\"tab\" role=\"tab\" aria-controls=\"tab-19d071cf64de8e17bb6\" aria-selected=\"false\" tabindex=\"-1\" id=\"fusion-tab-haartransplantationf\u00fcrfrauen\" href=\"#tab-19d071cf64de8e17bb6\"><h2 class=\"fusion-tab-heading\"><i class=\"fontawesome-icon hticon-women\" aria-hidden=\"true\" style=\"font-size:36px;\"><\/i>Haartransplantation f\u00fcr Frauen<\/h2><\/a><\/li><li role=\"presentation\"><a class=\"tab-link\" data-toggle=\"tab\" role=\"tab\" aria-controls=\"tab-3259ff76151e0cee7a3\" aria-selected=\"false\" tabindex=\"-1\" id=\"fusion-tab-augenbrauentransplantation\" href=\"#tab-3259ff76151e0cee7a3\"><h2 class=\"fusion-tab-heading\"><i class=\"fontawesome-icon hticon-eyebrow\" aria-hidden=\"true\" style=\"font-size:36px;\"><\/i>Augenbrauentransplantation<\/h2><\/a><\/li><li role=\"presentation\"><a class=\"tab-link\" data-toggle=\"tab\" role=\"tab\" aria-controls=\"tab-0c062434e784734607f\" aria-selected=\"false\" tabindex=\"-1\" id=\"fusion-tab-bart-&amp;schnurrbarttransplantation\" href=\"#tab-0c062434e784734607f\"><h2 class=\"fusion-tab-heading\"><i class=\"fontawesome-icon hticon-beard\" aria-hidden=\"true\" style=\"font-size:36px;\"><\/i>Bart- &amp; Schnurrbarttransplantation<\/h2><\/a><\/li><\/ul><\/div><div class=\"tab-content\"><div class=\"tab-pane fade fusion-clearfix in active\" role=\"tabpanel\" tabindex=\"0\" aria-labelledby=\"fusion-tab-dhihaartransplantation\" id=\"tab-5fe68f97c1aad48fba2\">\n<h4 data-start=\"316\" data-end=\"358\">Maximale Pr\u00e4zision, keine Rasur erforderlich<\/h4>\n<ul data-start=\"360\" data-end=\"893\">\n<li data-start=\"360\" data-end=\"559\">\n<p data-start=\"362\" data-end=\"559\"><strong data-start=\"362\" data-end=\"377\">Was ist das?<\/strong><br data-start=\"377\" data-end=\"380\">Die Direkte Haarimplantation (DHI) ist eine Technik, bei der Haarfollikel direkt mit einem speziellen Implantationsstift platziert werden, ohne dass zuvor Empf\u00e4ngerkan\u00e4le ge\u00f6ffnet werden m\u00fcssen.<\/p>\n<\/li>\n<li data-start=\"561\" data-end=\"714\">\n<p data-start=\"563\" data-end=\"714\"><strong data-start=\"563\" data-end=\"581\">F\u00fcr wen ist es geeignet?<\/strong><br data-start=\"581\" data-end=\"584\">Ideal f\u00fcr diejenigen, die ein verfeinertes Haaransatzdesign w\u00fcnschen oder f\u00fcr diejenigen, die ihr Haar vor dem Eingriff nicht rasieren m\u00f6chten.<\/p>\n<\/li>\n<li data-start=\"716\" data-end=\"893\">\n<p data-start=\"718\" data-end=\"893\"><strong data-start=\"718\" data-end=\"748\">Warum DHI bei Rehaira w\u00e4hlen?<\/strong><br data-start=\"748\" data-end=\"751\">DHI bei Rehaira wird von einem sehr erfahrenen Team durchgef\u00fchrt, das eine nat\u00fcrliche Wuchsrichtung, ausgewogene Dichte und ein personalisiertes Haaransatzdesign gew\u00e4hrleistet.<\/p>\n<\/li>\n<\/ul>\n<div class=\"fusion-alignright\"><a class=\"fusion-button button-flat fusion-button-default-size button-custom fusion-button-default button-1 fusion-button-default-span fusion-button-default-type awb-b-icon-pos-right\" style=\"--button_accent_color:var(--awb-custom_color_1);--button_accent_hover_color:var(--awb-color3);--button_border_hover_color:var(--awb-color8);--button_gradient_top_color:var(--awb-color6);--button_gradient_bottom_color:var(--awb-color6);--button_gradient_top_color_hover:var(--awb-color6);--button_gradient_bottom_color_hover:var(--awb-color6);--button_margin-top:20px;\" target=\"_self\" data-hover=\"icon_position\" href=\"https:\/\/rehaira.com\/es\/service\/trasplante-capilar-dhi\/\"><span class=\"fusion-button-text awb-button__text awb-button__text--default\">Erfahren Sie mehr \u00fcber die DHI-Haartransplantation<\/span><i class=\"hticon-arrow-right awb-button__icon awb-button__icon--default button-icon-right\" aria-hidden=\"true\"><\/i><i class=\"hticon-arrow-right awb-button__icon awb-button__icon--default button-icon-right\" aria-hidden=\"true\"><\/i><\/a><\/div><\/div><div class=\"tab-pane fade fusion-clearfix\" role=\"tabpanel\" tabindex=\"0\" aria-labelledby=\"fusion-tab-fue-saphir-haartransplantation\" id=\"tab-8043a1a0c6f4c1b1a30\">\n<h4 data-start=\"939\" data-end=\"987\">Ergebnisse mit hoher Dichte dank Saphir-Pr\u00e4zision<\/h4>\n<ul data-start=\"989\" data-end=\"1436\">\n<li data-start=\"989\" data-end=\"1154\">\n<p data-start=\"991\" data-end=\"1154\"><strong data-start=\"991\" data-end=\"1006\">Was ist das?<\/strong><br data-start=\"1006\" data-end=\"1009\">Saphir-FUE ist eine moderne Haartransplantationsmethode, bei der Mikro-Inzisionen mit saphirbesetzten Instrumenten f\u00fcr eine pr\u00e4zisere Platzierung vorgenommen werden.<\/p>\n<\/li>\n<li data-start=\"1156\" data-end=\"1281\">\n<p data-start=\"1158\" data-end=\"1281\"><strong data-start=\"1158\" data-end=\"1176\">F\u00fcr wen ist es geeignet?<\/strong><br data-start=\"1176\" data-end=\"1179\">Besonders geeignet f\u00fcr Personen, die eine vollere Abdeckung mit glatten und gleichm\u00e4\u00dfigen Ergebnissen wiederherstellen m\u00f6chten.<\/p>\n<\/li>\n<li data-start=\"1283\" data-end=\"1436\">\n<p data-start=\"1285\" data-end=\"1436\"><strong data-start=\"1285\" data-end=\"1301\">Warum Rehaira?<\/strong><br data-start=\"1301\" data-end=\"1304\">Unser Team nutzt Saphir-Technologie, um eine verbesserte Kontrolle, pr\u00e4zisere Platzierung und einen schnelleren, komfortableren Genesungsprozess zu gew\u00e4hrleisten.<\/p>\n<\/li>\n<\/ul>\n<div class=\"fusion-alignright\"><a class=\"fusion-button button-flat fusion-button-default-size button-custom fusion-button-default button-2 fusion-button-default-span fusion-button-default-type awb-b-icon-pos-right\" style=\"--button_accent_color:var(--awb-custom_color_1);--button_accent_hover_color:var(--awb-color3);--button_border_hover_color:var(--awb-color8);--button_gradient_top_color:var(--awb-color6);--button_gradient_bottom_color:var(--awb-color6);--button_gradient_top_color_hover:var(--awb-color6);--button_gradient_bottom_color_hover:var(--awb-color6);--button_margin-top:20px;\" target=\"_self\" data-hover=\"icon_position\" href=\"https:\/\/rehaira.com\/es\/service\/trasplante-capilar-fue-zafiro\/\"><span class=\"fusion-button-text awb-button__text awb-button__text--default\">Erfahren Sie mehr \u00fcber die FUE-Saphir-Haartransplantation<\/span><i class=\"hticon-arrow-right awb-button__icon awb-button__icon--default button-icon-right\" aria-hidden=\"true\"><\/i><i class=\"hticon-arrow-right awb-button__icon awb-button__icon--default button-icon-right\" aria-hidden=\"true\"><\/i><\/a><\/div><\/div><div class=\"tab-pane fade fusion-clearfix\" role=\"tabpanel\" tabindex=\"0\" aria-labelledby=\"fusion-tab-haartransplantationf\u00fcrfrauen\" id=\"tab-19d071cf64de8e17bb6\">\n<h4 data-start=\"1476\" data-end=\"1519\">Vertrauen durch ma\u00dfgeschneiderte Wiederherstellung<\/h4>\n<ul data-start=\"1521\" data-end=\"1973\">\n<li data-start=\"1521\" data-end=\"1680\">\n<p data-start=\"1523\" data-end=\"1680\"><strong data-start=\"1523\" data-end=\"1538\">Was ist das?<\/strong><br data-start=\"1538\" data-end=\"1541\">Unsere Verfahren sind sorgf\u00e4ltig darauf ausgelegt, den einzigartigen Bed\u00fcrfnissen der Haartransplantation bei Frauen gerecht zu werden, mit Fokus auf Volumenverbesserung und nat\u00fcrlichen Haarfluss.<\/p>\n<\/li>\n<li data-start=\"1682\" data-end=\"1818\">\n<p data-start=\"1684\" data-end=\"1818\"><strong data-start=\"1684\" data-end=\"1702\">F\u00fcr wen ist es geeignet?<\/strong><br data-start=\"1702\" data-end=\"1705\">Frauen, die ein volleres Haarbild oder definiertere Haarlinien w\u00fcnschen, ohne Rasur oder sichtbare Behandlungsspuren.<\/p>\n<\/li>\n<li data-start=\"1820\" data-end=\"1973\">\n<p data-start=\"1822\" data-end=\"1973\"><strong data-start=\"1822\" data-end=\"1838\">Warum Rehaira?<\/strong><br data-start=\"1838\" data-end=\"1841\">Unser Ansatz ist diskret, \u00e4sthetisch ausgerichtet und wird mit Sorgfalt und Pr\u00e4zision von einem Team angepasst, das Erfahrung mit weiblichen Haarmustern hat.<\/p>\n<\/li>\n<\/ul>\n<div class=\"fusion-alignright\"><a class=\"fusion-button button-flat fusion-button-default-size button-custom fusion-button-default button-3 fusion-button-default-span fusion-button-default-type awb-b-icon-pos-right\" style=\"--button_accent_color:var(--awb-custom_color_1);--button_accent_hover_color:var(--awb-color3);--button_border_hover_color:var(--awb-color8);--button_gradient_top_color:var(--awb-color6);--button_gradient_bottom_color:var(--awb-color6);--button_gradient_top_color_hover:var(--awb-color6);--button_gradient_bottom_color_hover:var(--awb-color6);--button_margin-top:20px;\" target=\"_self\" data-hover=\"icon_position\" href=\"https:\/\/rehaira.com\/es\/service\/trasplante-capilar-femenino\/\"><span class=\"fusion-button-text awb-button__text awb-button__text--default\">Entdecken Sie L\u00f6sungen f\u00fcr die Haartransplantation bei Frauen<\/span><i class=\"hticon-arrow-right awb-button__icon awb-button__icon--default button-icon-right\" aria-hidden=\"true\"><\/i><i class=\"hticon-arrow-right awb-button__icon awb-button__icon--default button-icon-right\" aria-hidden=\"true\"><\/i><\/a><\/div><\/div><div class=\"tab-pane fade fusion-clearfix\" role=\"tabpanel\" tabindex=\"0\" aria-labelledby=\"fusion-tab-augenbrauentransplantation\" id=\"tab-3259ff76151e0cee7a3\">\n<h4 data-start=\"2009\" data-end=\"2060\">Ihren Ausdruck neu definieren mit nat\u00fcrlicher Harmonie<\/h4>\n<ul data-start=\"2062\" data-end=\"2440\">\n<li data-start=\"2062\" data-end=\"2212\">\n<p data-start=\"2064\" data-end=\"2212\"><strong data-start=\"2064\" data-end=\"2079\">Was ist das?<\/strong><br data-start=\"2079\" data-end=\"2082\">Bei Augenbrauentransplantationen werden Haarfollikel sorgf\u00e4ltig platziert, um vollere, gut geformte Augenbrauen zu schaffen, die zu Ihren Gesichtsz\u00fcgen passen.<\/p>\n<\/li>\n<li data-start=\"2214\" data-end=\"2316\">\n<p data-start=\"2216\" data-end=\"2316\"><strong data-start=\"2216\" data-end=\"2234\">F\u00fcr wen ist es geeignet?<\/strong><br data-start=\"2234\" data-end=\"2237\">Jeder, der seine Augenbrauen f\u00fcr einen definierteren und ausdrucksst\u00e4rkeren Look verbessern m\u00f6chte.<\/p>\n<\/li>\n<li data-start=\"2318\" data-end=\"2440\">\n<p data-start=\"2320\" data-end=\"2440\"><strong data-start=\"2320\" data-end=\"2336\">Warum Rehaira?<\/strong><br data-start=\"2336\" data-end=\"2339\">Unser Team gestaltet jede Augenbrauenform mit Symmetrie und Subtilit\u00e4t, um wundersch\u00f6n nat\u00fcrliche Ergebnisse zu erzielen.<\/p>\n<\/li>\n<\/ul>\n<div class=\"fusion-alignright\"><a class=\"fusion-button button-flat fusion-button-default-size button-custom fusion-button-default button-4 fusion-button-default-span fusion-button-default-type awb-b-icon-pos-right\" style=\"--button_accent_color:var(--awb-custom_color_1);--button_accent_hover_color:var(--awb-color3);--button_border_hover_color:var(--awb-color8);--button_gradient_top_color:var(--awb-color6);--button_gradient_bottom_color:var(--awb-color6);--button_gradient_top_color_hover:var(--awb-color6);--button_gradient_bottom_color_hover:var(--awb-color6);--button_margin-top:20px;\" target=\"_self\" data-hover=\"icon_position\" href=\"https:\/\/rehaira.com\/es\/service\/trasplante-de-cejas\/\"><span class=\"fusion-button-text awb-button__text awb-button__text--default\">Erfahren Sie, wie eine Augenbrauentransplantation funktioniert<\/span><i class=\"hticon-arrow-right awb-button__icon awb-button__icon--default button-icon-right\" aria-hidden=\"true\"><\/i><i class=\"hticon-arrow-right awb-button__icon awb-button__icon--default button-icon-right\" aria-hidden=\"true\"><\/i><\/a><\/div><\/div><div class=\"tab-pane fade fusion-clearfix\" role=\"tabpanel\" tabindex=\"0\" aria-labelledby=\"fusion-tab-bart-&amp;schnurrbarttransplantation\" id=\"tab-0c062434e784734607f\">\n<h4 data-start=\"2485\" data-end=\"2514\">Gestalten Sie Ihren charakteristischen Look<\/h4>\n<ul data-start=\"2516\" data-end=\"2941\">\n<li data-start=\"2516\" data-end=\"2672\">\n<p data-start=\"2518\" data-end=\"2672\"><strong data-start=\"2518\" data-end=\"2533\">Was ist das?<\/strong><br data-start=\"2533\" data-end=\"2536\">Dieses Verfahren verbessert oder schafft einen vollen, ausgewogenen Bart und Schnurrbart, indem Haarfollikel in Bereichen platziert werden, wo Definition gew\u00fcnscht ist.<\/p>\n<\/li>\n<li data-start=\"2674\" data-end=\"2792\">\n<p data-start=\"2676\" data-end=\"2792\"><strong data-start=\"2676\" data-end=\"2694\">F\u00fcr wen ist es geeignet?<\/strong><br data-start=\"2694\" data-end=\"2697\">M\u00e4nner, die ihre Gesichtsrahmung verbessern m\u00f6chten, sei es durch das Auff\u00fcllen lichter Stellen oder das Gestalten eines neuen Stils.<\/p>\n<\/li>\n<li data-start=\"2794\" data-end=\"2941\">\n<p data-start=\"2796\" data-end=\"2941\"><strong data-start=\"2796\" data-end=\"2812\">Warum Rehaira?<\/strong><br data-start=\"2812\" data-end=\"2815\">Wir kombinieren k\u00fcnstlerische Planung mit technischem Fachwissen, um maskuline, authentische Ergebnisse zu liefern, die Ihre Gesichtsz\u00fcge erg\u00e4nzen.<\/p>\n<\/li>\n<\/ul>\n<div class=\"fusion-alignright\"><a class=\"fusion-button button-flat fusion-button-default-size button-custom fusion-button-default button-5 fusion-button-default-span fusion-button-default-type awb-b-icon-pos-right\" style=\"--button_accent_color:var(--awb-custom_color_1);--button_accent_hover_color:var(--awb-color3);--button_border_hover_color:var(--awb-color8);--button_gradient_top_color:var(--awb-color6);--button_gradient_bottom_color:var(--awb-color6);--button_gradient_top_color_hover:var(--awb-color6);--button_gradient_bottom_color_hover:var(--awb-color6);--button_margin-top:20px;\" target=\"_self\" data-hover=\"icon_position\" href=\"https:\/\/rehaira.com\/es\/service\/trasplante-de-barba-y-bigote\/\"><span class=\"fusion-button-text awb-button__text awb-button__text--default\">Lesen Sie mehr \u00fcber die Bart- &amp; Schnurrbarttransplantation<\/span><i class=\"hticon-arrow-right awb-button__icon awb-button__icon--default button-icon-right\" aria-hidden=\"true\"><\/i><i class=\"hticon-arrow-right awb-button__icon awb-button__icon--default button-icon-right\" aria-hidden=\"true\"><\/i><\/a><\/div><\/div><\/div><\/div><\/div><\/div><\/div><\/div><div class=\"fusion-fullwidth fullwidth-box fusion-builder-row-4 fusion-flex-container has-pattern-background has-mask-background nonhundred-percent-fullwidth non-hundred-percent-height-scrolling\" style=\"--awb-border-radius-top-left:0px;--awb-border-radius-top-right:0px;--awb-border-radius-bottom-right:0px;--awb-border-radius-bottom-left:0px;--awb-flex-wrap:wrap;\" ><div class=\"fusion-builder-row fusion-row fusion-flex-align-items-flex-start fusion-flex-content-wrap\" style=\"max-width:1248px;margin-left: calc(-4% \/ 2 );margin-right: calc(-4% \/ 2 );\"><div class=\"fusion-layout-column fusion_builder_column fusion-builder-column-2 fusion_builder_column_1_1 1_1 fusion-flex-column\" style=\"--awb-bg-size:cover;--awb-width-large:100%;--awb-margin-top-large:20px;--awb-spacing-right-large:1.92%;--awb-margin-bottom-large:20px;--awb-spacing-left-large:1.92%;--awb-width-medium:100%;--awb-order-medium:0;--awb-spacing-right-medium:1.92%;--awb-spacing-left-medium:1.92%;--awb-width-small:100%;--awb-order-small:0;--awb-spacing-right-small:1.92%;--awb-spacing-left-small:1.92%;\" data-scroll-devices=\"small-visibility,medium-visibility,large-visibility\"><div class=\"fusion-column-wrapper fusion-column-has-shadow fusion-flex-justify-content-flex-start fusion-content-layout-column\"><div class=\"fusion-title title fusion-title-2 fusion-sep-none fusion-title-center fusion-title-text fusion-title-size-three\"><h3 class=\"fusion-title-heading title-heading-center\" style=\"margin:0;\">Ben\u00f6tigen Sie eine personalisierte L\u00f6sung?<\/h3><\/div><\/div><\/div><\/div><\/div><div class=\"fusion-fullwidth fullwidth-box fusion-builder-row-5 fusion-flex-container has-pattern-background has-mask-background nonhundred-percent-fullwidth non-hundred-percent-height-scrolling\" style=\"--awb-border-sizes-top:8px;--awb-border-color:hsla(var(--awb-color5-h),var(--awb-color5-s),var(--awb-color5-l),calc(var(--awb-color5-a) - 50%));--awb-border-radius-top-left:0px;--awb-border-radius-top-right:0px;--awb-border-radius-bottom-right:0px;--awb-border-radius-bottom-left:0px;--awb-padding-top:80px;--awb-padding-bottom:80px;--awb-padding-bottom-small:80px;--awb-margin-bottom:0px;--awb-margin-bottom-medium:0px;--awb-margin-bottom-small:0px;--awb-background-color:var(--awb-color6);--awb-flex-wrap:wrap;\" ><div class=\"fusion-builder-row fusion-row fusion-flex-align-items-flex-start fusion-flex-content-wrap\" style=\"max-width:1248px;margin-left: calc(-4% \/ 2 );margin-right: calc(-4% \/ 2 );\"><div class=\"fusion-layout-column fusion_builder_column fusion-builder-column-3 fusion_builder_column_1_1 1_1 fusion-flex-column\" style=\"--awb-padding-bottom-small:0px;--awb-bg-size:cover;--awb-width-large:100%;--awb-margin-top-large:0px;--awb-spacing-right-large:1.92%;--awb-margin-bottom-large:20px;--awb-spacing-left-large:1.92%;--awb-width-medium:100%;--awb-order-medium:0;--awb-spacing-right-medium:1.92%;--awb-spacing-left-medium:1.92%;--awb-width-small:100%;--awb-order-small:0;--awb-spacing-right-small:1.92%;--awb-margin-bottom-small:0px;--awb-spacing-left-small:1.92%;\" data-scroll-devices=\"small-visibility,medium-visibility,large-visibility\"><div class=\"fusion-column-wrapper fusion-column-has-shadow fusion-flex-justify-content-flex-start fusion-content-layout-column\"><div class=\"fusion-title title fusion-title-3 fusion-sep-none fusion-title-center fusion-title-text fusion-title-size-two\"><h2 class=\"fusion-title-heading title-heading-center\" style=\"margin:0;\">Erhalten Sie Ihre kostenlose Online-Beratung<\/h2><\/div><div class=\"fusion-separator\" style=\"align-self: center;margin-left: auto;margin-right: auto;margin-bottom:0px;width:100%;max-width:350px;\"><div class=\"fusion-separator-border sep-single sep-solid\" style=\"--awb-height:20px;--awb-amount:20px;--awb-sep-color:hsla(var(--awb-color5-h),var(--awb-color5-s),var(--awb-color5-l),calc(var(--awb-color5-a) - 70%));border-color:hsla(var(--awb-color5-h),var(--awb-color5-s),var(--awb-color5-l),calc(var(--awb-color5-a) - 70%));border-top-width:1px;\"><\/div><\/div><div class=\"fusion-text fusion-text-2\" style=\"--awb-content-alignment:center;--awb-margin-top:30px;\"><p>Erhalten Sie innerhalb von nur 10 Minuten eine personalisierte Behandlungs- oder Pflegeempfehlung von unserem Arzt, basierend auf Ihrem Haarzustand.<\/p>\n<p>Keine Verpflichtung <span style=\"color: #c8b3a7;\">\u2022<\/span> Sicher &amp; privat <span style=\"color: #c8b3a7;\">\u2022<\/span> Auf Ihre Bed\u00fcrfnisse zugeschnitten<\/p>\n<\/div><div style=\"text-align:center;\"><a class=\"fusion-button button-flat fusion-button-default-size button-default fusion-button-default button-6 fusion-button-default-span fusion-button-default-type\" style=\"--button_margin-top:30px;\" target=\"_self\" href=\"https:\/\/rehaira.com\/de\/free-hair-analysis\/\"><span class=\"fusion-button-text awb-button__text awb-button__text--default\">Meine kostenlose Analyse starten<\/span><\/a><\/div><\/div><\/div><\/div><\/div>\n<\/p>\n","protected":false},"excerpt":{"rendered":"<p>Entdecken Sie das gesamte Spektrum der Haartransplantationsdienste, die wir f\u00fcr M\u00e4nner und Frauen anbieten.<\/p>\n","protected":false},"author":1,"featured_media":0,"parent":0,"menu_order":0,"comment_status":"closed","ping_status":"closed","template":"100-width.php","meta":{"_acf_changed":false,"footnotes":""},"class_list":["post-4124","page","type-page","status-publish","hentry"],"acf":[],"_links":{"self":[{"href":"https:\/\/rehaira.com\/de\/wp-json\/wp\/v2\/pages\/4124","targetHints":{"allow":["GET"]}}],"collection":[{"href":"https:\/\/rehaira.com\/de\/wp-json\/wp\/v2\/pages"}],"about":[{"href":"https:\/\/rehaira.com\/de\/wp-json\/wp\/v2\/types\/page"}],"author":[{"embeddable":true,"href":"https:\/\/rehaira.com\/de\/wp-json\/wp\/v2\/users\/1"}],"replies":[{"embeddable":true,"href":"https:\/\/rehaira.com\/de\/wp-json\/wp\/v2\/comments?post=4124"}],"version-history":[{"count":13,"href":"https:\/\/rehaira.com\/de\/wp-json\/wp\/v2\/pages\/4124\/revisions"}],"predecessor-version":[{"id":11666,"href":"https:\/\/rehaira.com\/de\/wp-json\/wp\/v2\/pages\/4124\/revisions\/11666"}],"wp:attachment":[{"href":"https:\/\/rehaira.com\/de\/wp-json\/wp\/v2\/media?parent=4124"}],"curies":[{"name":"wp","href":"https:\/\/api.w.org\/{rel}","templated":true}]}}