{"id":3320,"date":"2025-08-02T20:50:10","date_gmt":"2025-08-02T17:50:10","guid":{"rendered":"https:\/\/rehaira.com\/politica-de-privacidad\/"},"modified":"2025-10-23T10:22:30","modified_gmt":"2025-10-23T07:22:30","slug":"politica-de-privacidad","status":"publish","type":"page","link":"https:\/\/rehaira.com\/es\/politica-de-privacidad\/","title":{"rendered":"Pol\u00edtica de privacidad"},"content":{"rendered":"<h1 data-start=\"380\" data-end=\"402\"><strong data-start=\"382\" data-end=\"400\">Pol\u00edtica de privacidad<\/strong><\/h1>\n<p data-start=\"403\" data-end=\"478\"><strong data-start=\"403\" data-end=\"422\">Fecha de entrada en vigor:<\/strong> 23 de octubre de 2025<br data-start=\"439\" data-end=\"442\"><strong data-start=\"442\" data-end=\"459\">\u00daltima actualizaci\u00f3n:<\/strong> 23 de octubre de 2025<\/p>\n<h2 data-start=\"480\" data-end=\"500\">1. Introducci\u00f3n<\/h2>\n<p data-start=\"501\" data-end=\"902\">Esta Pol\u00edtica de Privacidad explica c\u00f3mo <strong data-start=\"534\" data-end=\"608\">REHA\u0130RA SA\u011eLIK TUR\u0130ZM \u0130N\u015eAAT TEKST\u0130L SANAY\u0130 VE T\u0130CARET L\u0130M\u0130TED \u015e\u0130RKET\u0130<\/strong>, que opera bajo la marca <strong data-start=\"641\" data-end=\"664\">Rehaira Hair Clinic<\/strong> (\u201c<strong data-start=\"667\" data-end=\"678\">Rehaira<\/strong>\u201d, \u201c<strong data-start=\"682\" data-end=\"688\">nosotros<\/strong>\u201d, \u201c<strong data-start=\"692\" data-end=\"699\">nuestro<\/strong>\u201d o \u201c<strong data-start=\"706\" data-end=\"720\">la cl\u00ednica<\/strong>\u201d), recopila, utiliza, divulga y protege sus datos personales cuando visita nuestro sitio web, utiliza nuestros servicios o interact\u00faa con nuestros anuncios y canales de comunicaci\u00f3n digital.<\/p>\n<p data-start=\"904\" data-end=\"1168\">Rehaira se compromete a proteger su privacidad y a garantizar que sus datos personales se gestionen de conformidad con el <strong data-start=\"1023\" data-end=\"1071\">Reglamento General de Protecci\u00f3n de Datos (RGPD) de la UE<\/strong>, la <strong data-start=\"1077\" data-end=\"1108\">Ley de Protecci\u00f3n de Datos del Reino Unido de 2018<\/strong> y la <strong data-start=\"1118\" data-end=\"1165\">Ley turca de protecci\u00f3n de datos personales (KVKK)<\/strong>.<\/p>\n<hr data-start=\"1170\" data-end=\"1173\">\n<h2 data-start=\"1175\" data-end=\"1198\">2. Datos que recopilamos<\/h2>\n<p data-start=\"1199\" data-end=\"1309\">Dependiendo de c\u00f3mo interact\u00fae con nosotros, podemos recopilar y procesar las siguientes categor\u00edas de datos personales:<\/p>\n<ul data-start=\"1311\" data-end=\"1793\">\n<li data-start=\"1311\" data-end=\"1374\">\n<p data-start=\"1313\" data-end=\"1374\"><strong data-start=\"1313\" data-end=\"1338\">Informaci\u00f3n de identidad:<\/strong> Nombre completo, fecha de nacimiento, sexo.<\/p>\n<\/li>\n<li data-start=\"1375\" data-end=\"1451\">\n<p data-start=\"1377\" data-end=\"1451\"><strong data-start=\"1377\" data-end=\"1401\">Informaci\u00f3n de contacto:<\/strong> Direcci\u00f3n de correo electr\u00f3nico, n\u00famero de tel\u00e9fono, pa\u00eds y ciudad.<\/p>\n<\/li>\n<li data-start=\"1452\" data-end=\"1602\">\n<p data-start=\"1454\" data-end=\"1602\"><strong data-start=\"1454\" data-end=\"1478\">Informaci\u00f3n m\u00e9dica:<\/strong> Estado de la ca\u00edda del cabello, detalles del an\u00e1lisis del cuero cabelludo e historial m\u00e9dico relevante (solo se procesa con su consentimiento expl\u00edcito).<\/p>\n<\/li>\n<li data-start=\"1603\" data-end=\"1693\">\n<p data-start=\"1605\" data-end=\"1693\"><strong data-start=\"1605\" data-end=\"1624\">Datos t\u00e9cnicos:<\/strong> Direcci\u00f3n IP, detalles del dispositivo, tipo de navegador, cookies y registros de uso.<\/p>\n<\/li>\n<li data-start=\"1694\" data-end=\"1793\">\n<p data-start=\"1696\" data-end=\"1793\"><strong data-start=\"1696\" data-end=\"1715\">Datos de marketing:<\/strong> Preferencias, comentarios e historial de interacci\u00f3n de nuestros anuncios o formularios en l\u00ednea.<\/p>\n<\/li>\n<\/ul>\n<hr data-start=\"1795\" data-end=\"1798\">\n<h2 data-start=\"1800\" data-end=\"1834\">3. Finalidad del tratamiento de datos<\/h2>\n<p data-start=\"1835\" data-end=\"1865\">Procesamos datos personales para:<\/p>\n<ul data-start=\"1867\" data-end=\"2153\">\n<li data-start=\"1867\" data-end=\"1930\">\n<p data-start=\"1869\" data-end=\"1930\">Proporcionar an\u00e1lisis capilares, consultas y planificaci\u00f3n m\u00e9dica,<\/p>\n<\/li>\n<li data-start=\"1931\" data-end=\"1993\">\n<p data-start=\"1933\" data-end=\"1993\">Comunicarnos con usted en relaci\u00f3n con citas y consultas,<\/p>\n<\/li>\n<li data-start=\"1994\" data-end=\"2042\">\n<p data-start=\"1996\" data-end=\"2042\">Mejorar nuestros servicios y la experiencia del paciente,<\/p>\n<\/li>\n<li data-start=\"2043\" data-end=\"2090\">\n<p data-start=\"2045\" data-end=\"2090\">Gestionar campa\u00f1as de publicidad y marketing,<\/p>\n<\/li>\n<li data-start=\"2091\" data-end=\"2153\">\n<p data-start=\"2093\" data-end=\"2153\">Cumplir con nuestras obligaciones legales y mantener los registros de los pacientes.<\/p>\n<\/li>\n<\/ul>\n<hr data-start=\"2155\" data-end=\"2158\">\n<h2 data-start=\"2160\" data-end=\"2194\">4. Base legal para el tratamiento<\/h2>\n<p data-start=\"2195\" data-end=\"2256\">Procesamos sus datos personales sobre las siguientes bases legales:<\/p>\n<ul data-start=\"2258\" data-end=\"2493\">\n<li data-start=\"2258\" data-end=\"2288\">\n<p data-start=\"2260\" data-end=\"2288\"><strong data-start=\"2260\" data-end=\"2285\">Su consentimiento expl\u00edcito<\/strong>,<\/p>\n<\/li>\n<li data-start=\"2289\" data-end=\"2366\">\n<p data-start=\"2291\" data-end=\"2366\"><strong data-start=\"2291\" data-end=\"2320\">Ejecuci\u00f3n de un contrato<\/strong> (por ejemplo, consulta o planificaci\u00f3n del tratamiento),<\/p>\n<\/li>\n<li data-start=\"2367\" data-end=\"2409\">\n<p data-start=\"2369\" data-end=\"2409\"><strong data-start=\"2369\" data-end=\"2406\">Cumplimiento de las obligaciones legales<\/strong>,<\/p>\n<\/li>\n<li data-start=\"2410\" data-end=\"2493\">\n<p data-start=\"2412\" data-end=\"2493\"><strong data-start=\"2412\" data-end=\"2436\">Intereses leg\u00edtimos<\/strong> en la mejora de la calidad del servicio y la satisfacci\u00f3n del paciente.<\/p>\n<\/li>\n<\/ul>\n<hr data-start=\"2495\" data-end=\"2498\">\n<h2 data-start=\"2500\" data-end=\"2527\">5. C\u00f3mo recopilamos datos<\/h2>\n<p data-start=\"2528\" data-end=\"2565\">Sus datos pueden ser recogidos a trav\u00e9s de:<\/p>\n<ul data-start=\"2567\" data-end=\"2842\">\n<li data-start=\"2567\" data-end=\"2643\">\n<p data-start=\"2569\" data-end=\"2643\">Formularios en l\u00ednea en nuestro sitio web (por ejemplo, an\u00e1lisis capilar gratuito o formularios de contacto),<\/p>\n<\/li>\n<li data-start=\"2644\" data-end=\"2716\">\n<p data-start=\"2646\" data-end=\"2716\">Plataformas de mensajer\u00eda (WhatsApp, Instagram, Facebook Messenger, etc.),<\/p>\n<\/li>\n<li data-start=\"2717\" data-end=\"2774\">\n<p data-start=\"2719\" data-end=\"2774\">Campa\u00f1as publicitarias (Meta, Google Ads, TikTok Ads),<\/p>\n<\/li>\n<li data-start=\"2775\" data-end=\"2842\">\n<p data-start=\"2777\" data-end=\"2842\">Correo electr\u00f3nico, tel\u00e9fono o comunicaci\u00f3n directa con nuestros representantes.<\/p>\n<\/li>\n<\/ul>\n<hr data-start=\"2844\" data-end=\"2847\">\n<h2 data-start=\"2849\" data-end=\"2897\">6. Intercambio de datos y transferencias internacionales<\/h2>\n<p data-start=\"2898\" data-end=\"3016\">Podemos compartir datos personales con socios y proveedores de servicios de confianza para los fines enumerados anteriormente. Esto incluye: <\/p>\n<ul data-start=\"3018\" data-end=\"3245\">\n<li data-start=\"3018\" data-end=\"3096\">\n<p data-start=\"3020\" data-end=\"3096\"><strong data-start=\"3020\" data-end=\"3065\">Profesionales m\u00e9dicos y cl\u00ednicas asociadas<\/strong>, para la coordinaci\u00f3n del tratamiento,<\/p>\n<\/li>\n<li data-start=\"3097\" data-end=\"3179\">\n<p data-start=\"3099\" data-end=\"3179\"><strong data-start=\"3099\" data-end=\"3144\">Proveedores de marketing digital y an\u00e1lisis<\/strong>, para optimizar el rendimiento en l\u00ednea,<\/p>\n<\/li>\n<li data-start=\"3180\" data-end=\"3245\">\n<p data-start=\"3182\" data-end=\"3245\"><strong data-start=\"3182\" data-end=\"3220\">Autoridades legales y gubernamentales<\/strong>, cuando lo exija la ley.<\/p>\n<\/li>\n<\/ul>\n<p data-start=\"3247\" data-end=\"3451\">Siempre que los datos se transfieren fuera del Espacio Econ\u00f3mico Europeo (EEE), nos aseguramos de que existan las salvaguardias adecuadas, como las <strong data-start=\"3373\" data-end=\"3412\">Cl\u00e1usulas Contractuales Est\u00e1ndar (CCE)<\/strong> aprobadas por la Comisi\u00f3n Europea.<\/p>\n<p data-start=\"3453\" data-end=\"3515\">Sus datos personales nunca se venden ni se alquilan a terceros.<\/p>\n<hr data-start=\"3517\" data-end=\"3520\">\n<h2 data-start=\"3522\" data-end=\"3563\">7. Cookies y tecnolog\u00edas de seguimiento<\/h2>\n<p data-start=\"3564\" data-end=\"3739\">Nuestro sitio web utiliza cookies para mejorar la experiencia del usuario, analizar el tr\u00e1fico y personalizar el contenido.<br data-start=\"3658\" data-end=\"3661\">Puede gestionar o desactivar las cookies a trav\u00e9s de la configuraci\u00f3n de su navegador en cualquier momento.<\/p>\n<hr data-start=\"3741\" data-end=\"3744\">\n<h2 data-start=\"3746\" data-end=\"3768\">8. Conservaci\u00f3n de datos<\/h2>\n<p data-start=\"3769\" data-end=\"3984\">Conservamos los datos personales solo durante el tiempo necesario para cumplir con los fines descritos en esta pol\u00edtica, o seg\u00fan lo exija la ley aplicable. Una vez que expiran los per\u00edodos de retenci\u00f3n, los datos se eliminar\u00e1n o anonimizar\u00e1n de forma segura. <\/p>\n<hr data-start=\"3986\" data-end=\"3989\">\n<h2 data-start=\"3991\" data-end=\"4023\">9. Sus derechos (en virtud del RGPD)<\/h2>\n<p data-start=\"4024\" data-end=\"4085\">Usted tiene los siguientes derechos con respecto a sus datos personales:<\/p>\n<ul data-start=\"4087\" data-end=\"4299\">\n<li data-start=\"4087\" data-end=\"4117\">\n<p data-start=\"4089\" data-end=\"4117\">Acceder a sus datos personales,<\/p>\n<\/li>\n<li data-start=\"4118\" data-end=\"4153\">\n<p data-start=\"4120\" data-end=\"4153\">Solicitar la correcci\u00f3n o eliminaci\u00f3n,<\/p>\n<\/li>\n<li data-start=\"4154\" data-end=\"4191\">\n<p data-start=\"4156\" data-end=\"4191\">Restringir u oponerse al procesamiento,<\/p>\n<\/li>\n<li data-start=\"4192\" data-end=\"4221\">\n<p data-start=\"4194\" data-end=\"4221\">Solicitar la portabilidad de los datos,<\/p>\n<\/li>\n<li data-start=\"4222\" data-end=\"4299\">\n<p data-start=\"4224\" data-end=\"4299\">Retirar el consentimiento en cualquier momento (sin afectar al procesamiento legal previo).<\/p>\n<\/li>\n<\/ul>\n<p data-start=\"4301\" data-end=\"4364\">Para ejercer estos derechos, p\u00f3ngase en contacto con nosotros en <strong data-start=\"4341\" data-end=\"4361\"><a class=\"decorated-link cursor-pointer\" rel=\"noopener\" data-start=\"4343\" data-end=\"4359\">info@rehaira.com<\/a><\/strong>.<\/p>\n<hr data-start=\"4366\" data-end=\"4369\">\n<h2 data-start=\"4371\" data-end=\"4393\">10. Seguridad de los datos<\/h2>\n<p data-start=\"4394\" data-end=\"4640\">Rehaira toma las medidas t\u00e9cnicas y organizativas apropiadas para salvaguardar sus datos personales contra el acceso no autorizado, la alteraci\u00f3n, la divulgaci\u00f3n o la destrucci\u00f3n.<br data-start=\"4558\" data-end=\"4561\">Todas las transferencias de datos a trav\u00e9s de nuestro sitio web est\u00e1n protegidas con <strong data-start=\"4619\" data-end=\"4637\">cifrado SSL<\/strong>.<\/p>\n<hr data-start=\"4642\" data-end=\"4645\">\n<h2 data-start=\"4647\" data-end=\"4678\">11. Actualizaciones de esta pol\u00edtica<\/h2>\n<p data-start=\"4679\" data-end=\"4942\">Es posible que actualicemos esta Pol\u00edtica de privacidad peri\u00f3dicamente para reflejar los cambios legales u operativos.<br data-start=\"4766\" data-end=\"4769\">La \u00faltima versi\u00f3n siempre estar\u00e1 disponible en <a class=\"decorated-link\" href=\"https:\/\/www.rehaira.com\" target=\"_new\" rel=\"noopener\" data-start=\"4816\" data-end=\"4858\">www.rehaira.com<\/a>.<br data-start=\"4859\" data-end=\"4862\">En caso de actualizaciones significativas, se lo notificaremos por correo electr\u00f3nico o en nuestro sitio web.<\/p>\n<hr data-start=\"4944\" data-end=\"4947\">\n<h2 data-start=\"4949\" data-end=\"4977\">12. Informaci\u00f3n de contacto<\/h2>\n<p data-start=\"4978\" data-end=\"5296\"><strong data-start=\"4978\" data-end=\"4998\">Responsable del tratamiento:<\/strong><br data-start=\"4998\" data-end=\"5001\"><strong data-start=\"5001\" data-end=\"5075\">REHA\u0130RA SA\u011eLIK TUR\u0130ZM \u0130N\u015eAAT TEKST\u0130L SANAY\u0130 VE T\u0130CARET L\u0130M\u0130TED \u015e\u0130RKET\u0130<\/strong><br data-start=\"5075\" data-end=\"5078\"><strong data-start=\"5078\" data-end=\"5093\">Nombre de la marca:<\/strong> Rehaira Hair Clinic<br data-start=\"5113\" data-end=\"5116\"><strong data-start=\"5116\" data-end=\"5126\">Correo electr\u00f3nico:<\/strong> <a class=\"decorated-link cursor-pointer\" rel=\"noopener\" data-start=\"5127\" data-end=\"5143\">info@rehaira.com<\/a><br data-start=\"5143\" data-end=\"5146\"><strong data-start=\"5146\" data-end=\"5156\">Tel\u00e9fono:<\/strong> +90 501 005 44 99<br data-start=\"5174\" data-end=\"5177\"><strong data-start=\"5177\" data-end=\"5189\">Sitio web:<\/strong> <a class=\"decorated-link\" href=\"https:\/\/www.rehaira.com\" target=\"_new\" rel=\"noopener\" data-start=\"5190\" data-end=\"5232\">www.rehaira.com<\/a><br data-start=\"5232\" data-end=\"5235\"><strong data-start=\"5235\" data-end=\"5247\">Direcci\u00f3n:<\/strong> Cihangir Mahallesi, E5 Yan yol, Londra Asfalt\u0131 Caddesi, B Blok No: 291\/1G, 34310 Avc\u0131lar\/\u0130stanbul<\/p>\n","protected":false},"excerpt":{"rendered":"<p>Su privacidad es importante. Lea c\u00f3mo recopilamos, almacenamos y protegemos sus datos personales. <\/p>\n","protected":false},"author":1,"featured_media":0,"parent":0,"menu_order":0,"comment_status":"closed","ping_status":"closed","template":"100-width.php","meta":{"_acf_changed":false,"footnotes":""},"class_list":["post-3320","page","type-page","status-publish","hentry"],"acf":[],"_links":{"self":[{"href":"https:\/\/rehaira.com\/es\/wp-json\/wp\/v2\/pages\/3320","targetHints":{"allow":["GET"]}}],"collection":[{"href":"https:\/\/rehaira.com\/es\/wp-json\/wp\/v2\/pages"}],"about":[{"href":"https:\/\/rehaira.com\/es\/wp-json\/wp\/v2\/types\/page"}],"author":[{"embeddable":true,"href":"https:\/\/rehaira.com\/es\/wp-json\/wp\/v2\/users\/1"}],"replies":[{"embeddable":true,"href":"https:\/\/rehaira.com\/es\/wp-json\/wp\/v2\/comments?post=3320"}],"version-history":[{"count":2,"href":"https:\/\/rehaira.com\/es\/wp-json\/wp\/v2\/pages\/3320\/revisions"}],"predecessor-version":[{"id":9222,"href":"https:\/\/rehaira.com\/es\/wp-json\/wp\/v2\/pages\/3320\/revisions\/9222"}],"wp:attachment":[{"href":"https:\/\/rehaira.com\/es\/wp-json\/wp\/v2\/media?parent=3320"}],"curies":[{"name":"wp","href":"https:\/\/api.w.org\/{rel}","templated":true}]}}