{"id":3456,"date":"2025-08-03T13:39:31","date_gmt":"2025-08-03T10:39:31","guid":{"rendered":"https:\/\/rehaira.com\/preguntas-frecuentes-faq\/acerca-de-los-procedimientos-de-trasplante-capilar\/"},"modified":"2025-10-03T14:26:01","modified_gmt":"2025-10-03T11:26:01","slug":"acerca-de-los-procedimientos-de-trasplante-capilar","status":"publish","type":"page","link":"https:\/\/rehaira.com\/es\/preguntas-frecuentes-faq\/acerca-de-los-procedimientos-de-trasplante-capilar\/","title":{"rendered":"Acerca de los procedimientos de trasplante capilar"},"content":{"rendered":"<div class=\"fusion-fullwidth fullwidth-box fusion-builder-row-1 fusion-flex-container has-pattern-background has-mask-background nonhundred-percent-fullwidth non-hundred-percent-height-scrolling\" style=\"--awb-border-radius-top-left:0px;--awb-border-radius-top-right:0px;--awb-border-radius-bottom-right:0px;--awb-border-radius-bottom-left:0px;--awb-flex-wrap:wrap;\" ><div class=\"fusion-builder-row fusion-row fusion-flex-align-items-flex-start fusion-flex-content-wrap\" style=\"max-width:1248px;margin-left: calc(-4% \/ 2 );margin-right: calc(-4% \/ 2 );\"><div class=\"fusion-layout-column fusion_builder_column fusion-builder-column-0 fusion_builder_column_1_1 1_1 fusion-flex-column\" style=\"--awb-bg-size:cover;--awb-width-large:100%;--awb-margin-top-large:0px;--awb-spacing-right-large:1.92%;--awb-margin-bottom-large:20px;--awb-spacing-left-large:1.92%;--awb-width-medium:100%;--awb-order-medium:0;--awb-spacing-right-medium:1.92%;--awb-spacing-left-medium:1.92%;--awb-width-small:100%;--awb-order-small:0;--awb-spacing-right-small:1.92%;--awb-spacing-left-small:1.92%;\"><div class=\"fusion-column-wrapper fusion-column-has-shadow fusion-flex-justify-content-flex-start fusion-content-layout-column\"><style type=\"text\/css\">#accordian-1 .fusion-panel:hover,#accordian-1 .fusion-panel.hover{ background-color: var(--awb-custom_color_2) } #accordian-1 .fusion-panel { border-color:var(--awb-color6); border-width:1px; background-color:var(--awb-color6); }.fusion-accordian #accordian-1 .panel-title a .fa-fusion-box:before{ font-size: 16px;width: 16px;}.fusion-accordian #accordian-1 .panel-title a .fa-fusion-box{ color: var(--awb-color5);}.fusion-accordian  #accordian-1 .panel-title a{font-size:16px;font-family:\"Lexend Deca\";font-style:normal;font-weight:300;}.fusion-accordian  #accordian-1 .panel-title a:not(:hover){}.fusion-accordian  #accordian-1 .toggle-content{font-family:var(--awb-typography4-font-family);font-weight:var(--awb-typography4-font-weight);font-style:var(--awb-typography4-font-style);}.fusion-accordian #accordian-1 .panel-title a:hover,.fusion-accordian #accordian-1 .panel-title a.hover { color: var(--awb-color3);}.fusion-faq-shortcode .fusion-accordian #accordian-1 .fusion-toggle-boxed-mode:hover .panel-title a { color: var(--awb-color3);}.fusion-accordian #accordian-1.fusion-toggle-icon-unboxed .panel-title a:hover .fa-fusion-box,.fusion-accordian #accordian-1.fusion-toggle-icon-unboxed .panel-title a.hover .fa-fusion-box { color: var(--awb-color3); }.fusion-faqs-wrapper .fusion-accordian #accordian-1 .panel-title a.active{ color: var(--awb-color3) !important;}.fusion-faqs-wrapper .fusion-accordian  #accordian-1.fusion-toggle-icon-unboxed .fusion-panel .panel-title a.active .fa-fusion-box{ color: var(--awb-color3) !important;}<\/style><div class=\"fusion-faq-shortcode\" style=\"\"><div class=\"fusion-faqs-wrapper\"><div class=\"accordian fusion-accordian\"><div class=\"panel-group  fusion-toggle-icon-unboxed\" id=\"accordian-1\"><div class=\"fusion-panel fusion-toggle-no-divider fusion-toggle-boxed-mode panel-default fusion-faq-post fusion-faq-post-4381 acerca-de-los-procedimientos-de-trasplante-capilar \"><span class=\"entry-title rich-snippet-hidden\">\u00bfQu\u00e9 es un trasplante capilar?<\/span><span class=\"vcard rich-snippet-hidden\"><span class=\"fn\"><a href=\"https:\/\/rehaira.com\/es\/author\/admin_3a81wdyw\/\" title=\"Entradas de admin\" rel=\"author\">admin<\/a><\/span><\/span><span class=\"updated rich-snippet-hidden\">2025-09-06T05:44:12+03:00<\/span><div class=\"panel-heading\"><h4 id=\"faq_1-4381\" class=\"panel-title toggle\"><a data-toggle=\"collapse\" class=\"collapsed\" data-parent=\"#accordian-1\" data-target=\"#collapse-1-4381\" href=\"#collapse-1-4381\" aria-expanded=\"false\"><div class=\"fusion-toggle-icon-wrapper\"><div class=\"fusion-toggle-icon-wrapper-main\"><div class=\"fusion-toggle-icon-wrapper-sub\"><i class=\"fa-fusion-box active-icon awb-icon-minus\" aria-hidden=\"true\"><\/i><i class=\"fa-fusion-box inactive-icon awb-icon-plus\" aria-hidden=\"true\"><\/i><\/div><\/div><\/div><div class=\"fusion-toggle-heading\">\u00bfQu\u00e9 es un trasplante capilar?<\/div><\/a><\/h4><\/div><div id=\"collapse-1-4381\" aria-labelledby=\"faq_1-4381\" class=\"panel-collapse collapse\"><div class=\"panel-body toggle-content post-content\"><p>Un trasplante capilar es un procedimiento m\u00e9dico que traslada fol\u00edculos pilosos sanos de un \u00e1rea con crecimiento fuerte, conocida como \u00e1rea donante, a \u00e1reas afectadas por adelgazamiento o calvicie. Una vez trasplantados, estos fol\u00edculos contin\u00faan creciendo de forma natural durante toda la vida. <\/p>\n<\/div><\/div><\/div><div class=\"fusion-panel fusion-toggle-no-divider fusion-toggle-boxed-mode panel-default fusion-faq-post fusion-faq-post-4398 acerca-de-los-procedimientos-de-trasplante-capilar \"><span class=\"entry-title rich-snippet-hidden\">\u00bfC\u00f3mo funciona un trasplante capilar?<\/span><span class=\"vcard rich-snippet-hidden\"><span class=\"fn\"><a href=\"https:\/\/rehaira.com\/es\/author\/admin_3a81wdyw\/\" title=\"Entradas de admin\" rel=\"author\">admin<\/a><\/span><\/span><span class=\"updated rich-snippet-hidden\">2025-09-06T05:44:40+03:00<\/span><div class=\"panel-heading\"><h4 id=\"faq_1-4398\" class=\"panel-title toggle\"><a data-toggle=\"collapse\" class=\"collapsed\" data-parent=\"#accordian-1\" data-target=\"#collapse-1-4398\" href=\"#collapse-1-4398\" aria-expanded=\"false\"><div class=\"fusion-toggle-icon-wrapper\"><div class=\"fusion-toggle-icon-wrapper-main\"><div class=\"fusion-toggle-icon-wrapper-sub\"><i class=\"fa-fusion-box active-icon awb-icon-minus\" aria-hidden=\"true\"><\/i><i class=\"fa-fusion-box inactive-icon awb-icon-plus\" aria-hidden=\"true\"><\/i><\/div><\/div><\/div><div class=\"fusion-toggle-heading\">\u00bfC\u00f3mo funciona un trasplante capilar?<\/div><\/a><\/h4><\/div><div id=\"collapse-1-4398\" aria-labelledby=\"faq_1-4398\" class=\"panel-collapse collapse\"><div class=\"panel-body toggle-content post-content\"><p>El proceso consiste en extraer fol\u00edculos pilosos individualmente de la zona donante, generalmente la parte posterior o los lados del cuero cabelludo, e implantarlos en la zona receptora. Cada fol\u00edculo se coloca para que coincida con el \u00e1ngulo, la direcci\u00f3n y la densidad naturales del cabello circundante, para obtener un resultado perfecto. <\/p>\n<\/div><\/div><\/div><div class=\"fusion-panel fusion-toggle-no-divider fusion-toggle-boxed-mode panel-default fusion-faq-post fusion-faq-post-5044 acerca-de-los-procedimientos-de-trasplante-capilar \"><span class=\"entry-title rich-snippet-hidden\">\u00bfCu\u00e1les son las diferentes t\u00e9cnicas de trasplante capilar disponibles?<\/span><span class=\"vcard rich-snippet-hidden\"><span class=\"fn\"><a href=\"https:\/\/rehaira.com\/es\/author\/admin_3a81wdyw\/\" title=\"Entradas de admin\" rel=\"author\">admin<\/a><\/span><\/span><span class=\"updated rich-snippet-hidden\">2025-09-06T05:45:15+03:00<\/span><div class=\"panel-heading\"><h4 id=\"faq_1-5044\" class=\"panel-title toggle\"><a data-toggle=\"collapse\" class=\"collapsed\" data-parent=\"#accordian-1\" data-target=\"#collapse-1-5044\" href=\"#collapse-1-5044\" aria-expanded=\"false\"><div class=\"fusion-toggle-icon-wrapper\"><div class=\"fusion-toggle-icon-wrapper-main\"><div class=\"fusion-toggle-icon-wrapper-sub\"><i class=\"fa-fusion-box active-icon awb-icon-minus\" aria-hidden=\"true\"><\/i><i class=\"fa-fusion-box inactive-icon awb-icon-plus\" aria-hidden=\"true\"><\/i><\/div><\/div><\/div><div class=\"fusion-toggle-heading\">\u00bfCu\u00e1les son las diferentes t\u00e9cnicas de trasplante capilar disponibles?<\/div><\/a><\/h4><\/div><div id=\"collapse-1-5044\" aria-labelledby=\"faq_1-5044\" class=\"panel-collapse collapse\"><div class=\"panel-body toggle-content post-content\"><p>Los principales m\u00e9todos de implantaci\u00f3n son DHI (Implantaci\u00f3n Directa de Cabello) e implantaci\u00f3n con zafiro. En ambos m\u00e9todos, la fase de extracci\u00f3n se realiza mediante FUE (Extracci\u00f3n de Unidades Foliculares). La diferencia radica en c\u00f3mo se implantan los fol\u00edculos.  <\/p>\n<\/div><\/div><\/div><div class=\"fusion-panel fusion-toggle-no-divider fusion-toggle-boxed-mode panel-default fusion-faq-post fusion-faq-post-5040 acerca-de-los-procedimientos-de-trasplante-capilar \"><span class=\"entry-title rich-snippet-hidden\">\u00bfCu\u00e1l es la diferencia entre FUE, DHI y FUE Zafiro?<\/span><span class=\"vcard rich-snippet-hidden\"><span class=\"fn\"><a href=\"https:\/\/rehaira.com\/es\/author\/admin_3a81wdyw\/\" title=\"Entradas de admin\" rel=\"author\">admin<\/a><\/span><\/span><span class=\"updated rich-snippet-hidden\">2025-09-06T05:46:10+03:00<\/span><div class=\"panel-heading\"><h4 id=\"faq_1-5040\" class=\"panel-title toggle\"><a data-toggle=\"collapse\" class=\"collapsed\" data-parent=\"#accordian-1\" data-target=\"#collapse-1-5040\" href=\"#collapse-1-5040\" aria-expanded=\"false\"><div class=\"fusion-toggle-icon-wrapper\"><div class=\"fusion-toggle-icon-wrapper-main\"><div class=\"fusion-toggle-icon-wrapper-sub\"><i class=\"fa-fusion-box active-icon awb-icon-minus\" aria-hidden=\"true\"><\/i><i class=\"fa-fusion-box inactive-icon awb-icon-plus\" aria-hidden=\"true\"><\/i><\/div><\/div><\/div><div class=\"fusion-toggle-heading\">\u00bfCu\u00e1l es la diferencia entre FUE, DHI y FUE Zafiro?<\/div><\/a><\/h4><\/div><div id=\"collapse-1-5040\" aria-labelledby=\"faq_1-5040\" class=\"panel-collapse collapse\"><div class=\"panel-body toggle-content post-content\"><p>FUE se refiere \u00fanicamente al m\u00e9todo de extracci\u00f3n, donde los fol\u00edculos se extraen uno por uno del \u00e1rea donante. DHI y Zafiro describen la etapa de implantaci\u00f3n. DHI utiliza un l\u00e1piz implantador Choi para la colocaci\u00f3n directa sin pre-apertura de canales, mientras que Zafiro utiliza instrumentos finos con punta de zafiro para abrir canales antes de la implantaci\u00f3n, lo que permite una mayor densidad en \u00e1reas calvas m\u00e1s grandes.  <\/p>\n<\/div><\/div><\/div><div class=\"fusion-panel fusion-toggle-no-divider fusion-toggle-boxed-mode panel-default fusion-faq-post fusion-faq-post-5037 acerca-de-los-procedimientos-de-trasplante-capilar \"><span class=\"entry-title rich-snippet-hidden\">\u00bfQu\u00e9 t\u00e9cnica es la m\u00e1s adecuada para m\u00ed?<\/span><span class=\"vcard rich-snippet-hidden\"><span class=\"fn\"><a href=\"https:\/\/rehaira.com\/es\/author\/admin_3a81wdyw\/\" title=\"Entradas de admin\" rel=\"author\">admin<\/a><\/span><\/span><span class=\"updated rich-snippet-hidden\">2025-09-06T05:46:35+03:00<\/span><div class=\"panel-heading\"><h4 id=\"faq_1-5037\" class=\"panel-title toggle\"><a data-toggle=\"collapse\" class=\"collapsed\" data-parent=\"#accordian-1\" data-target=\"#collapse-1-5037\" href=\"#collapse-1-5037\" aria-expanded=\"false\"><div class=\"fusion-toggle-icon-wrapper\"><div class=\"fusion-toggle-icon-wrapper-main\"><div class=\"fusion-toggle-icon-wrapper-sub\"><i class=\"fa-fusion-box active-icon awb-icon-minus\" aria-hidden=\"true\"><\/i><i class=\"fa-fusion-box inactive-icon awb-icon-plus\" aria-hidden=\"true\"><\/i><\/div><\/div><\/div><div class=\"fusion-toggle-heading\">\u00bfQu\u00e9 t\u00e9cnica es la m\u00e1s adecuada para m\u00ed?<\/div><\/a><\/h4><\/div><div id=\"collapse-1-5037\" aria-labelledby=\"faq_1-5037\" class=\"panel-collapse collapse\"><div class=\"panel-body toggle-content post-content\"><p>La elecci\u00f3n depende de su patr\u00f3n de p\u00e9rdida de cabello, la capacidad de la zona donante y los resultados deseados. La t\u00e9cnica DHI se prefiere a menudo para mejorar la densidad en zonas con cabello existente, mientras que la t\u00e9cnica Sapphire es ideal para crear una cobertura de alta densidad en zonas completamente calvas. Una consulta exhaustiva determinar\u00e1 el enfoque m\u00e1s adecuado.  <\/p>\n<\/div><\/div><\/div><div class=\"fusion-panel fusion-toggle-no-divider fusion-toggle-boxed-mode panel-default fusion-faq-post fusion-faq-post-5022 acerca-de-los-procedimientos-de-trasplante-capilar \"><span class=\"entry-title rich-snippet-hidden\">\u00bfEl m\u00e9todo de extracci\u00f3n es siempre FUE, independientemente de la t\u00e9cnica de implantaci\u00f3n?<\/span><span class=\"vcard rich-snippet-hidden\"><span class=\"fn\"><a href=\"https:\/\/rehaira.com\/es\/author\/admin_3a81wdyw\/\" title=\"Entradas de admin\" rel=\"author\">admin<\/a><\/span><\/span><span class=\"updated rich-snippet-hidden\">2025-09-06T06:01:29+03:00<\/span><div class=\"panel-heading\"><h4 id=\"faq_1-5022\" class=\"panel-title toggle\"><a data-toggle=\"collapse\" class=\"collapsed\" data-parent=\"#accordian-1\" data-target=\"#collapse-1-5022\" href=\"#collapse-1-5022\" aria-expanded=\"false\"><div class=\"fusion-toggle-icon-wrapper\"><div class=\"fusion-toggle-icon-wrapper-main\"><div class=\"fusion-toggle-icon-wrapper-sub\"><i class=\"fa-fusion-box active-icon awb-icon-minus\" aria-hidden=\"true\"><\/i><i class=\"fa-fusion-box inactive-icon awb-icon-plus\" aria-hidden=\"true\"><\/i><\/div><\/div><\/div><div class=\"fusion-toggle-heading\">\u00bfEl m\u00e9todo de extracci\u00f3n es siempre FUE, independientemente de la t\u00e9cnica de implantaci\u00f3n?<\/div><\/a><\/h4><\/div><div id=\"collapse-1-5022\" aria-labelledby=\"faq_1-5022\" class=\"panel-collapse collapse\"><div class=\"panel-body toggle-content post-content\"><p>S\u00ed. En Rehaira, todos los fol\u00edculos se extraen mediante el m\u00e9todo FUE, independientemente de si la fase de implantaci\u00f3n se realiza con DHI o Zafiro. <\/p>\n<\/div><\/div><\/div><div class=\"fusion-panel fusion-toggle-no-divider fusion-toggle-boxed-mode panel-default fusion-faq-post fusion-faq-post-5018 acerca-de-los-procedimientos-de-trasplante-capilar \"><span class=\"entry-title rich-snippet-hidden\">\u00bfC\u00f3mo se decide si utilizar DHI o Zafiro para la implantaci\u00f3n?<\/span><span class=\"vcard rich-snippet-hidden\"><span class=\"fn\"><a href=\"https:\/\/rehaira.com\/es\/author\/admin_3a81wdyw\/\" title=\"Entradas de admin\" rel=\"author\">admin<\/a><\/span><\/span><span class=\"updated rich-snippet-hidden\">2025-09-06T06:02:08+03:00<\/span><div class=\"panel-heading\"><h4 id=\"faq_1-5018\" class=\"panel-title toggle\"><a data-toggle=\"collapse\" class=\"collapsed\" data-parent=\"#accordian-1\" data-target=\"#collapse-1-5018\" href=\"#collapse-1-5018\" aria-expanded=\"false\"><div class=\"fusion-toggle-icon-wrapper\"><div class=\"fusion-toggle-icon-wrapper-main\"><div class=\"fusion-toggle-icon-wrapper-sub\"><i class=\"fa-fusion-box active-icon awb-icon-minus\" aria-hidden=\"true\"><\/i><i class=\"fa-fusion-box inactive-icon awb-icon-plus\" aria-hidden=\"true\"><\/i><\/div><\/div><\/div><div class=\"fusion-toggle-heading\">\u00bfC\u00f3mo se decide si utilizar DHI o Zafiro para la implantaci\u00f3n?<\/div><\/a><\/h4><\/div><div id=\"collapse-1-5018\" aria-labelledby=\"faq_1-5018\" class=\"panel-collapse collapse\"><div class=\"panel-body toggle-content post-content\"><p>Evaluamos el tama\u00f1o de la zona, la densidad capilar existente y el aspecto final deseado. DHI se utiliza para trabajos de precisi\u00f3n en zonas con cabello existente para evitar da\u00f1ar los fol\u00edculos nativos. Zafiro se utiliza cuando se necesita una mayor densidad y una mayor cobertura.  <\/p>\n<\/div><\/div><\/div><div class=\"fusion-panel fusion-toggle-no-divider fusion-toggle-boxed-mode panel-default fusion-faq-post fusion-faq-post-5014 acerca-de-los-procedimientos-de-trasplante-capilar \"><span class=\"entry-title rich-snippet-hidden\">\u00bfPueden las mujeres someterse a trasplantes de cabello?<\/span><span class=\"vcard rich-snippet-hidden\"><span class=\"fn\"><a href=\"https:\/\/rehaira.com\/es\/author\/admin_3a81wdyw\/\" title=\"Entradas de admin\" rel=\"author\">admin<\/a><\/span><\/span><span class=\"updated rich-snippet-hidden\">2025-09-06T06:02:36+03:00<\/span><div class=\"panel-heading\"><h4 id=\"faq_1-5014\" class=\"panel-title toggle\"><a data-toggle=\"collapse\" class=\"collapsed\" data-parent=\"#accordian-1\" data-target=\"#collapse-1-5014\" href=\"#collapse-1-5014\" aria-expanded=\"false\"><div class=\"fusion-toggle-icon-wrapper\"><div class=\"fusion-toggle-icon-wrapper-main\"><div class=\"fusion-toggle-icon-wrapper-sub\"><i class=\"fa-fusion-box active-icon awb-icon-minus\" aria-hidden=\"true\"><\/i><i class=\"fa-fusion-box inactive-icon awb-icon-plus\" aria-hidden=\"true\"><\/i><\/div><\/div><\/div><div class=\"fusion-toggle-heading\">\u00bfPueden las mujeres someterse a trasplantes de cabello?<\/div><\/a><\/h4><\/div><div id=\"collapse-1-5014\" aria-labelledby=\"faq_1-5014\" class=\"panel-collapse collapse\"><div class=\"panel-body toggle-content post-content\"><p>S\u00ed. Las mujeres pueden beneficiarse de los trasplantes de cabello, especialmente para restaurar la densidad en \u00e1reas de adelgazamiento o para remodelar la l\u00ednea del cabello. Las t\u00e9cnicas como DHI a menudo se prefieren para las pacientes para evitar el afeitado y proteger el cabello circundante.  <\/p>\n<\/div><\/div><\/div><div class=\"fusion-panel fusion-toggle-no-divider fusion-toggle-boxed-mode panel-default fusion-faq-post fusion-faq-post-5010 acerca-de-los-procedimientos-de-trasplante-capilar \"><span class=\"entry-title rich-snippet-hidden\">\u00bfSe puede realizar un trasplante capilar sin afeitar?<\/span><span class=\"vcard rich-snippet-hidden\"><span class=\"fn\"><a href=\"https:\/\/rehaira.com\/es\/author\/admin_3a81wdyw\/\" title=\"Entradas de admin\" rel=\"author\">admin<\/a><\/span><\/span><span class=\"updated rich-snippet-hidden\">2025-09-06T06:03:07+03:00<\/span><div class=\"panel-heading\"><h4 id=\"faq_1-5010\" class=\"panel-title toggle\"><a data-toggle=\"collapse\" class=\"collapsed\" data-parent=\"#accordian-1\" data-target=\"#collapse-1-5010\" href=\"#collapse-1-5010\" aria-expanded=\"false\"><div class=\"fusion-toggle-icon-wrapper\"><div class=\"fusion-toggle-icon-wrapper-main\"><div class=\"fusion-toggle-icon-wrapper-sub\"><i class=\"fa-fusion-box active-icon awb-icon-minus\" aria-hidden=\"true\"><\/i><i class=\"fa-fusion-box inactive-icon awb-icon-plus\" aria-hidden=\"true\"><\/i><\/div><\/div><\/div><div class=\"fusion-toggle-heading\">\u00bfSe puede realizar un trasplante capilar sin afeitar?<\/div><\/a><\/h4><\/div><div id=\"collapse-1-5010\" aria-labelledby=\"faq_1-5010\" class=\"panel-collapse collapse\"><div class=\"panel-body toggle-content post-content\"><p>S\u00ed, en muchos casos es posible realizar un procedimiento sin afeitado parcial o completo, particularmente con DHI. Sin embargo, la idoneidad depende del tama\u00f1o del \u00e1rea a tratar y de las caracter\u00edsticas del cabello. <\/p>\n<\/div><\/div><\/div><div class=\"fusion-panel fusion-toggle-no-divider fusion-toggle-boxed-mode panel-default fusion-faq-post fusion-faq-post-4995 acerca-de-los-procedimientos-de-trasplante-capilar \"><span class=\"entry-title rich-snippet-hidden\">\u00bfC\u00f3mo se determina la zona donante?<\/span><span class=\"vcard rich-snippet-hidden\"><span class=\"fn\"><a href=\"https:\/\/rehaira.com\/es\/author\/admin_3a81wdyw\/\" title=\"Entradas de admin\" rel=\"author\">admin<\/a><\/span><\/span><span class=\"updated rich-snippet-hidden\">2025-09-06T06:03:27+03:00<\/span><div class=\"panel-heading\"><h4 id=\"faq_1-4995\" class=\"panel-title toggle\"><a data-toggle=\"collapse\" class=\"collapsed\" data-parent=\"#accordian-1\" data-target=\"#collapse-1-4995\" href=\"#collapse-1-4995\" aria-expanded=\"false\"><div class=\"fusion-toggle-icon-wrapper\"><div class=\"fusion-toggle-icon-wrapper-main\"><div class=\"fusion-toggle-icon-wrapper-sub\"><i class=\"fa-fusion-box active-icon awb-icon-minus\" aria-hidden=\"true\"><\/i><i class=\"fa-fusion-box inactive-icon awb-icon-plus\" aria-hidden=\"true\"><\/i><\/div><\/div><\/div><div class=\"fusion-toggle-heading\">\u00bfC\u00f3mo se determina la zona donante?<\/div><\/a><\/h4><\/div><div id=\"collapse-1-4995\" aria-labelledby=\"faq_1-4995\" class=\"panel-collapse collapse\"><div class=\"panel-body toggle-content post-content\"><p>La zona donante suele estar ubicada en la parte posterior y los lados del cuero cabelludo, donde los fol\u00edculos pilosos son gen\u00e9ticamente resistentes a la ca\u00edda del cabello. Evaluamos la densidad, la fuerza y la distribuci\u00f3n del cabello en esta zona para garantizar tanto una extracci\u00f3n eficaz como un aspecto natural despu\u00e9s de la curaci\u00f3n. <\/p>\n<\/div><\/div><\/div><\/div><\/div><\/div><\/div><\/div><\/div><\/div><\/div>\n","protected":false},"excerpt":{"rendered":"<p>Informaci\u00f3n detallada sobre las t\u00e9cnicas y tecnolog\u00edas que utilizamos en Rehaira.<\/p>\n","protected":false},"author":1,"featured_media":0,"parent":3378,"menu_order":0,"comment_status":"closed","ping_status":"closed","template":"100-width.php","meta":{"_acf_changed":false,"footnotes":""},"class_list":["post-3456","page","type-page","status-publish","hentry"],"acf":[],"_links":{"self":[{"href":"https:\/\/rehaira.com\/es\/wp-json\/wp\/v2\/pages\/3456","targetHints":{"allow":["GET"]}}],"collection":[{"href":"https:\/\/rehaira.com\/es\/wp-json\/wp\/v2\/pages"}],"about":[{"href":"https:\/\/rehaira.com\/es\/wp-json\/wp\/v2\/types\/page"}],"author":[{"embeddable":true,"href":"https:\/\/rehaira.com\/es\/wp-json\/wp\/v2\/users\/1"}],"replies":[{"embeddable":true,"href":"https:\/\/rehaira.com\/es\/wp-json\/wp\/v2\/comments?post=3456"}],"version-history":[{"count":2,"href":"https:\/\/rehaira.com\/es\/wp-json\/wp\/v2\/pages\/3456\/revisions"}],"predecessor-version":[{"id":3465,"href":"https:\/\/rehaira.com\/es\/wp-json\/wp\/v2\/pages\/3456\/revisions\/3465"}],"up":[{"embeddable":true,"href":"https:\/\/rehaira.com\/es\/wp-json\/wp\/v2\/pages\/3378"}],"wp:attachment":[{"href":"https:\/\/rehaira.com\/es\/wp-json\/wp\/v2\/media?parent=3456"}],"curies":[{"name":"wp","href":"https:\/\/api.w.org\/{rel}","templated":true}]}}