{"id":3490,"date":"2025-08-03T13:59:44","date_gmt":"2025-08-03T10:59:44","guid":{"rendered":"https:\/\/rehaira.com\/preguntas-frecuentes-faq\/antes-del-tratamiento\/"},"modified":"2025-10-03T14:26:30","modified_gmt":"2025-10-03T11:26:30","slug":"antes-del-tratamiento","status":"publish","type":"page","link":"https:\/\/rehaira.com\/es\/preguntas-frecuentes-faq\/antes-del-tratamiento\/","title":{"rendered":"Antes del tratamiento"},"content":{"rendered":"<div class=\"fusion-fullwidth fullwidth-box fusion-builder-row-1 fusion-flex-container has-pattern-background has-mask-background nonhundred-percent-fullwidth non-hundred-percent-height-scrolling\" style=\"--awb-border-radius-top-left:0px;--awb-border-radius-top-right:0px;--awb-border-radius-bottom-right:0px;--awb-border-radius-bottom-left:0px;--awb-flex-wrap:wrap;\" ><div class=\"fusion-builder-row fusion-row fusion-flex-align-items-flex-start fusion-flex-content-wrap\" style=\"max-width:1248px;margin-left: calc(-4% \/ 2 );margin-right: calc(-4% \/ 2 );\"><div class=\"fusion-layout-column fusion_builder_column fusion-builder-column-0 fusion_builder_column_1_1 1_1 fusion-flex-column\" style=\"--awb-bg-size:cover;--awb-width-large:100%;--awb-margin-top-large:0px;--awb-spacing-right-large:1.92%;--awb-margin-bottom-large:20px;--awb-spacing-left-large:1.92%;--awb-width-medium:100%;--awb-order-medium:0;--awb-spacing-right-medium:1.92%;--awb-spacing-left-medium:1.92%;--awb-width-small:100%;--awb-order-small:0;--awb-spacing-right-small:1.92%;--awb-spacing-left-small:1.92%;\"><div class=\"fusion-column-wrapper fusion-column-has-shadow fusion-flex-justify-content-flex-start fusion-content-layout-column\"><style type=\"text\/css\">#accordian-1 .fusion-panel:hover,#accordian-1 .fusion-panel.hover{ background-color: var(--awb-custom_color_2) } #accordian-1 .fusion-panel { border-color:var(--awb-color6); border-width:1px; background-color:var(--awb-color6); }.fusion-accordian #accordian-1 .panel-title a .fa-fusion-box:before{ font-size: 16px;width: 16px;}.fusion-accordian #accordian-1 .panel-title a .fa-fusion-box{ color: var(--awb-color5);}.fusion-accordian  #accordian-1 .panel-title a{font-size:16px;font-family:\"Lexend Deca\";font-style:normal;font-weight:300;}.fusion-accordian  #accordian-1 .panel-title a:not(:hover){}.fusion-accordian  #accordian-1 .toggle-content{font-family:var(--awb-typography4-font-family);font-weight:var(--awb-typography4-font-weight);font-style:var(--awb-typography4-font-style);}.fusion-accordian #accordian-1 .panel-title a:hover,.fusion-accordian #accordian-1 .panel-title a.hover { color: var(--awb-color3);}.fusion-faq-shortcode .fusion-accordian #accordian-1 .fusion-toggle-boxed-mode:hover .panel-title a { color: var(--awb-color3);}.fusion-accordian #accordian-1.fusion-toggle-icon-unboxed .panel-title a:hover .fa-fusion-box,.fusion-accordian #accordian-1.fusion-toggle-icon-unboxed .panel-title a.hover .fa-fusion-box { color: var(--awb-color3); }.fusion-faqs-wrapper .fusion-accordian #accordian-1 .panel-title a.active{ color: var(--awb-color3) !important;}.fusion-faqs-wrapper .fusion-accordian  #accordian-1.fusion-toggle-icon-unboxed .fusion-panel .panel-title a.active .fa-fusion-box{ color: var(--awb-color3) !important;}<\/style><div class=\"fusion-faq-shortcode\" style=\"\"><div class=\"fusion-faqs-wrapper\"><div class=\"accordian fusion-accordian\"><div class=\"panel-group  fusion-toggle-icon-unboxed\" id=\"accordian-1\"><div class=\"fusion-panel fusion-toggle-no-divider fusion-toggle-boxed-mode panel-default fusion-faq-post fusion-faq-post-4923 antes-del-tratamiento \"><span class=\"entry-title rich-snippet-hidden\">\u00bfC\u00f3mo debo prepararme para un trasplante capilar?<\/span><span class=\"vcard rich-snippet-hidden\"><span class=\"fn\"><a href=\"https:\/\/rehaira.com\/es\/author\/admin_3a81wdyw\/\" title=\"Entradas de admin\" rel=\"author\">admin<\/a><\/span><\/span><span class=\"updated rich-snippet-hidden\">2025-09-06T06:14:57+03:00<\/span><div class=\"panel-heading\"><h4 id=\"faq_1-4923\" class=\"panel-title toggle\"><a data-toggle=\"collapse\" class=\"collapsed\" data-parent=\"#accordian-1\" data-target=\"#collapse-1-4923\" href=\"#collapse-1-4923\" aria-expanded=\"false\"><div class=\"fusion-toggle-icon-wrapper\"><div class=\"fusion-toggle-icon-wrapper-main\"><div class=\"fusion-toggle-icon-wrapper-sub\"><i class=\"fa-fusion-box active-icon awb-icon-minus\" aria-hidden=\"true\"><\/i><i class=\"fa-fusion-box inactive-icon awb-icon-plus\" aria-hidden=\"true\"><\/i><\/div><\/div><\/div><div class=\"fusion-toggle-heading\">\u00bfC\u00f3mo debo prepararme para un trasplante capilar?<\/div><\/a><\/h4><\/div><div id=\"collapse-1-4923\" aria-labelledby=\"faq_1-4923\" class=\"panel-collapse collapse\"><div class=\"panel-body toggle-content post-content\"><p>La preparaci\u00f3n implica unos pocos pasos sencillos pero importantes. Evite el alcohol, el tabaco y ciertos medicamentos seg\u00fan le indique su equipo m\u00e9dico. Aseg\u00farese de que su cuero cabelludo est\u00e9 limpio y bien descansado antes del procedimiento. Planifique su agenda para que pueda descansar durante los primeros d\u00edas despu\u00e9s del trasplante.   <\/p>\n<\/div><\/div><\/div><div class=\"fusion-panel fusion-toggle-no-divider fusion-toggle-boxed-mode panel-default fusion-faq-post fusion-faq-post-4918 antes-del-tratamiento \"><span class=\"entry-title rich-snippet-hidden\">\u00bfDebo dejar de tomar alg\u00fan medicamento antes del procedimiento?<\/span><span class=\"vcard rich-snippet-hidden\"><span class=\"fn\"><a href=\"https:\/\/rehaira.com\/es\/author\/admin_3a81wdyw\/\" title=\"Entradas de admin\" rel=\"author\">admin<\/a><\/span><\/span><span class=\"updated rich-snippet-hidden\">2025-09-06T06:15:13+03:00<\/span><div class=\"panel-heading\"><h4 id=\"faq_1-4918\" class=\"panel-title toggle\"><a data-toggle=\"collapse\" class=\"collapsed\" data-parent=\"#accordian-1\" data-target=\"#collapse-1-4918\" href=\"#collapse-1-4918\" aria-expanded=\"false\"><div class=\"fusion-toggle-icon-wrapper\"><div class=\"fusion-toggle-icon-wrapper-main\"><div class=\"fusion-toggle-icon-wrapper-sub\"><i class=\"fa-fusion-box active-icon awb-icon-minus\" aria-hidden=\"true\"><\/i><i class=\"fa-fusion-box inactive-icon awb-icon-plus\" aria-hidden=\"true\"><\/i><\/div><\/div><\/div><div class=\"fusion-toggle-heading\">\u00bfDebo dejar de tomar alg\u00fan medicamento antes del procedimiento?<\/div><\/a><\/h4><\/div><div id=\"collapse-1-4918\" aria-labelledby=\"faq_1-4918\" class=\"panel-collapse collapse\"><div class=\"panel-body toggle-content post-content\"><p>S\u00ed, algunos medicamentos pueden aumentar el sangrado o afectar a la cicatrizaci\u00f3n. Su equipo m\u00e9dico revisar\u00e1 sus recetas actuales y le indicar\u00e1 cu\u00e1les debe suspender y durante cu\u00e1nto tiempo antes del procedimiento. Siga siempre las indicaciones m\u00e9dicas profesionales antes de suspender cualquier medicamento.  <\/p>\n<\/div><\/div><\/div><div class=\"fusion-panel fusion-toggle-no-divider fusion-toggle-boxed-mode panel-default fusion-faq-post fusion-faq-post-4905 antes-del-tratamiento \"><span class=\"entry-title rich-snippet-hidden\">\u00bfPuedo someterme a un trasplante capilar si tengo alguna enfermedad?<\/span><span class=\"vcard rich-snippet-hidden\"><span class=\"fn\"><a href=\"https:\/\/rehaira.com\/es\/author\/admin_3a81wdyw\/\" title=\"Entradas de admin\" rel=\"author\">admin<\/a><\/span><\/span><span class=\"updated rich-snippet-hidden\">2025-09-06T06:15:33+03:00<\/span><div class=\"panel-heading\"><h4 id=\"faq_1-4905\" class=\"panel-title toggle\"><a data-toggle=\"collapse\" class=\"collapsed\" data-parent=\"#accordian-1\" data-target=\"#collapse-1-4905\" href=\"#collapse-1-4905\" aria-expanded=\"false\"><div class=\"fusion-toggle-icon-wrapper\"><div class=\"fusion-toggle-icon-wrapper-main\"><div class=\"fusion-toggle-icon-wrapper-sub\"><i class=\"fa-fusion-box active-icon awb-icon-minus\" aria-hidden=\"true\"><\/i><i class=\"fa-fusion-box inactive-icon awb-icon-plus\" aria-hidden=\"true\"><\/i><\/div><\/div><\/div><div class=\"fusion-toggle-heading\">\u00bfPuedo someterme a un trasplante capilar si tengo alguna enfermedad?<\/div><\/a><\/h4><\/div><div id=\"collapse-1-4905\" aria-labelledby=\"faq_1-4905\" class=\"panel-collapse collapse\"><div class=\"panel-body toggle-content post-content\"><p>En muchos casos, s\u00ed, pero depende de la enfermedad espec\u00edfica y de su control. Las personas con enfermedades cr\u00f3nicas como diabetes, afecciones card\u00edacas o trastornos autoinmunes deben someterse a una evaluaci\u00f3n m\u00e9dica para garantizar que el procedimiento sea seguro para ellas. <\/p>\n<\/div><\/div><\/div><div class=\"fusion-panel fusion-toggle-no-divider fusion-toggle-boxed-mode panel-default fusion-faq-post fusion-faq-post-4900 antes-del-tratamiento \"><span class=\"entry-title rich-snippet-hidden\">\u00bfNecesito an\u00e1lisis de sangre antes del trasplante?<\/span><span class=\"vcard rich-snippet-hidden\"><span class=\"fn\"><a href=\"https:\/\/rehaira.com\/es\/author\/admin_3a81wdyw\/\" title=\"Entradas de admin\" rel=\"author\">admin<\/a><\/span><\/span><span class=\"updated rich-snippet-hidden\">2025-09-06T06:15:53+03:00<\/span><div class=\"panel-heading\"><h4 id=\"faq_1-4900\" class=\"panel-title toggle\"><a data-toggle=\"collapse\" class=\"collapsed\" data-parent=\"#accordian-1\" data-target=\"#collapse-1-4900\" href=\"#collapse-1-4900\" aria-expanded=\"false\"><div class=\"fusion-toggle-icon-wrapper\"><div class=\"fusion-toggle-icon-wrapper-main\"><div class=\"fusion-toggle-icon-wrapper-sub\"><i class=\"fa-fusion-box active-icon awb-icon-minus\" aria-hidden=\"true\"><\/i><i class=\"fa-fusion-box inactive-icon awb-icon-plus\" aria-hidden=\"true\"><\/i><\/div><\/div><\/div><div class=\"fusion-toggle-heading\">\u00bfNecesito an\u00e1lisis de sangre antes del trasplante?<\/div><\/a><\/h4><\/div><div id=\"collapse-1-4900\" aria-labelledby=\"faq_1-4900\" class=\"panel-collapse collapse\"><div class=\"panel-body toggle-content post-content\"><p>S\u00ed, la mayor\u00eda de las cl\u00ednicas requieren an\u00e1lisis de sangre rutinarios para verificar si hay infecciones, la capacidad de coagulaci\u00f3n de la sangre y el estado de salud general. Estas pruebas ayudan a garantizar un procedimiento seguro y una recuperaci\u00f3n sin problemas. <\/p>\n<\/div><\/div><\/div><div class=\"fusion-panel fusion-toggle-no-divider fusion-toggle-boxed-mode panel-default fusion-faq-post fusion-faq-post-4897 antes-del-tratamiento \"><span class=\"entry-title rich-snippet-hidden\">\u00bfDebo cortarme o afeitarme el pelo antes del trasplante?<\/span><span class=\"vcard rich-snippet-hidden\"><span class=\"fn\"><a href=\"https:\/\/rehaira.com\/es\/author\/admin_3a81wdyw\/\" title=\"Entradas de admin\" rel=\"author\">admin<\/a><\/span><\/span><span class=\"updated rich-snippet-hidden\">2025-09-06T06:16:13+03:00<\/span><div class=\"panel-heading\"><h4 id=\"faq_1-4897\" class=\"panel-title toggle\"><a data-toggle=\"collapse\" class=\"collapsed\" data-parent=\"#accordian-1\" data-target=\"#collapse-1-4897\" href=\"#collapse-1-4897\" aria-expanded=\"false\"><div class=\"fusion-toggle-icon-wrapper\"><div class=\"fusion-toggle-icon-wrapper-main\"><div class=\"fusion-toggle-icon-wrapper-sub\"><i class=\"fa-fusion-box active-icon awb-icon-minus\" aria-hidden=\"true\"><\/i><i class=\"fa-fusion-box inactive-icon awb-icon-plus\" aria-hidden=\"true\"><\/i><\/div><\/div><\/div><div class=\"fusion-toggle-heading\">\u00bfDebo cortarme o afeitarme el pelo antes del trasplante?<\/div><\/a><\/h4><\/div><div id=\"collapse-1-4897\" aria-labelledby=\"faq_1-4897\" class=\"panel-collapse collapse\"><div class=\"panel-body toggle-content post-content\"><p>En la mayor\u00eda de los casos, la cl\u00ednica se encargar\u00e1 de cualquier recorte o afeitado necesario para el procedimiento. Para ciertas t\u00e9cnicas como la DHI, es posible que no sea necesario afeitarse en absoluto. Su equipo m\u00e9dico le dar\u00e1 instrucciones espec\u00edficas basadas en su plan de tratamiento.  <\/p>\n<\/div><\/div><\/div><div class=\"fusion-panel fusion-toggle-no-divider fusion-toggle-boxed-mode panel-default fusion-faq-post fusion-faq-post-4882 antes-del-tratamiento \"><span class=\"entry-title rich-snippet-hidden\">\u00bfPuedo utilizar un tratamiento t\u00f3pico para la ca\u00edda del cabello antes de mi trasplante capilar?<\/span><span class=\"vcard rich-snippet-hidden\"><span class=\"fn\"><a href=\"https:\/\/rehaira.com\/es\/author\/admin_3a81wdyw\/\" title=\"Entradas de admin\" rel=\"author\">admin<\/a><\/span><\/span><span class=\"updated rich-snippet-hidden\">2025-09-06T06:16:31+03:00<\/span><div class=\"panel-heading\"><h4 id=\"faq_1-4882\" class=\"panel-title toggle\"><a data-toggle=\"collapse\" class=\"collapsed\" data-parent=\"#accordian-1\" data-target=\"#collapse-1-4882\" href=\"#collapse-1-4882\" aria-expanded=\"false\"><div class=\"fusion-toggle-icon-wrapper\"><div class=\"fusion-toggle-icon-wrapper-main\"><div class=\"fusion-toggle-icon-wrapper-sub\"><i class=\"fa-fusion-box active-icon awb-icon-minus\" aria-hidden=\"true\"><\/i><i class=\"fa-fusion-box inactive-icon awb-icon-plus\" aria-hidden=\"true\"><\/i><\/div><\/div><\/div><div class=\"fusion-toggle-heading\">\u00bfPuedo utilizar un tratamiento t\u00f3pico para la ca\u00edda del cabello antes de mi trasplante capilar?<\/div><\/a><\/h4><\/div><div id=\"collapse-1-4882\" aria-labelledby=\"faq_1-4882\" class=\"panel-collapse collapse\"><div class=\"panel-body toggle-content post-content\"><p>Los tratamientos t\u00f3picos suaves suelen estar bien hasta unos d\u00edas antes de la cirug\u00eda, pero ciertos productos pueden irritar el cuero cabelludo o afectar a la cicatrizaci\u00f3n. Su equipo m\u00e9dico le indicar\u00e1 exactamente cu\u00e1ndo debe interrumpirlos antes del procedimiento. <\/p>\n<\/div><\/div><\/div><div class=\"fusion-panel fusion-toggle-no-divider fusion-toggle-boxed-mode panel-default fusion-faq-post fusion-faq-post-4879 antes-del-tratamiento \"><span class=\"entry-title rich-snippet-hidden\">\u00bfDebo comer o beber antes del procedimiento?<\/span><span class=\"vcard rich-snippet-hidden\"><span class=\"fn\"><a href=\"https:\/\/rehaira.com\/es\/author\/admin_3a81wdyw\/\" title=\"Entradas de admin\" rel=\"author\">admin<\/a><\/span><\/span><span class=\"updated rich-snippet-hidden\">2025-09-06T06:16:52+03:00<\/span><div class=\"panel-heading\"><h4 id=\"faq_1-4879\" class=\"panel-title toggle\"><a data-toggle=\"collapse\" class=\"collapsed\" data-parent=\"#accordian-1\" data-target=\"#collapse-1-4879\" href=\"#collapse-1-4879\" aria-expanded=\"false\"><div class=\"fusion-toggle-icon-wrapper\"><div class=\"fusion-toggle-icon-wrapper-main\"><div class=\"fusion-toggle-icon-wrapper-sub\"><i class=\"fa-fusion-box active-icon awb-icon-minus\" aria-hidden=\"true\"><\/i><i class=\"fa-fusion-box inactive-icon awb-icon-plus\" aria-hidden=\"true\"><\/i><\/div><\/div><\/div><div class=\"fusion-toggle-heading\">\u00bfDebo comer o beber antes del procedimiento?<\/div><\/a><\/h4><\/div><div id=\"collapse-1-4879\" aria-labelledby=\"faq_1-4879\" class=\"panel-collapse collapse\"><div class=\"panel-body toggle-content post-content\"><p>Si su trasplante se realiza con anestesia local, generalmente se recomienda una comida ligera para mantener su energ\u00eda estable. Evite las comidas muy pesadas o grasientas en la ma\u00f1ana del procedimiento. <\/p>\n<\/div><\/div><\/div><div class=\"fusion-panel fusion-toggle-no-divider fusion-toggle-boxed-mode panel-default fusion-faq-post fusion-faq-post-4874 antes-del-tratamiento \"><span class=\"entry-title rich-snippet-hidden\">\u00bfDebo evitar la cafe\u00edna antes del trasplante?<\/span><span class=\"vcard rich-snippet-hidden\"><span class=\"fn\"><a href=\"https:\/\/rehaira.com\/es\/author\/admin_3a81wdyw\/\" title=\"Entradas de admin\" rel=\"author\">admin<\/a><\/span><\/span><span class=\"updated rich-snippet-hidden\">2025-09-06T06:17:13+03:00<\/span><div class=\"panel-heading\"><h4 id=\"faq_1-4874\" class=\"panel-title toggle\"><a data-toggle=\"collapse\" class=\"collapsed\" data-parent=\"#accordian-1\" data-target=\"#collapse-1-4874\" href=\"#collapse-1-4874\" aria-expanded=\"false\"><div class=\"fusion-toggle-icon-wrapper\"><div class=\"fusion-toggle-icon-wrapper-main\"><div class=\"fusion-toggle-icon-wrapper-sub\"><i class=\"fa-fusion-box active-icon awb-icon-minus\" aria-hidden=\"true\"><\/i><i class=\"fa-fusion-box inactive-icon awb-icon-plus\" aria-hidden=\"true\"><\/i><\/div><\/div><\/div><div class=\"fusion-toggle-heading\">\u00bfDebo evitar la cafe\u00edna antes del trasplante?<\/div><\/a><\/h4><\/div><div id=\"collapse-1-4874\" aria-labelledby=\"faq_1-4874\" class=\"panel-collapse collapse\"><div class=\"panel-body toggle-content post-content\"><p>Lo mejor es limitar la cafe\u00edna el d\u00eda de su procedimiento, ya que puede aumentar la sensibilidad y afectar potencialmente al sangrado.<\/p>\n<\/div><\/div><\/div><div class=\"fusion-panel fusion-toggle-no-divider fusion-toggle-boxed-mode panel-default fusion-faq-post fusion-faq-post-4871 antes-del-tratamiento \"><span class=\"entry-title rich-snippet-hidden\">\u00bfPuedo peinarme o utilizar productos capilares antes de mi trasplante capilar?<\/span><span class=\"vcard rich-snippet-hidden\"><span class=\"fn\"><a href=\"https:\/\/rehaira.com\/es\/author\/admin_3a81wdyw\/\" title=\"Entradas de admin\" rel=\"author\">admin<\/a><\/span><\/span><span class=\"updated rich-snippet-hidden\">2025-09-06T06:17:32+03:00<\/span><div class=\"panel-heading\"><h4 id=\"faq_1-4871\" class=\"panel-title toggle\"><a data-toggle=\"collapse\" class=\"collapsed\" data-parent=\"#accordian-1\" data-target=\"#collapse-1-4871\" href=\"#collapse-1-4871\" aria-expanded=\"false\"><div class=\"fusion-toggle-icon-wrapper\"><div class=\"fusion-toggle-icon-wrapper-main\"><div class=\"fusion-toggle-icon-wrapper-sub\"><i class=\"fa-fusion-box active-icon awb-icon-minus\" aria-hidden=\"true\"><\/i><i class=\"fa-fusion-box inactive-icon awb-icon-plus\" aria-hidden=\"true\"><\/i><\/div><\/div><\/div><div class=\"fusion-toggle-heading\">\u00bfPuedo peinarme o utilizar productos capilares antes de mi trasplante capilar?<\/div><\/a><\/h4><\/div><div id=\"collapse-1-4871\" aria-labelledby=\"faq_1-4871\" class=\"panel-collapse collapse\"><div class=\"panel-body toggle-content post-content\"><p>El d\u00eda de su procedimiento, llegue con el cabello limpio y sin productos. Evite geles, aerosoles o cremas de peinado, ya que estos pueden interferir con la precisi\u00f3n quir\u00fargica. <\/p>\n<\/div><\/div><\/div><div class=\"fusion-panel fusion-toggle-no-divider fusion-toggle-boxed-mode panel-default fusion-faq-post fusion-faq-post-4857 antes-del-tratamiento \"><span class=\"entry-title rich-snippet-hidden\">\u00bfDebo organizar el transporte despu\u00e9s del procedimiento?<\/span><span class=\"vcard rich-snippet-hidden\"><span class=\"fn\"><a href=\"https:\/\/rehaira.com\/es\/author\/admin_3a81wdyw\/\" title=\"Entradas de admin\" rel=\"author\">admin<\/a><\/span><\/span><span class=\"updated rich-snippet-hidden\">2025-09-06T06:17:52+03:00<\/span><div class=\"panel-heading\"><h4 id=\"faq_1-4857\" class=\"panel-title toggle\"><a data-toggle=\"collapse\" class=\"collapsed\" data-parent=\"#accordian-1\" data-target=\"#collapse-1-4857\" href=\"#collapse-1-4857\" aria-expanded=\"false\"><div class=\"fusion-toggle-icon-wrapper\"><div class=\"fusion-toggle-icon-wrapper-main\"><div class=\"fusion-toggle-icon-wrapper-sub\"><i class=\"fa-fusion-box active-icon awb-icon-minus\" aria-hidden=\"true\"><\/i><i class=\"fa-fusion-box inactive-icon awb-icon-plus\" aria-hidden=\"true\"><\/i><\/div><\/div><\/div><div class=\"fusion-toggle-heading\">\u00bfDebo organizar el transporte despu\u00e9s del procedimiento?<\/div><\/a><\/h4><\/div><div id=\"collapse-1-4857\" aria-labelledby=\"faq_1-4857\" class=\"panel-collapse collapse\"><div class=\"panel-body toggle-content post-content\"><p>S\u00ed, incluso si se utiliza anestesia local, puede sentirse cansado o mareado despu\u00e9s. Es m\u00e1s seguro y c\u00f3modo que alguien le lleve a casa. <\/p>\n<\/div><\/div><\/div><\/div><\/div><\/div><\/div><\/div><\/div><\/div><\/div>\n","protected":false},"excerpt":{"rendered":"<p>Aprenda a prepararse para su trasplante capilar para obtener el mejor resultado posible.<\/p>\n","protected":false},"author":1,"featured_media":0,"parent":3378,"menu_order":0,"comment_status":"closed","ping_status":"closed","template":"100-width.php","meta":{"_acf_changed":false,"footnotes":""},"class_list":["post-3490","page","type-page","status-publish","hentry"],"acf":[],"_links":{"self":[{"href":"https:\/\/rehaira.com\/es\/wp-json\/wp\/v2\/pages\/3490","targetHints":{"allow":["GET"]}}],"collection":[{"href":"https:\/\/rehaira.com\/es\/wp-json\/wp\/v2\/pages"}],"about":[{"href":"https:\/\/rehaira.com\/es\/wp-json\/wp\/v2\/types\/page"}],"author":[{"embeddable":true,"href":"https:\/\/rehaira.com\/es\/wp-json\/wp\/v2\/users\/1"}],"replies":[{"embeddable":true,"href":"https:\/\/rehaira.com\/es\/wp-json\/wp\/v2\/comments?post=3490"}],"version-history":[{"count":8,"href":"https:\/\/rehaira.com\/es\/wp-json\/wp\/v2\/pages\/3490\/revisions"}],"predecessor-version":[{"id":3530,"href":"https:\/\/rehaira.com\/es\/wp-json\/wp\/v2\/pages\/3490\/revisions\/3530"}],"up":[{"embeddable":true,"href":"https:\/\/rehaira.com\/es\/wp-json\/wp\/v2\/pages\/3378"}],"wp:attachment":[{"href":"https:\/\/rehaira.com\/es\/wp-json\/wp\/v2\/media?parent=3490"}],"curies":[{"name":"wp","href":"https:\/\/api.w.org\/{rel}","templated":true}]}}