{"id":3259,"date":"2025-07-31T11:48:16","date_gmt":"2025-07-31T08:48:16","guid":{"rendered":"https:\/\/rehaira.com\/services\/"},"modified":"2026-02-24T13:00:04","modified_gmt":"2026-02-24T10:00:04","slug":"services","status":"publish","type":"page","link":"https:\/\/rehaira.com\/fr\/services\/","title":{"rendered":"Services"},"content":{"rendered":"<p><div class=\"fusion-fullwidth fullwidth-box fusion-builder-row-1 fusion-flex-container has-pattern-background has-mask-background nonhundred-percent-fullwidth non-hundred-percent-height-scrolling\" style=\"--awb-border-radius-top-left:0px;--awb-border-radius-top-right:0px;--awb-border-radius-bottom-right:0px;--awb-border-radius-bottom-left:0px;--awb-padding-top:2%;--awb-padding-bottom:2%;--awb-flex-wrap:wrap;\" ><div class=\"fusion-builder-row fusion-row fusion-flex-align-items-flex-start fusion-flex-justify-content-center fusion-flex-content-wrap\" style=\"max-width:1248px;margin-left: calc(-4% \/ 2 );margin-right: calc(-4% \/ 2 );\"><div class=\"fusion-layout-column fusion_builder_column fusion-builder-column-0 fusion_builder_column_4_5 4_5 fusion-flex-column\" style=\"--awb-bg-size:cover;--awb-width-large:80%;--awb-margin-top-large:0px;--awb-spacing-right-large:2.4%;--awb-margin-bottom-large:20px;--awb-spacing-left-large:2.4%;--awb-width-medium:80%;--awb-order-medium:0;--awb-spacing-right-medium:2.4%;--awb-spacing-left-medium:2.4%;--awb-width-small:100%;--awb-order-small:0;--awb-spacing-right-small:1.92%;--awb-spacing-left-small:1.92%;\" data-scroll-devices=\"small-visibility,medium-visibility,large-visibility\"><div class=\"fusion-column-wrapper fusion-column-has-shadow fusion-flex-justify-content-flex-start fusion-content-layout-column\"><div class=\"fusion-title title fusion-title-1 fusion-sep-none fusion-title-center fusion-title-text fusion-title-size-one\" style=\"--awb-font-size:58px;\"><h1 class=\"fusion-title-heading title-heading-center\" style=\"margin:0;font-size:1em;\"><p>Notre expertise en<\/p>\n<p>Restauration capillaire<\/p><\/h1><\/div><div class=\"fusion-separator\" style=\"align-self: center;margin-left: auto;margin-right: auto;margin-bottom:20px;width:100%;max-width:250px;\"><div class=\"fusion-separator-border sep-single sep-solid\" style=\"--awb-height:20px;--awb-amount:20px;--awb-sep-color:var(--awb-color3);border-color:var(--awb-color3);border-top-width:1px;\"><\/div><\/div><div class=\"fusion-text fusion-text-1\" style=\"--awb-content-alignment:center;\"><p>Chez Rehaira, nous proposons une gamme compl\u00e8te de solutions avanc\u00e9es de restauration capillaire adapt\u00e9es \u00e0 vos besoins individuels. Que vous souhaitiez restaurer votre ligne capillaire, red\u00e9finir votre pilosit\u00e9 faciale ou am\u00e9liorer vos sourcils, notre \u00e9quipe d&rsquo;experts est l\u00e0 pour vous guider \u00e0 chaque \u00e9tape. <\/p>\n<\/div><\/div><\/div><\/div><\/div><div class=\"fusion-fullwidth fullwidth-box fusion-builder-row-2 fusion-flex-container has-pattern-background has-mask-background hundred-percent-fullwidth non-hundred-percent-height-scrolling\" style=\"--awb-border-radius-top-left:0px;--awb-border-radius-top-right:0px;--awb-border-radius-bottom-right:0px;--awb-border-radius-bottom-left:0px;--awb-padding-top:270px;--awb-margin-bottom:-170px;--awb-background-color:var(--awb-custom_color_2);--awb-flex-wrap:wrap;\" ><div class=\"fusion-builder-row fusion-row fusion-flex-align-items-flex-start fusion-flex-content-wrap\" style=\"width:104% !important;max-width:104% !important;margin-left: calc(-4% \/ 2 );margin-right: calc(-4% \/ 2 );\"><\/div><\/div><div class=\"fusion-fullwidth fullwidth-box fusion-builder-row-3 fusion-flex-container has-pattern-background has-mask-background nonhundred-percent-fullwidth non-hundred-percent-height-scrolling\" style=\"--awb-border-radius-top-left:0px;--awb-border-radius-top-right:0px;--awb-border-radius-bottom-right:0px;--awb-border-radius-bottom-left:0px;--awb-padding-bottom:30px;--awb-flex-wrap:wrap;\" ><div class=\"fusion-builder-row fusion-row fusion-flex-align-items-stretch fusion-flex-content-wrap\" style=\"max-width:1248px;margin-left: calc(-4% \/ 2 );margin-right: calc(-4% \/ 2 );\"><div class=\"fusion-layout-column fusion_builder_column fusion-builder-column-1 fusion_builder_column_1_1 1_1 fusion-flex-column\" style=\"--awb-padding-top:-5px;--awb-overflow:hidden;--awb-bg-color:var(--awb-color6);--awb-bg-color-hover:var(--awb-color6);--awb-bg-size:cover;--awb-border-radius:12px 12px 12px 12px;--awb-width-large:100%;--awb-margin-top-large:0px;--awb-spacing-right-large:1.92%;--awb-margin-bottom-large:20px;--awb-spacing-left-large:1.92%;--awb-width-medium:100%;--awb-order-medium:0;--awb-spacing-right-medium:1.92%;--awb-spacing-left-medium:1.92%;--awb-width-small:100%;--awb-order-small:0;--awb-spacing-right-small:1.92%;--awb-spacing-left-small:1.92%;\" data-scroll-devices=\"small-visibility,medium-visibility,large-visibility\"><div class=\"fusion-column-wrapper fusion-column-has-shadow fusion-flex-justify-content-flex-start fusion-content-layout-column\"><div class=\"fusion-tabs fusion-tabs-1 classic nav-is-justified services-tabs-icon horizontal-tabs icon-position-top mobile-mode-carousel mobile-sticky-tabs\" style=\"--icon-color:var(--awb-color3);--icon-active-color:var(--awb-color3);--awb-title-border-radius-top-left:8px;--awb-title-border-radius-top-right:8px;--awb-title-border-radius-bottom-right:8px;--awb-title-border-radius-bottom-left:8px;--awb-title-padding-right:15px;--awb-title-padding-left:15px;--awb-title-font-size:17px;--awb-alignment:center;--awb-inactive-color:var(--awb-color8);--awb-title-text-color:var(--awb-custom_color_1);--awb-title-active-text-color:var(--awb-custom_color_1);--awb-background-color:var(--awb-color6);--awb-border-color:rgba(28,31,41,0);--awb-active-border-color:rgba(28,31,41,0);\"><div class=\"nav\"><ul class=\"nav-tabs nav-justified\" role=\"tablist\"><li class=\"active\" role=\"presentation\"><a class=\"tab-link\" data-toggle=\"tab\" role=\"tab\" aria-controls=\"tab-44bcd4fdb0a98158634\" aria-selected=\"true\" id=\"fusion-tab-greffedecheveuxdhi\" href=\"#tab-44bcd4fdb0a98158634\"><h2 class=\"fusion-tab-heading\"><i class=\"fontawesome-icon hticon-dhi1\" aria-hidden=\"true\" style=\"font-size:36px;\"><\/i>Greffe de cheveux DHI<\/h2><\/a><\/li><li role=\"presentation\"><a class=\"tab-link\" data-toggle=\"tab\" role=\"tab\" aria-controls=\"tab-ee1da00a40f87bd6a00\" aria-selected=\"false\" tabindex=\"-1\" id=\"fusion-tab-greffedecheveuxfuesaphir\" href=\"#tab-ee1da00a40f87bd6a00\"><h2 class=\"fusion-tab-heading\"><i class=\"fontawesome-icon hticon-sapphire\" aria-hidden=\"true\" style=\"font-size:36px;\"><\/i>Greffe de cheveux FUE Saphir<\/h2><\/a><\/li><li role=\"presentation\"><a class=\"tab-link\" data-toggle=\"tab\" role=\"tab\" aria-controls=\"tab-098d1300235d637b2cb\" aria-selected=\"false\" tabindex=\"-1\" id=\"fusion-tab-greffedecheveuxpourfemmes\" href=\"#tab-098d1300235d637b2cb\"><h2 class=\"fusion-tab-heading\"><i class=\"fontawesome-icon hticon-women\" aria-hidden=\"true\" style=\"font-size:36px;\"><\/i>Greffe de cheveux pour femmes<\/h2><\/a><\/li><li role=\"presentation\"><a class=\"tab-link\" data-toggle=\"tab\" role=\"tab\" aria-controls=\"tab-5c6a745f3f44a920ac3\" aria-selected=\"false\" tabindex=\"-1\" id=\"fusion-tab-greffedesourcils\" href=\"#tab-5c6a745f3f44a920ac3\"><h2 class=\"fusion-tab-heading\"><i class=\"fontawesome-icon hticon-eyebrow\" aria-hidden=\"true\" style=\"font-size:36px;\"><\/i>Greffe de sourcils<\/h2><\/a><\/li><li role=\"presentation\"><a class=\"tab-link\" data-toggle=\"tab\" role=\"tab\" aria-controls=\"tab-44f311905bc8d89abf6\" aria-selected=\"false\" tabindex=\"-1\" id=\"fusion-tab-greffedebarbeetmoustache\" href=\"#tab-44f311905bc8d89abf6\"><h2 class=\"fusion-tab-heading\"><i class=\"fontawesome-icon hticon-beard\" aria-hidden=\"true\" style=\"font-size:36px;\"><\/i>Greffe de barbe et moustache<\/h2><\/a><\/li><\/ul><\/div><div class=\"tab-content\"><div class=\"tab-pane fade fusion-clearfix in active\" role=\"tabpanel\" tabindex=\"0\" aria-labelledby=\"fusion-tab-greffedecheveuxdhi\" id=\"tab-44bcd4fdb0a98158634\">\n<h4 data-start=\"316\" data-end=\"358\">Pr\u00e9cision maximale, aucun rasage requis<\/h4>\n<ul data-start=\"360\" data-end=\"893\">\n<li data-start=\"360\" data-end=\"559\">\n<p data-start=\"362\" data-end=\"559\"><strong data-start=\"362\" data-end=\"377\">Qu&rsquo;est-ce que c&rsquo;est ?<\/strong><br data-start=\"377\" data-end=\"380\">L&rsquo;Implantation Directe de Cheveux (DHI) est une technique o\u00f9 les follicules pileux sont plac\u00e9s directement \u00e0 l&rsquo;aide d&rsquo;un stylo implanteur sp\u00e9cialis\u00e9, sans n\u00e9cessit\u00e9 d&rsquo;ouvrir pr\u00e9alablement les canaux receveurs.<\/p>\n<\/li>\n<li data-start=\"561\" data-end=\"714\">\n<p data-start=\"563\" data-end=\"714\"><strong data-start=\"563\" data-end=\"581\">\u00c0 qui s&rsquo;adresse-t-elle ?<\/strong><br data-start=\"581\" data-end=\"584\">Id\u00e9ale pour ceux qui recherchent une conception de ligne capillaire plus raffin\u00e9e ou pour ceux qui pr\u00e9f\u00e8rent ne pas raser leurs cheveux avant la proc\u00e9dure.<\/p>\n<\/li>\n<li data-start=\"716\" data-end=\"893\">\n<p data-start=\"718\" data-end=\"893\"><strong data-start=\"718\" data-end=\"748\">Pourquoi choisir la DHI chez Rehaira ?<\/strong><br data-start=\"748\" data-end=\"751\">La DHI chez Rehaira est r\u00e9alis\u00e9e par une \u00e9quipe hautement exp\u00e9riment\u00e9e qui garantit une direction naturelle, une densit\u00e9 \u00e9quilibr\u00e9e et une conception de ligne capillaire personnalis\u00e9e.<\/p>\n<\/li>\n<\/ul>\n<div class=\"fusion-alignright\"><a class=\"fusion-button button-flat fusion-button-default-size button-custom fusion-button-default button-1 fusion-button-default-span fusion-button-default-type awb-b-icon-pos-right\" style=\"--button_accent_color:var(--awb-custom_color_1);--button_accent_hover_color:var(--awb-color3);--button_border_hover_color:var(--awb-color8);--button_gradient_top_color:var(--awb-color6);--button_gradient_bottom_color:var(--awb-color6);--button_gradient_top_color_hover:var(--awb-color6);--button_gradient_bottom_color_hover:var(--awb-color6);--button_margin-top:20px;\" target=\"_self\" data-hover=\"icon_position\" href=\"https:\/\/rehaira.com\/es\/service\/trasplante-capilar-dhi\/\"><span class=\"fusion-button-text awb-button__text awb-button__text--default\">En savoir plus sur la greffe de cheveux DHI<\/span><i class=\"hticon-arrow-right awb-button__icon awb-button__icon--default button-icon-right\" aria-hidden=\"true\"><\/i><i class=\"hticon-arrow-right awb-button__icon awb-button__icon--default button-icon-right\" aria-hidden=\"true\"><\/i><\/a><\/div><\/div><div class=\"tab-pane fade fusion-clearfix\" role=\"tabpanel\" tabindex=\"0\" aria-labelledby=\"fusion-tab-greffedecheveuxfuesaphir\" id=\"tab-ee1da00a40f87bd6a00\">\n<h4 data-start=\"939\" data-end=\"987\">R\u00e9sultats haute densit\u00e9 avec pr\u00e9cision saphir<\/h4>\n<ul data-start=\"989\" data-end=\"1436\">\n<li data-start=\"989\" data-end=\"1154\">\n<p data-start=\"991\" data-end=\"1154\"><strong data-start=\"991\" data-end=\"1006\">Qu&rsquo;est-ce que c&rsquo;est ?<\/strong><br data-start=\"1006\" data-end=\"1009\">La FUE Saphir est une m\u00e9thode moderne de greffe de cheveux o\u00f9 des micro-incisions sont cr\u00e9\u00e9es \u00e0 l&rsquo;aide d&rsquo;instruments \u00e0 pointe saphir pour un placement plus d\u00e9fini.<\/p>\n<\/li>\n<li data-start=\"1156\" data-end=\"1281\">\n<p data-start=\"1158\" data-end=\"1281\"><strong data-start=\"1158\" data-end=\"1176\">\u00c0 qui s&rsquo;adresse-t-elle ?<\/strong><br data-start=\"1176\" data-end=\"1179\">Particuli\u00e8rement adapt\u00e9e aux personnes souhaitant restaurer une couverture plus compl\u00e8te avec des r\u00e9sultats lisses et uniformes.<\/p>\n<\/li>\n<li data-start=\"1283\" data-end=\"1436\">\n<p data-start=\"1285\" data-end=\"1436\"><strong data-start=\"1285\" data-end=\"1301\">Pourquoi Rehaira ?<\/strong><br data-start=\"1301\" data-end=\"1304\">Notre \u00e9quipe utilise la technologie saphir pour offrir un contr\u00f4le am\u00e9lior\u00e9, un placement raffin\u00e9 et un processus de r\u00e9cup\u00e9ration plus rapide et plus confortable.<\/p>\n<\/li>\n<\/ul>\n<div class=\"fusion-alignright\"><a class=\"fusion-button button-flat fusion-button-default-size button-custom fusion-button-default button-2 fusion-button-default-span fusion-button-default-type awb-b-icon-pos-right\" style=\"--button_accent_color:var(--awb-custom_color_1);--button_accent_hover_color:var(--awb-color3);--button_border_hover_color:var(--awb-color8);--button_gradient_top_color:var(--awb-color6);--button_gradient_bottom_color:var(--awb-color6);--button_gradient_top_color_hover:var(--awb-color6);--button_gradient_bottom_color_hover:var(--awb-color6);--button_margin-top:20px;\" target=\"_self\" data-hover=\"icon_position\" href=\"https:\/\/rehaira.com\/es\/service\/trasplante-capilar-fue-zafiro\/\"><span class=\"fusion-button-text awb-button__text awb-button__text--default\">D\u00e9couvrez la greffe de cheveux FUE Saphir<\/span><i class=\"hticon-arrow-right awb-button__icon awb-button__icon--default button-icon-right\" aria-hidden=\"true\"><\/i><i class=\"hticon-arrow-right awb-button__icon awb-button__icon--default button-icon-right\" aria-hidden=\"true\"><\/i><\/a><\/div><\/div><div class=\"tab-pane fade fusion-clearfix\" role=\"tabpanel\" tabindex=\"0\" aria-labelledby=\"fusion-tab-greffedecheveuxpourfemmes\" id=\"tab-098d1300235d637b2cb\">\n<h4 data-start=\"1476\" data-end=\"1519\">Confiance gr\u00e2ce \u00e0 une restauration sur mesure<\/h4>\n<ul data-start=\"1521\" data-end=\"1973\">\n<li data-start=\"1521\" data-end=\"1680\">\n<p data-start=\"1523\" data-end=\"1680\"><strong data-start=\"1523\" data-end=\"1538\">Qu&rsquo;est-ce que c&rsquo;est ?<\/strong><br data-start=\"1538\" data-end=\"1541\">Nos proc\u00e9dures sont soigneusement con\u00e7ues pour r\u00e9pondre aux besoins uniques de restauration capillaire chez les femmes, en se concentrant sur l&rsquo;am\u00e9lioration du volume et le flux naturel.<\/p>\n<\/li>\n<li data-start=\"1682\" data-end=\"1818\">\n<p data-start=\"1684\" data-end=\"1818\"><strong data-start=\"1684\" data-end=\"1702\">\u00c0 qui s&rsquo;adresse-t-elle ?<\/strong><br data-start=\"1702\" data-end=\"1705\">Femmes recherchant une apparence capillaire plus fournie ou des lignes capillaires plus d\u00e9finies sans rasage ni signes visibles de traitement.<\/p>\n<\/li>\n<li data-start=\"1820\" data-end=\"1973\">\n<p data-start=\"1822\" data-end=\"1973\"><strong data-start=\"1822\" data-end=\"1838\">Pourquoi Rehaira ?<\/strong><br data-start=\"1838\" data-end=\"1841\">Notre approche est discr\u00e8te, ax\u00e9e sur l&rsquo;esth\u00e9tique et personnalis\u00e9e avec soin et pr\u00e9cision par une \u00e9quipe exp\u00e9riment\u00e9e dans les mod\u00e8les capillaires f\u00e9minins.<\/p>\n<\/li>\n<\/ul>\n<div class=\"fusion-alignright\"><a class=\"fusion-button button-flat fusion-button-default-size button-custom fusion-button-default button-3 fusion-button-default-span fusion-button-default-type awb-b-icon-pos-right\" style=\"--button_accent_color:var(--awb-custom_color_1);--button_accent_hover_color:var(--awb-color3);--button_border_hover_color:var(--awb-color8);--button_gradient_top_color:var(--awb-color6);--button_gradient_bottom_color:var(--awb-color6);--button_gradient_top_color_hover:var(--awb-color6);--button_gradient_bottom_color_hover:var(--awb-color6);--button_margin-top:20px;\" target=\"_self\" data-hover=\"icon_position\" href=\"https:\/\/rehaira.com\/es\/service\/trasplante-capilar-femenino\/\"><span class=\"fusion-button-text awb-button__text awb-button__text--default\">D\u00e9couvrez les solutions de greffe de cheveux f\u00e9minine<\/span><i class=\"hticon-arrow-right awb-button__icon awb-button__icon--default button-icon-right\" aria-hidden=\"true\"><\/i><i class=\"hticon-arrow-right awb-button__icon awb-button__icon--default button-icon-right\" aria-hidden=\"true\"><\/i><\/a><\/div><\/div><div class=\"tab-pane fade fusion-clearfix\" role=\"tabpanel\" tabindex=\"0\" aria-labelledby=\"fusion-tab-greffedesourcils\" id=\"tab-5c6a745f3f44a920ac3\">\n<h4 data-start=\"2009\" data-end=\"2060\">Red\u00e9finir votre expression avec harmonie naturelle<\/h4>\n<ul data-start=\"2062\" data-end=\"2440\">\n<li data-start=\"2062\" data-end=\"2212\">\n<p data-start=\"2064\" data-end=\"2212\"><strong data-start=\"2064\" data-end=\"2079\">Qu&rsquo;est-ce que c&rsquo;est ?<\/strong><br data-start=\"2079\" data-end=\"2082\">Les greffes de sourcils impliquent le placement minutieux de follicules pileux pour cr\u00e9er des sourcils plus fournis et bien form\u00e9s qui s&rsquo;harmonisent avec vos traits du visage.<\/p>\n<\/li>\n<li data-start=\"2214\" data-end=\"2316\">\n<p data-start=\"2216\" data-end=\"2316\"><strong data-start=\"2216\" data-end=\"2234\">\u00c0 qui s&rsquo;adresse-t-elle ?<\/strong><br data-start=\"2234\" data-end=\"2237\">Toute personne souhaitant am\u00e9liorer ses sourcils pour un look plus d\u00e9fini et expressif.<\/p>\n<\/li>\n<li data-start=\"2318\" data-end=\"2440\">\n<p data-start=\"2320\" data-end=\"2440\"><strong data-start=\"2320\" data-end=\"2336\">Pourquoi Rehaira ?<\/strong><br data-start=\"2336\" data-end=\"2339\">Notre \u00e9quipe con\u00e7oit chaque forme de sourcil avec sym\u00e9trie et subtilit\u00e9, obtenant des r\u00e9sultats magnifiquement naturels.<\/p>\n<\/li>\n<\/ul>\n<div class=\"fusion-alignright\"><a class=\"fusion-button button-flat fusion-button-default-size button-custom fusion-button-default button-4 fusion-button-default-span fusion-button-default-type awb-b-icon-pos-right\" style=\"--button_accent_color:var(--awb-custom_color_1);--button_accent_hover_color:var(--awb-color3);--button_border_hover_color:var(--awb-color8);--button_gradient_top_color:var(--awb-color6);--button_gradient_bottom_color:var(--awb-color6);--button_gradient_top_color_hover:var(--awb-color6);--button_gradient_bottom_color_hover:var(--awb-color6);--button_margin-top:20px;\" target=\"_self\" data-hover=\"icon_position\" href=\"https:\/\/rehaira.com\/es\/service\/trasplante-de-cejas\/\"><span class=\"fusion-button-text awb-button__text awb-button__text--default\">D\u00e9couvrez comment fonctionne la greffe de sourcils<\/span><i class=\"hticon-arrow-right awb-button__icon awb-button__icon--default button-icon-right\" aria-hidden=\"true\"><\/i><i class=\"hticon-arrow-right awb-button__icon awb-button__icon--default button-icon-right\" aria-hidden=\"true\"><\/i><\/a><\/div><\/div><div class=\"tab-pane fade fusion-clearfix\" role=\"tabpanel\" tabindex=\"0\" aria-labelledby=\"fusion-tab-greffedebarbeetmoustache\" id=\"tab-44f311905bc8d89abf6\">\n<h4 data-start=\"2485\" data-end=\"2514\">Fa\u00e7onnez votre look signature<\/h4>\n<ul data-start=\"2516\" data-end=\"2941\">\n<li data-start=\"2516\" data-end=\"2672\">\n<p data-start=\"2518\" data-end=\"2672\"><strong data-start=\"2518\" data-end=\"2533\">Qu&rsquo;est-ce que c&rsquo;est ?<\/strong><br data-start=\"2533\" data-end=\"2536\">Cette proc\u00e9dure am\u00e9liore ou cr\u00e9e une barbe et une moustache compl\u00e8tes et \u00e9quilibr\u00e9es en pla\u00e7ant des follicules pileux dans les zones o\u00f9 la d\u00e9finition est souhait\u00e9e.<\/p>\n<\/li>\n<li data-start=\"2674\" data-end=\"2792\">\n<p data-start=\"2676\" data-end=\"2792\"><strong data-start=\"2676\" data-end=\"2694\">\u00c0 qui s&rsquo;adresse-t-elle ?<\/strong><br data-start=\"2694\" data-end=\"2697\">Hommes souhaitant am\u00e9liorer l&rsquo;encadrement facial, que ce soit pour combler des zones clairsem\u00e9es ou concevoir un nouveau style.<\/p>\n<\/li>\n<li data-start=\"2794\" data-end=\"2941\">\n<p data-start=\"2796\" data-end=\"2941\"><strong data-start=\"2796\" data-end=\"2812\">Pourquoi Rehaira ?<\/strong><br data-start=\"2812\" data-end=\"2815\">Nous combinons planification artistique et expertise technique pour offrir des r\u00e9sultats masculins et authentiques qui compl\u00e8tent vos traits.<\/p>\n<\/li>\n<\/ul>\n<div class=\"fusion-alignright\"><a class=\"fusion-button button-flat fusion-button-default-size button-custom fusion-button-default button-5 fusion-button-default-span fusion-button-default-type awb-b-icon-pos-right\" style=\"--button_accent_color:var(--awb-custom_color_1);--button_accent_hover_color:var(--awb-color3);--button_border_hover_color:var(--awb-color8);--button_gradient_top_color:var(--awb-color6);--button_gradient_bottom_color:var(--awb-color6);--button_gradient_top_color_hover:var(--awb-color6);--button_gradient_bottom_color_hover:var(--awb-color6);--button_margin-top:20px;\" target=\"_self\" data-hover=\"icon_position\" href=\"https:\/\/rehaira.com\/es\/service\/trasplante-de-barba-y-bigote\/\"><span class=\"fusion-button-text awb-button__text awb-button__text--default\">En savoir plus sur la greffe de barbe et moustache<\/span><i class=\"hticon-arrow-right awb-button__icon awb-button__icon--default button-icon-right\" aria-hidden=\"true\"><\/i><i class=\"hticon-arrow-right awb-button__icon awb-button__icon--default button-icon-right\" aria-hidden=\"true\"><\/i><\/a><\/div><\/div><\/div><\/div><\/div><\/div><\/div><\/div><div class=\"fusion-fullwidth fullwidth-box fusion-builder-row-4 fusion-flex-container has-pattern-background has-mask-background nonhundred-percent-fullwidth non-hundred-percent-height-scrolling\" style=\"--awb-border-radius-top-left:0px;--awb-border-radius-top-right:0px;--awb-border-radius-bottom-right:0px;--awb-border-radius-bottom-left:0px;--awb-flex-wrap:wrap;\" ><div class=\"fusion-builder-row fusion-row fusion-flex-align-items-flex-start fusion-flex-content-wrap\" style=\"max-width:1248px;margin-left: calc(-4% \/ 2 );margin-right: calc(-4% \/ 2 );\"><div class=\"fusion-layout-column fusion_builder_column fusion-builder-column-2 fusion_builder_column_1_1 1_1 fusion-flex-column\" style=\"--awb-bg-size:cover;--awb-width-large:100%;--awb-margin-top-large:20px;--awb-spacing-right-large:1.92%;--awb-margin-bottom-large:20px;--awb-spacing-left-large:1.92%;--awb-width-medium:100%;--awb-order-medium:0;--awb-spacing-right-medium:1.92%;--awb-spacing-left-medium:1.92%;--awb-width-small:100%;--awb-order-small:0;--awb-spacing-right-small:1.92%;--awb-spacing-left-small:1.92%;\" data-scroll-devices=\"small-visibility,medium-visibility,large-visibility\"><div class=\"fusion-column-wrapper fusion-column-has-shadow fusion-flex-justify-content-flex-start fusion-content-layout-column\"><div class=\"fusion-title title fusion-title-2 fusion-sep-none fusion-title-center fusion-title-text fusion-title-size-three\"><h3 class=\"fusion-title-heading title-heading-center\" style=\"margin:0;\">Besoin d&rsquo;une solution personnalis\u00e9e ?<\/h3><\/div><\/div><\/div><\/div><\/div><div class=\"fusion-fullwidth fullwidth-box fusion-builder-row-5 fusion-flex-container has-pattern-background has-mask-background nonhundred-percent-fullwidth non-hundred-percent-height-scrolling\" style=\"--awb-border-sizes-top:8px;--awb-border-color:hsla(var(--awb-color5-h),var(--awb-color5-s),var(--awb-color5-l),calc(var(--awb-color5-a) - 50%));--awb-border-radius-top-left:0px;--awb-border-radius-top-right:0px;--awb-border-radius-bottom-right:0px;--awb-border-radius-bottom-left:0px;--awb-padding-top:80px;--awb-padding-bottom:80px;--awb-padding-bottom-small:80px;--awb-margin-bottom:0px;--awb-margin-bottom-medium:0px;--awb-margin-bottom-small:0px;--awb-background-color:var(--awb-color6);--awb-flex-wrap:wrap;\" ><div class=\"fusion-builder-row fusion-row fusion-flex-align-items-flex-start fusion-flex-content-wrap\" style=\"max-width:1248px;margin-left: calc(-4% \/ 2 );margin-right: calc(-4% \/ 2 );\"><div class=\"fusion-layout-column fusion_builder_column fusion-builder-column-3 fusion_builder_column_1_1 1_1 fusion-flex-column\" style=\"--awb-padding-bottom-small:0px;--awb-bg-size:cover;--awb-width-large:100%;--awb-margin-top-large:0px;--awb-spacing-right-large:1.92%;--awb-margin-bottom-large:20px;--awb-spacing-left-large:1.92%;--awb-width-medium:100%;--awb-order-medium:0;--awb-spacing-right-medium:1.92%;--awb-spacing-left-medium:1.92%;--awb-width-small:100%;--awb-order-small:0;--awb-spacing-right-small:1.92%;--awb-margin-bottom-small:0px;--awb-spacing-left-small:1.92%;\" data-scroll-devices=\"small-visibility,medium-visibility,large-visibility\"><div class=\"fusion-column-wrapper fusion-column-has-shadow fusion-flex-justify-content-flex-start fusion-content-layout-column\"><div class=\"fusion-title title fusion-title-3 fusion-sep-none fusion-title-center fusion-title-text fusion-title-size-two\"><h2 class=\"fusion-title-heading title-heading-center\" style=\"margin:0;\">Obtenez votre consultation en ligne gratuite<\/h2><\/div><div class=\"fusion-separator\" style=\"align-self: center;margin-left: auto;margin-right: auto;margin-bottom:0px;width:100%;max-width:350px;\"><div class=\"fusion-separator-border sep-single sep-solid\" style=\"--awb-height:20px;--awb-amount:20px;--awb-sep-color:hsla(var(--awb-color5-h),var(--awb-color5-s),var(--awb-color5-l),calc(var(--awb-color5-a) - 70%));border-color:hsla(var(--awb-color5-h),var(--awb-color5-s),var(--awb-color5-l),calc(var(--awb-color5-a) - 70%));border-top-width:1px;\"><\/div><\/div><div class=\"fusion-text fusion-text-2\" style=\"--awb-content-alignment:center;--awb-margin-top:30px;\"><p>Recevez une recommandation de traitement ou de soins personnalis\u00e9e de notre m\u00e9decin en fonction de votre \u00e9tat capillaire, en seulement 10 minutes.<\/p>\n<p>Sans engagement <span style=\"color: #c8b3a7;\">\u2022<\/span> S\u00e9curis\u00e9 et confidentiel <span style=\"color: #c8b3a7;\">\u2022<\/span> Adapt\u00e9 \u00e0 vos besoins<\/p>\n<\/div><div style=\"text-align:center;\"><a class=\"fusion-button button-flat fusion-button-default-size button-default fusion-button-default button-6 fusion-button-default-span fusion-button-default-type\" style=\"--button_margin-top:30px;\" target=\"_self\" href=\"https:\/\/rehaira.com\/fr\/free-hair-analysis\/\"><span class=\"fusion-button-text awb-button__text awb-button__text--default\">Commencer mon analyse gratuite<\/span><\/a><\/div><\/div><\/div><\/div><\/div>\n<\/p>\n","protected":false},"excerpt":{"rendered":"<p>D\u00e9couvrez la gamme compl\u00e8te de services de restauration capillaire que nous proposons pour les hommes et les femmes.<\/p>\n","protected":false},"author":1,"featured_media":0,"parent":0,"menu_order":0,"comment_status":"closed","ping_status":"closed","template":"100-width.php","meta":{"_acf_changed":false,"footnotes":""},"class_list":["post-3259","page","type-page","status-publish","hentry"],"acf":[],"_links":{"self":[{"href":"https:\/\/rehaira.com\/fr\/wp-json\/wp\/v2\/pages\/3259","targetHints":{"allow":["GET"]}}],"collection":[{"href":"https:\/\/rehaira.com\/fr\/wp-json\/wp\/v2\/pages"}],"about":[{"href":"https:\/\/rehaira.com\/fr\/wp-json\/wp\/v2\/types\/page"}],"author":[{"embeddable":true,"href":"https:\/\/rehaira.com\/fr\/wp-json\/wp\/v2\/users\/1"}],"replies":[{"embeddable":true,"href":"https:\/\/rehaira.com\/fr\/wp-json\/wp\/v2\/comments?post=3259"}],"version-history":[{"count":14,"href":"https:\/\/rehaira.com\/fr\/wp-json\/wp\/v2\/pages\/3259\/revisions"}],"predecessor-version":[{"id":11667,"href":"https:\/\/rehaira.com\/fr\/wp-json\/wp\/v2\/pages\/3259\/revisions\/11667"}],"wp:attachment":[{"href":"https:\/\/rehaira.com\/fr\/wp-json\/wp\/v2\/media?parent=3259"}],"curies":[{"name":"wp","href":"https:\/\/api.w.org\/{rel}","templated":true}]}}