{"id":3317,"date":"2025-08-02T20:50:10","date_gmt":"2025-08-02T17:50:10","guid":{"rendered":"https:\/\/rehaira.com\/politique-de-confidentialite\/"},"modified":"2025-11-01T11:41:11","modified_gmt":"2025-11-01T08:41:11","slug":"politique-de-confidentialite","status":"publish","type":"page","link":"https:\/\/rehaira.com\/fr\/politique-de-confidentialite\/","title":{"rendered":"Politique de confidentialit\u00e9"},"content":{"rendered":"<h1 data-start=\"380\" data-end=\"402\"><strong data-start=\"382\" data-end=\"400\">Politique de confidentialit\u00e9<\/strong><\/h1>\n<p data-start=\"403\" data-end=\"478\"><strong data-start=\"403\" data-end=\"422\">Date d&rsquo;entr\u00e9e en vigueur :<\/strong> 23 octobre 2025<br data-start=\"439\" data-end=\"442\"><strong data-start=\"442\" data-end=\"459\">Derni\u00e8re mise \u00e0 jour :<\/strong> 23 octobre 2025<\/p>\n<h2 data-start=\"480\" data-end=\"500\">1. Introduction<\/h2>\n<p data-start=\"501\" data-end=\"902\">Cette Politique de confidentialit\u00e9 explique comment <strong data-start=\"534\" data-end=\"608\">REHA\u0130RA SA\u011eLIK TUR\u0130ZM \u0130N\u015eAAT TEKST\u0130L SANAY\u0130 VE T\u0130CARET L\u0130M\u0130TED \u015e\u0130RKET\u0130<\/strong>, op\u00e9rant sous le nom de marque <strong data-start=\"641\" data-end=\"664\">Rehaira Hair Clinic<\/strong> (\u00ab <strong data-start=\"667\" data-end=\"678\">Rehaira<\/strong> \u00bb, \u00ab <strong data-start=\"682\" data-end=\"688\">nous<\/strong> \u00bb, \u00ab <strong data-start=\"692\" data-end=\"699\">notre<\/strong> \u00bb, ou \u00ab <strong data-start=\"706\" data-end=\"720\">la Clinique<\/strong> \u00bb), collecte, utilise, divulgue et prot\u00e8ge vos donn\u00e9es personnelles lorsque vos donn\u00e9es personnelles lorsque vous visitez notre site web, utilisez nos services ou interagissez avec nos publicit\u00e9s et nos canaux de communication num\u00e9riques.<\/p>\n<p data-start=\"904\" data-end=\"1168\">Rehaira s&rsquo;engage \u00e0 prot\u00e9ger votre vie priv\u00e9e et \u00e0 garantir que vos donn\u00e9es personnelles sont trait\u00e9es conform\u00e9ment au <strong data-start=\"1023\" data-end=\"1071\">R\u00e8glement g\u00e9n\u00e9ral sur la protection des donn\u00e9es de l&rsquo;UE (RGPD)<\/strong>, \u00e0 la <strong data-start=\"1077\" data-end=\"1108\">Loi britannique sur la protection des donn\u00e9es de 2018<\/strong> et \u00e0 la <strong data-start=\"1118\" data-end=\"1165\">Loi turque sur la protection des donn\u00e9es personnelles (KVKK)<\/strong>.<\/p>\n<hr data-start=\"1170\" data-end=\"1173\">\n<h2 data-start=\"1175\" data-end=\"1198\">2. Donn\u00e9es que nous collectons<\/h2>\n<p data-start=\"1199\" data-end=\"1309\">Selon la mani\u00e8re dont vous interagissez avec nous, nous pouvons collecter et traiter les cat\u00e9gories suivantes de donn\u00e9es personnelles :<\/p>\n<ul data-start=\"1311\" data-end=\"1793\">\n<li data-start=\"1311\" data-end=\"1374\">\n<p data-start=\"1313\" data-end=\"1374\"><strong data-start=\"1313\" data-end=\"1338\">Informations d&rsquo;identit\u00e9 :<\/strong> Nom complet, date de naissance, genre.<\/p>\n<\/li>\n<li data-start=\"1375\" data-end=\"1451\">\n<p data-start=\"1377\" data-end=\"1451\"><strong data-start=\"1377\" data-end=\"1401\">Informations de contact :<\/strong> Adresse e-mail, num\u00e9ro de t\u00e9l\u00e9phone, pays et ville.<\/p>\n<\/li>\n<li data-start=\"1452\" data-end=\"1602\">\n<p data-start=\"1454\" data-end=\"1602\"><strong data-start=\"1454\" data-end=\"1478\">Informations m\u00e9dicales :<\/strong> \u00c9tat de perte de cheveux, d\u00e9tails de l&rsquo;analyse du cuir chevelu et ant\u00e9c\u00e9dents m\u00e9dicaux pertinents (trait\u00e9s uniquement avec votre consentement explicite).<\/p>\n<\/li>\n<li data-start=\"1603\" data-end=\"1693\">\n<p data-start=\"1605\" data-end=\"1693\"><strong data-start=\"1605\" data-end=\"1624\">Donn\u00e9es techniques :<\/strong> Adresse IP, d\u00e9tails de l&rsquo;appareil, type de navigateur, cookies et journaux d&rsquo;utilisation.<\/p>\n<\/li>\n<li data-start=\"1694\" data-end=\"1793\">\n<p data-start=\"1696\" data-end=\"1793\"><strong data-start=\"1696\" data-end=\"1715\">Donn\u00e9es marketing :<\/strong> Pr\u00e9f\u00e9rences, retours et historique d&rsquo;engagement \u00e0 partir de nos publicit\u00e9s ou formulaires en ligne.<\/p>\n<\/li>\n<\/ul>\n<hr data-start=\"1795\" data-end=\"1798\">\n<h2 data-start=\"1800\" data-end=\"1834\">3. Finalit\u00e9 du traitement des donn\u00e9es<\/h2>\n<p data-start=\"1835\" data-end=\"1865\">Nous traitons vos donn\u00e9es personnelles pour :<\/p>\n<ul data-start=\"1867\" data-end=\"2153\">\n<li data-start=\"1867\" data-end=\"1930\">\n<p data-start=\"1869\" data-end=\"1930\">Vous fournir des analyses capillaires, des consultations et une planification m\u00e9dicale<\/p>\n<\/li>\n<li data-start=\"1931\" data-end=\"1993\">\n<p data-start=\"1933\" data-end=\"1993\">Communiquer avec vous concernant les rendez-vous et les demandes<\/p>\n<\/li>\n<li data-start=\"1994\" data-end=\"2042\">\n<p data-start=\"1996\" data-end=\"2042\">Am\u00e9liorer nos services et l&rsquo;exp\u00e9rience des patients<\/p>\n<\/li>\n<li data-start=\"2043\" data-end=\"2090\">\n<p data-start=\"2045\" data-end=\"2090\">G\u00e9rer les campagnes publicitaires et marketing<\/p>\n<\/li>\n<li data-start=\"2091\" data-end=\"2153\">\n<p data-start=\"2093\" data-end=\"2153\">Remplir nos obligations l\u00e9gales et tenir \u00e0 jour les dossiers des patients<\/p>\n<\/li>\n<\/ul>\n<hr data-start=\"2155\" data-end=\"2158\">\n<h2 data-start=\"2160\" data-end=\"2194\">4. Base juridique du traitement<\/h2>\n<p data-start=\"2195\" data-end=\"2256\">Nous traitons vos donn\u00e9es personnelles sur les bases juridiques suivantes :<\/p>\n<ul data-start=\"2258\" data-end=\"2493\">\n<li data-start=\"2258\" data-end=\"2288\">\n<p data-start=\"2260\" data-end=\"2288\"><strong data-start=\"2260\" data-end=\"2285\">Votre consentement explicite<\/strong><\/p>\n<\/li>\n<li data-start=\"2289\" data-end=\"2366\">\n<p data-start=\"2291\" data-end=\"2366\"><strong data-start=\"2291\" data-end=\"2320\">L&rsquo;ex\u00e9cution d&rsquo;un contrat<\/strong> (par exemple, consultation ou planification du traitement)<\/p>\n<\/li>\n<li data-start=\"2367\" data-end=\"2409\">\n<p data-start=\"2369\" data-end=\"2409\"><strong data-start=\"2369\" data-end=\"2406\">Le respect des obligations l\u00e9gales<\/strong><\/p>\n<\/li>\n<li data-start=\"2410\" data-end=\"2493\">\n<p data-start=\"2412\" data-end=\"2493\"><strong data-start=\"2412\" data-end=\"2436\">Les int\u00e9r\u00eats l\u00e9gitimes<\/strong> d&rsquo;am\u00e9liorer la qualit\u00e9 du service et la satisfaction des patients<\/p>\n<\/li>\n<\/ul>\n<hr data-start=\"2495\" data-end=\"2498\">\n<h2 data-start=\"2500\" data-end=\"2527\">5. Comment nous collectons les donn\u00e9es<\/h2>\n<p data-start=\"2528\" data-end=\"2565\">Vos donn\u00e9es peuvent \u00eatre collect\u00e9es via :<\/p>\n<ul data-start=\"2567\" data-end=\"2842\">\n<li data-start=\"2567\" data-end=\"2643\">\n<p data-start=\"2569\" data-end=\"2643\">Les formulaires en ligne sur notre site web (par exemple, analyse capillaire gratuite ou formulaires de contact)<\/p>\n<\/li>\n<li data-start=\"2644\" data-end=\"2716\">\n<p data-start=\"2646\" data-end=\"2716\">Les plateformes de messagerie (WhatsApp, Instagram, Facebook Messenger, etc.)<\/p>\n<\/li>\n<li data-start=\"2717\" data-end=\"2774\">\n<p data-start=\"2719\" data-end=\"2774\">Les campagnes publicitaires (Meta, Google Ads, TikTok Ads),<\/p>\n<\/li>\n<li data-start=\"2775\" data-end=\"2842\">\n<p data-start=\"2777\" data-end=\"2842\">E-mail, t\u00e9l\u00e9phone ou communication directe avec nos repr\u00e9sentants<\/p>\n<\/li>\n<\/ul>\n<hr data-start=\"2844\" data-end=\"2847\">\n<h2 data-start=\"2849\" data-end=\"2897\">6. Partage de donn\u00e9es et transferts internationaux<\/h2>\n<p data-start=\"2898\" data-end=\"3016\">Nous pouvons partager des donn\u00e9es personnelles avec des partenaires et des prestataires de services de confiance aux fins \u00e9num\u00e9r\u00e9es ci-dessus. Cela inclut : <\/p>\n<ul data-start=\"3018\" data-end=\"3245\">\n<li data-start=\"3018\" data-end=\"3096\">\n<p data-start=\"3020\" data-end=\"3096\"><strong data-start=\"3020\" data-end=\"3065\">Les professionnels de sant\u00e9 et les cliniques partenaires<\/strong>, pour la coordination des traitements,<\/p>\n<\/li>\n<li data-start=\"3097\" data-end=\"3179\">\n<p data-start=\"3099\" data-end=\"3179\"><strong data-start=\"3099\" data-end=\"3144\">Les fournisseurs de marketing num\u00e9rique et d&rsquo;analyse<\/strong>, pour optimiser les performances en ligne,<\/p>\n<\/li>\n<li data-start=\"3180\" data-end=\"3245\">\n<p data-start=\"3182\" data-end=\"3245\"><strong data-start=\"3182\" data-end=\"3220\">Les autorit\u00e9s l\u00e9gales et gouvernementales<\/strong>, lorsque la loi l&rsquo;exige.<\/p>\n<\/li>\n<\/ul>\n<p data-start=\"3247\" data-end=\"3451\">Chaque fois que des donn\u00e9es sont transf\u00e9r\u00e9es en dehors de l&rsquo;Espace \u00e9conomique europ\u00e9en (EEE), nous veillons \u00e0 ce que des garanties appropri\u00e9es soient en place, telles que les <strong data-start=\"3373\" data-end=\"3412\">Clauses contractuelles types (CCT)<\/strong> approuv\u00e9es par la Commission europ\u00e9enne.<\/p>\n<p data-start=\"3453\" data-end=\"3515\">Vos donn\u00e9es personnelles ne sont jamais vendues ou lou\u00e9es \u00e0 des tiers.<\/p>\n<hr data-start=\"3517\" data-end=\"3520\">\n<h2 data-start=\"3522\" data-end=\"3563\">7. Cookies et technologies de suivi<\/h2>\n<p data-start=\"3564\" data-end=\"3739\">Notre site web utilise des cookies pour am\u00e9liorer l&rsquo;exp\u00e9rience utilisateur, analyser le trafic et personnaliser le contenu.<br data-start=\"3658\" data-end=\"3661\">Vous pouvez g\u00e9rer ou d\u00e9sactiver les cookies \u00e0 tout moment via les param\u00e8tres de votre navigateur.<\/p>\n<hr data-start=\"3741\" data-end=\"3744\">\n<h2 data-start=\"3746\" data-end=\"3768\">8. Conservation des donn\u00e9es<\/h2>\n<p data-start=\"3769\" data-end=\"3984\">Nous conservons les donn\u00e9es personnelles uniquement le temps n\u00e9cessaire pour atteindre les objectifs d\u00e9crits dans cette politique, ou conform\u00e9ment \u00e0 la loi applicable. Une fois les p\u00e9riodes de conservation expir\u00e9es, les donn\u00e9es seront supprim\u00e9es de mani\u00e8re s\u00e9curis\u00e9e ou anonymis\u00e9es. <\/p>\n<hr data-start=\"3986\" data-end=\"3989\">\n<h2 data-start=\"3991\" data-end=\"4023\">9. Vos droits (selon le RGPD)<\/h2>\n<p data-start=\"4024\" data-end=\"4085\">Vous disposez des droits suivants concernant vos donn\u00e9es personnelles :<\/p>\n<ul data-start=\"4087\" data-end=\"4299\">\n<li data-start=\"4087\" data-end=\"4117\">\n<p data-start=\"4089\" data-end=\"4117\">Acc\u00e9der \u00e0 vos donn\u00e9es personnelles<\/p>\n<\/li>\n<li data-start=\"4118\" data-end=\"4153\">\n<p data-start=\"4120\" data-end=\"4153\">Demander leur correction ou suppression<\/p>\n<\/li>\n<li data-start=\"4154\" data-end=\"4191\">\n<p data-start=\"4156\" data-end=\"4191\">Restreindre ou s&rsquo;opposer au traitement<\/p>\n<\/li>\n<li data-start=\"4192\" data-end=\"4221\">\n<p data-start=\"4194\" data-end=\"4221\">Demander la portabilit\u00e9 des donn\u00e9es,<\/p>\n<\/li>\n<li data-start=\"4222\" data-end=\"4299\">\n<p data-start=\"4224\" data-end=\"4299\">Retirer votre consentement \u00e0 tout moment (sans affecter le traitement l\u00e9gal ant\u00e9rieur).<\/p>\n<\/li>\n<\/ul>\n<p data-start=\"4301\" data-end=\"4364\">Pour exercer ces droits, contactez-nous \u00e0 <strong data-start=\"4341\" data-end=\"4361\"><a class=\"decorated-link cursor-pointer\" rel=\"noopener\" data-start=\"4343\" data-end=\"4359\">info@rehaira.com<\/a><\/strong>.<\/p>\n<hr data-start=\"4366\" data-end=\"4369\">\n<h2 data-start=\"4371\" data-end=\"4393\">10. S\u00e9curit\u00e9 des donn\u00e9es<\/h2>\n<p data-start=\"4394\" data-end=\"4640\">Rehaira prend des mesures techniques et organisationnelles appropri\u00e9es pour prot\u00e9ger vos donn\u00e9es personnelles contre l&rsquo;acc\u00e8s, la modification, la divulgation ou la destruction non autoris\u00e9s.<br data-start=\"4558\" data-end=\"4561\">Tous les transferts de donn\u00e9es via notre site web sont prot\u00e9g\u00e9s par un <strong data-start=\"4619\" data-end=\"4637\">chiffrement SSL<\/strong>.<\/p>\n<hr data-start=\"4642\" data-end=\"4645\">\n<h2 data-start=\"4647\" data-end=\"4678\">11. Mises \u00e0 jour de cette politique<\/h2>\n<p data-start=\"4679\" data-end=\"4942\">Nous pouvons mettre \u00e0 jour cette Politique de confidentialit\u00e9 p\u00e9riodiquement pour refl\u00e9ter les changements l\u00e9gaux ou op\u00e9rationnels.<br data-start=\"4766\" data-end=\"4769\">La derni\u00e8re version sera toujours disponible sur <a class=\"decorated-link\" href=\"https:\/\/www.rehaira.com\" target=\"_new\" rel=\"noopener\" data-start=\"4816\" data-end=\"4858\">www.rehaira.com<\/a>.<br data-start=\"4859\" data-end=\"4862\">En cas de mises \u00e0 jour importantes, nous vous en informerons par e-mail ou sur notre site web.<\/p>\n<hr data-start=\"4944\" data-end=\"4947\">\n<h2 data-start=\"4949\" data-end=\"4977\">12. Informations de contact<\/h2>\n<p data-start=\"4978\" data-end=\"5296\"><strong data-start=\"4978\" data-end=\"4998\">Responsable du traitement :<\/strong><br data-start=\"4998\" data-end=\"5001\"><strong data-start=\"5001\" data-end=\"5075\">REHA\u0130RA SA\u011eLIK TUR\u0130ZM \u0130N\u015eAAT TEKST\u0130L SANAY\u0130 VE T\u0130CARET L\u0130M\u0130TED \u015e\u0130RKET\u0130<\/strong><br data-start=\"5075\" data-end=\"5078\"><strong data-start=\"5078\" data-end=\"5093\">Nom de marque :<\/strong> Rehaira Hair Clinic<br data-start=\"5113\" data-end=\"5116\"><strong data-start=\"5116\" data-end=\"5126\">E-mail :<\/strong> <a class=\"decorated-link cursor-pointer\" rel=\"noopener\" data-start=\"5127\" data-end=\"5143\">info@rehaira.com<\/a><br data-start=\"5143\" data-end=\"5146\"><strong data-start=\"5146\" data-end=\"5156\">T\u00e9l\u00e9phone :<\/strong> +90 501 005 44 99<br data-start=\"5174\" data-end=\"5177\"><strong data-start=\"5177\" data-end=\"5189\">Site web :<\/strong> <a class=\"decorated-link\" href=\"https:\/\/www.rehaira.com\" target=\"_new\" rel=\"noopener\" data-start=\"5190\" data-end=\"5232\">www.rehaira.com<\/a><br data-start=\"5232\" data-end=\"5235\"><strong data-start=\"5235\" data-end=\"5247\">Adresse :<\/strong> Cihangir Mahallesi, E5 Yan yol, Londra Asfalt\u0131 Caddesi, B Blok No : 291\/1G, 34310 Avc\u0131lar\/\u0130stanbul<\/p>\n","protected":false},"excerpt":{"rendered":"<p>Votre confidentialit\u00e9 est importante. D\u00e9couvrez comment nous collectons, conservons et prot\u00e9geons vos donn\u00e9es personnelles. <\/p>\n","protected":false},"author":1,"featured_media":0,"parent":0,"menu_order":0,"comment_status":"closed","ping_status":"closed","template":"100-width.php","meta":{"_acf_changed":false,"footnotes":""},"class_list":["post-3317","page","type-page","status-publish","hentry"],"acf":[],"_links":{"self":[{"href":"https:\/\/rehaira.com\/fr\/wp-json\/wp\/v2\/pages\/3317","targetHints":{"allow":["GET"]}}],"collection":[{"href":"https:\/\/rehaira.com\/fr\/wp-json\/wp\/v2\/pages"}],"about":[{"href":"https:\/\/rehaira.com\/fr\/wp-json\/wp\/v2\/types\/page"}],"author":[{"embeddable":true,"href":"https:\/\/rehaira.com\/fr\/wp-json\/wp\/v2\/users\/1"}],"replies":[{"embeddable":true,"href":"https:\/\/rehaira.com\/fr\/wp-json\/wp\/v2\/comments?post=3317"}],"version-history":[{"count":3,"href":"https:\/\/rehaira.com\/fr\/wp-json\/wp\/v2\/pages\/3317\/revisions"}],"predecessor-version":[{"id":9345,"href":"https:\/\/rehaira.com\/fr\/wp-json\/wp\/v2\/pages\/3317\/revisions\/9345"}],"wp:attachment":[{"href":"https:\/\/rehaira.com\/fr\/wp-json\/wp\/v2\/media?parent=3317"}],"curies":[{"name":"wp","href":"https:\/\/api.w.org\/{rel}","templated":true}]}}