{"id":3376,"date":"2025-08-02T20:58:26","date_gmt":"2025-08-02T17:58:26","guid":{"rendered":"https:\/\/rehaira.com\/faq-questions-frequemment-posees\/"},"modified":"2025-10-21T22:29:21","modified_gmt":"2025-10-21T19:29:21","slug":"faq-questions-frequemment-posees","status":"publish","type":"page","link":"https:\/\/rehaira.com\/fr\/faq-questions-frequemment-posees\/","title":{"rendered":"FAQ"},"content":{"rendered":"","protected":false},"excerpt":{"rendered":"<p>Trouvez des r\u00e9ponses claires aux questions les plus courantes sur les proc\u00e9dures de greffe de cheveux et les soins post-op\u00e9ratoires.<\/p>\n","protected":false},"author":1,"featured_media":0,"parent":0,"menu_order":0,"comment_status":"closed","ping_status":"closed","template":"100-width.php","meta":{"_acf_changed":false,"footnotes":""},"class_list":["post-3376","page","type-page","status-publish","hentry"],"acf":[],"_links":{"self":[{"href":"https:\/\/rehaira.com\/fr\/wp-json\/wp\/v2\/pages\/3376","targetHints":{"allow":["GET"]}}],"collection":[{"href":"https:\/\/rehaira.com\/fr\/wp-json\/wp\/v2\/pages"}],"about":[{"href":"https:\/\/rehaira.com\/fr\/wp-json\/wp\/v2\/types\/page"}],"author":[{"embeddable":true,"href":"https:\/\/rehaira.com\/fr\/wp-json\/wp\/v2\/users\/1"}],"replies":[{"embeddable":true,"href":"https:\/\/rehaira.com\/fr\/wp-json\/wp\/v2\/comments?post=3376"}],"version-history":[{"count":2,"href":"https:\/\/rehaira.com\/fr\/wp-json\/wp\/v2\/pages\/3376\/revisions"}],"predecessor-version":[{"id":9217,"href":"https:\/\/rehaira.com\/fr\/wp-json\/wp\/v2\/pages\/3376\/revisions\/9217"}],"wp:attachment":[{"href":"https:\/\/rehaira.com\/fr\/wp-json\/wp\/v2\/media?parent=3376"}],"curies":[{"name":"wp","href":"https:\/\/api.w.org\/{rel}","templated":true}]}}