{"id":3379,"date":"2025-08-02T20:50:26","date_gmt":"2025-08-02T17:50:26","guid":{"rendered":"https:\/\/rehaira.com\/conditions-generales\/"},"modified":"2025-08-02T20:50:26","modified_gmt":"2025-08-02T17:50:26","slug":"conditions-generales","status":"publish","type":"page","link":"https:\/\/rehaira.com\/fr\/conditions-generales\/","title":{"rendered":"Conditions g\u00e9n\u00e9rales"},"content":{"rendered":"","protected":false},"excerpt":{"rendered":"<p>Veuillez examiner attentivement nos conditions g\u00e9n\u00e9rales avant d&rsquo;utiliser notre site web ou nos services. Cette page pr\u00e9sente vos droits, responsabilit\u00e9s et nos politiques de service. <\/p>\n","protected":false},"author":1,"featured_media":0,"parent":0,"menu_order":0,"comment_status":"closed","ping_status":"closed","template":"100-width.php","meta":{"_acf_changed":false,"footnotes":""},"class_list":["post-3379","page","type-page","status-publish","hentry"],"acf":[],"_links":{"self":[{"href":"https:\/\/rehaira.com\/fr\/wp-json\/wp\/v2\/pages\/3379","targetHints":{"allow":["GET"]}}],"collection":[{"href":"https:\/\/rehaira.com\/fr\/wp-json\/wp\/v2\/pages"}],"about":[{"href":"https:\/\/rehaira.com\/fr\/wp-json\/wp\/v2\/types\/page"}],"author":[{"embeddable":true,"href":"https:\/\/rehaira.com\/fr\/wp-json\/wp\/v2\/users\/1"}],"replies":[{"embeddable":true,"href":"https:\/\/rehaira.com\/fr\/wp-json\/wp\/v2\/comments?post=3379"}],"version-history":[{"count":0,"href":"https:\/\/rehaira.com\/fr\/wp-json\/wp\/v2\/pages\/3379\/revisions"}],"wp:attachment":[{"href":"https:\/\/rehaira.com\/fr\/wp-json\/wp\/v2\/media?parent=3379"}],"curies":[{"name":"wp","href":"https:\/\/api.w.org\/{rel}","templated":true}]}}