{"id":3393,"date":"2025-08-02T20:50:18","date_gmt":"2025-08-02T17:50:18","guid":{"rendered":"https:\/\/rehaira.com\/politique-de-cookies\/"},"modified":"2025-08-02T20:50:18","modified_gmt":"2025-08-02T17:50:18","slug":"politique-de-cookies","status":"publish","type":"page","link":"https:\/\/rehaira.com\/fr\/politique-de-cookies\/","title":{"rendered":"Politique de cookies"},"content":{"rendered":"","protected":false},"excerpt":{"rendered":"<p>D\u00e9couvrez comment nous utilisons les cookies pour am\u00e9liorer votre exp\u00e9rience sur notre site web.<\/p>\n","protected":false},"author":1,"featured_media":0,"parent":0,"menu_order":0,"comment_status":"closed","ping_status":"closed","template":"100-width.php","meta":{"_acf_changed":false,"footnotes":""},"class_list":["post-3393","page","type-page","status-publish","hentry"],"acf":[],"_links":{"self":[{"href":"https:\/\/rehaira.com\/fr\/wp-json\/wp\/v2\/pages\/3393","targetHints":{"allow":["GET"]}}],"collection":[{"href":"https:\/\/rehaira.com\/fr\/wp-json\/wp\/v2\/pages"}],"about":[{"href":"https:\/\/rehaira.com\/fr\/wp-json\/wp\/v2\/types\/page"}],"author":[{"embeddable":true,"href":"https:\/\/rehaira.com\/fr\/wp-json\/wp\/v2\/users\/1"}],"replies":[{"embeddable":true,"href":"https:\/\/rehaira.com\/fr\/wp-json\/wp\/v2\/comments?post=3393"}],"version-history":[{"count":0,"href":"https:\/\/rehaira.com\/fr\/wp-json\/wp\/v2\/pages\/3393\/revisions"}],"wp:attachment":[{"href":"https:\/\/rehaira.com\/fr\/wp-json\/wp\/v2\/media?parent=3393"}],"curies":[{"name":"wp","href":"https:\/\/api.w.org\/{rel}","templated":true}]}}