{"id":3447,"date":"2025-08-03T13:39:31","date_gmt":"2025-08-03T10:39:31","guid":{"rendered":"https:\/\/rehaira.com\/faq-questions-frequemment-posees\/a-propos-des-interventions-de-greffe-de-cheveux\/"},"modified":"2025-10-03T14:26:01","modified_gmt":"2025-10-03T11:26:01","slug":"a-propos-des-interventions-de-greffe-de-cheveux","status":"publish","type":"page","link":"https:\/\/rehaira.com\/fr\/faq-questions-frequemment-posees\/a-propos-des-interventions-de-greffe-de-cheveux\/","title":{"rendered":"\u00c0 propos des interventions de greffe de cheveux"},"content":{"rendered":"<div class=\"fusion-fullwidth fullwidth-box fusion-builder-row-1 fusion-flex-container has-pattern-background has-mask-background nonhundred-percent-fullwidth non-hundred-percent-height-scrolling\" style=\"--awb-border-radius-top-left:0px;--awb-border-radius-top-right:0px;--awb-border-radius-bottom-right:0px;--awb-border-radius-bottom-left:0px;--awb-flex-wrap:wrap;\" ><div class=\"fusion-builder-row fusion-row fusion-flex-align-items-flex-start fusion-flex-content-wrap\" style=\"max-width:1248px;margin-left: calc(-4% \/ 2 );margin-right: calc(-4% \/ 2 );\"><div class=\"fusion-layout-column fusion_builder_column fusion-builder-column-0 fusion_builder_column_1_1 1_1 fusion-flex-column\" style=\"--awb-bg-size:cover;--awb-width-large:100%;--awb-margin-top-large:0px;--awb-spacing-right-large:1.92%;--awb-margin-bottom-large:20px;--awb-spacing-left-large:1.92%;--awb-width-medium:100%;--awb-order-medium:0;--awb-spacing-right-medium:1.92%;--awb-spacing-left-medium:1.92%;--awb-width-small:100%;--awb-order-small:0;--awb-spacing-right-small:1.92%;--awb-spacing-left-small:1.92%;\"><div class=\"fusion-column-wrapper fusion-column-has-shadow fusion-flex-justify-content-flex-start fusion-content-layout-column\"><style type=\"text\/css\">#accordian-1 .fusion-panel:hover,#accordian-1 .fusion-panel.hover{ background-color: var(--awb-custom_color_2) } #accordian-1 .fusion-panel { border-color:var(--awb-color6); border-width:1px; background-color:var(--awb-color6); }.fusion-accordian #accordian-1 .panel-title a .fa-fusion-box:before{ font-size: 16px;width: 16px;}.fusion-accordian #accordian-1 .panel-title a .fa-fusion-box{ color: var(--awb-color5);}.fusion-accordian  #accordian-1 .panel-title a{font-size:16px;font-family:\"Lexend Deca\";font-style:normal;font-weight:300;}.fusion-accordian  #accordian-1 .panel-title a:not(:hover){}.fusion-accordian  #accordian-1 .toggle-content{font-family:var(--awb-typography4-font-family);font-weight:var(--awb-typography4-font-weight);font-style:var(--awb-typography4-font-style);}.fusion-accordian #accordian-1 .panel-title a:hover,.fusion-accordian #accordian-1 .panel-title a.hover { color: var(--awb-color3);}.fusion-faq-shortcode .fusion-accordian #accordian-1 .fusion-toggle-boxed-mode:hover .panel-title a { color: var(--awb-color3);}.fusion-accordian #accordian-1.fusion-toggle-icon-unboxed .panel-title a:hover .fa-fusion-box,.fusion-accordian #accordian-1.fusion-toggle-icon-unboxed .panel-title a.hover .fa-fusion-box { color: var(--awb-color3); }.fusion-faqs-wrapper .fusion-accordian #accordian-1 .panel-title a.active{ color: var(--awb-color3) !important;}.fusion-faqs-wrapper .fusion-accordian  #accordian-1.fusion-toggle-icon-unboxed .fusion-panel .panel-title a.active .fa-fusion-box{ color: var(--awb-color3) !important;}<\/style><div class=\"fusion-faq-shortcode\" style=\"\"><div class=\"fusion-faqs-wrapper\"><div class=\"accordian fusion-accordian\"><div class=\"panel-group  fusion-toggle-icon-unboxed\" id=\"accordian-1\"><div class=\"fusion-panel fusion-toggle-no-divider fusion-toggle-boxed-mode panel-default fusion-faq-post fusion-faq-post-5038 about-hair-transplant-procedures \"><span class=\"entry-title rich-snippet-hidden\">Quelle est la diff\u00e9rence entre FUE, DHI et FUE Sapphire ?<\/span><span class=\"vcard rich-snippet-hidden\"><span class=\"fn\"><a href=\"https:\/\/rehaira.com\/fr\/author\/admin_3a81wdyw\/\" title=\"Articles par admin\" rel=\"author\">admin<\/a><\/span><\/span><span class=\"updated rich-snippet-hidden\">2025-11-01T11:21:26+03:00<\/span><div class=\"panel-heading\"><h4 id=\"faq_1-5038\" class=\"panel-title toggle\"><a data-toggle=\"collapse\" class=\"collapsed\" data-parent=\"#accordian-1\" data-target=\"#collapse-1-5038\" href=\"#collapse-1-5038\" aria-expanded=\"false\"><div class=\"fusion-toggle-icon-wrapper\"><div class=\"fusion-toggle-icon-wrapper-main\"><div class=\"fusion-toggle-icon-wrapper-sub\"><i class=\"fa-fusion-box active-icon awb-icon-minus\" aria-hidden=\"true\"><\/i><i class=\"fa-fusion-box inactive-icon awb-icon-plus\" aria-hidden=\"true\"><\/i><\/div><\/div><\/div><div class=\"fusion-toggle-heading\">Quelle est la diff\u00e9rence entre FUE, DHI et FUE Sapphire ?<\/div><\/a><\/h4><\/div><div id=\"collapse-1-5038\" aria-labelledby=\"faq_1-5038\" class=\"panel-collapse collapse\"><div class=\"panel-body toggle-content post-content\"><p>FUE d\u00e9signe uniquement la m\u00e9thode d&rsquo;extraction, dont les follicules sont pr\u00e9lev\u00e9s un par un de la zone donneuse. DHI et FUE Sapphire d\u00e9crivent l&rsquo;\u00e9tape d&rsquo;implantation. La technique DHI utilise un stylo implanteur \u00ab\u00a0Choi\u00a0\u00bb pour un placement direct sans ouverture pr\u00e9alable des canaux, tandis que la technique Sapphire utilise des instruments \u00e0 pointe de saphir pour ouvrir les canaux avant l&rsquo;implantation, permettant une densit\u00e9 plus \u00e9lev\u00e9e dans les zones chauves plus \u00e9tendues.  <\/p>\n<\/div><\/div><\/div><\/div><\/div><\/div><\/div><\/div><\/div><\/div><\/div>\n","protected":false},"excerpt":{"rendered":"<p>Aper\u00e7u d\u00e9taill\u00e9 des techniques et technologies que nous utilisons chez Rehaira.<\/p>\n","protected":false},"author":1,"featured_media":0,"parent":3376,"menu_order":0,"comment_status":"closed","ping_status":"closed","template":"100-width.php","meta":{"_acf_changed":false,"footnotes":""},"class_list":["post-3447","page","type-page","status-publish","hentry"],"acf":[],"_links":{"self":[{"href":"https:\/\/rehaira.com\/fr\/wp-json\/wp\/v2\/pages\/3447","targetHints":{"allow":["GET"]}}],"collection":[{"href":"https:\/\/rehaira.com\/fr\/wp-json\/wp\/v2\/pages"}],"about":[{"href":"https:\/\/rehaira.com\/fr\/wp-json\/wp\/v2\/types\/page"}],"author":[{"embeddable":true,"href":"https:\/\/rehaira.com\/fr\/wp-json\/wp\/v2\/users\/1"}],"replies":[{"embeddable":true,"href":"https:\/\/rehaira.com\/fr\/wp-json\/wp\/v2\/comments?post=3447"}],"version-history":[{"count":1,"href":"https:\/\/rehaira.com\/fr\/wp-json\/wp\/v2\/pages\/3447\/revisions"}],"predecessor-version":[{"id":3453,"href":"https:\/\/rehaira.com\/fr\/wp-json\/wp\/v2\/pages\/3447\/revisions\/3453"}],"up":[{"embeddable":true,"href":"https:\/\/rehaira.com\/fr\/wp-json\/wp\/v2\/pages\/3376"}],"wp:attachment":[{"href":"https:\/\/rehaira.com\/fr\/wp-json\/wp\/v2\/media?parent=3447"}],"curies":[{"name":"wp","href":"https:\/\/api.w.org\/{rel}","templated":true}]}}