{"id":3484,"date":"2025-08-03T13:59:44","date_gmt":"2025-08-03T10:59:44","guid":{"rendered":"https:\/\/rehaira.com\/faq-questions-frequemment-posees\/avant-le-traitement\/"},"modified":"2025-10-03T14:26:30","modified_gmt":"2025-10-03T11:26:30","slug":"avant-le-traitement","status":"publish","type":"page","link":"https:\/\/rehaira.com\/fr\/faq-questions-frequemment-posees\/avant-le-traitement\/","title":{"rendered":"Avant le traitement"},"content":{"rendered":"<div class=\"fusion-fullwidth fullwidth-box fusion-builder-row-1 fusion-flex-container has-pattern-background has-mask-background nonhundred-percent-fullwidth non-hundred-percent-height-scrolling\" style=\"--awb-border-radius-top-left:0px;--awb-border-radius-top-right:0px;--awb-border-radius-bottom-right:0px;--awb-border-radius-bottom-left:0px;--awb-flex-wrap:wrap;\" ><div class=\"fusion-builder-row fusion-row fusion-flex-align-items-flex-start fusion-flex-content-wrap\" style=\"max-width:1248px;margin-left: calc(-4% \/ 2 );margin-right: calc(-4% \/ 2 );\"><div class=\"fusion-layout-column fusion_builder_column fusion-builder-column-0 fusion_builder_column_1_1 1_1 fusion-flex-column\" style=\"--awb-bg-size:cover;--awb-width-large:100%;--awb-margin-top-large:0px;--awb-spacing-right-large:1.92%;--awb-margin-bottom-large:20px;--awb-spacing-left-large:1.92%;--awb-width-medium:100%;--awb-order-medium:0;--awb-spacing-right-medium:1.92%;--awb-spacing-left-medium:1.92%;--awb-width-small:100%;--awb-order-small:0;--awb-spacing-right-small:1.92%;--awb-spacing-left-small:1.92%;\"><div class=\"fusion-column-wrapper fusion-column-has-shadow fusion-flex-justify-content-flex-start fusion-content-layout-column\"><style type=\"text\/css\">#accordian-1 .fusion-panel:hover,#accordian-1 .fusion-panel.hover{ background-color: var(--awb-custom_color_2) } #accordian-1 .fusion-panel { border-color:var(--awb-color6); border-width:1px; background-color:var(--awb-color6); }.fusion-accordian #accordian-1 .panel-title a .fa-fusion-box:before{ font-size: 16px;width: 16px;}.fusion-accordian #accordian-1 .panel-title a .fa-fusion-box{ color: var(--awb-color5);}.fusion-accordian  #accordian-1 .panel-title a{font-size:16px;font-family:\"Lexend Deca\";font-style:normal;font-weight:300;}.fusion-accordian  #accordian-1 .panel-title a:not(:hover){}.fusion-accordian  #accordian-1 .toggle-content{font-family:var(--awb-typography4-font-family);font-weight:var(--awb-typography4-font-weight);font-style:var(--awb-typography4-font-style);}.fusion-accordian #accordian-1 .panel-title a:hover,.fusion-accordian #accordian-1 .panel-title a.hover { color: var(--awb-color3);}.fusion-faq-shortcode .fusion-accordian #accordian-1 .fusion-toggle-boxed-mode:hover .panel-title a { color: var(--awb-color3);}.fusion-accordian #accordian-1.fusion-toggle-icon-unboxed .panel-title a:hover .fa-fusion-box,.fusion-accordian #accordian-1.fusion-toggle-icon-unboxed .panel-title a.hover .fa-fusion-box { color: var(--awb-color3); }.fusion-faqs-wrapper .fusion-accordian #accordian-1 .panel-title a.active{ color: var(--awb-color3) !important;}.fusion-faqs-wrapper .fusion-accordian  #accordian-1.fusion-toggle-icon-unboxed .fusion-panel .panel-title a.active .fa-fusion-box{ color: var(--awb-color3) !important;}<\/style><div class=\"fusion-faq-shortcode\" style=\"\"><div class=\"fusion-faqs-wrapper\"><div class=\"accordian fusion-accordian\"><div class=\"panel-group  fusion-toggle-icon-unboxed\" id=\"accordian-1\"><div class=\"fusion-panel fusion-toggle-no-divider fusion-toggle-boxed-mode panel-default fusion-faq-post fusion-faq-post-4920 avant-le-traitement \"><span class=\"entry-title rich-snippet-hidden\">Comment dois-je me pr\u00e9parer pour une greffe de cheveux ?<\/span><span class=\"vcard rich-snippet-hidden\"><span class=\"fn\"><a href=\"https:\/\/rehaira.com\/fr\/author\/admin_3a81wdyw\/\" title=\"Articles par admin\" rel=\"author\">admin<\/a><\/span><\/span><span class=\"updated rich-snippet-hidden\">2025-09-06T06:14:57+03:00<\/span><div class=\"panel-heading\"><h4 id=\"faq_1-4920\" class=\"panel-title toggle\"><a data-toggle=\"collapse\" class=\"collapsed\" data-parent=\"#accordian-1\" data-target=\"#collapse-1-4920\" href=\"#collapse-1-4920\" aria-expanded=\"false\"><div class=\"fusion-toggle-icon-wrapper\"><div class=\"fusion-toggle-icon-wrapper-main\"><div class=\"fusion-toggle-icon-wrapper-sub\"><i class=\"fa-fusion-box active-icon awb-icon-minus\" aria-hidden=\"true\"><\/i><i class=\"fa-fusion-box inactive-icon awb-icon-plus\" aria-hidden=\"true\"><\/i><\/div><\/div><\/div><div class=\"fusion-toggle-heading\">Comment dois-je me pr\u00e9parer pour une greffe de cheveux ?<\/div><\/a><\/h4><\/div><div id=\"collapse-1-4920\" aria-labelledby=\"faq_1-4920\" class=\"panel-collapse collapse\"><div class=\"panel-body toggle-content post-content\"><p>La pr\u00e9paration implique quelques \u00e9tapes simples mais importantes. \u00c9vitez l&rsquo;alcool, le tabac et certains m\u00e9dicaments selon les conseils de votre \u00e9quipe m\u00e9dicale. Assurez-vous que votre cuir chevelu soit propre et bien repos\u00e9 avant l&rsquo;intervention. Planifiez votre emploi du temps pour pouvoir vous reposer pendant les premiers jours suivant la greffe.   <\/p>\n<\/div><\/div><\/div><div class=\"fusion-panel fusion-toggle-no-divider fusion-toggle-boxed-mode panel-default fusion-faq-post fusion-faq-post-4917 avant-le-traitement \"><span class=\"entry-title rich-snippet-hidden\">Dois-je arr\u00eater certains m\u00e9dicaments avant l&rsquo;intervention ?<\/span><span class=\"vcard rich-snippet-hidden\"><span class=\"fn\"><a href=\"https:\/\/rehaira.com\/fr\/author\/admin_3a81wdyw\/\" title=\"Articles par admin\" rel=\"author\">admin<\/a><\/span><\/span><span class=\"updated rich-snippet-hidden\">2025-09-06T06:15:13+03:00<\/span><div class=\"panel-heading\"><h4 id=\"faq_1-4917\" class=\"panel-title toggle\"><a data-toggle=\"collapse\" class=\"collapsed\" data-parent=\"#accordian-1\" data-target=\"#collapse-1-4917\" href=\"#collapse-1-4917\" aria-expanded=\"false\"><div class=\"fusion-toggle-icon-wrapper\"><div class=\"fusion-toggle-icon-wrapper-main\"><div class=\"fusion-toggle-icon-wrapper-sub\"><i class=\"fa-fusion-box active-icon awb-icon-minus\" aria-hidden=\"true\"><\/i><i class=\"fa-fusion-box inactive-icon awb-icon-plus\" aria-hidden=\"true\"><\/i><\/div><\/div><\/div><div class=\"fusion-toggle-heading\">Dois-je arr\u00eater certains m\u00e9dicaments avant l&rsquo;intervention ?<\/div><\/a><\/h4><\/div><div id=\"collapse-1-4917\" aria-labelledby=\"faq_1-4917\" class=\"panel-collapse collapse\"><div class=\"panel-body toggle-content post-content\"><p>Oui, certains m\u00e9dicaments peuvent augmenter les saignements ou affecter la cicatrisation. Votre \u00e9quipe m\u00e9dicale examinera vos prescriptions actuelles et vous conseillera sur les m\u00e9dicaments \u00e0 suspendre et pour quelle dur\u00e9e avant l&rsquo;intervention. Suivez toujours les conseils m\u00e9dicaux professionnels avant d&rsquo;arr\u00eater tout m\u00e9dicament.  <\/p>\n<\/div><\/div><\/div><div class=\"fusion-panel fusion-toggle-no-divider fusion-toggle-boxed-mode panel-default fusion-faq-post fusion-faq-post-4903 avant-le-traitement \"><span class=\"entry-title rich-snippet-hidden\">Puis-je b\u00e9n\u00e9ficier d&rsquo;une greffe de cheveux si j&rsquo;ai un probl\u00e8me de sant\u00e9 ?<\/span><span class=\"vcard rich-snippet-hidden\"><span class=\"fn\"><a href=\"https:\/\/rehaira.com\/fr\/author\/admin_3a81wdyw\/\" title=\"Articles par admin\" rel=\"author\">admin<\/a><\/span><\/span><span class=\"updated rich-snippet-hidden\">2025-09-06T06:15:33+03:00<\/span><div class=\"panel-heading\"><h4 id=\"faq_1-4903\" class=\"panel-title toggle\"><a data-toggle=\"collapse\" class=\"collapsed\" data-parent=\"#accordian-1\" data-target=\"#collapse-1-4903\" href=\"#collapse-1-4903\" aria-expanded=\"false\"><div class=\"fusion-toggle-icon-wrapper\"><div class=\"fusion-toggle-icon-wrapper-main\"><div class=\"fusion-toggle-icon-wrapper-sub\"><i class=\"fa-fusion-box active-icon awb-icon-minus\" aria-hidden=\"true\"><\/i><i class=\"fa-fusion-box inactive-icon awb-icon-plus\" aria-hidden=\"true\"><\/i><\/div><\/div><\/div><div class=\"fusion-toggle-heading\">Puis-je b\u00e9n\u00e9ficier d&rsquo;une greffe de cheveux si j&rsquo;ai un probl\u00e8me de sant\u00e9 ?<\/div><\/a><\/h4><\/div><div id=\"collapse-1-4903\" aria-labelledby=\"faq_1-4903\" class=\"panel-collapse collapse\"><div class=\"panel-body toggle-content post-content\"><p>Dans de nombreux cas, oui, mais cela d\u00e9pend de l&rsquo;affection sp\u00e9cifique et de son contr\u00f4le. Les personnes atteintes de maladies chroniques telles que le diab\u00e8te, les probl\u00e8mes cardiaques ou les maladies auto-immunes doivent subir une \u00e9valuation m\u00e9dicale pour s&rsquo;assurer que l&rsquo;intervention est sans danger pour elles. <\/p>\n<\/div><\/div><\/div><div class=\"fusion-panel fusion-toggle-no-divider fusion-toggle-boxed-mode panel-default fusion-faq-post fusion-faq-post-4899 avant-le-traitement \"><span class=\"entry-title rich-snippet-hidden\">Dois-je effectuer des analyses de sang avant la greffe ?<\/span><span class=\"vcard rich-snippet-hidden\"><span class=\"fn\"><a href=\"https:\/\/rehaira.com\/fr\/author\/admin_3a81wdyw\/\" title=\"Articles par admin\" rel=\"author\">admin<\/a><\/span><\/span><span class=\"updated rich-snippet-hidden\">2025-09-06T06:15:53+03:00<\/span><div class=\"panel-heading\"><h4 id=\"faq_1-4899\" class=\"panel-title toggle\"><a data-toggle=\"collapse\" class=\"collapsed\" data-parent=\"#accordian-1\" data-target=\"#collapse-1-4899\" href=\"#collapse-1-4899\" aria-expanded=\"false\"><div class=\"fusion-toggle-icon-wrapper\"><div class=\"fusion-toggle-icon-wrapper-main\"><div class=\"fusion-toggle-icon-wrapper-sub\"><i class=\"fa-fusion-box active-icon awb-icon-minus\" aria-hidden=\"true\"><\/i><i class=\"fa-fusion-box inactive-icon awb-icon-plus\" aria-hidden=\"true\"><\/i><\/div><\/div><\/div><div class=\"fusion-toggle-heading\">Dois-je effectuer des analyses de sang avant la greffe ?<\/div><\/a><\/h4><\/div><div id=\"collapse-1-4899\" aria-labelledby=\"faq_1-4899\" class=\"panel-collapse collapse\"><div class=\"panel-body toggle-content post-content\"><p>Oui, la plupart des cliniques exigent des analyses de sang de routine pour v\u00e9rifier la pr\u00e9sence d&rsquo;infections, la capacit\u00e9 de coagulation du sang et l&rsquo;\u00e9tat de sant\u00e9 g\u00e9n\u00e9ral. Ces tests permettent d&rsquo;assurer une proc\u00e9dure s\u00fbre et une r\u00e9cup\u00e9ration optimale. <\/p>\n<\/div><\/div><\/div><div class=\"fusion-panel fusion-toggle-no-divider fusion-toggle-boxed-mode panel-default fusion-faq-post fusion-faq-post-4895 avant-le-traitement \"><span class=\"entry-title rich-snippet-hidden\">Dois-je couper ou raser mes cheveux avant la greffe ?<\/span><span class=\"vcard rich-snippet-hidden\"><span class=\"fn\"><a href=\"https:\/\/rehaira.com\/fr\/author\/admin_3a81wdyw\/\" title=\"Articles par admin\" rel=\"author\">admin<\/a><\/span><\/span><span class=\"updated rich-snippet-hidden\">2025-09-06T06:16:13+03:00<\/span><div class=\"panel-heading\"><h4 id=\"faq_1-4895\" class=\"panel-title toggle\"><a data-toggle=\"collapse\" class=\"collapsed\" data-parent=\"#accordian-1\" data-target=\"#collapse-1-4895\" href=\"#collapse-1-4895\" aria-expanded=\"false\"><div class=\"fusion-toggle-icon-wrapper\"><div class=\"fusion-toggle-icon-wrapper-main\"><div class=\"fusion-toggle-icon-wrapper-sub\"><i class=\"fa-fusion-box active-icon awb-icon-minus\" aria-hidden=\"true\"><\/i><i class=\"fa-fusion-box inactive-icon awb-icon-plus\" aria-hidden=\"true\"><\/i><\/div><\/div><\/div><div class=\"fusion-toggle-heading\">Dois-je couper ou raser mes cheveux avant la greffe ?<\/div><\/a><\/h4><\/div><div id=\"collapse-1-4895\" aria-labelledby=\"faq_1-4895\" class=\"panel-collapse collapse\"><div class=\"panel-body toggle-content post-content\"><p>Dans la plupart des cas, la clinique s&rsquo;occupera de toute coupe ou rasage n\u00e9cessaire pour l&rsquo;intervention. Pour certaines techniques comme le DHI, le rasage peut ne pas \u00eatre du tout n\u00e9cessaire. Votre \u00e9quipe m\u00e9dicale vous donnera des instructions sp\u00e9cifiques en fonction de votre plan de traitement.  <\/p>\n<\/div><\/div><\/div><div class=\"fusion-panel fusion-toggle-no-divider fusion-toggle-boxed-mode panel-default fusion-faq-post fusion-faq-post-4891 avant-le-traitement \"><span class=\"entry-title rich-snippet-hidden\">Puis-je utiliser un traitement topique contre la chute des cheveux avant ma greffe capillaire ?<\/span><span class=\"vcard rich-snippet-hidden\"><span class=\"fn\"><a href=\"https:\/\/rehaira.com\/fr\/author\/admin_3a81wdyw\/\" title=\"Articles par admin\" rel=\"author\">admin<\/a><\/span><\/span><span class=\"updated rich-snippet-hidden\">2025-09-06T06:16:31+03:00<\/span><div class=\"panel-heading\"><h4 id=\"faq_1-4891\" class=\"panel-title toggle\"><a data-toggle=\"collapse\" class=\"collapsed\" data-parent=\"#accordian-1\" data-target=\"#collapse-1-4891\" href=\"#collapse-1-4891\" aria-expanded=\"false\"><div class=\"fusion-toggle-icon-wrapper\"><div class=\"fusion-toggle-icon-wrapper-main\"><div class=\"fusion-toggle-icon-wrapper-sub\"><i class=\"fa-fusion-box active-icon awb-icon-minus\" aria-hidden=\"true\"><\/i><i class=\"fa-fusion-box inactive-icon awb-icon-plus\" aria-hidden=\"true\"><\/i><\/div><\/div><\/div><div class=\"fusion-toggle-heading\">Puis-je utiliser un traitement topique contre la chute des cheveux avant ma greffe capillaire ?<\/div><\/a><\/h4><\/div><div id=\"collapse-1-4891\" aria-labelledby=\"faq_1-4891\" class=\"panel-collapse collapse\"><div class=\"panel-body toggle-content post-content\"><p>Les traitements topiques l\u00e9gers sont g\u00e9n\u00e9ralement acceptables jusqu&rsquo;\u00e0 quelques jours avant l&rsquo;intervention, mais certains produits peuvent irriter le cuir chevelu ou affecter la cicatrisation. Votre \u00e9quipe m\u00e9dicale vous indiquera pr\u00e9cis\u00e9ment quand arr\u00eater leur utilisation avant la proc\u00e9dure. <\/p>\n<\/div><\/div><\/div><div class=\"fusion-panel fusion-toggle-no-divider fusion-toggle-boxed-mode panel-default fusion-faq-post fusion-faq-post-4877 avant-le-traitement \"><span class=\"entry-title rich-snippet-hidden\">Dois-je manger ou boire avant l&rsquo;intervention&nbsp;?<\/span><span class=\"vcard rich-snippet-hidden\"><span class=\"fn\"><a href=\"https:\/\/rehaira.com\/fr\/author\/admin_3a81wdyw\/\" title=\"Articles par admin\" rel=\"author\">admin<\/a><\/span><\/span><span class=\"updated rich-snippet-hidden\">2025-09-06T06:16:52+03:00<\/span><div class=\"panel-heading\"><h4 id=\"faq_1-4877\" class=\"panel-title toggle\"><a data-toggle=\"collapse\" class=\"collapsed\" data-parent=\"#accordian-1\" data-target=\"#collapse-1-4877\" href=\"#collapse-1-4877\" aria-expanded=\"false\"><div class=\"fusion-toggle-icon-wrapper\"><div class=\"fusion-toggle-icon-wrapper-main\"><div class=\"fusion-toggle-icon-wrapper-sub\"><i class=\"fa-fusion-box active-icon awb-icon-minus\" aria-hidden=\"true\"><\/i><i class=\"fa-fusion-box inactive-icon awb-icon-plus\" aria-hidden=\"true\"><\/i><\/div><\/div><\/div><div class=\"fusion-toggle-heading\">Dois-je manger ou boire avant l&rsquo;intervention&nbsp;?<\/div><\/a><\/h4><\/div><div id=\"collapse-1-4877\" aria-labelledby=\"faq_1-4877\" class=\"panel-collapse collapse\"><div class=\"panel-body toggle-content post-content\"><p>Si votre greffe se d\u00e9roule sous anesth\u00e9sie locale, un repas l\u00e9ger est g\u00e9n\u00e9ralement recommand\u00e9 pour maintenir votre niveau d&rsquo;\u00e9nergie stable. \u00c9vitez les aliments tr\u00e8s lourds ou gras le matin de votre intervention. <\/p>\n<\/div><\/div><\/div><div class=\"fusion-panel fusion-toggle-no-divider fusion-toggle-boxed-mode panel-default fusion-faq-post fusion-faq-post-4872 avant-le-traitement \"><span class=\"entry-title rich-snippet-hidden\">Dois-je \u00e9viter la caf\u00e9ine avant la greffe ?<\/span><span class=\"vcard rich-snippet-hidden\"><span class=\"fn\"><a href=\"https:\/\/rehaira.com\/fr\/author\/admin_3a81wdyw\/\" title=\"Articles par admin\" rel=\"author\">admin<\/a><\/span><\/span><span class=\"updated rich-snippet-hidden\">2025-09-06T06:17:13+03:00<\/span><div class=\"panel-heading\"><h4 id=\"faq_1-4872\" class=\"panel-title toggle\"><a data-toggle=\"collapse\" class=\"collapsed\" data-parent=\"#accordian-1\" data-target=\"#collapse-1-4872\" href=\"#collapse-1-4872\" aria-expanded=\"false\"><div class=\"fusion-toggle-icon-wrapper\"><div class=\"fusion-toggle-icon-wrapper-main\"><div class=\"fusion-toggle-icon-wrapper-sub\"><i class=\"fa-fusion-box active-icon awb-icon-minus\" aria-hidden=\"true\"><\/i><i class=\"fa-fusion-box inactive-icon awb-icon-plus\" aria-hidden=\"true\"><\/i><\/div><\/div><\/div><div class=\"fusion-toggle-heading\">Dois-je \u00e9viter la caf\u00e9ine avant la greffe ?<\/div><\/a><\/h4><\/div><div id=\"collapse-1-4872\" aria-labelledby=\"faq_1-4872\" class=\"panel-collapse collapse\"><div class=\"panel-body toggle-content post-content\"><p>Il est pr\u00e9f\u00e9rable de limiter la caf\u00e9ine le jour de votre intervention car elle peut augmenter la sensibilit\u00e9 et potentiellement affecter les saignements.<\/p>\n<\/div><\/div><\/div><div class=\"fusion-panel fusion-toggle-no-divider fusion-toggle-boxed-mode panel-default fusion-faq-post fusion-faq-post-4870 avant-le-traitement \"><span class=\"entry-title rich-snippet-hidden\">Puis-je coiffer mes cheveux ou utiliser des produits capillaires avant ma greffe de cheveux ?<\/span><span class=\"vcard rich-snippet-hidden\"><span class=\"fn\"><a href=\"https:\/\/rehaira.com\/fr\/author\/admin_3a81wdyw\/\" title=\"Articles par admin\" rel=\"author\">admin<\/a><\/span><\/span><span class=\"updated rich-snippet-hidden\">2025-09-06T06:17:32+03:00<\/span><div class=\"panel-heading\"><h4 id=\"faq_1-4870\" class=\"panel-title toggle\"><a data-toggle=\"collapse\" class=\"collapsed\" data-parent=\"#accordian-1\" data-target=\"#collapse-1-4870\" href=\"#collapse-1-4870\" aria-expanded=\"false\"><div class=\"fusion-toggle-icon-wrapper\"><div class=\"fusion-toggle-icon-wrapper-main\"><div class=\"fusion-toggle-icon-wrapper-sub\"><i class=\"fa-fusion-box active-icon awb-icon-minus\" aria-hidden=\"true\"><\/i><i class=\"fa-fusion-box inactive-icon awb-icon-plus\" aria-hidden=\"true\"><\/i><\/div><\/div><\/div><div class=\"fusion-toggle-heading\">Puis-je coiffer mes cheveux ou utiliser des produits capillaires avant ma greffe de cheveux ?<\/div><\/a><\/h4><\/div><div id=\"collapse-1-4870\" aria-labelledby=\"faq_1-4870\" class=\"panel-collapse collapse\"><div class=\"panel-body toggle-content post-content\"><p>Le jour de votre intervention, pr\u00e9sentez-vous avec des cheveux propres, sans produit. \u00c9vitez les gels, les sprays ou les cr\u00e8mes coiffantes, car ils peuvent interf\u00e9rer avec la pr\u00e9cision chirurgicale. <\/p>\n<\/div><\/div><\/div><div class=\"fusion-panel fusion-toggle-no-divider fusion-toggle-boxed-mode panel-default fusion-faq-post fusion-faq-post-4855 avant-le-traitement \"><span class=\"entry-title rich-snippet-hidden\">Dois-je organiser le transport apr\u00e8s l&rsquo;intervention ?<\/span><span class=\"vcard rich-snippet-hidden\"><span class=\"fn\"><a href=\"https:\/\/rehaira.com\/fr\/author\/admin_3a81wdyw\/\" title=\"Articles par admin\" rel=\"author\">admin<\/a><\/span><\/span><span class=\"updated rich-snippet-hidden\">2025-09-06T06:17:52+03:00<\/span><div class=\"panel-heading\"><h4 id=\"faq_1-4855\" class=\"panel-title toggle\"><a data-toggle=\"collapse\" class=\"collapsed\" data-parent=\"#accordian-1\" data-target=\"#collapse-1-4855\" href=\"#collapse-1-4855\" aria-expanded=\"false\"><div class=\"fusion-toggle-icon-wrapper\"><div class=\"fusion-toggle-icon-wrapper-main\"><div class=\"fusion-toggle-icon-wrapper-sub\"><i class=\"fa-fusion-box active-icon awb-icon-minus\" aria-hidden=\"true\"><\/i><i class=\"fa-fusion-box inactive-icon awb-icon-plus\" aria-hidden=\"true\"><\/i><\/div><\/div><\/div><div class=\"fusion-toggle-heading\">Dois-je organiser le transport apr\u00e8s l&rsquo;intervention ?<\/div><\/a><\/h4><\/div><div id=\"collapse-1-4855\" aria-labelledby=\"faq_1-4855\" class=\"panel-collapse collapse\"><div class=\"panel-body toggle-content post-content\"><p>Oui, m\u00eame si une anesth\u00e9sie locale est utilis\u00e9e, vous pourriez vous sentir fatigu\u00e9 ou \u00e9tourdi apr\u00e8s l&rsquo;intervention. Il est plus s\u00fbr et plus confortable de faire appel \u00e0 quelqu&rsquo;un pour vous ramener chez vous. <\/p>\n<\/div><\/div><\/div><\/div><\/div><\/div><\/div><\/div><\/div><\/div><\/div>\n","protected":false},"excerpt":{"rendered":"<p>Apprenez \u00e0 vous pr\u00e9parer \u00e0 votre greffe de cheveux pour obtenir le meilleur r\u00e9sultat possible.<\/p>\n","protected":false},"author":1,"featured_media":0,"parent":3376,"menu_order":0,"comment_status":"closed","ping_status":"closed","template":"100-width.php","meta":{"_acf_changed":false,"footnotes":""},"class_list":["post-3484","page","type-page","status-publish","hentry"],"acf":[],"_links":{"self":[{"href":"https:\/\/rehaira.com\/fr\/wp-json\/wp\/v2\/pages\/3484","targetHints":{"allow":["GET"]}}],"collection":[{"href":"https:\/\/rehaira.com\/fr\/wp-json\/wp\/v2\/pages"}],"about":[{"href":"https:\/\/rehaira.com\/fr\/wp-json\/wp\/v2\/types\/page"}],"author":[{"embeddable":true,"href":"https:\/\/rehaira.com\/fr\/wp-json\/wp\/v2\/users\/1"}],"replies":[{"embeddable":true,"href":"https:\/\/rehaira.com\/fr\/wp-json\/wp\/v2\/comments?post=3484"}],"version-history":[{"count":10,"href":"https:\/\/rehaira.com\/fr\/wp-json\/wp\/v2\/pages\/3484\/revisions"}],"predecessor-version":[{"id":3529,"href":"https:\/\/rehaira.com\/fr\/wp-json\/wp\/v2\/pages\/3484\/revisions\/3529"}],"up":[{"embeddable":true,"href":"https:\/\/rehaira.com\/fr\/wp-json\/wp\/v2\/pages\/3376"}],"wp:attachment":[{"href":"https:\/\/rehaira.com\/fr\/wp-json\/wp\/v2\/media?parent=3484"}],"curies":[{"name":"wp","href":"https:\/\/api.w.org\/{rel}","templated":true}]}}