{"id":3541,"date":"2025-08-03T13:59:13","date_gmt":"2025-08-03T10:59:13","guid":{"rendered":"https:\/\/rehaira.com\/faq-questions-frequemment-posees\/soins-post-operatoires-et-recuperation\/"},"modified":"2025-10-03T14:26:35","modified_gmt":"2025-10-03T11:26:35","slug":"soins-post-operatoires-et-recuperation","status":"publish","type":"page","link":"https:\/\/rehaira.com\/fr\/faq-questions-frequemment-posees\/soins-post-operatoires-et-recuperation\/","title":{"rendered":"Soins post-op\u00e9ratoires et r\u00e9cup\u00e9ration"},"content":{"rendered":"<div class=\"fusion-fullwidth fullwidth-box fusion-builder-row-1 fusion-flex-container has-pattern-background has-mask-background nonhundred-percent-fullwidth non-hundred-percent-height-scrolling\" style=\"--awb-border-radius-top-left:0px;--awb-border-radius-top-right:0px;--awb-border-radius-bottom-right:0px;--awb-border-radius-bottom-left:0px;--awb-flex-wrap:wrap;\" ><div class=\"fusion-builder-row fusion-row fusion-flex-align-items-flex-start fusion-flex-content-wrap\" style=\"max-width:1248px;margin-left: calc(-4% \/ 2 );margin-right: calc(-4% \/ 2 );\"><div class=\"fusion-layout-column fusion_builder_column fusion-builder-column-0 fusion_builder_column_1_1 1_1 fusion-flex-column\" style=\"--awb-bg-size:cover;--awb-width-large:100%;--awb-margin-top-large:0px;--awb-spacing-right-large:1.92%;--awb-margin-bottom-large:20px;--awb-spacing-left-large:1.92%;--awb-width-medium:100%;--awb-order-medium:0;--awb-spacing-right-medium:1.92%;--awb-spacing-left-medium:1.92%;--awb-width-small:100%;--awb-order-small:0;--awb-spacing-right-small:1.92%;--awb-spacing-left-small:1.92%;\"><div class=\"fusion-column-wrapper fusion-column-has-shadow fusion-flex-justify-content-flex-start fusion-content-layout-column\"><\/div><\/div><\/div><\/div>\n","protected":false},"excerpt":{"rendered":"<p>Tout ce que vous devez savoir sur la gu\u00e9rison et les soins de vos cheveux apr\u00e8s l&rsquo;intervention.<\/p>\n","protected":false},"author":1,"featured_media":0,"parent":3376,"menu_order":0,"comment_status":"closed","ping_status":"closed","template":"100-width.php","meta":{"_acf_changed":false,"footnotes":""},"class_list":["post-3541","page","type-page","status-publish","hentry"],"acf":[],"_links":{"self":[{"href":"https:\/\/rehaira.com\/fr\/wp-json\/wp\/v2\/pages\/3541","targetHints":{"allow":["GET"]}}],"collection":[{"href":"https:\/\/rehaira.com\/fr\/wp-json\/wp\/v2\/pages"}],"about":[{"href":"https:\/\/rehaira.com\/fr\/wp-json\/wp\/v2\/types\/page"}],"author":[{"embeddable":true,"href":"https:\/\/rehaira.com\/fr\/wp-json\/wp\/v2\/users\/1"}],"replies":[{"embeddable":true,"href":"https:\/\/rehaira.com\/fr\/wp-json\/wp\/v2\/comments?post=3541"}],"version-history":[{"count":2,"href":"https:\/\/rehaira.com\/fr\/wp-json\/wp\/v2\/pages\/3541\/revisions"}],"predecessor-version":[{"id":3547,"href":"https:\/\/rehaira.com\/fr\/wp-json\/wp\/v2\/pages\/3541\/revisions\/3547"}],"up":[{"embeddable":true,"href":"https:\/\/rehaira.com\/fr\/wp-json\/wp\/v2\/pages\/3376"}],"wp:attachment":[{"href":"https:\/\/rehaira.com\/fr\/wp-json\/wp\/v2\/media?parent=3541"}],"curies":[{"name":"wp","href":"https:\/\/api.w.org\/{rel}","templated":true}]}}