{"id":2997,"date":"2025-08-02T20:50:10","date_gmt":"2025-08-02T17:50:10","guid":{"rendered":"https:\/\/rehaira.com\/informativa-sulla-privacy\/"},"modified":"2025-10-23T10:22:32","modified_gmt":"2025-10-23T07:22:32","slug":"informativa-sulla-privacy","status":"publish","type":"page","link":"https:\/\/rehaira.com\/it\/informativa-sulla-privacy\/","title":{"rendered":"Informativa sulla privacy"},"content":{"rendered":"<h1 data-start=\"380\" data-end=\"402\"><strong data-start=\"382\" data-end=\"400\">Informativa sulla privacy<\/strong><\/h1>\n<p data-start=\"403\" data-end=\"478\"><strong data-start=\"403\" data-end=\"422\">Data di entrata in vigore:<\/strong> 23 ottobre 2025<br data-start=\"439\" data-end=\"442\"><strong data-start=\"442\" data-end=\"459\">Ultimo aggiornamento:<\/strong> 23 ottobre 2025<\/p>\n<h2 data-start=\"480\" data-end=\"500\">1. Introduzione<\/h2>\n<p data-start=\"501\" data-end=\"902\">La presente Informativa sulla privacy spiega come <strong data-start=\"534\" data-end=\"608\">REHA\u0130RA SA\u011eLIK TUR\u0130ZM \u0130N\u015eAAT TEKST\u0130L SANAY\u0130 VE T\u0130CARET L\u0130M\u0130TED \u015e\u0130RKET\u0130<\/strong>, operante con il marchio <strong data-start=\"641\" data-end=\"664\">Rehaira Hair Clinic<\/strong> (\u201c<strong data-start=\"667\" data-end=\"678\">Rehaira<\/strong>\u201d, \u201c<strong data-start=\"682\" data-end=\"688\">noi<\/strong>\u201d, \u201c<strong data-start=\"692\" data-end=\"699\">nostro<\/strong>\u201d o \u201c<strong data-start=\"706\" data-end=\"720\">la clinica<\/strong>\u201d), raccoglie, utilizza, divulga e protegge i tuoi dati personali quando visiti il nostro sito web, utilizzi i nostri servizi o interagisci con le nostre pubblicit\u00e0 e i canali di comunicazione digitali.<\/p>\n<p data-start=\"904\" data-end=\"1168\">Rehaira si impegna a proteggere la tua privacy e a garantire che i tuoi dati personali siano trattati in conformit\u00e0 con il <strong data-start=\"1023\" data-end=\"1071\">Regolamento generale sulla protezione dei dati (GDPR) dell&#8217;UE<\/strong>, la <strong data-start=\"1077\" data-end=\"1108\">legge sulla protezione dei dati del Regno Unito del 2018<\/strong> e la <strong data-start=\"1118\" data-end=\"1165\">legge turca sulla protezione dei dati personali (KVKK)<\/strong>.<\/p>\n<hr data-start=\"1170\" data-end=\"1173\">\n<h2 data-start=\"1175\" data-end=\"1198\">2. Dati che raccogliamo<\/h2>\n<p data-start=\"1199\" data-end=\"1309\">A seconda di come interagisci con noi, potremmo raccogliere ed elaborare le seguenti categorie di dati personali:<\/p>\n<ul data-start=\"1311\" data-end=\"1793\">\n<li data-start=\"1311\" data-end=\"1374\">\n<p data-start=\"1313\" data-end=\"1374\"><strong data-start=\"1313\" data-end=\"1338\">Informazioni sull&#8217;identit\u00e0:<\/strong> Nome completo, data di nascita, sesso.<\/p>\n<\/li>\n<li data-start=\"1375\" data-end=\"1451\">\n<p data-start=\"1377\" data-end=\"1451\"><strong data-start=\"1377\" data-end=\"1401\">Informazioni di contatto:<\/strong> Indirizzo email, numero di telefono, paese e citt\u00e0.<\/p>\n<\/li>\n<li data-start=\"1452\" data-end=\"1602\">\n<p data-start=\"1454\" data-end=\"1602\"><strong data-start=\"1454\" data-end=\"1478\">Informazioni mediche:<\/strong> Condizione di perdita dei capelli, dettagli dell&#8217;analisi del cuoio capelluto e anamnesi medica rilevante (elaborati solo con il tuo consenso esplicito).<\/p>\n<\/li>\n<li data-start=\"1603\" data-end=\"1693\">\n<p data-start=\"1605\" data-end=\"1693\"><strong data-start=\"1605\" data-end=\"1624\">Dati tecnici:<\/strong> Indirizzo IP, dettagli del dispositivo, tipo di browser, cookie e registri di utilizzo.<\/p>\n<\/li>\n<li data-start=\"1694\" data-end=\"1793\">\n<p data-start=\"1696\" data-end=\"1793\"><strong data-start=\"1696\" data-end=\"1715\">Dati di marketing:<\/strong> Preferenze, feedback e cronologia di coinvolgimento dai nostri annunci o moduli online.<\/p>\n<\/li>\n<\/ul>\n<hr data-start=\"1795\" data-end=\"1798\">\n<h2 data-start=\"1800\" data-end=\"1834\">3. Scopo del trattamento dei dati<\/h2>\n<p data-start=\"1835\" data-end=\"1865\">Elaboriamo i dati personali per:<\/p>\n<ul data-start=\"1867\" data-end=\"2153\">\n<li data-start=\"1867\" data-end=\"1930\">\n<p data-start=\"1869\" data-end=\"1930\">Fornire analisi dei capelli, consulenze e pianificazione medica,<\/p>\n<\/li>\n<li data-start=\"1931\" data-end=\"1993\">\n<p data-start=\"1933\" data-end=\"1993\">Comunicare con te in merito ad appuntamenti e richieste di informazioni,<\/p>\n<\/li>\n<li data-start=\"1994\" data-end=\"2042\">\n<p data-start=\"1996\" data-end=\"2042\">Migliorare i nostri servizi e l&#8217;esperienza del paziente,<\/p>\n<\/li>\n<li data-start=\"2043\" data-end=\"2090\">\n<p data-start=\"2045\" data-end=\"2090\">Gestire campagne pubblicitarie e di marketing,<\/p>\n<\/li>\n<li data-start=\"2091\" data-end=\"2153\">\n<p data-start=\"2093\" data-end=\"2153\">Adempiere ai nostri obblighi legali e conservare le cartelle cliniche dei pazienti.<\/p>\n<\/li>\n<\/ul>\n<hr data-start=\"2155\" data-end=\"2158\">\n<h2 data-start=\"2160\" data-end=\"2194\">4. Base giuridica per il trattamento<\/h2>\n<p data-start=\"2195\" data-end=\"2256\">Elaboriamo i tuoi dati personali sulle seguenti basi giuridiche:<\/p>\n<ul data-start=\"2258\" data-end=\"2493\">\n<li data-start=\"2258\" data-end=\"2288\">\n<p data-start=\"2260\" data-end=\"2288\"><strong data-start=\"2260\" data-end=\"2285\">Il tuo consenso esplicito<\/strong>,<\/p>\n<\/li>\n<li data-start=\"2289\" data-end=\"2366\">\n<p data-start=\"2291\" data-end=\"2366\"><strong data-start=\"2291\" data-end=\"2320\">Esecuzione di un contratto<\/strong> (ad esempio, consulenza o pianificazione del trattamento),<\/p>\n<\/li>\n<li data-start=\"2367\" data-end=\"2409\">\n<p data-start=\"2369\" data-end=\"2409\"><strong data-start=\"2369\" data-end=\"2406\">Conformit\u00e0 agli obblighi legali<\/strong>,<\/p>\n<\/li>\n<li data-start=\"2410\" data-end=\"2493\">\n<p data-start=\"2412\" data-end=\"2493\"><strong data-start=\"2412\" data-end=\"2436\">Interessi legittimi<\/strong> nel migliorare la qualit\u00e0 del servizio e la soddisfazione del paziente.<\/p>\n<\/li>\n<\/ul>\n<hr data-start=\"2495\" data-end=\"2498\">\n<h2 data-start=\"2500\" data-end=\"2527\">5. Come raccogliamo i dati<\/h2>\n<p data-start=\"2528\" data-end=\"2565\">I tuoi dati possono essere raccolti tramite:<\/p>\n<ul data-start=\"2567\" data-end=\"2842\">\n<li data-start=\"2567\" data-end=\"2643\">\n<p data-start=\"2569\" data-end=\"2643\">Moduli online sul nostro sito web (ad esempio, analisi gratuita dei capelli o moduli di contatto),<\/p>\n<\/li>\n<li data-start=\"2644\" data-end=\"2716\">\n<p data-start=\"2646\" data-end=\"2716\">Piattaforme di messaggistica (WhatsApp, Instagram, Facebook Messenger, ecc.),<\/p>\n<\/li>\n<li data-start=\"2717\" data-end=\"2774\">\n<p data-start=\"2719\" data-end=\"2774\">Campagne pubblicitarie (Meta, Google Ads, TikTok Ads),<\/p>\n<\/li>\n<li data-start=\"2775\" data-end=\"2842\">\n<p data-start=\"2777\" data-end=\"2842\">Email, telefono o comunicazione diretta con i nostri rappresentanti.<\/p>\n<\/li>\n<\/ul>\n<hr data-start=\"2844\" data-end=\"2847\">\n<h2 data-start=\"2849\" data-end=\"2897\">6. Condivisione dei dati e trasferimenti internazionali<\/h2>\n<p data-start=\"2898\" data-end=\"3016\">Potremmo condividere i dati personali con partner e fornitori di servizi fidati per gli scopi sopra elencati. Ci\u00f2 include: <\/p>\n<ul data-start=\"3018\" data-end=\"3245\">\n<li data-start=\"3018\" data-end=\"3096\">\n<p data-start=\"3020\" data-end=\"3096\"><strong data-start=\"3020\" data-end=\"3065\">Professionisti medici e cliniche partner<\/strong>, per il coordinamento del trattamento,<\/p>\n<\/li>\n<li data-start=\"3097\" data-end=\"3179\">\n<p data-start=\"3099\" data-end=\"3179\"><strong data-start=\"3099\" data-end=\"3144\">Fornitori di marketing digitale e analisi<\/strong>, per ottimizzare le prestazioni online,<\/p>\n<\/li>\n<li data-start=\"3180\" data-end=\"3245\">\n<p data-start=\"3182\" data-end=\"3245\"><strong data-start=\"3182\" data-end=\"3220\">Autorit\u00e0 legali e governative<\/strong>, quando richiesto dalla legge.<\/p>\n<\/li>\n<\/ul>\n<p data-start=\"3247\" data-end=\"3451\">Ogni volta che i dati vengono trasferiti al di fuori dello Spazio economico europeo (SEE), ci assicuriamo che siano in atto adeguate garanzie, come le <strong data-start=\"3373\" data-end=\"3412\">clausole contrattuali standard (SCC)<\/strong> approvate dalla Commissione europea.<\/p>\n<p data-start=\"3453\" data-end=\"3515\">I tuoi dati personali non vengono mai venduti o affittati a terzi.<\/p>\n<hr data-start=\"3517\" data-end=\"3520\">\n<h2 data-start=\"3522\" data-end=\"3563\">7. Cookie e tecnologie di tracciamento<\/h2>\n<p data-start=\"3564\" data-end=\"3739\">Il nostro sito web utilizza i cookie per migliorare l&#8217;esperienza dell&#8217;utente, analizzare il traffico e personalizzare i contenuti.<br data-start=\"3658\" data-end=\"3661\">Puoi gestire o disabilitare i cookie tramite le impostazioni del tuo browser in qualsiasi momento.<\/p>\n<hr data-start=\"3741\" data-end=\"3744\">\n<h2 data-start=\"3746\" data-end=\"3768\">8. Conservazione dei dati<\/h2>\n<p data-start=\"3769\" data-end=\"3984\">Conserviamo i dati personali solo per il tempo necessario a soddisfare le finalit\u00e0 descritte nella presente informativa o come richiesto dalla legge applicabile. Una volta scaduti i periodi di conservazione, i dati verranno cancellati o resi anonimi in modo sicuro. <\/p>\n<hr data-start=\"3986\" data-end=\"3989\">\n<h2 data-start=\"3991\" data-end=\"4023\">9. I tuoi diritti (ai sensi del GDPR)<\/h2>\n<p data-start=\"4024\" data-end=\"4085\">Hai i seguenti diritti in merito ai tuoi dati personali:<\/p>\n<ul data-start=\"4087\" data-end=\"4299\">\n<li data-start=\"4087\" data-end=\"4117\">\n<p data-start=\"4089\" data-end=\"4117\">Accedere ai tuoi dati personali,<\/p>\n<\/li>\n<li data-start=\"4118\" data-end=\"4153\">\n<p data-start=\"4120\" data-end=\"4153\">Richiedere la correzione o la cancellazione,<\/p>\n<\/li>\n<li data-start=\"4154\" data-end=\"4191\">\n<p data-start=\"4156\" data-end=\"4191\">Limitare o opporti al trattamento,<\/p>\n<\/li>\n<li data-start=\"4192\" data-end=\"4221\">\n<p data-start=\"4194\" data-end=\"4221\">Richiedere la portabilit\u00e0 dei dati,<\/p>\n<\/li>\n<li data-start=\"4222\" data-end=\"4299\">\n<p data-start=\"4224\" data-end=\"4299\">Revocare il consenso in qualsiasi momento (senza pregiudicare il precedente trattamento lecito).<\/p>\n<\/li>\n<\/ul>\n<p data-start=\"4301\" data-end=\"4364\">Per esercitare tali diritti, contattaci all&#8217;indirizzo <strong data-start=\"4341\" data-end=\"4361\"><a class=\"decorated-link cursor-pointer\" rel=\"noopener\" data-start=\"4343\" data-end=\"4359\">info@rehaira.com<\/a><\/strong>.<\/p>\n<hr data-start=\"4366\" data-end=\"4369\">\n<h2 data-start=\"4371\" data-end=\"4393\">10. Sicurezza dei dati<\/h2>\n<p data-start=\"4394\" data-end=\"4640\">Rehaira adotta misure tecniche e organizzative appropriate per proteggere i tuoi dati personali da accessi non autorizzati, alterazioni, divulgazioni o distruzioni.<br data-start=\"4558\" data-end=\"4561\">Tutti i trasferimenti di dati attraverso il nostro sito web sono protetti con <strong data-start=\"4619\" data-end=\"4637\">crittografia SSL<\/strong>.<\/p>\n<hr data-start=\"4642\" data-end=\"4645\">\n<h2 data-start=\"4647\" data-end=\"4678\">11. Aggiornamenti alla presente informativa<\/h2>\n<p data-start=\"4679\" data-end=\"4942\">Potremmo aggiornare periodicamente la presente Informativa sulla privacy per riflettere modifiche legali o operative.<br data-start=\"4766\" data-end=\"4769\">L&#8217;ultima versione sar\u00e0 sempre disponibile all&#8217;indirizzo <a class=\"decorated-link\" href=\"https:\/\/www.rehaira.com\" target=\"_new\" rel=\"noopener\" data-start=\"4816\" data-end=\"4858\">www.rehaira.com<\/a>.<br data-start=\"4859\" data-end=\"4862\">In caso di aggiornamenti significativi, ti informeremo via email o sul nostro sito web.<\/p>\n<hr data-start=\"4944\" data-end=\"4947\">\n<h2 data-start=\"4949\" data-end=\"4977\">12. Informazioni di contatto<\/h2>\n<p data-start=\"4978\" data-end=\"5296\"><strong data-start=\"4978\" data-end=\"4998\">Titolare del trattamento dei dati:<\/strong><br data-start=\"4998\" data-end=\"5001\"><strong data-start=\"5001\" data-end=\"5075\">REHA\u0130RA SA\u011eLIK TUR\u0130ZM \u0130N\u015eAAT TEKST\u0130L SANAY\u0130 VE T\u0130CARET L\u0130M\u0130TED \u015e\u0130RKET\u0130<\/strong><br data-start=\"5075\" data-end=\"5078\"><strong data-start=\"5078\" data-end=\"5093\">Marchio:<\/strong> Rehaira Hair Clinic<br data-start=\"5113\" data-end=\"5116\"><strong data-start=\"5116\" data-end=\"5126\">Email:<\/strong> <a class=\"decorated-link cursor-pointer\" rel=\"noopener\" data-start=\"5127\" data-end=\"5143\">info@rehaira.com<\/a><br data-start=\"5143\" data-end=\"5146\"><strong data-start=\"5146\" data-end=\"5156\">Telefono:<\/strong> +90 501 005 44 99<br data-start=\"5174\" data-end=\"5177\"><strong data-start=\"5177\" data-end=\"5189\">Sito web:<\/strong> <a class=\"decorated-link\" href=\"https:\/\/www.rehaira.com\" target=\"_new\" rel=\"noopener\" data-start=\"5190\" data-end=\"5232\">www.rehaira.com<\/a><br data-start=\"5232\" data-end=\"5235\"><strong data-start=\"5235\" data-end=\"5247\">Indirizzo:<\/strong> Cihangir Mahallesi, E5 Yan yol, Londra Asfalt\u0131 Caddesi, B Blok No: 291\/1G, 34310 Avc\u0131lar\/\u0130stanbul<\/p>\n","protected":false},"excerpt":{"rendered":"<p>La tua privacy \u00e8 importante. Scopri come raccogliamo, archiviamo e proteggiamo i tuoi dati personali. <\/p>\n","protected":false},"author":1,"featured_media":0,"parent":0,"menu_order":0,"comment_status":"closed","ping_status":"closed","template":"100-width.php","meta":{"_acf_changed":false,"footnotes":""},"class_list":["post-2997","page","type-page","status-publish","hentry"],"acf":[],"_links":{"self":[{"href":"https:\/\/rehaira.com\/it\/wp-json\/wp\/v2\/pages\/2997","targetHints":{"allow":["GET"]}}],"collection":[{"href":"https:\/\/rehaira.com\/it\/wp-json\/wp\/v2\/pages"}],"about":[{"href":"https:\/\/rehaira.com\/it\/wp-json\/wp\/v2\/types\/page"}],"author":[{"embeddable":true,"href":"https:\/\/rehaira.com\/it\/wp-json\/wp\/v2\/users\/1"}],"replies":[{"embeddable":true,"href":"https:\/\/rehaira.com\/it\/wp-json\/wp\/v2\/comments?post=2997"}],"version-history":[{"count":2,"href":"https:\/\/rehaira.com\/it\/wp-json\/wp\/v2\/pages\/2997\/revisions"}],"predecessor-version":[{"id":9224,"href":"https:\/\/rehaira.com\/it\/wp-json\/wp\/v2\/pages\/2997\/revisions\/9224"}],"wp:attachment":[{"href":"https:\/\/rehaira.com\/it\/wp-json\/wp\/v2\/media?parent=2997"}],"curies":[{"name":"wp","href":"https:\/\/api.w.org\/{rel}","templated":true}]}}