{"id":3441,"date":"2025-08-03T13:39:31","date_gmt":"2025-08-03T10:39:31","guid":{"rendered":"https:\/\/rehaira.com\/faq-domande-frequenti\/informazioni-sulle-procedure-di-trapianto-di-capelli\/"},"modified":"2025-10-03T14:26:01","modified_gmt":"2025-10-03T11:26:01","slug":"informazioni-sulle-procedure-di-trapianto-di-capelli","status":"publish","type":"page","link":"https:\/\/rehaira.com\/it\/faq-domande-frequenti\/informazioni-sulle-procedure-di-trapianto-di-capelli\/","title":{"rendered":"Informazioni sulle procedure di trapianto di capelli"},"content":{"rendered":"<div class=\"fusion-fullwidth fullwidth-box fusion-builder-row-1 fusion-flex-container has-pattern-background has-mask-background nonhundred-percent-fullwidth non-hundred-percent-height-scrolling\" style=\"--awb-border-radius-top-left:0px;--awb-border-radius-top-right:0px;--awb-border-radius-bottom-right:0px;--awb-border-radius-bottom-left:0px;--awb-flex-wrap:wrap;\" ><div class=\"fusion-builder-row fusion-row fusion-flex-align-items-flex-start fusion-flex-content-wrap\" style=\"max-width:1248px;margin-left: calc(-4% \/ 2 );margin-right: calc(-4% \/ 2 );\"><div class=\"fusion-layout-column fusion_builder_column fusion-builder-column-0 fusion_builder_column_1_1 1_1 fusion-flex-column\" style=\"--awb-bg-size:cover;--awb-width-large:100%;--awb-margin-top-large:0px;--awb-spacing-right-large:1.92%;--awb-margin-bottom-large:20px;--awb-spacing-left-large:1.92%;--awb-width-medium:100%;--awb-order-medium:0;--awb-spacing-right-medium:1.92%;--awb-spacing-left-medium:1.92%;--awb-width-small:100%;--awb-order-small:0;--awb-spacing-right-small:1.92%;--awb-spacing-left-small:1.92%;\"><div class=\"fusion-column-wrapper fusion-column-has-shadow fusion-flex-justify-content-flex-start fusion-content-layout-column\"><style type=\"text\/css\">#accordian-1 .fusion-panel:hover,#accordian-1 .fusion-panel.hover{ background-color: var(--awb-custom_color_2) } #accordian-1 .fusion-panel { border-color:var(--awb-color6); border-width:1px; background-color:var(--awb-color6); }.fusion-accordian #accordian-1 .panel-title a .fa-fusion-box:before{ font-size: 16px;width: 16px;}.fusion-accordian #accordian-1 .panel-title a .fa-fusion-box{ color: var(--awb-color5);}.fusion-accordian  #accordian-1 .panel-title a{font-size:16px;font-family:\"Lexend Deca\";font-style:normal;font-weight:300;}.fusion-accordian  #accordian-1 .panel-title a:not(:hover){}.fusion-accordian  #accordian-1 .toggle-content{font-family:var(--awb-typography4-font-family);font-weight:var(--awb-typography4-font-weight);font-style:var(--awb-typography4-font-style);}.fusion-accordian #accordian-1 .panel-title a:hover,.fusion-accordian #accordian-1 .panel-title a.hover { color: var(--awb-color3);}.fusion-faq-shortcode .fusion-accordian #accordian-1 .fusion-toggle-boxed-mode:hover .panel-title a { color: var(--awb-color3);}.fusion-accordian #accordian-1.fusion-toggle-icon-unboxed .panel-title a:hover .fa-fusion-box,.fusion-accordian #accordian-1.fusion-toggle-icon-unboxed .panel-title a.hover .fa-fusion-box { color: var(--awb-color3); }.fusion-faqs-wrapper .fusion-accordian #accordian-1 .panel-title a.active{ color: var(--awb-color3) !important;}.fusion-faqs-wrapper .fusion-accordian  #accordian-1.fusion-toggle-icon-unboxed .fusion-panel .panel-title a.active .fa-fusion-box{ color: var(--awb-color3) !important;}<\/style><div class=\"fusion-faq-shortcode\" style=\"\"><div class=\"fusion-faqs-wrapper\"><div class=\"accordian fusion-accordian\"><div class=\"panel-group  fusion-toggle-icon-unboxed\" id=\"accordian-1\"><div class=\"fusion-panel fusion-toggle-no-divider fusion-toggle-boxed-mode panel-default fusion-faq-post fusion-faq-post-4397 informazioni-sulle-procedure-di-trapianto-di-capelli \"><span class=\"entry-title rich-snippet-hidden\">Cos&#8217;\u00e8 un trapianto di capelli?<\/span><span class=\"vcard rich-snippet-hidden\"><span class=\"fn\"><a href=\"https:\/\/rehaira.com\/it\/author\/admin_3a81wdyw\/\" title=\"Articoli scritti da admin\" rel=\"author\">admin<\/a><\/span><\/span><span class=\"updated rich-snippet-hidden\">2025-09-06T05:44:12+03:00<\/span><div class=\"panel-heading\"><h4 id=\"faq_1-4397\" class=\"panel-title toggle\"><a data-toggle=\"collapse\" class=\"collapsed\" data-parent=\"#accordian-1\" data-target=\"#collapse-1-4397\" href=\"#collapse-1-4397\" aria-expanded=\"false\"><div class=\"fusion-toggle-icon-wrapper\"><div class=\"fusion-toggle-icon-wrapper-main\"><div class=\"fusion-toggle-icon-wrapper-sub\"><i class=\"fa-fusion-box active-icon awb-icon-minus\" aria-hidden=\"true\"><\/i><i class=\"fa-fusion-box inactive-icon awb-icon-plus\" aria-hidden=\"true\"><\/i><\/div><\/div><\/div><div class=\"fusion-toggle-heading\">Cos&#8217;\u00e8 un trapianto di capelli?<\/div><\/a><\/h4><\/div><div id=\"collapse-1-4397\" aria-labelledby=\"faq_1-4397\" class=\"panel-collapse collapse\"><div class=\"panel-body toggle-content post-content\"><p>Un trapianto di capelli \u00e8 una procedura medica che sposta i follicoli piliferi sani da un&#8217;area con una crescita forte, conosciuta come area donatrice, ad aree affette da diradamento o calvizie. Una volta trapiantati, questi follicoli continuano a crescere naturalmente per tutta la vita. <\/p>\n<\/div><\/div><\/div><div class=\"fusion-panel fusion-toggle-no-divider fusion-toggle-boxed-mode panel-default fusion-faq-post fusion-faq-post-4394 informazioni-sulle-procedure-di-trapianto-di-capelli \"><span class=\"entry-title rich-snippet-hidden\">Come funziona un trapianto di capelli?<\/span><span class=\"vcard rich-snippet-hidden\"><span class=\"fn\"><a href=\"https:\/\/rehaira.com\/it\/author\/admin_3a81wdyw\/\" title=\"Articoli scritti da admin\" rel=\"author\">admin<\/a><\/span><\/span><span class=\"updated rich-snippet-hidden\">2025-09-06T05:44:40+03:00<\/span><div class=\"panel-heading\"><h4 id=\"faq_1-4394\" class=\"panel-title toggle\"><a data-toggle=\"collapse\" class=\"collapsed\" data-parent=\"#accordian-1\" data-target=\"#collapse-1-4394\" href=\"#collapse-1-4394\" aria-expanded=\"false\"><div class=\"fusion-toggle-icon-wrapper\"><div class=\"fusion-toggle-icon-wrapper-main\"><div class=\"fusion-toggle-icon-wrapper-sub\"><i class=\"fa-fusion-box active-icon awb-icon-minus\" aria-hidden=\"true\"><\/i><i class=\"fa-fusion-box inactive-icon awb-icon-plus\" aria-hidden=\"true\"><\/i><\/div><\/div><\/div><div class=\"fusion-toggle-heading\">Come funziona un trapianto di capelli?<\/div><\/a><\/h4><\/div><div id=\"collapse-1-4394\" aria-labelledby=\"faq_1-4394\" class=\"panel-collapse collapse\"><div class=\"panel-body toggle-content post-content\"><p>Il processo prevede l&#8217;estrazione individuale dei follicoli piliferi dall&#8217;area donatrice, solitamente la parte posteriore o laterale del cuoio capelluto, e il loro impianto nell&#8217;area ricevente. Ogni follicolo viene posizionato per corrispondere all&#8217;angolo, alla direzione e alla densit\u00e0 naturali dei capelli circostanti per un risultato impeccabile. <\/p>\n<\/div><\/div><\/div><div class=\"fusion-panel fusion-toggle-no-divider fusion-toggle-boxed-mode panel-default fusion-faq-post fusion-faq-post-5051 informazioni-sulle-procedure-di-trapianto-di-capelli \"><span class=\"entry-title rich-snippet-hidden\">Quali sono le diverse tecniche di trapianto di capelli disponibili?<\/span><span class=\"vcard rich-snippet-hidden\"><span class=\"fn\"><a href=\"https:\/\/rehaira.com\/it\/author\/admin_3a81wdyw\/\" title=\"Articoli scritti da admin\" rel=\"author\">admin<\/a><\/span><\/span><span class=\"updated rich-snippet-hidden\">2025-09-06T05:45:15+03:00<\/span><div class=\"panel-heading\"><h4 id=\"faq_1-5051\" class=\"panel-title toggle\"><a data-toggle=\"collapse\" class=\"collapsed\" data-parent=\"#accordian-1\" data-target=\"#collapse-1-5051\" href=\"#collapse-1-5051\" aria-expanded=\"false\"><div class=\"fusion-toggle-icon-wrapper\"><div class=\"fusion-toggle-icon-wrapper-main\"><div class=\"fusion-toggle-icon-wrapper-sub\"><i class=\"fa-fusion-box active-icon awb-icon-minus\" aria-hidden=\"true\"><\/i><i class=\"fa-fusion-box inactive-icon awb-icon-plus\" aria-hidden=\"true\"><\/i><\/div><\/div><\/div><div class=\"fusion-toggle-heading\">Quali sono le diverse tecniche di trapianto di capelli disponibili?<\/div><\/a><\/h4><\/div><div id=\"collapse-1-5051\" aria-labelledby=\"faq_1-5051\" class=\"panel-collapse collapse\"><div class=\"panel-body toggle-content post-content\"><p>I principali metodi di impianto sono la DHI (Direct Hair Implantation) e l&#8217;impianto zaffiro. In entrambi i metodi, la fase di estrazione viene eseguita utilizzando la FUE (Follicular Unit Extraction). La differenza sta nel modo in cui i follicoli vengono impiantati.  <\/p>\n<\/div><\/div><\/div><div class=\"fusion-panel fusion-toggle-no-divider fusion-toggle-boxed-mode panel-default fusion-faq-post fusion-faq-post-5036 informazioni-sulle-procedure-di-trapianto-di-capelli \"><span class=\"entry-title rich-snippet-hidden\">Qual \u00e8 la differenza tra FUE, DHI e FUE Zaffiro?<\/span><span class=\"vcard rich-snippet-hidden\"><span class=\"fn\"><a href=\"https:\/\/rehaira.com\/it\/author\/admin_3a81wdyw\/\" title=\"Articoli scritti da admin\" rel=\"author\">admin<\/a><\/span><\/span><span class=\"updated rich-snippet-hidden\">2025-09-06T05:46:10+03:00<\/span><div class=\"panel-heading\"><h4 id=\"faq_1-5036\" class=\"panel-title toggle\"><a data-toggle=\"collapse\" class=\"collapsed\" data-parent=\"#accordian-1\" data-target=\"#collapse-1-5036\" href=\"#collapse-1-5036\" aria-expanded=\"false\"><div class=\"fusion-toggle-icon-wrapper\"><div class=\"fusion-toggle-icon-wrapper-main\"><div class=\"fusion-toggle-icon-wrapper-sub\"><i class=\"fa-fusion-box active-icon awb-icon-minus\" aria-hidden=\"true\"><\/i><i class=\"fa-fusion-box inactive-icon awb-icon-plus\" aria-hidden=\"true\"><\/i><\/div><\/div><\/div><div class=\"fusion-toggle-heading\">Qual \u00e8 la differenza tra FUE, DHI e FUE Zaffiro?<\/div><\/a><\/h4><\/div><div id=\"collapse-1-5036\" aria-labelledby=\"faq_1-5036\" class=\"panel-collapse collapse\"><div class=\"panel-body toggle-content post-content\"><p>FUE si riferisce solo al metodo di estrazione, dove i follicoli vengono rimossi uno per uno dall&#8217;area donatrice. DHI e Zaffiro descrivono la fase di impianto. DHI utilizza una penna impiantatrice Choi per il posizionamento diretto senza pre-apertura dei canali, mentre la tecnica Zaffiro utilizza strumenti con punta in zaffiro fine per aprire i canali prima dell&#8217;impianto, consentendo una maggiore densit\u00e0 in aree calve pi\u00f9 ampie.  <\/p>\n<\/div><\/div><\/div><div class=\"fusion-panel fusion-toggle-no-divider fusion-toggle-boxed-mode panel-default fusion-faq-post fusion-faq-post-5032 informazioni-sulle-procedure-di-trapianto-di-capelli \"><span class=\"entry-title rich-snippet-hidden\">Qual \u00e8 la tecnica migliore per me?<\/span><span class=\"vcard rich-snippet-hidden\"><span class=\"fn\"><a href=\"https:\/\/rehaira.com\/it\/author\/admin_3a81wdyw\/\" title=\"Articoli scritti da admin\" rel=\"author\">admin<\/a><\/span><\/span><span class=\"updated rich-snippet-hidden\">2025-09-06T05:46:35+03:00<\/span><div class=\"panel-heading\"><h4 id=\"faq_1-5032\" class=\"panel-title toggle\"><a data-toggle=\"collapse\" class=\"collapsed\" data-parent=\"#accordian-1\" data-target=\"#collapse-1-5032\" href=\"#collapse-1-5032\" aria-expanded=\"false\"><div class=\"fusion-toggle-icon-wrapper\"><div class=\"fusion-toggle-icon-wrapper-main\"><div class=\"fusion-toggle-icon-wrapper-sub\"><i class=\"fa-fusion-box active-icon awb-icon-minus\" aria-hidden=\"true\"><\/i><i class=\"fa-fusion-box inactive-icon awb-icon-plus\" aria-hidden=\"true\"><\/i><\/div><\/div><\/div><div class=\"fusion-toggle-heading\">Qual \u00e8 la tecnica migliore per me?<\/div><\/a><\/h4><\/div><div id=\"collapse-1-5032\" aria-labelledby=\"faq_1-5032\" class=\"panel-collapse collapse\"><div class=\"panel-body toggle-content post-content\"><p>La scelta dipende dal tipo di perdita di capelli, dalla capacit\u00e0 dell&#8217;area donatrice e dai risultati desiderati. La tecnica DHI \u00e8 spesso preferita per aumentare la densit\u00e0 nelle aree con capelli esistenti, mentre la Zaffiro \u00e8 ideale per creare una copertura ad alta densit\u00e0 in aree completamente calve. Una consultazione approfondita determina l&#8217;approccio pi\u00f9 adatto.  <\/p>\n<\/div><\/div><\/div><div class=\"fusion-panel fusion-toggle-no-divider fusion-toggle-boxed-mode panel-default fusion-faq-post fusion-faq-post-5028 informazioni-sulle-procedure-di-trapianto-di-capelli \"><span class=\"entry-title rich-snippet-hidden\">Il metodo di estrazione \u00e8 sempre FUE, indipendentemente dalla tecnica di impianto?<\/span><span class=\"vcard rich-snippet-hidden\"><span class=\"fn\"><a href=\"https:\/\/rehaira.com\/it\/author\/admin_3a81wdyw\/\" title=\"Articoli scritti da admin\" rel=\"author\">admin<\/a><\/span><\/span><span class=\"updated rich-snippet-hidden\">2025-09-06T06:01:29+03:00<\/span><div class=\"panel-heading\"><h4 id=\"faq_1-5028\" class=\"panel-title toggle\"><a data-toggle=\"collapse\" class=\"collapsed\" data-parent=\"#accordian-1\" data-target=\"#collapse-1-5028\" href=\"#collapse-1-5028\" aria-expanded=\"false\"><div class=\"fusion-toggle-icon-wrapper\"><div class=\"fusion-toggle-icon-wrapper-main\"><div class=\"fusion-toggle-icon-wrapper-sub\"><i class=\"fa-fusion-box active-icon awb-icon-minus\" aria-hidden=\"true\"><\/i><i class=\"fa-fusion-box inactive-icon awb-icon-plus\" aria-hidden=\"true\"><\/i><\/div><\/div><\/div><div class=\"fusion-toggle-heading\">Il metodo di estrazione \u00e8 sempre FUE, indipendentemente dalla tecnica di impianto?<\/div><\/a><\/h4><\/div><div id=\"collapse-1-5028\" aria-labelledby=\"faq_1-5028\" class=\"panel-collapse collapse\"><div class=\"panel-body toggle-content post-content\"><p>S\u00ec. Presso Rehaira, tutti i follicoli vengono estratti con il metodo FUE, sia che la fase di impianto venga eseguita con DHI o Zaffiro. <\/p>\n<\/div><\/div><\/div><div class=\"fusion-panel fusion-toggle-no-divider fusion-toggle-boxed-mode panel-default fusion-faq-post fusion-faq-post-5015 informazioni-sulle-procedure-di-trapianto-di-capelli \"><span class=\"entry-title rich-snippet-hidden\">Come decidete se utilizzare DHI o zaffiro per l&#8217;impianto?<\/span><span class=\"vcard rich-snippet-hidden\"><span class=\"fn\"><a href=\"https:\/\/rehaira.com\/it\/author\/admin_3a81wdyw\/\" title=\"Articoli scritti da admin\" rel=\"author\">admin<\/a><\/span><\/span><span class=\"updated rich-snippet-hidden\">2025-09-06T06:02:08+03:00<\/span><div class=\"panel-heading\"><h4 id=\"faq_1-5015\" class=\"panel-title toggle\"><a data-toggle=\"collapse\" class=\"collapsed\" data-parent=\"#accordian-1\" data-target=\"#collapse-1-5015\" href=\"#collapse-1-5015\" aria-expanded=\"false\"><div class=\"fusion-toggle-icon-wrapper\"><div class=\"fusion-toggle-icon-wrapper-main\"><div class=\"fusion-toggle-icon-wrapper-sub\"><i class=\"fa-fusion-box active-icon awb-icon-minus\" aria-hidden=\"true\"><\/i><i class=\"fa-fusion-box inactive-icon awb-icon-plus\" aria-hidden=\"true\"><\/i><\/div><\/div><\/div><div class=\"fusion-toggle-heading\">Come decidete se utilizzare DHI o zaffiro per l&#8217;impianto?<\/div><\/a><\/h4><\/div><div id=\"collapse-1-5015\" aria-labelledby=\"faq_1-5015\" class=\"panel-collapse collapse\"><div class=\"panel-body toggle-content post-content\"><p>Valutiamo le dimensioni dell&#8217;area, la densit\u00e0 dei capelli esistenti e l&#8217;aspetto finale desiderato. Il DHI viene utilizzato per lavori di precisione in aree con capelli esistenti per evitare di danneggiare i follicoli nativi. Lo zaffiro viene utilizzato quando sono necessari una maggiore densit\u00e0 e una maggiore copertura.  <\/p>\n<\/div><\/div><\/div><div class=\"fusion-panel fusion-toggle-no-divider fusion-toggle-boxed-mode panel-default fusion-faq-post fusion-faq-post-5011 informazioni-sulle-procedure-di-trapianto-di-capelli \"><span class=\"entry-title rich-snippet-hidden\">Le donne possono sottoporsi al trapianto di capelli?<\/span><span class=\"vcard rich-snippet-hidden\"><span class=\"fn\"><a href=\"https:\/\/rehaira.com\/it\/author\/admin_3a81wdyw\/\" title=\"Articoli scritti da admin\" rel=\"author\">admin<\/a><\/span><\/span><span class=\"updated rich-snippet-hidden\">2025-09-06T06:02:36+03:00<\/span><div class=\"panel-heading\"><h4 id=\"faq_1-5011\" class=\"panel-title toggle\"><a data-toggle=\"collapse\" class=\"collapsed\" data-parent=\"#accordian-1\" data-target=\"#collapse-1-5011\" href=\"#collapse-1-5011\" aria-expanded=\"false\"><div class=\"fusion-toggle-icon-wrapper\"><div class=\"fusion-toggle-icon-wrapper-main\"><div class=\"fusion-toggle-icon-wrapper-sub\"><i class=\"fa-fusion-box active-icon awb-icon-minus\" aria-hidden=\"true\"><\/i><i class=\"fa-fusion-box inactive-icon awb-icon-plus\" aria-hidden=\"true\"><\/i><\/div><\/div><\/div><div class=\"fusion-toggle-heading\">Le donne possono sottoporsi al trapianto di capelli?<\/div><\/a><\/h4><\/div><div id=\"collapse-1-5011\" aria-labelledby=\"faq_1-5011\" class=\"panel-collapse collapse\"><div class=\"panel-body toggle-content post-content\"><p>S\u00ec. Le donne possono trarre beneficio dai trapianti di capelli, soprattutto per ripristinare la densit\u00e0 nelle aree diradate o per rimodellare l&#8217;attaccatura dei capelli. Tecniche come il DHI sono spesso preferite per le pazienti di sesso femminile per evitare la rasatura e proteggere i capelli circostanti.  <\/p>\n<\/div><\/div><\/div><div class=\"fusion-panel fusion-toggle-no-divider fusion-toggle-boxed-mode panel-default fusion-faq-post fusion-faq-post-5007 informazioni-sulle-procedure-di-trapianto-di-capelli \"><span class=\"entry-title rich-snippet-hidden\">\u00c8 possibile eseguire un trapianto di capelli senza rasatura?<\/span><span class=\"vcard rich-snippet-hidden\"><span class=\"fn\"><a href=\"https:\/\/rehaira.com\/it\/author\/admin_3a81wdyw\/\" title=\"Articoli scritti da admin\" rel=\"author\">admin<\/a><\/span><\/span><span class=\"updated rich-snippet-hidden\">2025-09-06T06:03:07+03:00<\/span><div class=\"panel-heading\"><h4 id=\"faq_1-5007\" class=\"panel-title toggle\"><a data-toggle=\"collapse\" class=\"collapsed\" data-parent=\"#accordian-1\" data-target=\"#collapse-1-5007\" href=\"#collapse-1-5007\" aria-expanded=\"false\"><div class=\"fusion-toggle-icon-wrapper\"><div class=\"fusion-toggle-icon-wrapper-main\"><div class=\"fusion-toggle-icon-wrapper-sub\"><i class=\"fa-fusion-box active-icon awb-icon-minus\" aria-hidden=\"true\"><\/i><i class=\"fa-fusion-box inactive-icon awb-icon-plus\" aria-hidden=\"true\"><\/i><\/div><\/div><\/div><div class=\"fusion-toggle-heading\">\u00c8 possibile eseguire un trapianto di capelli senza rasatura?<\/div><\/a><\/h4><\/div><div id=\"collapse-1-5007\" aria-labelledby=\"faq_1-5007\" class=\"panel-collapse collapse\"><div class=\"panel-body toggle-content post-content\"><p>S\u00ec, in molti casi \u00e8 possibile eseguire una procedura senza rasatura parziale o completa, in particolare con la tecnica DHI. Tuttavia, l&#8217;idoneit\u00e0 dipende dalle dimensioni dell&#8217;area da trattare e dalle caratteristiche dei capelli. <\/p>\n<\/div><\/div><\/div><div class=\"fusion-panel fusion-toggle-no-divider fusion-toggle-boxed-mode panel-default fusion-faq-post fusion-faq-post-4992 informazioni-sulle-procedure-di-trapianto-di-capelli \"><span class=\"entry-title rich-snippet-hidden\">Come viene determinata l&#8217;area donatrice?<\/span><span class=\"vcard rich-snippet-hidden\"><span class=\"fn\"><a href=\"https:\/\/rehaira.com\/it\/author\/admin_3a81wdyw\/\" title=\"Articoli scritti da admin\" rel=\"author\">admin<\/a><\/span><\/span><span class=\"updated rich-snippet-hidden\">2025-09-06T06:03:27+03:00<\/span><div class=\"panel-heading\"><h4 id=\"faq_1-4992\" class=\"panel-title toggle\"><a data-toggle=\"collapse\" class=\"collapsed\" data-parent=\"#accordian-1\" data-target=\"#collapse-1-4992\" href=\"#collapse-1-4992\" aria-expanded=\"false\"><div class=\"fusion-toggle-icon-wrapper\"><div class=\"fusion-toggle-icon-wrapper-main\"><div class=\"fusion-toggle-icon-wrapper-sub\"><i class=\"fa-fusion-box active-icon awb-icon-minus\" aria-hidden=\"true\"><\/i><i class=\"fa-fusion-box inactive-icon awb-icon-plus\" aria-hidden=\"true\"><\/i><\/div><\/div><\/div><div class=\"fusion-toggle-heading\">Come viene determinata l&#8217;area donatrice?<\/div><\/a><\/h4><\/div><div id=\"collapse-1-4992\" aria-labelledby=\"faq_1-4992\" class=\"panel-collapse collapse\"><div class=\"panel-body toggle-content post-content\"><p>L&#8217;area donatrice si trova solitamente nella parte posteriore e sui lati del cuoio capelluto, dove i follicoli piliferi sono geneticamente resistenti alla perdita di capelli. Valutiamo la densit\u00e0, la forza e la distribuzione dei capelli in quest&#8217;area per garantire sia un&#8217;estrazione efficace sia un aspetto naturale dopo la guarigione. <\/p>\n<\/div><\/div><\/div><\/div><\/div><\/div><\/div><\/div><\/div><\/div><\/div>\n","protected":false},"excerpt":{"rendered":"<p>Approfondimenti dettagliati sulle tecniche e le tecnologie che utilizziamo in Rehaira.<\/p>\n","protected":false},"author":1,"featured_media":0,"parent":3439,"menu_order":0,"comment_status":"closed","ping_status":"closed","template":"100-width.php","meta":{"_acf_changed":false,"footnotes":""},"class_list":["post-3441","page","type-page","status-publish","hentry"],"acf":[],"_links":{"self":[{"href":"https:\/\/rehaira.com\/it\/wp-json\/wp\/v2\/pages\/3441","targetHints":{"allow":["GET"]}}],"collection":[{"href":"https:\/\/rehaira.com\/it\/wp-json\/wp\/v2\/pages"}],"about":[{"href":"https:\/\/rehaira.com\/it\/wp-json\/wp\/v2\/types\/page"}],"author":[{"embeddable":true,"href":"https:\/\/rehaira.com\/it\/wp-json\/wp\/v2\/users\/1"}],"replies":[{"embeddable":true,"href":"https:\/\/rehaira.com\/it\/wp-json\/wp\/v2\/comments?post=3441"}],"version-history":[{"count":6,"href":"https:\/\/rehaira.com\/it\/wp-json\/wp\/v2\/pages\/3441\/revisions"}],"predecessor-version":[{"id":3464,"href":"https:\/\/rehaira.com\/it\/wp-json\/wp\/v2\/pages\/3441\/revisions\/3464"}],"up":[{"embeddable":true,"href":"https:\/\/rehaira.com\/it\/wp-json\/wp\/v2\/pages\/3439"}],"wp:attachment":[{"href":"https:\/\/rehaira.com\/it\/wp-json\/wp\/v2\/media?parent=3441"}],"curies":[{"name":"wp","href":"https:\/\/api.w.org\/{rel}","templated":true}]}}