{"id":3278,"date":"2025-07-31T11:48:16","date_gmt":"2025-07-31T08:48:16","guid":{"rendered":"https:\/\/rehaira.com\/uslugi\/"},"modified":"2026-02-24T13:00:04","modified_gmt":"2026-02-24T10:00:04","slug":"uslugi","status":"publish","type":"page","link":"https:\/\/rehaira.com\/pl\/uslugi\/","title":{"rendered":"Us\u0142ugi"},"content":{"rendered":"<p><div class=\"fusion-fullwidth fullwidth-box fusion-builder-row-1 fusion-flex-container has-pattern-background has-mask-background nonhundred-percent-fullwidth non-hundred-percent-height-scrolling\" style=\"--awb-border-radius-top-left:0px;--awb-border-radius-top-right:0px;--awb-border-radius-bottom-right:0px;--awb-border-radius-bottom-left:0px;--awb-padding-top:2%;--awb-padding-bottom:2%;--awb-flex-wrap:wrap;\" ><div class=\"fusion-builder-row fusion-row fusion-flex-align-items-flex-start fusion-flex-justify-content-center fusion-flex-content-wrap\" style=\"max-width:1248px;margin-left: calc(-4% \/ 2 );margin-right: calc(-4% \/ 2 );\"><div class=\"fusion-layout-column fusion_builder_column fusion-builder-column-0 fusion_builder_column_4_5 4_5 fusion-flex-column\" style=\"--awb-bg-size:cover;--awb-width-large:80%;--awb-margin-top-large:0px;--awb-spacing-right-large:2.4%;--awb-margin-bottom-large:20px;--awb-spacing-left-large:2.4%;--awb-width-medium:80%;--awb-order-medium:0;--awb-spacing-right-medium:2.4%;--awb-spacing-left-medium:2.4%;--awb-width-small:100%;--awb-order-small:0;--awb-spacing-right-small:1.92%;--awb-spacing-left-small:1.92%;\" data-scroll-devices=\"small-visibility,medium-visibility,large-visibility\"><div class=\"fusion-column-wrapper fusion-column-has-shadow fusion-flex-justify-content-flex-start fusion-content-layout-column\"><div class=\"fusion-title title fusion-title-1 fusion-sep-none fusion-title-center fusion-title-text fusion-title-size-one\" style=\"--awb-font-size:58px;\"><h1 class=\"fusion-title-heading title-heading-center\" style=\"margin:0;font-size:1em;\"><p>Nasza specjalizacja w<\/p>\n<p>Przywracaniu w\u0142os\u00f3w<\/p><\/h1><\/div><div class=\"fusion-separator\" style=\"align-self: center;margin-left: auto;margin-right: auto;margin-bottom:20px;width:100%;max-width:250px;\"><div class=\"fusion-separator-border sep-single sep-solid\" style=\"--awb-height:20px;--awb-amount:20px;--awb-sep-color:var(--awb-color3);border-color:var(--awb-color3);border-top-width:1px;\"><\/div><\/div><div class=\"fusion-text fusion-text-1\" style=\"--awb-content-alignment:center;\"><p>W Rehaira oferujemy pe\u0142en zakres zaawansowanych rozwi\u0105za\u0144 przywracania w\u0142os\u00f3w dostosowanych do Twoich indywidualnych potrzeb. Niezale\u017cnie od tego, czy chcesz odtworzy\u0107 lini\u0119 w\u0142os\u00f3w, przedefiniowa\u0107 zarost na twarzy czy poprawi\u0107 brwi, nasz zesp\u00f3\u0142 ekspert\u00f3w jest tutaj, aby prowadzi\u0107 Ci\u0119 na ka\u017cdym etapie. <\/p>\n<\/div><\/div><\/div><\/div><\/div><div class=\"fusion-fullwidth fullwidth-box fusion-builder-row-2 fusion-flex-container has-pattern-background has-mask-background hundred-percent-fullwidth non-hundred-percent-height-scrolling\" style=\"--awb-border-radius-top-left:0px;--awb-border-radius-top-right:0px;--awb-border-radius-bottom-right:0px;--awb-border-radius-bottom-left:0px;--awb-padding-top:270px;--awb-margin-bottom:-170px;--awb-background-color:var(--awb-custom_color_2);--awb-flex-wrap:wrap;\" ><div class=\"fusion-builder-row fusion-row fusion-flex-align-items-flex-start fusion-flex-content-wrap\" style=\"width:104% !important;max-width:104% !important;margin-left: calc(-4% \/ 2 );margin-right: calc(-4% \/ 2 );\"><\/div><\/div><div class=\"fusion-fullwidth fullwidth-box fusion-builder-row-3 fusion-flex-container has-pattern-background has-mask-background nonhundred-percent-fullwidth non-hundred-percent-height-scrolling\" style=\"--awb-border-radius-top-left:0px;--awb-border-radius-top-right:0px;--awb-border-radius-bottom-right:0px;--awb-border-radius-bottom-left:0px;--awb-padding-bottom:30px;--awb-flex-wrap:wrap;\" ><div class=\"fusion-builder-row fusion-row fusion-flex-align-items-stretch fusion-flex-content-wrap\" style=\"max-width:1248px;margin-left: calc(-4% \/ 2 );margin-right: calc(-4% \/ 2 );\"><div class=\"fusion-layout-column fusion_builder_column fusion-builder-column-1 fusion_builder_column_1_1 1_1 fusion-flex-column\" style=\"--awb-padding-top:-5px;--awb-overflow:hidden;--awb-bg-color:var(--awb-color6);--awb-bg-color-hover:var(--awb-color6);--awb-bg-size:cover;--awb-border-radius:12px 12px 12px 12px;--awb-width-large:100%;--awb-margin-top-large:0px;--awb-spacing-right-large:1.92%;--awb-margin-bottom-large:20px;--awb-spacing-left-large:1.92%;--awb-width-medium:100%;--awb-order-medium:0;--awb-spacing-right-medium:1.92%;--awb-spacing-left-medium:1.92%;--awb-width-small:100%;--awb-order-small:0;--awb-spacing-right-small:1.92%;--awb-spacing-left-small:1.92%;\" data-scroll-devices=\"small-visibility,medium-visibility,large-visibility\"><div class=\"fusion-column-wrapper fusion-column-has-shadow fusion-flex-justify-content-flex-start fusion-content-layout-column\"><div class=\"fusion-tabs fusion-tabs-1 classic nav-is-justified services-tabs-icon horizontal-tabs icon-position-top mobile-mode-carousel mobile-sticky-tabs\" style=\"--icon-color:var(--awb-color3);--icon-active-color:var(--awb-color3);--awb-title-border-radius-top-left:8px;--awb-title-border-radius-top-right:8px;--awb-title-border-radius-bottom-right:8px;--awb-title-border-radius-bottom-left:8px;--awb-title-padding-right:15px;--awb-title-padding-left:15px;--awb-title-font-size:17px;--awb-alignment:center;--awb-inactive-color:var(--awb-color8);--awb-title-text-color:var(--awb-custom_color_1);--awb-title-active-text-color:var(--awb-custom_color_1);--awb-background-color:var(--awb-color6);--awb-border-color:rgba(28,31,41,0);--awb-active-border-color:rgba(28,31,41,0);\"><div class=\"nav\"><ul class=\"nav-tabs nav-justified\" role=\"tablist\"><li class=\"active\" role=\"presentation\"><a class=\"tab-link\" data-toggle=\"tab\" role=\"tab\" aria-controls=\"tab-b298dfa29fe9c9c90e2\" aria-selected=\"true\" id=\"fusion-tab-przeszczepw\u0142os\u00f3wdhi\" href=\"#tab-b298dfa29fe9c9c90e2\"><h2 class=\"fusion-tab-heading\"><i class=\"fontawesome-icon hticon-dhi1\" aria-hidden=\"true\" style=\"font-size:36px;\"><\/i>Przeszczep w\u0142os\u00f3w DHI<\/h2><\/a><\/li><li role=\"presentation\"><a class=\"tab-link\" data-toggle=\"tab\" role=\"tab\" aria-controls=\"tab-54d23ab6f0b0ab90f0e\" aria-selected=\"false\" tabindex=\"-1\" id=\"fusion-tab-przeszczepw\u0142os\u00f3wfueszafirowy\" href=\"#tab-54d23ab6f0b0ab90f0e\"><h2 class=\"fusion-tab-heading\"><i class=\"fontawesome-icon hticon-sapphire\" aria-hidden=\"true\" style=\"font-size:36px;\"><\/i>Przeszczep w\u0142os\u00f3w FUE Szafirowy<\/h2><\/a><\/li><li role=\"presentation\"><a class=\"tab-link\" data-toggle=\"tab\" role=\"tab\" aria-controls=\"tab-11e4ef1679cf754fc04\" aria-selected=\"false\" tabindex=\"-1\" id=\"fusion-tab-przeszczepw\u0142os\u00f3wdlakobiet\" href=\"#tab-11e4ef1679cf754fc04\"><h2 class=\"fusion-tab-heading\"><i class=\"fontawesome-icon hticon-women\" aria-hidden=\"true\" style=\"font-size:36px;\"><\/i>Przeszczep w\u0142os\u00f3w dla kobiet<\/h2><\/a><\/li><li role=\"presentation\"><a class=\"tab-link\" data-toggle=\"tab\" role=\"tab\" aria-controls=\"tab-b91a733249d9ac754fe\" aria-selected=\"false\" tabindex=\"-1\" id=\"fusion-tab-przeszczepbrwi\" href=\"#tab-b91a733249d9ac754fe\"><h2 class=\"fusion-tab-heading\"><i class=\"fontawesome-icon hticon-eyebrow\" aria-hidden=\"true\" style=\"font-size:36px;\"><\/i>Przeszczep brwi<\/h2><\/a><\/li><li role=\"presentation\"><a class=\"tab-link\" data-toggle=\"tab\" role=\"tab\" aria-controls=\"tab-fd6d7a9b51cd8e05f24\" aria-selected=\"false\" tabindex=\"-1\" id=\"fusion-tab-przeszczepbrodyiw\u0105s\u00f3w\" href=\"#tab-fd6d7a9b51cd8e05f24\"><h2 class=\"fusion-tab-heading\"><i class=\"fontawesome-icon hticon-beard\" aria-hidden=\"true\" style=\"font-size:36px;\"><\/i>Przeszczep brody i w\u0105s\u00f3w<\/h2><\/a><\/li><\/ul><\/div><div class=\"tab-content\"><div class=\"tab-pane fade fusion-clearfix in active\" role=\"tabpanel\" tabindex=\"0\" aria-labelledby=\"fusion-tab-przeszczepw\u0142os\u00f3wdhi\" id=\"tab-b298dfa29fe9c9c90e2\">\n<h4 data-start=\"316\" data-end=\"358\">Maksymalna precyzja, bez konieczno\u015bci golenia<\/h4>\n<ul data-start=\"360\" data-end=\"893\">\n<li data-start=\"360\" data-end=\"559\">\n<p data-start=\"362\" data-end=\"559\"><strong data-start=\"362\" data-end=\"377\">Co to jest?<\/strong><br data-start=\"377\" data-end=\"380\">Bezpo\u015brednia Implantacja W\u0142os\u00f3w (DHI) to technika, w kt\u00f3rej mieszki w\u0142osowe s\u0105 umieszczane bezpo\u015brednio za pomoc\u0105 specjalnego pi\u00f3ra do implantacji, bez konieczno\u015bci wcze\u015bniejszego otwierania kana\u0142\u00f3w odbiorczych.<\/p>\n<\/li>\n<li data-start=\"561\" data-end=\"714\">\n<p data-start=\"563\" data-end=\"714\"><strong data-start=\"563\" data-end=\"581\">Dla kogo jest przeznaczona?<\/strong><br data-start=\"581\" data-end=\"584\">Idealna dla os\u00f3b poszukuj\u0105cych bardziej wyrafinowanego projektu linii w\u0142os\u00f3w lub dla tych, kt\u00f3rzy wol\u0105 nie goli\u0107 w\u0142os\u00f3w przed zabiegiem.<\/p>\n<\/li>\n<li data-start=\"716\" data-end=\"893\">\n<p data-start=\"718\" data-end=\"893\"><strong data-start=\"718\" data-end=\"748\">Dlaczego warto wybra\u0107 DHI w Rehaira?<\/strong><br data-start=\"748\" data-end=\"751\">DHI w Rehaira jest wykonywane przez wysoko do\u015bwiadczony zesp\u00f3\u0142, kt\u00f3ry zapewnia naturalny kierunek, zr\u00f3wnowa\u017con\u0105 g\u0119sto\u015b\u0107 i spersonalizowany projekt linii w\u0142os\u00f3w.<\/p>\n<\/li>\n<\/ul>\n<div class=\"fusion-alignright\"><a class=\"fusion-button button-flat fusion-button-default-size button-custom fusion-button-default button-1 fusion-button-default-span fusion-button-default-type awb-b-icon-pos-right\" style=\"--button_accent_color:var(--awb-custom_color_1);--button_accent_hover_color:var(--awb-color3);--button_border_hover_color:var(--awb-color8);--button_gradient_top_color:var(--awb-color6);--button_gradient_bottom_color:var(--awb-color6);--button_gradient_top_color_hover:var(--awb-color6);--button_gradient_bottom_color_hover:var(--awb-color6);--button_margin-top:20px;\" target=\"_self\" data-hover=\"icon_position\" href=\"https:\/\/rehaira.com\/es\/service\/trasplante-capilar-dhi\/\"><span class=\"fusion-button-text awb-button__text awb-button__text--default\">Dowiedz si\u0119 wi\u0119cej o przeszczepie w\u0142os\u00f3w DHI<\/span><i class=\"hticon-arrow-right awb-button__icon awb-button__icon--default button-icon-right\" aria-hidden=\"true\"><\/i><i class=\"hticon-arrow-right awb-button__icon awb-button__icon--default button-icon-right\" aria-hidden=\"true\"><\/i><\/a><\/div><\/div><div class=\"tab-pane fade fusion-clearfix\" role=\"tabpanel\" tabindex=\"0\" aria-labelledby=\"fusion-tab-przeszczepw\u0142os\u00f3wfueszafirowy\" id=\"tab-54d23ab6f0b0ab90f0e\">\n<h4 data-start=\"939\" data-end=\"987\">Rezultaty o wysokiej g\u0119sto\u015bci z szafirow\u0105 precyzj\u0105<\/h4>\n<ul data-start=\"989\" data-end=\"1436\">\n<li data-start=\"989\" data-end=\"1154\">\n<p data-start=\"991\" data-end=\"1154\"><strong data-start=\"991\" data-end=\"1006\">Co to jest?<\/strong><br data-start=\"1006\" data-end=\"1009\">Szafirowe FUE to nowoczesna metoda przeszczepu w\u0142os\u00f3w, w kt\u00f3rej mikronaci\u0119cia s\u0105 tworzone za pomoc\u0105 instrument\u00f3w z ko\u0144c\u00f3wkami szafirowymi dla bardziej precyzyjnego umieszczenia.<\/p>\n<\/li>\n<li data-start=\"1156\" data-end=\"1281\">\n<p data-start=\"1158\" data-end=\"1281\"><strong data-start=\"1158\" data-end=\"1176\">Dla kogo jest przeznaczona?<\/strong><br data-start=\"1176\" data-end=\"1179\">Szczeg\u00f3lnie odpowiednia dla os\u00f3b poszukuj\u0105cych przywr\u00f3cenia pe\u0142niejszego pokrycia z g\u0142adkimi i r\u00f3wnomiernymi rezultatami.<\/p>\n<\/li>\n<li data-start=\"1283\" data-end=\"1436\">\n<p data-start=\"1285\" data-end=\"1436\"><strong data-start=\"1285\" data-end=\"1301\">Dlaczego Rehaira?<\/strong><br data-start=\"1301\" data-end=\"1304\">Nasz zesp\u00f3\u0142 wykorzystuje technologi\u0119 szafirow\u0105, aby zapewni\u0107 lepsz\u0105 kontrol\u0119, precyzyjne umieszczenie i szybszy, bardziej komfortowy proces rekonwalescencji.<\/p>\n<\/li>\n<\/ul>\n<div class=\"fusion-alignright\"><a class=\"fusion-button button-flat fusion-button-default-size button-custom fusion-button-default button-2 fusion-button-default-span fusion-button-default-type awb-b-icon-pos-right\" style=\"--button_accent_color:var(--awb-custom_color_1);--button_accent_hover_color:var(--awb-color3);--button_border_hover_color:var(--awb-color8);--button_gradient_top_color:var(--awb-color6);--button_gradient_bottom_color:var(--awb-color6);--button_gradient_top_color_hover:var(--awb-color6);--button_gradient_bottom_color_hover:var(--awb-color6);--button_margin-top:20px;\" target=\"_self\" data-hover=\"icon_position\" href=\"https:\/\/rehaira.com\/es\/service\/trasplante-capilar-fue-zafiro\/\"><span class=\"fusion-button-text awb-button__text awb-button__text--default\">Poznaj przeszczep w\u0142os\u00f3w FUE Szafirowy<\/span><i class=\"hticon-arrow-right awb-button__icon awb-button__icon--default button-icon-right\" aria-hidden=\"true\"><\/i><i class=\"hticon-arrow-right awb-button__icon awb-button__icon--default button-icon-right\" aria-hidden=\"true\"><\/i><\/a><\/div><\/div><div class=\"tab-pane fade fusion-clearfix\" role=\"tabpanel\" tabindex=\"0\" aria-labelledby=\"fusion-tab-przeszczepw\u0142os\u00f3wdlakobiet\" id=\"tab-11e4ef1679cf754fc04\">\n<h4 data-start=\"1476\" data-end=\"1519\">Pewno\u015b\u0107 siebie poprzez dostosowane przywracanie<\/h4>\n<ul data-start=\"1521\" data-end=\"1973\">\n<li data-start=\"1521\" data-end=\"1680\">\n<p data-start=\"1523\" data-end=\"1680\"><strong data-start=\"1523\" data-end=\"1538\">Co to jest?<\/strong><br data-start=\"1538\" data-end=\"1541\">Nasze zabiegi s\u0105 starannie zaprojektowane, aby zaspokoi\u0107 unikalne potrzeby przywracania w\u0142os\u00f3w u kobiet, skupiaj\u0105c si\u0119 na zwi\u0119kszeniu obj\u0119to\u015bci i naturalnym przep\u0142ywie.<\/p>\n<\/li>\n<li data-start=\"1682\" data-end=\"1818\">\n<p data-start=\"1684\" data-end=\"1818\"><strong data-start=\"1684\" data-end=\"1702\">Dla kogo jest przeznaczona?<\/strong><br data-start=\"1702\" data-end=\"1705\">Kobiety poszukuj\u0105ce pe\u0142niejszego wygl\u0105du w\u0142os\u00f3w lub bardziej zdefiniowanych linii w\u0142os\u00f3w bez konieczno\u015bci golenia lub widocznych oznak zabiegu.<\/p>\n<\/li>\n<li data-start=\"1820\" data-end=\"1973\">\n<p data-start=\"1822\" data-end=\"1973\"><strong data-start=\"1822\" data-end=\"1838\">Dlaczego Rehaira?<\/strong><br data-start=\"1838\" data-end=\"1841\">Nasze podej\u015bcie jest dyskretne, skoncentrowane na estetyce i dostosowane z trosk\u0105 i precyzj\u0105 przez zesp\u00f3\u0142 do\u015bwiadczony w kobiecych wzorcach w\u0142os\u00f3w.<\/p>\n<\/li>\n<\/ul>\n<div class=\"fusion-alignright\"><a class=\"fusion-button button-flat fusion-button-default-size button-custom fusion-button-default button-3 fusion-button-default-span fusion-button-default-type awb-b-icon-pos-right\" style=\"--button_accent_color:var(--awb-custom_color_1);--button_accent_hover_color:var(--awb-color3);--button_border_hover_color:var(--awb-color8);--button_gradient_top_color:var(--awb-color6);--button_gradient_bottom_color:var(--awb-color6);--button_gradient_top_color_hover:var(--awb-color6);--button_gradient_bottom_color_hover:var(--awb-color6);--button_margin-top:20px;\" target=\"_self\" data-hover=\"icon_position\" href=\"https:\/\/rehaira.com\/es\/service\/trasplante-capilar-femenino\/\"><span class=\"fusion-button-text awb-button__text awb-button__text--default\">Odkryj rozwi\u0105zania przeszczepu w\u0142os\u00f3w dla kobiet<\/span><i class=\"hticon-arrow-right awb-button__icon awb-button__icon--default button-icon-right\" aria-hidden=\"true\"><\/i><i class=\"hticon-arrow-right awb-button__icon awb-button__icon--default button-icon-right\" aria-hidden=\"true\"><\/i><\/a><\/div><\/div><div class=\"tab-pane fade fusion-clearfix\" role=\"tabpanel\" tabindex=\"0\" aria-labelledby=\"fusion-tab-przeszczepbrwi\" id=\"tab-b91a733249d9ac754fe\">\n<h4 data-start=\"2009\" data-end=\"2060\">Redefiniowanie Twojej ekspresji z naturaln\u0105 harmoni\u0105<\/h4>\n<ul data-start=\"2062\" data-end=\"2440\">\n<li data-start=\"2062\" data-end=\"2212\">\n<p data-start=\"2064\" data-end=\"2212\"><strong data-start=\"2064\" data-end=\"2079\">Co to jest?<\/strong><br data-start=\"2079\" data-end=\"2082\">Przeszczep brwi polega na starannym umieszczaniu mieszk\u00f3w w\u0142osowych w celu stworzenia pe\u0142niejszych, dobrze ukszta\u0142towanych brwi, kt\u00f3re pasuj\u0105 do Twoich rys\u00f3w twarzy.<\/p>\n<\/li>\n<li data-start=\"2214\" data-end=\"2316\">\n<p data-start=\"2216\" data-end=\"2316\"><strong data-start=\"2216\" data-end=\"2234\">Dla kogo jest przeznaczona?<\/strong><br data-start=\"2234\" data-end=\"2237\">Dla ka\u017cdego, kto chce poprawi\u0107 swoje brwi, aby uzyska\u0107 bardziej wyrazisty i ekspresyjny wygl\u0105d.<\/p>\n<\/li>\n<li data-start=\"2318\" data-end=\"2440\">\n<p data-start=\"2320\" data-end=\"2440\"><strong data-start=\"2320\" data-end=\"2336\">Dlaczego Rehaira?<\/strong><br data-start=\"2336\" data-end=\"2339\">Nasz zesp\u00f3\u0142 projektuje kszta\u0142t ka\u017cdej brwi z symetri\u0105 i subtelno\u015bci\u0105, osi\u0105gaj\u0105c pi\u0119knie naturalne rezultaty.<\/p>\n<\/li>\n<\/ul>\n<div class=\"fusion-alignright\"><a class=\"fusion-button button-flat fusion-button-default-size button-custom fusion-button-default button-4 fusion-button-default-span fusion-button-default-type awb-b-icon-pos-right\" style=\"--button_accent_color:var(--awb-custom_color_1);--button_accent_hover_color:var(--awb-color3);--button_border_hover_color:var(--awb-color8);--button_gradient_top_color:var(--awb-color6);--button_gradient_bottom_color:var(--awb-color6);--button_gradient_top_color_hover:var(--awb-color6);--button_gradient_bottom_color_hover:var(--awb-color6);--button_margin-top:20px;\" target=\"_self\" data-hover=\"icon_position\" href=\"https:\/\/rehaira.com\/es\/service\/trasplante-de-cejas\/\"><span class=\"fusion-button-text awb-button__text awb-button__text--default\">Zobacz, jak dzia\u0142a przeszczep brwi<\/span><i class=\"hticon-arrow-right awb-button__icon awb-button__icon--default button-icon-right\" aria-hidden=\"true\"><\/i><i class=\"hticon-arrow-right awb-button__icon awb-button__icon--default button-icon-right\" aria-hidden=\"true\"><\/i><\/a><\/div><\/div><div class=\"tab-pane fade fusion-clearfix\" role=\"tabpanel\" tabindex=\"0\" aria-labelledby=\"fusion-tab-przeszczepbrodyiw\u0105s\u00f3w\" id=\"tab-fd6d7a9b51cd8e05f24\">\n<h4 data-start=\"2485\" data-end=\"2514\">Kszta\u0142tuj sw\u00f3j charakterystyczny wygl\u0105d<\/h4>\n<ul data-start=\"2516\" data-end=\"2941\">\n<li data-start=\"2516\" data-end=\"2672\">\n<p data-start=\"2518\" data-end=\"2672\"><strong data-start=\"2518\" data-end=\"2533\">Co to jest?<\/strong><br data-start=\"2533\" data-end=\"2536\">Ten zabieg poprawia lub tworzy pe\u0142n\u0105, zr\u00f3wnowa\u017con\u0105 brod\u0119 i w\u0105sy poprzez umieszczanie mieszk\u00f3w w\u0142osowych w obszarach, gdzie po\u017c\u0105dana jest definicja.<\/p>\n<\/li>\n<li data-start=\"2674\" data-end=\"2792\">\n<p data-start=\"2676\" data-end=\"2792\"><strong data-start=\"2676\" data-end=\"2694\">Dla kogo jest przeznaczona?<\/strong><br data-start=\"2694\" data-end=\"2697\">M\u0119\u017cczy\u017ani chc\u0105cy poprawi\u0107 opraw\u0119 twarzy, czy to wype\u0142niaj\u0105c rzadkie obszary, czy projektuj\u0105c nowy styl.<\/p>\n<\/li>\n<li data-start=\"2794\" data-end=\"2941\">\n<p data-start=\"2796\" data-end=\"2941\"><strong data-start=\"2796\" data-end=\"2812\">Dlaczego Rehaira?<\/strong><br data-start=\"2812\" data-end=\"2815\">\u0141\u0105czymy artystyczne planowanie z techniczn\u0105 wiedz\u0105, aby dostarczy\u0107 m\u0119skie, autentyczne rezultaty, kt\u00f3re uzupe\u0142niaj\u0105 Twoje rysy.<\/p>\n<\/li>\n<\/ul>\n<div class=\"fusion-alignright\"><a class=\"fusion-button button-flat fusion-button-default-size button-custom fusion-button-default button-5 fusion-button-default-span fusion-button-default-type awb-b-icon-pos-right\" style=\"--button_accent_color:var(--awb-custom_color_1);--button_accent_hover_color:var(--awb-color3);--button_border_hover_color:var(--awb-color8);--button_gradient_top_color:var(--awb-color6);--button_gradient_bottom_color:var(--awb-color6);--button_gradient_top_color_hover:var(--awb-color6);--button_gradient_bottom_color_hover:var(--awb-color6);--button_margin-top:20px;\" target=\"_self\" data-hover=\"icon_position\" href=\"https:\/\/rehaira.com\/es\/service\/trasplante-de-barba-y-bigote\/\"><span class=\"fusion-button-text awb-button__text awb-button__text--default\">Przeczytaj wi\u0119cej o przeszczepie brody i w\u0105s\u00f3w<\/span><i class=\"hticon-arrow-right awb-button__icon awb-button__icon--default button-icon-right\" aria-hidden=\"true\"><\/i><i class=\"hticon-arrow-right awb-button__icon awb-button__icon--default button-icon-right\" aria-hidden=\"true\"><\/i><\/a><\/div><\/div><\/div><\/div><\/div><\/div><\/div><\/div><div class=\"fusion-fullwidth fullwidth-box fusion-builder-row-4 fusion-flex-container has-pattern-background has-mask-background nonhundred-percent-fullwidth non-hundred-percent-height-scrolling\" style=\"--awb-border-radius-top-left:0px;--awb-border-radius-top-right:0px;--awb-border-radius-bottom-right:0px;--awb-border-radius-bottom-left:0px;--awb-flex-wrap:wrap;\" ><div class=\"fusion-builder-row fusion-row fusion-flex-align-items-flex-start fusion-flex-content-wrap\" style=\"max-width:1248px;margin-left: calc(-4% \/ 2 );margin-right: calc(-4% \/ 2 );\"><div class=\"fusion-layout-column fusion_builder_column fusion-builder-column-2 fusion_builder_column_1_1 1_1 fusion-flex-column\" style=\"--awb-bg-size:cover;--awb-width-large:100%;--awb-margin-top-large:20px;--awb-spacing-right-large:1.92%;--awb-margin-bottom-large:20px;--awb-spacing-left-large:1.92%;--awb-width-medium:100%;--awb-order-medium:0;--awb-spacing-right-medium:1.92%;--awb-spacing-left-medium:1.92%;--awb-width-small:100%;--awb-order-small:0;--awb-spacing-right-small:1.92%;--awb-spacing-left-small:1.92%;\" data-scroll-devices=\"small-visibility,medium-visibility,large-visibility\"><div class=\"fusion-column-wrapper fusion-column-has-shadow fusion-flex-justify-content-flex-start fusion-content-layout-column\"><div class=\"fusion-title title fusion-title-2 fusion-sep-none fusion-title-center fusion-title-text fusion-title-size-three\"><h3 class=\"fusion-title-heading title-heading-center\" style=\"margin:0;\">Potrzebujesz spersonalizowanego rozwi\u0105zania?<\/h3><\/div><\/div><\/div><\/div><\/div><div class=\"fusion-fullwidth fullwidth-box fusion-builder-row-5 fusion-flex-container has-pattern-background has-mask-background nonhundred-percent-fullwidth non-hundred-percent-height-scrolling\" style=\"--awb-border-sizes-top:8px;--awb-border-color:hsla(var(--awb-color5-h),var(--awb-color5-s),var(--awb-color5-l),calc(var(--awb-color5-a) - 50%));--awb-border-radius-top-left:0px;--awb-border-radius-top-right:0px;--awb-border-radius-bottom-right:0px;--awb-border-radius-bottom-left:0px;--awb-padding-top:80px;--awb-padding-bottom:80px;--awb-padding-bottom-small:80px;--awb-margin-bottom:0px;--awb-margin-bottom-medium:0px;--awb-margin-bottom-small:0px;--awb-background-color:var(--awb-color6);--awb-flex-wrap:wrap;\" ><div class=\"fusion-builder-row fusion-row fusion-flex-align-items-flex-start fusion-flex-content-wrap\" style=\"max-width:1248px;margin-left: calc(-4% \/ 2 );margin-right: calc(-4% \/ 2 );\"><div class=\"fusion-layout-column fusion_builder_column fusion-builder-column-3 fusion_builder_column_1_1 1_1 fusion-flex-column\" style=\"--awb-padding-bottom-small:0px;--awb-bg-size:cover;--awb-width-large:100%;--awb-margin-top-large:0px;--awb-spacing-right-large:1.92%;--awb-margin-bottom-large:20px;--awb-spacing-left-large:1.92%;--awb-width-medium:100%;--awb-order-medium:0;--awb-spacing-right-medium:1.92%;--awb-spacing-left-medium:1.92%;--awb-width-small:100%;--awb-order-small:0;--awb-spacing-right-small:1.92%;--awb-margin-bottom-small:0px;--awb-spacing-left-small:1.92%;\" data-scroll-devices=\"small-visibility,medium-visibility,large-visibility\"><div class=\"fusion-column-wrapper fusion-column-has-shadow fusion-flex-justify-content-flex-start fusion-content-layout-column\"><div class=\"fusion-title title fusion-title-3 fusion-sep-none fusion-title-center fusion-title-text fusion-title-size-two\"><h2 class=\"fusion-title-heading title-heading-center\" style=\"margin:0;\">Uzyskaj bezp\u0142atn\u0105 konsultacj\u0119 online<\/h2><\/div><div class=\"fusion-separator\" style=\"align-self: center;margin-left: auto;margin-right: auto;margin-bottom:0px;width:100%;max-width:350px;\"><div class=\"fusion-separator-border sep-single sep-solid\" style=\"--awb-height:20px;--awb-amount:20px;--awb-sep-color:hsla(var(--awb-color5-h),var(--awb-color5-s),var(--awb-color5-l),calc(var(--awb-color5-a) - 70%));border-color:hsla(var(--awb-color5-h),var(--awb-color5-s),var(--awb-color5-l),calc(var(--awb-color5-a) - 70%));border-top-width:1px;\"><\/div><\/div><div class=\"fusion-text fusion-text-2\" style=\"--awb-content-alignment:center;--awb-margin-top:30px;\"><p>Otrzymaj spersonalizowan\u0105 rekomendacj\u0119 leczenia lub opieki od naszego lekarza na podstawie stanu Twoich w\u0142os\u00f3w w zaledwie 10 minut.<\/p>\n<p>Bez zobowi\u0105za\u0144 <span style=\"color: #c8b3a7;\">\u2022<\/span> Bezpieczne i prywatne <span style=\"color: #c8b3a7;\">\u2022<\/span> Dostosowane do Twoich potrzeb<\/p>\n<\/div><div style=\"text-align:center;\"><a class=\"fusion-button button-flat fusion-button-default-size button-default fusion-button-default button-6 fusion-button-default-span fusion-button-default-type\" style=\"--button_margin-top:30px;\" target=\"_self\" href=\"https:\/\/rehaira.com\/pl\/free-hair-analysis\/\"><span class=\"fusion-button-text awb-button__text awb-button__text--default\">Rozpocznij darmow\u0105 analiz\u0119<\/span><\/a><\/div><\/div><\/div><\/div><\/div>\n<\/p>\n","protected":false},"excerpt":{"rendered":"<p>Poznaj pe\u0142n\u0105 gam\u0119 us\u0142ug przywracania w\u0142os\u00f3w, kt\u00f3re oferujemy dla m\u0119\u017cczyzn i kobiet.<\/p>\n","protected":false},"author":1,"featured_media":0,"parent":0,"menu_order":0,"comment_status":"closed","ping_status":"closed","template":"100-width.php","meta":{"_acf_changed":false,"footnotes":""},"class_list":["post-3278","page","type-page","status-publish","hentry"],"acf":[],"_links":{"self":[{"href":"https:\/\/rehaira.com\/pl\/wp-json\/wp\/v2\/pages\/3278","targetHints":{"allow":["GET"]}}],"collection":[{"href":"https:\/\/rehaira.com\/pl\/wp-json\/wp\/v2\/pages"}],"about":[{"href":"https:\/\/rehaira.com\/pl\/wp-json\/wp\/v2\/types\/page"}],"author":[{"embeddable":true,"href":"https:\/\/rehaira.com\/pl\/wp-json\/wp\/v2\/users\/1"}],"replies":[{"embeddable":true,"href":"https:\/\/rehaira.com\/pl\/wp-json\/wp\/v2\/comments?post=3278"}],"version-history":[{"count":20,"href":"https:\/\/rehaira.com\/pl\/wp-json\/wp\/v2\/pages\/3278\/revisions"}],"predecessor-version":[{"id":11664,"href":"https:\/\/rehaira.com\/pl\/wp-json\/wp\/v2\/pages\/3278\/revisions\/11664"}],"wp:attachment":[{"href":"https:\/\/rehaira.com\/pl\/wp-json\/wp\/v2\/media?parent=3278"}],"curies":[{"name":"wp","href":"https:\/\/api.w.org\/{rel}","templated":true}]}}