{"id":3390,"date":"2025-08-02T20:50:18","date_gmt":"2025-08-02T17:50:18","guid":{"rendered":"https:\/\/rehaira.com\/polityka-cookies\/"},"modified":"2025-08-02T20:50:18","modified_gmt":"2025-08-02T17:50:18","slug":"polityka-cookies","status":"publish","type":"page","link":"https:\/\/rehaira.com\/pl\/polityka-cookies\/","title":{"rendered":"Polityka cookies"},"content":{"rendered":"","protected":false},"excerpt":{"rendered":"<p>Dowiedz si\u0119, jak u\u017cywamy plik\u00f3w cookie, aby poprawi\u0107 Twoje do\u015bwiadczenia na naszej stronie internetowej.<\/p>\n","protected":false},"author":1,"featured_media":0,"parent":0,"menu_order":0,"comment_status":"closed","ping_status":"closed","template":"100-width.php","meta":{"_acf_changed":false,"footnotes":""},"class_list":["post-3390","page","type-page","status-publish","hentry"],"acf":[],"_links":{"self":[{"href":"https:\/\/rehaira.com\/pl\/wp-json\/wp\/v2\/pages\/3390","targetHints":{"allow":["GET"]}}],"collection":[{"href":"https:\/\/rehaira.com\/pl\/wp-json\/wp\/v2\/pages"}],"about":[{"href":"https:\/\/rehaira.com\/pl\/wp-json\/wp\/v2\/types\/page"}],"author":[{"embeddable":true,"href":"https:\/\/rehaira.com\/pl\/wp-json\/wp\/v2\/users\/1"}],"replies":[{"embeddable":true,"href":"https:\/\/rehaira.com\/pl\/wp-json\/wp\/v2\/comments?post=3390"}],"version-history":[{"count":0,"href":"https:\/\/rehaira.com\/pl\/wp-json\/wp\/v2\/pages\/3390\/revisions"}],"wp:attachment":[{"href":"https:\/\/rehaira.com\/pl\/wp-json\/wp\/v2\/media?parent=3390"}],"curies":[{"name":"wp","href":"https:\/\/api.w.org\/{rel}","templated":true}]}}