{"id":3391,"date":"2025-08-02T20:50:10","date_gmt":"2025-08-02T17:50:10","guid":{"rendered":"https:\/\/rehaira.com\/polityka-prywatnosci\/"},"modified":"2025-10-23T10:22:43","modified_gmt":"2025-10-23T07:22:43","slug":"polityka-prywatnosci","status":"publish","type":"page","link":"https:\/\/rehaira.com\/pl\/polityka-prywatnosci\/","title":{"rendered":"Polityka prywatno\u015bci"},"content":{"rendered":"<h1 data-start=\"380\" data-end=\"402\"><strong data-start=\"382\" data-end=\"400\">Polityka prywatno\u015bci<\/strong><\/h1>\n<p data-start=\"403\" data-end=\"478\"><strong data-start=\"403\" data-end=\"422\">Data wej\u015bcia w \u017cycie:<\/strong> 23 pa\u017adziernika 2025<br data-start=\"439\" data-end=\"442\"><strong data-start=\"442\" data-end=\"459\">Ostatnia aktualizacja:<\/strong> 23 pa\u017adziernika 2025<\/p>\n<h2 data-start=\"480\" data-end=\"500\">1. Wprowadzenie<\/h2>\n<p data-start=\"501\" data-end=\"902\">Niniejsza Polityka Prywatno\u015bci wyja\u015bnia, w jaki spos\u00f3b <strong data-start=\"534\" data-end=\"608\">REHA\u0130RA SA\u011eLIK TUR\u0130ZM \u0130N\u015eAAT TEKST\u0130L SANAY\u0130 VE T\u0130CARET L\u0130M\u0130TED \u015e\u0130RKET\u0130<\/strong>, dzia\u0142aj\u0105ca pod mark\u0105 <strong data-start=\"641\" data-end=\"664\">Rehaira Hair Clinic<\/strong> (\u201e<strong data-start=\"667\" data-end=\"678\">Rehaira<\/strong>\u201d, \u201e<strong data-start=\"682\" data-end=\"688\">my<\/strong>\u201d, \u201e<strong data-start=\"692\" data-end=\"699\">nasze<\/strong>\u201d lub \u201e<strong data-start=\"706\" data-end=\"720\">klinika<\/strong>\u201d), zbiera, wykorzystuje, ujawnia i chroni Twoje dane osobowe, gdy odwiedzasz nasz\u0105 stron\u0119 internetow\u0105, korzystasz z naszych us\u0142ug lub wchodzisz w interakcje z naszymi reklamami i kana\u0142ami komunikacji cyfrowej.<\/p>\n<p data-start=\"904\" data-end=\"1168\">Rehaira zobowi\u0105zuje si\u0119 do ochrony Pa\u0144stwa prywatno\u015bci i zapewnienia, \u017ce Pa\u0144stwa dane osobowe s\u0105 przetwarzane zgodnie z <strong data-start=\"1023\" data-end=\"1071\">Og\u00f3lnym Rozporz\u0105dzeniem o Ochronie Danych UE (RODO)<\/strong>, <strong data-start=\"1077\" data-end=\"1108\">Ustaw\u0105 o Ochronie Danych Wielkiej Brytanii z 2018 roku<\/strong> oraz <strong data-start=\"1118\" data-end=\"1165\">Tureck\u0105 Ustaw\u0105 o Ochronie Danych Osobowych (KVKK)<\/strong>.<\/p>\n<hr data-start=\"1170\" data-end=\"1173\">\n<h2 data-start=\"1175\" data-end=\"1198\">2. Dane, kt\u00f3re zbieramy<\/h2>\n<p data-start=\"1199\" data-end=\"1309\">W zale\u017cno\u015bci od sposobu interakcji z nami, mo\u017cemy zbiera\u0107 i przetwarza\u0107 nast\u0119puj\u0105ce kategorie danych osobowych:<\/p>\n<ul data-start=\"1311\" data-end=\"1793\">\n<li data-start=\"1311\" data-end=\"1374\">\n<p data-start=\"1313\" data-end=\"1374\"><strong data-start=\"1313\" data-end=\"1338\">Informacje to\u017csamo\u015bciowe:<\/strong> Imi\u0119 i nazwisko, data urodzenia, p\u0142e\u0107.<\/p>\n<\/li>\n<li data-start=\"1375\" data-end=\"1451\">\n<p data-start=\"1377\" data-end=\"1451\"><strong data-start=\"1377\" data-end=\"1401\">Informacje kontaktowe:<\/strong> Adres e-mail, numer telefonu, kraj i miasto.<\/p>\n<\/li>\n<li data-start=\"1452\" data-end=\"1602\">\n<p data-start=\"1454\" data-end=\"1602\"><strong data-start=\"1454\" data-end=\"1478\">Informacje medyczne:<\/strong> Stan wypadania w\u0142os\u00f3w, szczeg\u00f3\u0142y analizy sk\u00f3ry g\u0142owy i odpowiednie informacje medyczne (przetwarzane wy\u0142\u0105cznie za Pa\u0144stwa wyra\u017an\u0105 zgod\u0105).<\/p>\n<\/li>\n<li data-start=\"1603\" data-end=\"1693\">\n<p data-start=\"1605\" data-end=\"1693\"><strong data-start=\"1605\" data-end=\"1624\">Dane techniczne:<\/strong> Adres IP, szczeg\u00f3\u0142y urz\u0105dzenia, typ przegl\u0105darki, pliki cookie i dzienniki u\u017cytkowania.<\/p>\n<\/li>\n<li data-start=\"1694\" data-end=\"1793\">\n<p data-start=\"1696\" data-end=\"1793\"><strong data-start=\"1696\" data-end=\"1715\">Dane marketingowe:<\/strong> Preferencje, opinie i historia zaanga\u017cowania z naszych reklam lub formularzy online.<\/p>\n<\/li>\n<\/ul>\n<hr data-start=\"1795\" data-end=\"1798\">\n<h2 data-start=\"1800\" data-end=\"1834\">3. Cel przetwarzania danych<\/h2>\n<p data-start=\"1835\" data-end=\"1865\">Przetwarzamy dane osobowe w celu:<\/p>\n<ul data-start=\"1867\" data-end=\"2153\">\n<li data-start=\"1867\" data-end=\"1930\">\n<p data-start=\"1869\" data-end=\"1930\">Zapewnienia analizy w\u0142os\u00f3w, konsultacji i planowania medycznego,<\/p>\n<\/li>\n<li data-start=\"1931\" data-end=\"1993\">\n<p data-start=\"1933\" data-end=\"1993\">Komunikacji z Pa\u0144stwem w sprawie wizyt i zapyta\u0144,<\/p>\n<\/li>\n<li data-start=\"1994\" data-end=\"2042\">\n<p data-start=\"1996\" data-end=\"2042\">Poprawy naszych us\u0142ug i do\u015bwiadcze\u0144 pacjent\u00f3w,<\/p>\n<\/li>\n<li data-start=\"2043\" data-end=\"2090\">\n<p data-start=\"2045\" data-end=\"2090\">Zarz\u0105dzania kampaniami reklamowymi i marketingowymi,<\/p>\n<\/li>\n<li data-start=\"2091\" data-end=\"2153\">\n<p data-start=\"2093\" data-end=\"2153\">Wype\u0142niania naszych obowi\u0105zk\u00f3w prawnych i prowadzenia dokumentacji pacjent\u00f3w.<\/p>\n<\/li>\n<\/ul>\n<hr data-start=\"2155\" data-end=\"2158\">\n<h2 data-start=\"2160\" data-end=\"2194\">4. Podstawa prawna przetwarzania<\/h2>\n<p data-start=\"2195\" data-end=\"2256\">Przetwarzamy Pa\u0144stwa dane osobowe na nast\u0119puj\u0105cych podstawach prawnych:<\/p>\n<ul data-start=\"2258\" data-end=\"2493\">\n<li data-start=\"2258\" data-end=\"2288\">\n<p data-start=\"2260\" data-end=\"2288\"><strong data-start=\"2260\" data-end=\"2285\">Pa\u0144stwa wyra\u017ana zgoda<\/strong>,<\/p>\n<\/li>\n<li data-start=\"2289\" data-end=\"2366\">\n<p data-start=\"2291\" data-end=\"2366\"><strong data-start=\"2291\" data-end=\"2320\">Wykonanie umowy<\/strong> (np. konsultacja lub planowanie leczenia),<\/p>\n<\/li>\n<li data-start=\"2367\" data-end=\"2409\">\n<p data-start=\"2369\" data-end=\"2409\"><strong data-start=\"2369\" data-end=\"2406\">Wype\u0142nienie obowi\u0105zk\u00f3w prawnych<\/strong>,<\/p>\n<\/li>\n<li data-start=\"2410\" data-end=\"2493\">\n<p data-start=\"2412\" data-end=\"2493\"><strong data-start=\"2412\" data-end=\"2436\">Uzasadnione interesy<\/strong> w poprawie jako\u015bci us\u0142ug i satysfakcji pacjent\u00f3w.<\/p>\n<\/li>\n<\/ul>\n<hr data-start=\"2495\" data-end=\"2498\">\n<h2 data-start=\"2500\" data-end=\"2527\">5. Spos\u00f3b zbierania danych<\/h2>\n<p data-start=\"2528\" data-end=\"2565\">Pa\u0144stwa dane mog\u0105 by\u0107 zbierane poprzez:<\/p>\n<ul data-start=\"2567\" data-end=\"2842\">\n<li data-start=\"2567\" data-end=\"2643\">\n<p data-start=\"2569\" data-end=\"2643\">Formularze online na naszej stronie internetowej (np. bezp\u0142atna analiza w\u0142os\u00f3w lub formularze kontaktowe),<\/p>\n<\/li>\n<li data-start=\"2644\" data-end=\"2716\">\n<p data-start=\"2646\" data-end=\"2716\">Platformy komunikacyjne (WhatsApp, Instagram, Facebook Messenger itp.),<\/p>\n<\/li>\n<li data-start=\"2717\" data-end=\"2774\">\n<p data-start=\"2719\" data-end=\"2774\">Kampanie reklamowe (Meta, Google Ads, TikTok Ads),<\/p>\n<\/li>\n<li data-start=\"2775\" data-end=\"2842\">\n<p data-start=\"2777\" data-end=\"2842\">E-mail, telefon lub bezpo\u015bredni\u0105 komunikacj\u0119 z naszymi przedstawicielami.<\/p>\n<\/li>\n<\/ul>\n<hr data-start=\"2844\" data-end=\"2847\">\n<h2 data-start=\"2849\" data-end=\"2897\">6. Udost\u0119pnianie danych i transfery mi\u0119dzynarodowe<\/h2>\n<p data-start=\"2898\" data-end=\"3016\">Mo\u017cemy udost\u0119pnia\u0107 dane osobowe zaufanym partnerom i dostawcom us\u0142ug w celach wymienionych powy\u017cej. Obejmuje to: <\/p>\n<ul data-start=\"3018\" data-end=\"3245\">\n<li data-start=\"3018\" data-end=\"3096\">\n<p data-start=\"3020\" data-end=\"3096\"><strong data-start=\"3020\" data-end=\"3065\">Specjalist\u00f3w medycznych i kliniki partnerskie<\/strong>, w celu koordynacji leczenia,<\/p>\n<\/li>\n<li data-start=\"3097\" data-end=\"3179\">\n<p data-start=\"3099\" data-end=\"3179\"><strong data-start=\"3099\" data-end=\"3144\">Dostawc\u00f3w marketingu cyfrowego i analityki<\/strong>, w celu optymalizacji wydajno\u015bci online,<\/p>\n<\/li>\n<li data-start=\"3180\" data-end=\"3245\">\n<p data-start=\"3182\" data-end=\"3245\"><strong data-start=\"3182\" data-end=\"3220\">Organy prawne i rz\u0105dowe<\/strong>, gdy wymaga tego prawo.<\/p>\n<\/li>\n<\/ul>\n<p data-start=\"3247\" data-end=\"3451\">Gdy dane s\u0105 przekazywane poza Europejski Obszar Gospodarczy (EOG), zapewniamy odpowiednie zabezpieczenia, takie jak <strong data-start=\"3373\" data-end=\"3412\">Standardowe Klauzule Umowne (SCC)<\/strong> zatwierdzone przez Komisj\u0119 Europejsk\u0105.<\/p>\n<p data-start=\"3453\" data-end=\"3515\">Pa\u0144stwa dane osobowe nigdy nie s\u0105 sprzedawane ani wynajmowane stronom trzecim.<\/p>\n<hr data-start=\"3517\" data-end=\"3520\">\n<h2 data-start=\"3522\" data-end=\"3563\">7. Pliki cookie i technologie \u015bledzenia<\/h2>\n<p data-start=\"3564\" data-end=\"3739\">Nasza strona internetowa wykorzystuje pliki cookie w celu poprawy do\u015bwiadcze\u0144 u\u017cytkownika, analizy ruchu i personalizacji tre\u015bci.<br data-start=\"3658\" data-end=\"3661\">Mog\u0105 Pa\u0144stwo zarz\u0105dza\u0107 lub wy\u0142\u0105czy\u0107 pliki cookie w ustawieniach przegl\u0105darki w dowolnym momencie.<\/p>\n<hr data-start=\"3741\" data-end=\"3744\">\n<h2 data-start=\"3746\" data-end=\"3768\">8. Przechowywanie danych<\/h2>\n<p data-start=\"3769\" data-end=\"3984\">Przechowujemy dane osobowe tylko tak d\u0142ugo, jak jest to konieczne do realizacji cel\u00f3w opisanych w niniejszej polityce lub zgodnie z wymogami obowi\u0105zuj\u0105cego prawa. Po up\u0142ywie okres\u00f3w przechowywania dane zostan\u0105 bezpiecznie usuni\u0119te lub zanonimizowane. <\/p>\n<hr data-start=\"3986\" data-end=\"3989\">\n<h2 data-start=\"3991\" data-end=\"4023\">9. Pa\u0144stwa prawa (zgodnie z RODO)<\/h2>\n<p data-start=\"4024\" data-end=\"4085\">Przys\u0142uguj\u0105 Pa\u0144stwu nast\u0119puj\u0105ce prawa dotycz\u0105ce Pa\u0144stwa danych osobowych:<\/p>\n<ul data-start=\"4087\" data-end=\"4299\">\n<li data-start=\"4087\" data-end=\"4117\">\n<p data-start=\"4089\" data-end=\"4117\">Dost\u0119p do Pa\u0144stwa danych osobowych,<\/p>\n<\/li>\n<li data-start=\"4118\" data-end=\"4153\">\n<p data-start=\"4120\" data-end=\"4153\">\u017b\u0105danie sprostowania lub usuni\u0119cia,<\/p>\n<\/li>\n<li data-start=\"4154\" data-end=\"4191\">\n<p data-start=\"4156\" data-end=\"4191\">Ograniczenie lub sprzeciw wobec przetwarzania,<\/p>\n<\/li>\n<li data-start=\"4192\" data-end=\"4221\">\n<p data-start=\"4194\" data-end=\"4221\">\u017b\u0105danie przenoszenia danych,<\/p>\n<\/li>\n<li data-start=\"4222\" data-end=\"4299\">\n<p data-start=\"4224\" data-end=\"4299\">Wycofanie zgody w dowolnym momencie (bez wp\u0142ywu na wcze\u015bniejsze zgodne z prawem przetwarzanie).<\/p>\n<\/li>\n<\/ul>\n<p data-start=\"4301\" data-end=\"4364\">Aby skorzysta\u0107 z tych praw, prosimy o kontakt pod adresem <strong data-start=\"4341\" data-end=\"4361\"><a class=\"decorated-link cursor-pointer\" rel=\"noopener\" data-start=\"4343\" data-end=\"4359\">info@rehaira.com<\/a><\/strong>.<\/p>\n<hr data-start=\"4366\" data-end=\"4369\">\n<h2 data-start=\"4371\" data-end=\"4393\">10. Bezpiecze\u0144stwo danych<\/h2>\n<p data-start=\"4394\" data-end=\"4640\">Rehaira podejmuje odpowiednie \u015brodki techniczne i organizacyjne w celu ochrony Pa\u0144stwa danych osobowych przed nieuprawnionym dost\u0119pem, zmian\u0105, ujawnieniem lub zniszczeniem.<br data-start=\"4558\" data-end=\"4561\">Wszystkie transfery danych przez nasz\u0105 stron\u0119 internetow\u0105 s\u0105 chronione <strong data-start=\"4619\" data-end=\"4637\">szyfrowaniem SSL<\/strong>.<\/p>\n<hr data-start=\"4642\" data-end=\"4645\">\n<h2 data-start=\"4647\" data-end=\"4678\">11. Aktualizacje niniejszej Polityki<\/h2>\n<p data-start=\"4679\" data-end=\"4942\">Mo\u017cemy okresowo aktualizowa\u0107 niniejsz\u0105 Polityk\u0119 Prywatno\u015bci, aby odzwierciedli\u0107 zmiany prawne lub operacyjne.<br data-start=\"4766\" data-end=\"4769\">Najnowsza wersja b\u0119dzie zawsze dost\u0119pna pod adresem <a class=\"decorated-link\" href=\"https:\/\/www.rehaira.com\" target=\"_new\" rel=\"noopener\" data-start=\"4816\" data-end=\"4858\">www.rehaira.com<\/a>.<br data-start=\"4859\" data-end=\"4862\">W przypadku znacz\u0105cych aktualizacji powiadomimy Pa\u0144stwa e-mailem lub na naszej stronie internetowej.<\/p>\n<hr data-start=\"4944\" data-end=\"4947\">\n<h2 data-start=\"4949\" data-end=\"4977\">12. Informacje kontaktowe<\/h2>\n<p data-start=\"4978\" data-end=\"5296\"><strong data-start=\"4978\" data-end=\"4998\">Administrator danych:<\/strong><br data-start=\"4998\" data-end=\"5001\"><strong data-start=\"5001\" data-end=\"5075\">REHA\u0130RA SA\u011eLIK TUR\u0130ZM \u0130N\u015eAAT TEKST\u0130L SANAY\u0130 VE T\u0130CARET L\u0130M\u0130TED \u015e\u0130RKET\u0130<\/strong><br data-start=\"5075\" data-end=\"5078\"><strong data-start=\"5078\" data-end=\"5093\">Nazwa marki:<\/strong> Rehaira Hair Clinic<br data-start=\"5113\" data-end=\"5116\"><strong data-start=\"5116\" data-end=\"5126\">E-mail:<\/strong> <a class=\"decorated-link cursor-pointer\" rel=\"noopener\" data-start=\"5127\" data-end=\"5143\">info@rehaira.com<\/a><br data-start=\"5143\" data-end=\"5146\"><strong data-start=\"5146\" data-end=\"5156\">Telefon:<\/strong> +90 501 005 44 99<br data-start=\"5174\" data-end=\"5177\"><strong data-start=\"5177\" data-end=\"5189\">Strona internetowa:<\/strong> <a class=\"decorated-link\" href=\"https:\/\/www.rehaira.com\" target=\"_new\" rel=\"noopener\" data-start=\"5190\" data-end=\"5232\">www.rehaira.com<\/a><br data-start=\"5232\" data-end=\"5235\"><strong data-start=\"5235\" data-end=\"5247\">Adres:<\/strong> Cihangir Mahallesi, E5 Yan yol, Londra Asfalt\u0131 Caddesi, B Blok No: 291\/1G, 34310 Avc\u0131lar\/\u0130stanbul<\/p>\n","protected":false},"excerpt":{"rendered":"<p>Twoja prywatno\u015b\u0107 jest wa\u017cna. Dowiedz si\u0119, jak zbieramy, przechowujemy i chronimy Twoje dane osobowe. <\/p>\n","protected":false},"author":1,"featured_media":0,"parent":0,"menu_order":0,"comment_status":"closed","ping_status":"closed","template":"100-width.php","meta":{"_acf_changed":false,"footnotes":""},"class_list":["post-3391","page","type-page","status-publish","hentry"],"acf":[],"_links":{"self":[{"href":"https:\/\/rehaira.com\/pl\/wp-json\/wp\/v2\/pages\/3391","targetHints":{"allow":["GET"]}}],"collection":[{"href":"https:\/\/rehaira.com\/pl\/wp-json\/wp\/v2\/pages"}],"about":[{"href":"https:\/\/rehaira.com\/pl\/wp-json\/wp\/v2\/types\/page"}],"author":[{"embeddable":true,"href":"https:\/\/rehaira.com\/pl\/wp-json\/wp\/v2\/users\/1"}],"replies":[{"embeddable":true,"href":"https:\/\/rehaira.com\/pl\/wp-json\/wp\/v2\/comments?post=3391"}],"version-history":[{"count":2,"href":"https:\/\/rehaira.com\/pl\/wp-json\/wp\/v2\/pages\/3391\/revisions"}],"predecessor-version":[{"id":9227,"href":"https:\/\/rehaira.com\/pl\/wp-json\/wp\/v2\/pages\/3391\/revisions\/9227"}],"wp:attachment":[{"href":"https:\/\/rehaira.com\/pl\/wp-json\/wp\/v2\/media?parent=3391"}],"curies":[{"name":"wp","href":"https:\/\/api.w.org\/{rel}","templated":true}]}}