{"id":3438,"date":"2025-08-02T20:58:26","date_gmt":"2025-08-02T17:58:26","guid":{"rendered":"https:\/\/rehaira.com\/faq-czesto-zadawane-pytania\/"},"modified":"2025-10-21T22:29:15","modified_gmt":"2025-10-21T19:29:15","slug":"faq-czesto-zadawane-pytania","status":"publish","type":"page","link":"https:\/\/rehaira.com\/pl\/faq-czesto-zadawane-pytania\/","title":{"rendered":"FAQ"},"content":{"rendered":"","protected":false},"excerpt":{"rendered":"<p>Znajd\u017a jasne odpowiedzi na najcz\u0119stsze pytania dotycz\u0105ce procedur przeszczepu w\u0142os\u00f3w i opieki pooperacyjnej.<\/p>\n","protected":false},"author":1,"featured_media":0,"parent":0,"menu_order":0,"comment_status":"closed","ping_status":"closed","template":"100-width.php","meta":{"_acf_changed":false,"footnotes":""},"class_list":["post-3438","page","type-page","status-publish","hentry"],"acf":[],"_links":{"self":[{"href":"https:\/\/rehaira.com\/pl\/wp-json\/wp\/v2\/pages\/3438","targetHints":{"allow":["GET"]}}],"collection":[{"href":"https:\/\/rehaira.com\/pl\/wp-json\/wp\/v2\/pages"}],"about":[{"href":"https:\/\/rehaira.com\/pl\/wp-json\/wp\/v2\/types\/page"}],"author":[{"embeddable":true,"href":"https:\/\/rehaira.com\/pl\/wp-json\/wp\/v2\/users\/1"}],"replies":[{"embeddable":true,"href":"https:\/\/rehaira.com\/pl\/wp-json\/wp\/v2\/comments?post=3438"}],"version-history":[{"count":2,"href":"https:\/\/rehaira.com\/pl\/wp-json\/wp\/v2\/pages\/3438\/revisions"}],"predecessor-version":[{"id":9216,"href":"https:\/\/rehaira.com\/pl\/wp-json\/wp\/v2\/pages\/3438\/revisions\/9216"}],"wp:attachment":[{"href":"https:\/\/rehaira.com\/pl\/wp-json\/wp\/v2\/media?parent=3438"}],"curies":[{"name":"wp","href":"https:\/\/api.w.org\/{rel}","templated":true}]}}