{"id":3473,"date":"2025-08-03T13:39:31","date_gmt":"2025-08-03T10:39:31","guid":{"rendered":"https:\/\/rehaira.com\/faq-czesto-zadawane-pytania\/o-zabiegach-przeszczepu-wlosow\/"},"modified":"2025-10-03T14:26:03","modified_gmt":"2025-10-03T11:26:03","slug":"o-zabiegach-przeszczepu-wlosow","status":"publish","type":"page","link":"https:\/\/rehaira.com\/pl\/faq-czesto-zadawane-pytania\/o-zabiegach-przeszczepu-wlosow\/","title":{"rendered":"O zabiegach przeszczepu w\u0142os\u00f3w"},"content":{"rendered":"<div class=\"fusion-fullwidth fullwidth-box fusion-builder-row-1 fusion-flex-container has-pattern-background has-mask-background nonhundred-percent-fullwidth non-hundred-percent-height-scrolling\" style=\"--awb-border-radius-top-left:0px;--awb-border-radius-top-right:0px;--awb-border-radius-bottom-right:0px;--awb-border-radius-bottom-left:0px;--awb-flex-wrap:wrap;\" ><div class=\"fusion-builder-row fusion-row fusion-flex-align-items-flex-start fusion-flex-content-wrap\" style=\"max-width:1248px;margin-left: calc(-4% \/ 2 );margin-right: calc(-4% \/ 2 );\"><div class=\"fusion-layout-column fusion_builder_column fusion-builder-column-0 fusion_builder_column_1_1 1_1 fusion-flex-column\" style=\"--awb-bg-size:cover;--awb-width-large:100%;--awb-margin-top-large:0px;--awb-spacing-right-large:1.92%;--awb-margin-bottom-large:20px;--awb-spacing-left-large:1.92%;--awb-width-medium:100%;--awb-order-medium:0;--awb-spacing-right-medium:1.92%;--awb-spacing-left-medium:1.92%;--awb-width-small:100%;--awb-order-small:0;--awb-spacing-right-small:1.92%;--awb-spacing-left-small:1.92%;\"><div class=\"fusion-column-wrapper fusion-column-has-shadow fusion-flex-justify-content-flex-start fusion-content-layout-column\"><style type=\"text\/css\">#accordian-1 .fusion-panel:hover,#accordian-1 .fusion-panel.hover{ background-color: var(--awb-custom_color_2) } #accordian-1 .fusion-panel { border-color:var(--awb-color6); border-width:1px; background-color:var(--awb-color6); }.fusion-accordian #accordian-1 .panel-title a .fa-fusion-box:before{ font-size: 16px;width: 16px;}.fusion-accordian #accordian-1 .panel-title a .fa-fusion-box{ color: var(--awb-color5);}.fusion-accordian  #accordian-1 .panel-title a{font-size:16px;font-family:\"Lexend Deca\";font-style:normal;font-weight:300;}.fusion-accordian  #accordian-1 .panel-title a:not(:hover){}.fusion-accordian  #accordian-1 .toggle-content{font-family:var(--awb-typography4-font-family);font-weight:var(--awb-typography4-font-weight);font-style:var(--awb-typography4-font-style);}.fusion-accordian #accordian-1 .panel-title a:hover,.fusion-accordian #accordian-1 .panel-title a.hover { color: var(--awb-color3);}.fusion-faq-shortcode .fusion-accordian #accordian-1 .fusion-toggle-boxed-mode:hover .panel-title a { color: var(--awb-color3);}.fusion-accordian #accordian-1.fusion-toggle-icon-unboxed .panel-title a:hover .fa-fusion-box,.fusion-accordian #accordian-1.fusion-toggle-icon-unboxed .panel-title a.hover .fa-fusion-box { color: var(--awb-color3); }.fusion-faqs-wrapper .fusion-accordian #accordian-1 .panel-title a.active{ color: var(--awb-color3) !important;}.fusion-faqs-wrapper .fusion-accordian  #accordian-1.fusion-toggle-icon-unboxed .fusion-panel .panel-title a.active .fa-fusion-box{ color: var(--awb-color3) !important;}<\/style><div class=\"fusion-faq-shortcode\" style=\"\"><div class=\"fusion-faqs-wrapper\"><div class=\"accordian fusion-accordian\"><div class=\"panel-group  fusion-toggle-icon-unboxed\" id=\"accordian-1\"><div class=\"fusion-panel fusion-toggle-no-divider fusion-toggle-boxed-mode panel-default fusion-faq-post fusion-faq-post-4395 o-zabiegach-przeszczepu-wlosow \"><span class=\"entry-title rich-snippet-hidden\">Czym jest przeszczep w\u0142os\u00f3w?<\/span><span class=\"vcard rich-snippet-hidden\"><span class=\"fn\"><a href=\"https:\/\/rehaira.com\/pl\/author\/admin_3a81wdyw\/\" title=\"Wpisy od admin\" rel=\"author\">admin<\/a><\/span><\/span><span class=\"updated rich-snippet-hidden\">2025-09-06T05:44:12+03:00<\/span><div class=\"panel-heading\"><h4 id=\"faq_1-4395\" class=\"panel-title toggle\"><a data-toggle=\"collapse\" class=\"collapsed\" data-parent=\"#accordian-1\" data-target=\"#collapse-1-4395\" href=\"#collapse-1-4395\" aria-expanded=\"false\"><div class=\"fusion-toggle-icon-wrapper\"><div class=\"fusion-toggle-icon-wrapper-main\"><div class=\"fusion-toggle-icon-wrapper-sub\"><i class=\"fa-fusion-box active-icon awb-icon-minus\" aria-hidden=\"true\"><\/i><i class=\"fa-fusion-box inactive-icon awb-icon-plus\" aria-hidden=\"true\"><\/i><\/div><\/div><\/div><div class=\"fusion-toggle-heading\">Czym jest przeszczep w\u0142os\u00f3w?<\/div><\/a><\/h4><\/div><div id=\"collapse-1-4395\" aria-labelledby=\"faq_1-4395\" class=\"panel-collapse collapse\"><div class=\"panel-body toggle-content post-content\"><p>Przeszczep w\u0142os\u00f3w to zabieg medyczny, kt\u00f3ry polega na przeniesieniu zdrowych mieszk\u00f3w w\u0142osowych z obszaru o silnym wzro\u015bcie, znanego jako obszar dawczy, do miejsc dotkni\u0119tych przerzedzeniem lub \u0142ysieniem. Po przeszczepie mieszki te nadal rosn\u0105 naturalnie przez ca\u0142e \u017cycie. <\/p>\n<\/div><\/div><\/div><div class=\"fusion-panel fusion-toggle-no-divider fusion-toggle-boxed-mode panel-default fusion-faq-post fusion-faq-post-4391 o-zabiegach-przeszczepu-wlosow \"><span class=\"entry-title rich-snippet-hidden\">Jak dzia\u0142a przeszczep w\u0142os\u00f3w?<\/span><span class=\"vcard rich-snippet-hidden\"><span class=\"fn\"><a href=\"https:\/\/rehaira.com\/pl\/author\/admin_3a81wdyw\/\" title=\"Wpisy od admin\" rel=\"author\">admin<\/a><\/span><\/span><span class=\"updated rich-snippet-hidden\">2025-09-06T05:44:40+03:00<\/span><div class=\"panel-heading\"><h4 id=\"faq_1-4391\" class=\"panel-title toggle\"><a data-toggle=\"collapse\" class=\"collapsed\" data-parent=\"#accordian-1\" data-target=\"#collapse-1-4391\" href=\"#collapse-1-4391\" aria-expanded=\"false\"><div class=\"fusion-toggle-icon-wrapper\"><div class=\"fusion-toggle-icon-wrapper-main\"><div class=\"fusion-toggle-icon-wrapper-sub\"><i class=\"fa-fusion-box active-icon awb-icon-minus\" aria-hidden=\"true\"><\/i><i class=\"fa-fusion-box inactive-icon awb-icon-plus\" aria-hidden=\"true\"><\/i><\/div><\/div><\/div><div class=\"fusion-toggle-heading\">Jak dzia\u0142a przeszczep w\u0142os\u00f3w?<\/div><\/a><\/h4><\/div><div id=\"collapse-1-4391\" aria-labelledby=\"faq_1-4391\" class=\"panel-collapse collapse\"><div class=\"panel-body toggle-content post-content\"><p>Proces polega na indywidualnym pobieraniu mieszk\u00f3w w\u0142osowych z obszaru dawczego, zazwyczaj z ty\u0142u lub bok\u00f3w g\u0142owy, a nast\u0119pnie wszczepianiu ich w obszar docelowy. Ka\u017cdy mieszk jest umieszczany tak, aby dopasowa\u0107 si\u0119 do naturalnego k\u0105ta, kierunku i g\u0119sto\u015bci otaczaj\u0105cych w\u0142os\u00f3w, zapewniaj\u0105c jednolity efekt. <\/p>\n<\/div><\/div><\/div><div class=\"fusion-panel fusion-toggle-no-divider fusion-toggle-boxed-mode panel-default fusion-faq-post fusion-faq-post-5049 o-zabiegach-przeszczepu-wlosow \"><span class=\"entry-title rich-snippet-hidden\">Jakie s\u0105 dost\u0119pne r\u00f3\u017cne techniki przeszczepu w\u0142os\u00f3w?<\/span><span class=\"vcard rich-snippet-hidden\"><span class=\"fn\"><a href=\"https:\/\/rehaira.com\/pl\/author\/admin_3a81wdyw\/\" title=\"Wpisy od admin\" rel=\"author\">admin<\/a><\/span><\/span><span class=\"updated rich-snippet-hidden\">2025-09-06T05:45:15+03:00<\/span><div class=\"panel-heading\"><h4 id=\"faq_1-5049\" class=\"panel-title toggle\"><a data-toggle=\"collapse\" class=\"collapsed\" data-parent=\"#accordian-1\" data-target=\"#collapse-1-5049\" href=\"#collapse-1-5049\" aria-expanded=\"false\"><div class=\"fusion-toggle-icon-wrapper\"><div class=\"fusion-toggle-icon-wrapper-main\"><div class=\"fusion-toggle-icon-wrapper-sub\"><i class=\"fa-fusion-box active-icon awb-icon-minus\" aria-hidden=\"true\"><\/i><i class=\"fa-fusion-box inactive-icon awb-icon-plus\" aria-hidden=\"true\"><\/i><\/div><\/div><\/div><div class=\"fusion-toggle-heading\">Jakie s\u0105 dost\u0119pne r\u00f3\u017cne techniki przeszczepu w\u0142os\u00f3w?<\/div><\/a><\/h4><\/div><div id=\"collapse-1-5049\" aria-labelledby=\"faq_1-5049\" class=\"panel-collapse collapse\"><div class=\"panel-body toggle-content post-content\"><p>G\u0142\u00f3wne metody implantacji to DHI (Direct Hair Implantation) oraz implantacja Sapphire. W obu metodach faza ekstrakcji jest wykonywana przy u\u017cyciu techniki FUE (Follicular Unit Extraction). R\u00f3\u017cnica polega na sposobie implantacji mieszk\u00f3w w\u0142osowych.  <\/p>\n<\/div><\/div><\/div><div class=\"fusion-panel fusion-toggle-no-divider fusion-toggle-boxed-mode panel-default fusion-faq-post fusion-faq-post-5035 o-zabiegach-przeszczepu-wlosow \"><span class=\"entry-title rich-snippet-hidden\">Jaka jest r\u00f3\u017cnica mi\u0119dzy FUE, DHI i FUE Sapphire?<\/span><span class=\"vcard rich-snippet-hidden\"><span class=\"fn\"><a href=\"https:\/\/rehaira.com\/pl\/author\/admin_3a81wdyw\/\" title=\"Wpisy od admin\" rel=\"author\">admin<\/a><\/span><\/span><span class=\"updated rich-snippet-hidden\">2025-09-06T05:46:10+03:00<\/span><div class=\"panel-heading\"><h4 id=\"faq_1-5035\" class=\"panel-title toggle\"><a data-toggle=\"collapse\" class=\"collapsed\" data-parent=\"#accordian-1\" data-target=\"#collapse-1-5035\" href=\"#collapse-1-5035\" aria-expanded=\"false\"><div class=\"fusion-toggle-icon-wrapper\"><div class=\"fusion-toggle-icon-wrapper-main\"><div class=\"fusion-toggle-icon-wrapper-sub\"><i class=\"fa-fusion-box active-icon awb-icon-minus\" aria-hidden=\"true\"><\/i><i class=\"fa-fusion-box inactive-icon awb-icon-plus\" aria-hidden=\"true\"><\/i><\/div><\/div><\/div><div class=\"fusion-toggle-heading\">Jaka jest r\u00f3\u017cnica mi\u0119dzy FUE, DHI i FUE Sapphire?<\/div><\/a><\/h4><\/div><div id=\"collapse-1-5035\" aria-labelledby=\"faq_1-5035\" class=\"panel-collapse collapse\"><div class=\"panel-body toggle-content post-content\"><p>FUE odnosi si\u0119 wy\u0142\u0105cznie do metody ekstrakcji, gdzie mieszki w\u0142osowe s\u0105 usuwane jeden po drugim z obszaru dawczego. DHI i Sapphire opisuj\u0105 etap implantacji. DHI wykorzystuje implanter Choi do bezpo\u015bredniego umieszczania bez wcze\u015bniejszego otwierania kana\u0142\u00f3w, podczas gdy Sapphire u\u017cywa precyzyjnych instrument\u00f3w z ko\u0144c\u00f3wk\u0105 szafirow\u0105 do otwierania kana\u0142\u00f3w przed implantacj\u0105, co pozwala na uzyskanie wi\u0119kszej g\u0119sto\u015bci na wi\u0119kszych obszarach \u0142ysienia.  <\/p>\n<\/div><\/div><\/div><div class=\"fusion-panel fusion-toggle-no-divider fusion-toggle-boxed-mode panel-default fusion-faq-post fusion-faq-post-5031 o-zabiegach-przeszczepu-wlosow \"><span class=\"entry-title rich-snippet-hidden\">Kt\u00f3ra technika jest dla mnie najlepsza?<\/span><span class=\"vcard rich-snippet-hidden\"><span class=\"fn\"><a href=\"https:\/\/rehaira.com\/pl\/author\/admin_3a81wdyw\/\" title=\"Wpisy od admin\" rel=\"author\">admin<\/a><\/span><\/span><span class=\"updated rich-snippet-hidden\">2025-09-06T05:46:35+03:00<\/span><div class=\"panel-heading\"><h4 id=\"faq_1-5031\" class=\"panel-title toggle\"><a data-toggle=\"collapse\" class=\"collapsed\" data-parent=\"#accordian-1\" data-target=\"#collapse-1-5031\" href=\"#collapse-1-5031\" aria-expanded=\"false\"><div class=\"fusion-toggle-icon-wrapper\"><div class=\"fusion-toggle-icon-wrapper-main\"><div class=\"fusion-toggle-icon-wrapper-sub\"><i class=\"fa-fusion-box active-icon awb-icon-minus\" aria-hidden=\"true\"><\/i><i class=\"fa-fusion-box inactive-icon awb-icon-plus\" aria-hidden=\"true\"><\/i><\/div><\/div><\/div><div class=\"fusion-toggle-heading\">Kt\u00f3ra technika jest dla mnie najlepsza?<\/div><\/a><\/h4><\/div><div id=\"collapse-1-5031\" aria-labelledby=\"faq_1-5031\" class=\"panel-collapse collapse\"><div class=\"panel-body toggle-content post-content\"><p>Wyb\u00f3r zale\u017cy od wzorca utraty w\u0142os\u00f3w, pojemno\u015bci obszaru dawczego i po\u017c\u0105danych rezultat\u00f3w. Metoda DHI jest cz\u0119sto preferowana do zwi\u0119kszania g\u0119sto\u015bci w obszarach z istniej\u0105cymi w\u0142osami, podczas gdy metoda Sapphire jest idealna do tworzenia pokrycia o wysokiej g\u0119sto\u015bci na ca\u0142kowicie \u0142ysych obszarach. Dok\u0142adna konsultacja pozwala okre\u015bli\u0107 najbardziej odpowiednie podej\u015bcie.  <\/p>\n<\/div><\/div><\/div><div class=\"fusion-panel fusion-toggle-no-divider fusion-toggle-boxed-mode panel-default fusion-faq-post fusion-faq-post-5027 o-zabiegach-przeszczepu-wlosow \"><span class=\"entry-title rich-snippet-hidden\">Czy metoda ekstrakcji to zawsze FUE, niezale\u017cnie od techniki implantacji?<\/span><span class=\"vcard rich-snippet-hidden\"><span class=\"fn\"><a href=\"https:\/\/rehaira.com\/pl\/author\/admin_3a81wdyw\/\" title=\"Wpisy od admin\" rel=\"author\">admin<\/a><\/span><\/span><span class=\"updated rich-snippet-hidden\">2025-09-06T06:01:29+03:00<\/span><div class=\"panel-heading\"><h4 id=\"faq_1-5027\" class=\"panel-title toggle\"><a data-toggle=\"collapse\" class=\"collapsed\" data-parent=\"#accordian-1\" data-target=\"#collapse-1-5027\" href=\"#collapse-1-5027\" aria-expanded=\"false\"><div class=\"fusion-toggle-icon-wrapper\"><div class=\"fusion-toggle-icon-wrapper-main\"><div class=\"fusion-toggle-icon-wrapper-sub\"><i class=\"fa-fusion-box active-icon awb-icon-minus\" aria-hidden=\"true\"><\/i><i class=\"fa-fusion-box inactive-icon awb-icon-plus\" aria-hidden=\"true\"><\/i><\/div><\/div><\/div><div class=\"fusion-toggle-heading\">Czy metoda ekstrakcji to zawsze FUE, niezale\u017cnie od techniki implantacji?<\/div><\/a><\/h4><\/div><div id=\"collapse-1-5027\" aria-labelledby=\"faq_1-5027\" class=\"panel-collapse collapse\"><div class=\"panel-body toggle-content post-content\"><p>Tak. W Rehaira wszystkie mieszki w\u0142osowe s\u0105 ekstraktowane metod\u0105 FUE, niezale\u017cnie od tego, czy etap implantacji jest wykonywany technik\u0105 DHI czy Sapphire. <\/p>\n<\/div><\/div><\/div><div class=\"fusion-panel fusion-toggle-no-divider fusion-toggle-boxed-mode panel-default fusion-faq-post fusion-faq-post-5013 o-zabiegach-przeszczepu-wlosow \"><span class=\"entry-title rich-snippet-hidden\">Jak decydujecie, czy zastosowa\u0107 DHI czy Sapphire do implantacji?<\/span><span class=\"vcard rich-snippet-hidden\"><span class=\"fn\"><a href=\"https:\/\/rehaira.com\/pl\/author\/admin_3a81wdyw\/\" title=\"Wpisy od admin\" rel=\"author\">admin<\/a><\/span><\/span><span class=\"updated rich-snippet-hidden\">2025-09-06T06:02:08+03:00<\/span><div class=\"panel-heading\"><h4 id=\"faq_1-5013\" class=\"panel-title toggle\"><a data-toggle=\"collapse\" class=\"collapsed\" data-parent=\"#accordian-1\" data-target=\"#collapse-1-5013\" href=\"#collapse-1-5013\" aria-expanded=\"false\"><div class=\"fusion-toggle-icon-wrapper\"><div class=\"fusion-toggle-icon-wrapper-main\"><div class=\"fusion-toggle-icon-wrapper-sub\"><i class=\"fa-fusion-box active-icon awb-icon-minus\" aria-hidden=\"true\"><\/i><i class=\"fa-fusion-box inactive-icon awb-icon-plus\" aria-hidden=\"true\"><\/i><\/div><\/div><\/div><div class=\"fusion-toggle-heading\">Jak decydujecie, czy zastosowa\u0107 DHI czy Sapphire do implantacji?<\/div><\/a><\/h4><\/div><div id=\"collapse-1-5013\" aria-labelledby=\"faq_1-5013\" class=\"panel-collapse collapse\"><div class=\"panel-body toggle-content post-content\"><p>Oceniamy wielko\u015b\u0107 obszaru, istniej\u0105c\u0105 g\u0119sto\u015b\u0107 w\u0142os\u00f3w oraz po\u017c\u0105dany efekt ko\u0144cowy. DHI stosujemy do precyzyjnej pracy w obszarach z istniej\u0105cymi w\u0142osami, aby unikn\u0105\u0107 uszkodzenia naturalnych mieszk\u00f3w w\u0142osowych. Sapphire stosujemy, gdy potrzebna jest wi\u0119ksza g\u0119sto\u015b\u0107 i szersze pokrycie.  <\/p>\n<\/div><\/div><\/div><div class=\"fusion-panel fusion-toggle-no-divider fusion-toggle-boxed-mode panel-default fusion-faq-post fusion-faq-post-5008 o-zabiegach-przeszczepu-wlosow \"><span class=\"entry-title rich-snippet-hidden\">Czy kobiety mog\u0105 przej\u015b\u0107 przeszczep w\u0142os\u00f3w?<\/span><span class=\"vcard rich-snippet-hidden\"><span class=\"fn\"><a href=\"https:\/\/rehaira.com\/pl\/author\/admin_3a81wdyw\/\" title=\"Wpisy od admin\" rel=\"author\">admin<\/a><\/span><\/span><span class=\"updated rich-snippet-hidden\">2025-09-06T06:02:36+03:00<\/span><div class=\"panel-heading\"><h4 id=\"faq_1-5008\" class=\"panel-title toggle\"><a data-toggle=\"collapse\" class=\"collapsed\" data-parent=\"#accordian-1\" data-target=\"#collapse-1-5008\" href=\"#collapse-1-5008\" aria-expanded=\"false\"><div class=\"fusion-toggle-icon-wrapper\"><div class=\"fusion-toggle-icon-wrapper-main\"><div class=\"fusion-toggle-icon-wrapper-sub\"><i class=\"fa-fusion-box active-icon awb-icon-minus\" aria-hidden=\"true\"><\/i><i class=\"fa-fusion-box inactive-icon awb-icon-plus\" aria-hidden=\"true\"><\/i><\/div><\/div><\/div><div class=\"fusion-toggle-heading\">Czy kobiety mog\u0105 przej\u015b\u0107 przeszczep w\u0142os\u00f3w?<\/div><\/a><\/h4><\/div><div id=\"collapse-1-5008\" aria-labelledby=\"faq_1-5008\" class=\"panel-collapse collapse\"><div class=\"panel-body toggle-content post-content\"><p>Tak. Kobiety mog\u0105 skorzysta\u0107 z przeszczep\u00f3w w\u0142os\u00f3w, szczeg\u00f3lnie w celu przywr\u00f3cenia g\u0119sto\u015bci w przerzedzaj\u0105cych si\u0119 obszarach lub przekszta\u0142cenia linii w\u0142os\u00f3w. Techniki takie jak DHI s\u0105 cz\u0119sto preferowane dla pacjentek, aby unikn\u0105\u0107 golenia i chroni\u0107 otaczaj\u0105ce w\u0142osy.  <\/p>\n<\/div><\/div><\/div><div class=\"fusion-panel fusion-toggle-no-divider fusion-toggle-boxed-mode panel-default fusion-faq-post fusion-faq-post-5005 o-zabiegach-przeszczepu-wlosow \"><span class=\"entry-title rich-snippet-hidden\">Czy przeszczep w\u0142os\u00f3w mo\u017cna wykona\u0107 bez golenia?<\/span><span class=\"vcard rich-snippet-hidden\"><span class=\"fn\"><a href=\"https:\/\/rehaira.com\/pl\/author\/admin_3a81wdyw\/\" title=\"Wpisy od admin\" rel=\"author\">admin<\/a><\/span><\/span><span class=\"updated rich-snippet-hidden\">2025-09-06T06:03:07+03:00<\/span><div class=\"panel-heading\"><h4 id=\"faq_1-5005\" class=\"panel-title toggle\"><a data-toggle=\"collapse\" class=\"collapsed\" data-parent=\"#accordian-1\" data-target=\"#collapse-1-5005\" href=\"#collapse-1-5005\" aria-expanded=\"false\"><div class=\"fusion-toggle-icon-wrapper\"><div class=\"fusion-toggle-icon-wrapper-main\"><div class=\"fusion-toggle-icon-wrapper-sub\"><i class=\"fa-fusion-box active-icon awb-icon-minus\" aria-hidden=\"true\"><\/i><i class=\"fa-fusion-box inactive-icon awb-icon-plus\" aria-hidden=\"true\"><\/i><\/div><\/div><\/div><div class=\"fusion-toggle-heading\">Czy przeszczep w\u0142os\u00f3w mo\u017cna wykona\u0107 bez golenia?<\/div><\/a><\/h4><\/div><div id=\"collapse-1-5005\" aria-labelledby=\"faq_1-5005\" class=\"panel-collapse collapse\"><div class=\"panel-body toggle-content post-content\"><p>Tak, w wielu przypadkach mo\u017cliwe jest wykonanie cz\u0119\u015bciowego lub ca\u0142kowitego zabiegu bez golenia, szczeg\u00f3lnie przy zastosowaniu techniki DHI. Jednak przydatno\u015b\u0107 zale\u017cy od wielko\u015bci obszaru do leczenia i charakterystyki w\u0142os\u00f3w. <\/p>\n<\/div><\/div><\/div><div class=\"fusion-panel fusion-toggle-no-divider fusion-toggle-boxed-mode panel-default fusion-faq-post fusion-faq-post-5001 o-zabiegach-przeszczepu-wlosow \"><span class=\"entry-title rich-snippet-hidden\">Jak okre\u015bla si\u0119 obszar dawczy?<\/span><span class=\"vcard rich-snippet-hidden\"><span class=\"fn\"><a href=\"https:\/\/rehaira.com\/pl\/author\/admin_3a81wdyw\/\" title=\"Wpisy od admin\" rel=\"author\">admin<\/a><\/span><\/span><span class=\"updated rich-snippet-hidden\">2025-09-06T06:03:27+03:00<\/span><div class=\"panel-heading\"><h4 id=\"faq_1-5001\" class=\"panel-title toggle\"><a data-toggle=\"collapse\" class=\"collapsed\" data-parent=\"#accordian-1\" data-target=\"#collapse-1-5001\" href=\"#collapse-1-5001\" aria-expanded=\"false\"><div class=\"fusion-toggle-icon-wrapper\"><div class=\"fusion-toggle-icon-wrapper-main\"><div class=\"fusion-toggle-icon-wrapper-sub\"><i class=\"fa-fusion-box active-icon awb-icon-minus\" aria-hidden=\"true\"><\/i><i class=\"fa-fusion-box inactive-icon awb-icon-plus\" aria-hidden=\"true\"><\/i><\/div><\/div><\/div><div class=\"fusion-toggle-heading\">Jak okre\u015bla si\u0119 obszar dawczy?<\/div><\/a><\/h4><\/div><div id=\"collapse-1-5001\" aria-labelledby=\"faq_1-5001\" class=\"panel-collapse collapse\"><div class=\"panel-body toggle-content post-content\"><p>Obszar dawczy zwykle znajduje si\u0119 z ty\u0142u i po bokach sk\u00f3ry g\u0142owy, gdzie mieszki w\u0142osowe s\u0105 genetycznie odporne na wypadanie w\u0142os\u00f3w. Oceniamy g\u0119sto\u015b\u0107, si\u0142\u0119 i rozmieszczenie w\u0142os\u00f3w w tym obszarze, aby zapewni\u0107 zar\u00f3wno efektywn\u0105 ekstrakcj\u0119, jak i naturalny wygl\u0105d po zagojeniu. <\/p>\n<\/div><\/div><\/div><\/div><\/div><\/div><\/div><\/div><\/div><\/div><\/div>\n","protected":false},"excerpt":{"rendered":"<p>Szczeg\u00f3\u0142owe informacje o technikach i technologiach, kt\u00f3re stosujemy w Rehaira.<\/p>\n","protected":false},"author":1,"featured_media":0,"parent":3438,"menu_order":0,"comment_status":"closed","ping_status":"closed","template":"100-width.php","meta":{"_acf_changed":false,"footnotes":""},"class_list":["post-3473","page","type-page","status-publish","hentry"],"acf":[],"_links":{"self":[{"href":"https:\/\/rehaira.com\/pl\/wp-json\/wp\/v2\/pages\/3473","targetHints":{"allow":["GET"]}}],"collection":[{"href":"https:\/\/rehaira.com\/pl\/wp-json\/wp\/v2\/pages"}],"about":[{"href":"https:\/\/rehaira.com\/pl\/wp-json\/wp\/v2\/types\/page"}],"author":[{"embeddable":true,"href":"https:\/\/rehaira.com\/pl\/wp-json\/wp\/v2\/users\/1"}],"replies":[{"embeddable":true,"href":"https:\/\/rehaira.com\/pl\/wp-json\/wp\/v2\/comments?post=3473"}],"version-history":[{"count":1,"href":"https:\/\/rehaira.com\/pl\/wp-json\/wp\/v2\/pages\/3473\/revisions"}],"predecessor-version":[{"id":3479,"href":"https:\/\/rehaira.com\/pl\/wp-json\/wp\/v2\/pages\/3473\/revisions\/3479"}],"up":[{"embeddable":true,"href":"https:\/\/rehaira.com\/pl\/wp-json\/wp\/v2\/pages\/3438"}],"wp:attachment":[{"href":"https:\/\/rehaira.com\/pl\/wp-json\/wp\/v2\/media?parent=3473"}],"curies":[{"name":"wp","href":"https:\/\/api.w.org\/{rel}","templated":true}]}}