{"id":3480,"date":"2025-08-03T12:57:25","date_gmt":"2025-08-03T09:57:25","guid":{"rendered":"https:\/\/rehaira.com\/pomoc\/"},"modified":"2025-08-03T12:57:25","modified_gmt":"2025-08-03T09:57:25","slug":"pomoc","status":"publish","type":"page","link":"https:\/\/rehaira.com\/pl\/pomoc\/","title":{"rendered":"Pomoc"},"content":{"rendered":"","protected":false},"excerpt":{"rendered":"<p>Potrzebujesz pomocy? Przegl\u0105daj cz\u0119sto wyst\u0119puj\u0105ce problemy i pomocne zasoby. <\/p>\n","protected":false},"author":1,"featured_media":0,"parent":0,"menu_order":0,"comment_status":"closed","ping_status":"closed","template":"100-width.php","meta":{"_acf_changed":false,"footnotes":""},"class_list":["post-3480","page","type-page","status-publish","hentry"],"acf":[],"_links":{"self":[{"href":"https:\/\/rehaira.com\/pl\/wp-json\/wp\/v2\/pages\/3480","targetHints":{"allow":["GET"]}}],"collection":[{"href":"https:\/\/rehaira.com\/pl\/wp-json\/wp\/v2\/pages"}],"about":[{"href":"https:\/\/rehaira.com\/pl\/wp-json\/wp\/v2\/types\/page"}],"author":[{"embeddable":true,"href":"https:\/\/rehaira.com\/pl\/wp-json\/wp\/v2\/users\/1"}],"replies":[{"embeddable":true,"href":"https:\/\/rehaira.com\/pl\/wp-json\/wp\/v2\/comments?post=3480"}],"version-history":[{"count":0,"href":"https:\/\/rehaira.com\/pl\/wp-json\/wp\/v2\/pages\/3480\/revisions"}],"wp:attachment":[{"href":"https:\/\/rehaira.com\/pl\/wp-json\/wp\/v2\/media?parent=3480"}],"curies":[{"name":"wp","href":"https:\/\/api.w.org\/{rel}","templated":true}]}}