{"id":3272,"date":"2025-07-31T11:48:16","date_gmt":"2025-07-31T08:48:16","guid":{"rendered":"https:\/\/rehaira.com\/servicii\/"},"modified":"2026-02-24T13:01:14","modified_gmt":"2026-02-24T10:01:14","slug":"servicii","status":"publish","type":"page","link":"https:\/\/rehaira.com\/ro\/servicii\/","title":{"rendered":"Servicii"},"content":{"rendered":"<p><div class=\"fusion-fullwidth fullwidth-box fusion-builder-row-1 fusion-flex-container has-pattern-background has-mask-background nonhundred-percent-fullwidth non-hundred-percent-height-scrolling\" style=\"--awb-border-radius-top-left:0px;--awb-border-radius-top-right:0px;--awb-border-radius-bottom-right:0px;--awb-border-radius-bottom-left:0px;--awb-padding-top:2%;--awb-padding-bottom:2%;--awb-flex-wrap:wrap;\" ><div class=\"fusion-builder-row fusion-row fusion-flex-align-items-flex-start fusion-flex-justify-content-center fusion-flex-content-wrap\" style=\"max-width:1248px;margin-left: calc(-4% \/ 2 );margin-right: calc(-4% \/ 2 );\"><div class=\"fusion-layout-column fusion_builder_column fusion-builder-column-0 fusion_builder_column_4_5 4_5 fusion-flex-column\" style=\"--awb-bg-size:cover;--awb-width-large:80%;--awb-margin-top-large:0px;--awb-spacing-right-large:2.4%;--awb-margin-bottom-large:20px;--awb-spacing-left-large:2.4%;--awb-width-medium:80%;--awb-order-medium:0;--awb-spacing-right-medium:2.4%;--awb-spacing-left-medium:2.4%;--awb-width-small:100%;--awb-order-small:0;--awb-spacing-right-small:1.92%;--awb-spacing-left-small:1.92%;\" data-scroll-devices=\"small-visibility,medium-visibility,large-visibility\"><div class=\"fusion-column-wrapper fusion-column-has-shadow fusion-flex-justify-content-flex-start fusion-content-layout-column\"><div class=\"fusion-title title fusion-title-1 fusion-sep-none fusion-title-center fusion-title-text fusion-title-size-one\" style=\"--awb-font-size:58px;\"><h1 class=\"fusion-title-heading title-heading-center\" style=\"margin:0;font-size:1em;\"><p>Expertiza noastr\u0103 \u00een<\/p>\n<p>Restaurarea P\u0103rului<\/p><\/h1><\/div><div class=\"fusion-separator\" style=\"align-self: center;margin-left: auto;margin-right: auto;margin-bottom:20px;width:100%;max-width:250px;\"><div class=\"fusion-separator-border sep-single sep-solid\" style=\"--awb-height:20px;--awb-amount:20px;--awb-sep-color:var(--awb-color3);border-color:var(--awb-color3);border-top-width:1px;\"><\/div><\/div><div class=\"fusion-text fusion-text-1\" style=\"--awb-content-alignment:center;\"><p>La Rehaira, oferim o gam\u0103 complet\u0103 de solu\u021bii avansate de restaurare capilar\u0103 adaptate nevoilor dumneavoastr\u0103 individuale. Indiferent dac\u0103 dori\u021bi s\u0103 v\u0103 restaura\u021bi linia capilar\u0103, s\u0103 v\u0103 redefini\u021bi p\u0103rul facial sau s\u0103 v\u0103 \u00eembun\u0103t\u0103\u021bi\u021bi spr\u00e2ncenele, echipa noastr\u0103 de exper\u021bi este aici s\u0103 v\u0103 ghideze la fiecare pas. <\/p>\n<\/div><\/div><\/div><\/div><\/div><div class=\"fusion-fullwidth fullwidth-box fusion-builder-row-2 fusion-flex-container has-pattern-background has-mask-background hundred-percent-fullwidth non-hundred-percent-height-scrolling\" style=\"--awb-border-radius-top-left:0px;--awb-border-radius-top-right:0px;--awb-border-radius-bottom-right:0px;--awb-border-radius-bottom-left:0px;--awb-padding-top:270px;--awb-margin-bottom:-170px;--awb-background-color:var(--awb-custom_color_2);--awb-flex-wrap:wrap;\" ><div class=\"fusion-builder-row fusion-row fusion-flex-align-items-flex-start fusion-flex-content-wrap\" style=\"width:104% !important;max-width:104% !important;margin-left: calc(-4% \/ 2 );margin-right: calc(-4% \/ 2 );\"><\/div><\/div><div class=\"fusion-fullwidth fullwidth-box fusion-builder-row-3 fusion-flex-container has-pattern-background has-mask-background nonhundred-percent-fullwidth non-hundred-percent-height-scrolling\" style=\"--awb-border-radius-top-left:0px;--awb-border-radius-top-right:0px;--awb-border-radius-bottom-right:0px;--awb-border-radius-bottom-left:0px;--awb-padding-bottom:30px;--awb-flex-wrap:wrap;\" ><div class=\"fusion-builder-row fusion-row fusion-flex-align-items-stretch fusion-flex-content-wrap\" style=\"max-width:1248px;margin-left: calc(-4% \/ 2 );margin-right: calc(-4% \/ 2 );\"><div class=\"fusion-layout-column fusion_builder_column fusion-builder-column-1 fusion_builder_column_1_1 1_1 fusion-flex-column\" style=\"--awb-padding-top:-5px;--awb-overflow:hidden;--awb-bg-color:var(--awb-color6);--awb-bg-color-hover:var(--awb-color6);--awb-bg-size:cover;--awb-border-radius:12px 12px 12px 12px;--awb-width-large:100%;--awb-margin-top-large:0px;--awb-spacing-right-large:1.92%;--awb-margin-bottom-large:20px;--awb-spacing-left-large:1.92%;--awb-width-medium:100%;--awb-order-medium:0;--awb-spacing-right-medium:1.92%;--awb-spacing-left-medium:1.92%;--awb-width-small:100%;--awb-order-small:0;--awb-spacing-right-small:1.92%;--awb-spacing-left-small:1.92%;\" data-scroll-devices=\"small-visibility,medium-visibility,large-visibility\"><div class=\"fusion-column-wrapper fusion-column-has-shadow fusion-flex-justify-content-flex-start fusion-content-layout-column\"><div class=\"fusion-tabs fusion-tabs-1 classic nav-is-justified services-tabs-icon horizontal-tabs icon-position-top mobile-mode-carousel mobile-sticky-tabs\" style=\"--icon-color:var(--awb-color3);--icon-active-color:var(--awb-color3);--awb-title-border-radius-top-left:8px;--awb-title-border-radius-top-right:8px;--awb-title-border-radius-bottom-right:8px;--awb-title-border-radius-bottom-left:8px;--awb-title-padding-right:15px;--awb-title-padding-left:15px;--awb-title-font-size:17px;--awb-alignment:center;--awb-inactive-color:var(--awb-color8);--awb-title-text-color:var(--awb-custom_color_1);--awb-title-active-text-color:var(--awb-custom_color_1);--awb-background-color:var(--awb-color6);--awb-border-color:rgba(28,31,41,0);--awb-active-border-color:rgba(28,31,41,0);\"><div class=\"nav\"><ul class=\"nav-tabs nav-justified\" role=\"tablist\"><li class=\"active\" role=\"presentation\"><a class=\"tab-link\" data-toggle=\"tab\" role=\"tab\" aria-controls=\"tab-7cceb92298bc3afbf14\" aria-selected=\"true\" id=\"fusion-tab-transplantcapilardhi\" href=\"#tab-7cceb92298bc3afbf14\"><h2 class=\"fusion-tab-heading\"><i class=\"fontawesome-icon hticon-dhi1\" aria-hidden=\"true\" style=\"font-size:36px;\"><\/i>Transplant capilar DHI<\/h2><\/a><\/li><li role=\"presentation\"><a class=\"tab-link\" data-toggle=\"tab\" role=\"tab\" aria-controls=\"tab-453de461e58ba68bd8e\" aria-selected=\"false\" tabindex=\"-1\" id=\"fusion-tab-transplantcapilarfuesapphire\" href=\"#tab-453de461e58ba68bd8e\"><h2 class=\"fusion-tab-heading\"><i class=\"fontawesome-icon hticon-sapphire\" aria-hidden=\"true\" style=\"font-size:36px;\"><\/i>Transplant capilar FUE Sapphire<\/h2><\/a><\/li><li role=\"presentation\"><a class=\"tab-link\" data-toggle=\"tab\" role=\"tab\" aria-controls=\"tab-e589d4fa6b6908d0033\" aria-selected=\"false\" tabindex=\"-1\" id=\"fusion-tab-transplantcapilarfeminin\" href=\"#tab-e589d4fa6b6908d0033\"><h2 class=\"fusion-tab-heading\"><i class=\"fontawesome-icon hticon-women\" aria-hidden=\"true\" style=\"font-size:36px;\"><\/i>Transplant capilar feminin<\/h2><\/a><\/li><li role=\"presentation\"><a class=\"tab-link\" data-toggle=\"tab\" role=\"tab\" aria-controls=\"tab-215cf1d8379b0a2a44d\" aria-selected=\"false\" tabindex=\"-1\" id=\"fusion-tab-transplantdespr\u00e2ncene\" href=\"#tab-215cf1d8379b0a2a44d\"><h2 class=\"fusion-tab-heading\"><i class=\"fontawesome-icon hticon-eyebrow\" aria-hidden=\"true\" style=\"font-size:36px;\"><\/i>Transplant de spr\u00e2ncene<\/h2><\/a><\/li><li role=\"presentation\"><a class=\"tab-link\" data-toggle=\"tab\" role=\"tab\" aria-controls=\"tab-462155aa28a7a96adab\" aria-selected=\"false\" tabindex=\"-1\" id=\"fusion-tab-transplantdebarb\u0103\u0219imusta\u021b\u0103\" href=\"#tab-462155aa28a7a96adab\"><h2 class=\"fusion-tab-heading\"><i class=\"fontawesome-icon hticon-beard\" aria-hidden=\"true\" style=\"font-size:36px;\"><\/i>Transplant de barb\u0103 \u0219i musta\u021b\u0103<\/h2><\/a><\/li><\/ul><\/div><div class=\"tab-content\"><div class=\"tab-pane fade fusion-clearfix in active\" role=\"tabpanel\" tabindex=\"0\" aria-labelledby=\"fusion-tab-transplantcapilardhi\" id=\"tab-7cceb92298bc3afbf14\">\n<h4 data-start=\"316\" data-end=\"358\">Precizie maxim\u0103, nu necesit\u0103 b\u0103rbierit<\/h4>\n<ul data-start=\"360\" data-end=\"893\">\n<li data-start=\"360\" data-end=\"559\">\n<p data-start=\"362\" data-end=\"559\"><strong data-start=\"362\" data-end=\"377\">Ce este?<\/strong><br data-start=\"377\" data-end=\"380\">Implantarea Direct\u0103 de P\u0103r (DHI) este o tehnic\u0103 prin care foliculii de p\u0103r sunt plasa\u021bi direct folosind un stilou implantator specializat, f\u0103r\u0103 necesitatea de a deschide \u00een prealabil canalele receptoare.<\/p>\n<\/li>\n<li data-start=\"561\" data-end=\"714\">\n<p data-start=\"563\" data-end=\"714\"><strong data-start=\"563\" data-end=\"581\">Pentru cine este?<\/strong><br data-start=\"581\" data-end=\"584\">Ideal pentru cei care caut\u0103 un design mai rafinat al liniei capilare sau pentru cei care prefer\u0103 s\u0103 nu \u00ee\u0219i b\u0103rbiereasc\u0103 p\u0103rul \u00eenainte de procedur\u0103.<\/p>\n<\/li>\n<li data-start=\"716\" data-end=\"893\">\n<p data-start=\"718\" data-end=\"893\"><strong data-start=\"718\" data-end=\"748\">De ce s\u0103 alege\u021bi DHI la Rehaira?<\/strong><br data-start=\"748\" data-end=\"751\">DHI la Rehaira este realizat de o echip\u0103 cu experien\u021b\u0103 \u00eenalt\u0103 care asigur\u0103 direc\u021bia natural\u0103, densitatea echilibrat\u0103 \u0219i designul personalizat al liniei capilare.<\/p>\n<\/li>\n<\/ul>\n<div class=\"fusion-alignright\"><a class=\"fusion-button button-flat fusion-button-default-size button-custom fusion-button-default button-1 fusion-button-default-span fusion-button-default-type awb-b-icon-pos-right\" style=\"--button_accent_color:var(--awb-custom_color_1);--button_accent_hover_color:var(--awb-color3);--button_border_hover_color:var(--awb-color8);--button_gradient_top_color:var(--awb-color6);--button_gradient_bottom_color:var(--awb-color6);--button_gradient_top_color_hover:var(--awb-color6);--button_gradient_bottom_color_hover:var(--awb-color6);--button_margin-top:20px;\" target=\"_self\" data-hover=\"icon_position\" href=\"https:\/\/rehaira.com\/tr\/service\/dhi-sac-ekimi\/\"><span class=\"fusion-button-text awb-button__text awb-button__text--default\">Afla\u021bi mai multe despre transplantul capilar DHI<\/span><i class=\"hticon-arrow-right awb-button__icon awb-button__icon--default button-icon-right\" aria-hidden=\"true\"><\/i><i class=\"hticon-arrow-right awb-button__icon awb-button__icon--default button-icon-right\" aria-hidden=\"true\"><\/i><\/a><\/div><\/div><div class=\"tab-pane fade fusion-clearfix\" role=\"tabpanel\" tabindex=\"0\" aria-labelledby=\"fusion-tab-transplantcapilarfuesapphire\" id=\"tab-453de461e58ba68bd8e\">\n<h4 data-start=\"939\" data-end=\"987\">Rezultate de \u00eenalt\u0103 densitate cu precizia safirului<\/h4>\n<ul data-start=\"989\" data-end=\"1436\">\n<li data-start=\"989\" data-end=\"1154\">\n<p data-start=\"991\" data-end=\"1154\"><strong data-start=\"991\" data-end=\"1006\">Ce este?<\/strong><br data-start=\"1006\" data-end=\"1009\">Sapphire FUE este o metod\u0103 modern\u0103 de transplant capilar \u00een care micro-inciziile sunt create folosind instrumente cu v\u00e2rf de safir pentru o plasare mai definit\u0103.<\/p>\n<\/li>\n<li data-start=\"1156\" data-end=\"1281\">\n<p data-start=\"1158\" data-end=\"1281\"><strong data-start=\"1158\" data-end=\"1176\">Pentru cine este?<\/strong><br data-start=\"1176\" data-end=\"1179\">Deosebit de potrivit pentru persoanele care doresc s\u0103 restaureze o acoperire mai complet\u0103 cu rezultate netede \u0219i uniforme.<\/p>\n<\/li>\n<li data-start=\"1283\" data-end=\"1436\">\n<p data-start=\"1285\" data-end=\"1436\"><strong data-start=\"1285\" data-end=\"1301\">De ce Rehaira?<\/strong><br data-start=\"1301\" data-end=\"1304\">Echipa noastr\u0103 folose\u0219te tehnologia safir pentru a oferi control \u00eembun\u0103t\u0103\u021bit, plasare rafinat\u0103 \u0219i un proces de recuperare mai rapid \u0219i mai confortabil.<\/p>\n<\/li>\n<\/ul>\n<div class=\"fusion-alignright\"><a class=\"fusion-button button-flat fusion-button-default-size button-custom fusion-button-default button-2 fusion-button-default-span fusion-button-default-type awb-b-icon-pos-right\" style=\"--button_accent_color:var(--awb-custom_color_1);--button_accent_hover_color:var(--awb-color3);--button_border_hover_color:var(--awb-color8);--button_gradient_top_color:var(--awb-color6);--button_gradient_bottom_color:var(--awb-color6);--button_gradient_top_color_hover:var(--awb-color6);--button_gradient_bottom_color_hover:var(--awb-color6);--button_margin-top:20px;\" target=\"_self\" data-hover=\"icon_position\" href=\"https:\/\/rehaira.com\/tr\/service\/fue-safir-sac-ekimi\/\"><span class=\"fusion-button-text awb-button__text awb-button__text--default\">Explora\u021bi transplantul capilar FUE Sapphire<\/span><i class=\"hticon-arrow-right awb-button__icon awb-button__icon--default button-icon-right\" aria-hidden=\"true\"><\/i><i class=\"hticon-arrow-right awb-button__icon awb-button__icon--default button-icon-right\" aria-hidden=\"true\"><\/i><\/a><\/div><\/div><div class=\"tab-pane fade fusion-clearfix\" role=\"tabpanel\" tabindex=\"0\" aria-labelledby=\"fusion-tab-transplantcapilarfeminin\" id=\"tab-e589d4fa6b6908d0033\">\n<h4 data-start=\"1476\" data-end=\"1519\">\u00cencredere prin restaurare personalizat\u0103<\/h4>\n<ul data-start=\"1521\" data-end=\"1973\">\n<li data-start=\"1521\" data-end=\"1680\">\n<p data-start=\"1523\" data-end=\"1680\"><strong data-start=\"1523\" data-end=\"1538\">Ce este?<\/strong><br data-start=\"1538\" data-end=\"1541\">Procedurile noastre sunt atent concepute pentru a aborda nevoile unice de restaurare capilar\u0103 la femei, concentr\u00e2ndu-se pe \u00eembun\u0103t\u0103\u021birea volumului \u0219i fluxul natural.<\/p>\n<\/li>\n<li data-start=\"1682\" data-end=\"1818\">\n<p data-start=\"1684\" data-end=\"1818\"><strong data-start=\"1684\" data-end=\"1702\">Pentru cine este?<\/strong><br data-start=\"1702\" data-end=\"1705\">Femei care caut\u0103 o apari\u021bie mai plin\u0103 a p\u0103rului sau linii capilare mai definite f\u0103r\u0103 b\u0103rbierit sau semne vizibile ale tratamentului.<\/p>\n<\/li>\n<li data-start=\"1820\" data-end=\"1973\">\n<p data-start=\"1822\" data-end=\"1973\"><strong data-start=\"1822\" data-end=\"1838\">De ce Rehaira?<\/strong><br data-start=\"1838\" data-end=\"1841\">Abordarea noastr\u0103 este discret\u0103, axat\u0103 pe estetic\u0103 \u0219i personalizat\u0103 cu grij\u0103 \u0219i precizie de o echip\u0103 experimentat\u0103 \u00een tipurile de p\u0103r feminin.<\/p>\n<\/li>\n<\/ul>\n<div class=\"fusion-alignright\"><a class=\"fusion-button button-flat fusion-button-default-size button-custom fusion-button-default button-3 fusion-button-default-span fusion-button-default-type awb-b-icon-pos-right\" style=\"--button_accent_color:var(--awb-custom_color_1);--button_accent_hover_color:var(--awb-color3);--button_border_hover_color:var(--awb-color8);--button_gradient_top_color:var(--awb-color6);--button_gradient_bottom_color:var(--awb-color6);--button_gradient_top_color_hover:var(--awb-color6);--button_gradient_bottom_color_hover:var(--awb-color6);--button_margin-top:20px;\" target=\"_self\" data-hover=\"icon_position\" href=\"https:\/\/rehaira.com\/tr\/service\/kadin-sac-ekimi\/\"><span class=\"fusion-button-text awb-button__text awb-button__text--default\">Descoperi\u021bi solu\u021biile de transplant capilar feminin<\/span><i class=\"hticon-arrow-right awb-button__icon awb-button__icon--default button-icon-right\" aria-hidden=\"true\"><\/i><i class=\"hticon-arrow-right awb-button__icon awb-button__icon--default button-icon-right\" aria-hidden=\"true\"><\/i><\/a><\/div><\/div><div class=\"tab-pane fade fusion-clearfix\" role=\"tabpanel\" tabindex=\"0\" aria-labelledby=\"fusion-tab-transplantdespr\u00e2ncene\" id=\"tab-215cf1d8379b0a2a44d\">\n<h4 data-start=\"2009\" data-end=\"2060\">Redefinirea expresiei dumneavoastr\u0103 cu armonie natural\u0103<\/h4>\n<ul data-start=\"2062\" data-end=\"2440\">\n<li data-start=\"2062\" data-end=\"2212\">\n<p data-start=\"2064\" data-end=\"2212\"><strong data-start=\"2064\" data-end=\"2079\">Ce este?<\/strong><br data-start=\"2079\" data-end=\"2082\">Transplanturile de spr\u00e2ncene implic\u0103 plasarea atent\u0103 a foliculilor de p\u0103r pentru a crea spr\u00e2ncene mai pline, bine conturate, care se potrivesc tr\u0103s\u0103turilor faciale.<\/p>\n<\/li>\n<li data-start=\"2214\" data-end=\"2316\">\n<p data-start=\"2216\" data-end=\"2316\"><strong data-start=\"2216\" data-end=\"2234\">Pentru cine este?<\/strong><br data-start=\"2234\" data-end=\"2237\">Oricine dore\u0219te s\u0103 \u00ee\u0219i \u00eembun\u0103t\u0103\u021beasc\u0103 spr\u00e2ncenele pentru un aspect mai definit \u0219i expresiv.<\/p>\n<\/li>\n<li data-start=\"2318\" data-end=\"2440\">\n<p data-start=\"2320\" data-end=\"2440\"><strong data-start=\"2320\" data-end=\"2336\">De ce Rehaira?<\/strong><br data-start=\"2336\" data-end=\"2339\">Echipa noastr\u0103 proiecteaz\u0103 fiecare form\u0103 de spr\u00e2ncean\u0103 cu simetrie \u0219i subtilitate, ob\u021bin\u00e2nd rezultate frumos naturale.<\/p>\n<\/li>\n<\/ul>\n<div class=\"fusion-alignright\"><a class=\"fusion-button button-flat fusion-button-default-size button-custom fusion-button-default button-4 fusion-button-default-span fusion-button-default-type awb-b-icon-pos-right\" style=\"--button_accent_color:var(--awb-custom_color_1);--button_accent_hover_color:var(--awb-color3);--button_border_hover_color:var(--awb-color8);--button_gradient_top_color:var(--awb-color6);--button_gradient_bottom_color:var(--awb-color6);--button_gradient_top_color_hover:var(--awb-color6);--button_gradient_bottom_color_hover:var(--awb-color6);--button_margin-top:20px;\" target=\"_self\" data-hover=\"icon_position\" href=\"https:\/\/rehaira.com\/tr\/service\/kas-ekimi\/\"><span class=\"fusion-button-text awb-button__text awb-button__text--default\">Vede\u021bi cum func\u021bioneaz\u0103 transplantul de spr\u00e2ncene<\/span><i class=\"hticon-arrow-right awb-button__icon awb-button__icon--default button-icon-right\" aria-hidden=\"true\"><\/i><i class=\"hticon-arrow-right awb-button__icon awb-button__icon--default button-icon-right\" aria-hidden=\"true\"><\/i><\/a><\/div><\/div><div class=\"tab-pane fade fusion-clearfix\" role=\"tabpanel\" tabindex=\"0\" aria-labelledby=\"fusion-tab-transplantdebarb\u0103\u0219imusta\u021b\u0103\" id=\"tab-462155aa28a7a96adab\">\n<h4 data-start=\"2485\" data-end=\"2514\">Modela\u021bi-v\u0103 aspectul distinctiv<\/h4>\n<ul data-start=\"2516\" data-end=\"2941\">\n<li data-start=\"2516\" data-end=\"2672\">\n<p data-start=\"2518\" data-end=\"2672\"><strong data-start=\"2518\" data-end=\"2533\">Ce este?<\/strong><br data-start=\"2533\" data-end=\"2536\">Aceast\u0103 procedur\u0103 \u00eembun\u0103t\u0103\u021be\u0219te sau creeaz\u0103 o barb\u0103 \u0219i musta\u021b\u0103 complet\u0103, echilibrat\u0103, prin plasarea foliculilor de p\u0103r \u00een zonele unde se dore\u0219te definirea.<\/p>\n<\/li>\n<li data-start=\"2674\" data-end=\"2792\">\n<p data-start=\"2676\" data-end=\"2792\"><strong data-start=\"2676\" data-end=\"2694\">Pentru cine este?<\/strong><br data-start=\"2694\" data-end=\"2697\">B\u0103rba\u021bi care doresc s\u0103 \u00eembun\u0103t\u0103\u021beasc\u0103 \u00eencadrarea facial\u0103, fie prin umplerea zonelor rare, fie prin proiectarea unui stil nou.<\/p>\n<\/li>\n<li data-start=\"2794\" data-end=\"2941\">\n<p data-start=\"2796\" data-end=\"2941\"><strong data-start=\"2796\" data-end=\"2812\">De ce Rehaira?<\/strong><br data-start=\"2812\" data-end=\"2815\">Combin\u0103m planificarea artistic\u0103 cu expertiza tehnic\u0103 pentru a oferi rezultate masculine, autentice, care v\u0103 completeaz\u0103 tr\u0103s\u0103turile.<\/p>\n<\/li>\n<\/ul>\n<div class=\"fusion-alignright\"><a class=\"fusion-button button-flat fusion-button-default-size button-custom fusion-button-default button-5 fusion-button-default-span fusion-button-default-type awb-b-icon-pos-right\" style=\"--button_accent_color:var(--awb-custom_color_1);--button_accent_hover_color:var(--awb-color3);--button_border_hover_color:var(--awb-color8);--button_gradient_top_color:var(--awb-color6);--button_gradient_bottom_color:var(--awb-color6);--button_gradient_top_color_hover:var(--awb-color6);--button_gradient_bottom_color_hover:var(--awb-color6);--button_margin-top:20px;\" target=\"_self\" data-hover=\"icon_position\" href=\"https:\/\/rehaira.com\/tr\/service\/sakal-ve-biyik-ekimi\/\"><span class=\"fusion-button-text awb-button__text awb-button__text--default\">Citi\u021bi mai multe despre transplantul de barb\u0103 \u0219i musta\u021b\u0103<\/span><i class=\"hticon-arrow-right awb-button__icon awb-button__icon--default button-icon-right\" aria-hidden=\"true\"><\/i><i class=\"hticon-arrow-right awb-button__icon awb-button__icon--default button-icon-right\" aria-hidden=\"true\"><\/i><\/a><\/div><\/div><\/div><\/div><\/div><\/div><\/div><\/div><div class=\"fusion-fullwidth fullwidth-box fusion-builder-row-4 fusion-flex-container has-pattern-background has-mask-background nonhundred-percent-fullwidth non-hundred-percent-height-scrolling\" style=\"--awb-border-radius-top-left:0px;--awb-border-radius-top-right:0px;--awb-border-radius-bottom-right:0px;--awb-border-radius-bottom-left:0px;--awb-flex-wrap:wrap;\" ><div class=\"fusion-builder-row fusion-row fusion-flex-align-items-flex-start fusion-flex-content-wrap\" style=\"max-width:1248px;margin-left: calc(-4% \/ 2 );margin-right: calc(-4% \/ 2 );\"><div class=\"fusion-layout-column fusion_builder_column fusion-builder-column-2 fusion_builder_column_1_1 1_1 fusion-flex-column\" style=\"--awb-bg-size:cover;--awb-width-large:100%;--awb-margin-top-large:20px;--awb-spacing-right-large:1.92%;--awb-margin-bottom-large:20px;--awb-spacing-left-large:1.92%;--awb-width-medium:100%;--awb-order-medium:0;--awb-spacing-right-medium:1.92%;--awb-spacing-left-medium:1.92%;--awb-width-small:100%;--awb-order-small:0;--awb-spacing-right-small:1.92%;--awb-spacing-left-small:1.92%;\" data-scroll-devices=\"small-visibility,medium-visibility,large-visibility\"><div class=\"fusion-column-wrapper fusion-column-has-shadow fusion-flex-justify-content-flex-start fusion-content-layout-column\"><div class=\"fusion-title title fusion-title-2 fusion-sep-none fusion-title-center fusion-title-text fusion-title-size-three\"><h3 class=\"fusion-title-heading title-heading-center\" style=\"margin:0;\">Ave\u021bi nevoie de o solu\u021bie personalizat\u0103?<\/h3><\/div><\/div><\/div><\/div><\/div><div class=\"fusion-fullwidth fullwidth-box fusion-builder-row-5 fusion-flex-container has-pattern-background has-mask-background nonhundred-percent-fullwidth non-hundred-percent-height-scrolling\" style=\"--awb-border-sizes-top:8px;--awb-border-color:hsla(var(--awb-color5-h),var(--awb-color5-s),var(--awb-color5-l),calc(var(--awb-color5-a) - 50%));--awb-border-radius-top-left:0px;--awb-border-radius-top-right:0px;--awb-border-radius-bottom-right:0px;--awb-border-radius-bottom-left:0px;--awb-padding-top:80px;--awb-padding-bottom:80px;--awb-padding-bottom-small:80px;--awb-margin-bottom:0px;--awb-margin-bottom-medium:0px;--awb-margin-bottom-small:0px;--awb-background-color:var(--awb-color6);--awb-flex-wrap:wrap;\" ><div class=\"fusion-builder-row fusion-row fusion-flex-align-items-flex-start fusion-flex-content-wrap\" style=\"max-width:1248px;margin-left: calc(-4% \/ 2 );margin-right: calc(-4% \/ 2 );\"><div class=\"fusion-layout-column fusion_builder_column fusion-builder-column-3 fusion_builder_column_1_1 1_1 fusion-flex-column\" style=\"--awb-padding-bottom-small:0px;--awb-bg-size:cover;--awb-width-large:100%;--awb-margin-top-large:0px;--awb-spacing-right-large:1.92%;--awb-margin-bottom-large:20px;--awb-spacing-left-large:1.92%;--awb-width-medium:100%;--awb-order-medium:0;--awb-spacing-right-medium:1.92%;--awb-spacing-left-medium:1.92%;--awb-width-small:100%;--awb-order-small:0;--awb-spacing-right-small:1.92%;--awb-margin-bottom-small:0px;--awb-spacing-left-small:1.92%;\" data-scroll-devices=\"small-visibility,medium-visibility,large-visibility\"><div class=\"fusion-column-wrapper fusion-column-has-shadow fusion-flex-justify-content-flex-start fusion-content-layout-column\"><div class=\"fusion-title title fusion-title-3 fusion-sep-none fusion-title-center fusion-title-text fusion-title-size-two\"><h2 class=\"fusion-title-heading title-heading-center\" style=\"margin:0;\">Beneficia\u021bi de consulta\u021bia online gratuit\u0103<\/h2><\/div><div class=\"fusion-separator\" style=\"align-self: center;margin-left: auto;margin-right: auto;margin-bottom:0px;width:100%;max-width:350px;\"><div class=\"fusion-separator-border sep-single sep-solid\" style=\"--awb-height:20px;--awb-amount:20px;--awb-sep-color:hsla(var(--awb-color5-h),var(--awb-color5-s),var(--awb-color5-l),calc(var(--awb-color5-a) - 70%));border-color:hsla(var(--awb-color5-h),var(--awb-color5-s),var(--awb-color5-l),calc(var(--awb-color5-a) - 70%));border-top-width:1px;\"><\/div><\/div><div class=\"fusion-text fusion-text-2\" style=\"--awb-content-alignment:center;--awb-margin-top:30px;\"><p>Primi\u021bi o recomandare personalizat\u0103 de tratament sau \u00eengrijire de la medicul nostru, \u00een func\u021bie de starea p\u0103rului dumneavoastr\u0103, \u00een doar 10 minute.<\/p>\n<p>F\u0103r\u0103 obliga\u021bii <span style=\"color: #c8b3a7;\">\u2022<\/span> Sigur \u0219i privat <span style=\"color: #c8b3a7;\">\u2022<\/span> Adaptat nevoilor dumneavoastr\u0103<\/p>\n<\/div><div style=\"text-align:center;\"><a class=\"fusion-button button-flat fusion-button-default-size button-default fusion-button-default button-6 fusion-button-default-span fusion-button-default-type\" style=\"--button_margin-top:30px;\" target=\"_self\" href=\"https:\/\/rehaira.com\/ro\/free-hair-analysis\/\"><span class=\"fusion-button-text awb-button__text awb-button__text--default\">\u00cencepe\u021bi analiza gratuit\u0103<\/span><\/a><\/div><\/div><\/div><\/div><\/div>\n<\/p>\n","protected":false},"excerpt":{"rendered":"<p>Explora\u021bi gama complet\u0103 de servicii de restaurare capilar\u0103 pe care le oferim pentru b\u0103rba\u021bi \u0219i femei.<\/p>\n","protected":false},"author":1,"featured_media":0,"parent":0,"menu_order":0,"comment_status":"closed","ping_status":"closed","template":"100-width.php","meta":{"_acf_changed":false,"footnotes":""},"class_list":["post-3272","page","type-page","status-publish","hentry"],"acf":[],"_links":{"self":[{"href":"https:\/\/rehaira.com\/ro\/wp-json\/wp\/v2\/pages\/3272","targetHints":{"allow":["GET"]}}],"collection":[{"href":"https:\/\/rehaira.com\/ro\/wp-json\/wp\/v2\/pages"}],"about":[{"href":"https:\/\/rehaira.com\/ro\/wp-json\/wp\/v2\/types\/page"}],"author":[{"embeddable":true,"href":"https:\/\/rehaira.com\/ro\/wp-json\/wp\/v2\/users\/1"}],"replies":[{"embeddable":true,"href":"https:\/\/rehaira.com\/ro\/wp-json\/wp\/v2\/comments?post=3272"}],"version-history":[{"count":16,"href":"https:\/\/rehaira.com\/ro\/wp-json\/wp\/v2\/pages\/3272\/revisions"}],"predecessor-version":[{"id":11806,"href":"https:\/\/rehaira.com\/ro\/wp-json\/wp\/v2\/pages\/3272\/revisions\/11806"}],"wp:attachment":[{"href":"https:\/\/rehaira.com\/ro\/wp-json\/wp\/v2\/media?parent=3272"}],"curies":[{"name":"wp","href":"https:\/\/api.w.org\/{rel}","templated":true}]}}