{"id":3385,"date":"2025-08-02T20:50:26","date_gmt":"2025-08-02T17:50:26","guid":{"rendered":"https:\/\/rehaira.com\/termeni-si-conditii\/"},"modified":"2025-08-02T20:50:26","modified_gmt":"2025-08-02T17:50:26","slug":"termeni-si-conditii","status":"publish","type":"page","link":"https:\/\/rehaira.com\/ro\/termeni-si-conditii\/","title":{"rendered":"Termeni \u0219i condi\u021bii"},"content":{"rendered":"","protected":false},"excerpt":{"rendered":"<p>V\u0103 rug\u0103m s\u0103 consulta\u021bi cu aten\u021bie Termenii \u0219i condi\u021biile noastre \u00eenainte de a utiliza site-ul sau serviciile noastre. Aceast\u0103 pagin\u0103 prezint\u0103 drepturile, responsabilit\u0103\u021bile dumneavoastr\u0103 \u0219i politicile noastre de servicii. <\/p>\n","protected":false},"author":1,"featured_media":0,"parent":0,"menu_order":0,"comment_status":"closed","ping_status":"closed","template":"100-width.php","meta":{"_acf_changed":false,"footnotes":""},"class_list":["post-3385","page","type-page","status-publish","hentry"],"acf":[],"_links":{"self":[{"href":"https:\/\/rehaira.com\/ro\/wp-json\/wp\/v2\/pages\/3385","targetHints":{"allow":["GET"]}}],"collection":[{"href":"https:\/\/rehaira.com\/ro\/wp-json\/wp\/v2\/pages"}],"about":[{"href":"https:\/\/rehaira.com\/ro\/wp-json\/wp\/v2\/types\/page"}],"author":[{"embeddable":true,"href":"https:\/\/rehaira.com\/ro\/wp-json\/wp\/v2\/users\/1"}],"replies":[{"embeddable":true,"href":"https:\/\/rehaira.com\/ro\/wp-json\/wp\/v2\/comments?post=3385"}],"version-history":[{"count":0,"href":"https:\/\/rehaira.com\/ro\/wp-json\/wp\/v2\/pages\/3385\/revisions"}],"wp:attachment":[{"href":"https:\/\/rehaira.com\/ro\/wp-json\/wp\/v2\/media?parent=3385"}],"curies":[{"name":"wp","href":"https:\/\/api.w.org\/{rel}","templated":true}]}}