{"id":3387,"date":"2025-08-02T20:50:18","date_gmt":"2025-08-02T17:50:18","guid":{"rendered":"https:\/\/rehaira.com\/politica-de-cookie-uri\/"},"modified":"2025-08-02T20:50:18","modified_gmt":"2025-08-02T17:50:18","slug":"politica-de-cookie-uri","status":"publish","type":"page","link":"https:\/\/rehaira.com\/ro\/politica-de-cookie-uri\/","title":{"rendered":"Politica de cookie-uri"},"content":{"rendered":"","protected":false},"excerpt":{"rendered":"<p>Afla\u021bi cum folosim cookie-urile pentru a \u00eembun\u0103t\u0103\u021bi experien\u021ba dumneavoastr\u0103 pe site-ul nostru.<\/p>\n","protected":false},"author":1,"featured_media":0,"parent":0,"menu_order":0,"comment_status":"closed","ping_status":"closed","template":"100-width.php","meta":{"_acf_changed":false,"footnotes":""},"class_list":["post-3387","page","type-page","status-publish","hentry"],"acf":[],"_links":{"self":[{"href":"https:\/\/rehaira.com\/ro\/wp-json\/wp\/v2\/pages\/3387","targetHints":{"allow":["GET"]}}],"collection":[{"href":"https:\/\/rehaira.com\/ro\/wp-json\/wp\/v2\/pages"}],"about":[{"href":"https:\/\/rehaira.com\/ro\/wp-json\/wp\/v2\/types\/page"}],"author":[{"embeddable":true,"href":"https:\/\/rehaira.com\/ro\/wp-json\/wp\/v2\/users\/1"}],"replies":[{"embeddable":true,"href":"https:\/\/rehaira.com\/ro\/wp-json\/wp\/v2\/comments?post=3387"}],"version-history":[{"count":0,"href":"https:\/\/rehaira.com\/ro\/wp-json\/wp\/v2\/pages\/3387\/revisions"}],"wp:attachment":[{"href":"https:\/\/rehaira.com\/ro\/wp-json\/wp\/v2\/media?parent=3387"}],"curies":[{"name":"wp","href":"https:\/\/api.w.org\/{rel}","templated":true}]}}