{"id":3466,"date":"2025-08-03T13:39:31","date_gmt":"2025-08-03T10:39:31","guid":{"rendered":"https:\/\/rehaira.com\/intrebari-frecvente-faq\/despre-procedurile-de-transplant-de-par\/"},"modified":"2025-10-03T14:26:03","modified_gmt":"2025-10-03T11:26:03","slug":"despre-procedurile-de-transplant-de-par","status":"publish","type":"page","link":"https:\/\/rehaira.com\/ro\/intrebari-frecvente-faq\/despre-procedurile-de-transplant-de-par\/","title":{"rendered":"Despre procedurile de transplant de p\u0103r"},"content":{"rendered":"<div class=\"fusion-fullwidth fullwidth-box fusion-builder-row-1 fusion-flex-container has-pattern-background has-mask-background nonhundred-percent-fullwidth non-hundred-percent-height-scrolling\" style=\"--awb-border-radius-top-left:0px;--awb-border-radius-top-right:0px;--awb-border-radius-bottom-right:0px;--awb-border-radius-bottom-left:0px;--awb-flex-wrap:wrap;\" ><div class=\"fusion-builder-row fusion-row fusion-flex-align-items-flex-start fusion-flex-content-wrap\" style=\"max-width:1248px;margin-left: calc(-4% \/ 2 );margin-right: calc(-4% \/ 2 );\"><div class=\"fusion-layout-column fusion_builder_column fusion-builder-column-0 fusion_builder_column_1_1 1_1 fusion-flex-column\" style=\"--awb-bg-size:cover;--awb-width-large:100%;--awb-margin-top-large:0px;--awb-spacing-right-large:1.92%;--awb-margin-bottom-large:20px;--awb-spacing-left-large:1.92%;--awb-width-medium:100%;--awb-order-medium:0;--awb-spacing-right-medium:1.92%;--awb-spacing-left-medium:1.92%;--awb-width-small:100%;--awb-order-small:0;--awb-spacing-right-small:1.92%;--awb-spacing-left-small:1.92%;\"><div class=\"fusion-column-wrapper fusion-column-has-shadow fusion-flex-justify-content-flex-start fusion-content-layout-column\"><style type=\"text\/css\">#accordian-1 .fusion-panel:hover,#accordian-1 .fusion-panel.hover{ background-color: var(--awb-custom_color_2) } #accordian-1 .fusion-panel { border-color:var(--awb-color6); border-width:1px; background-color:var(--awb-color6); }.fusion-accordian #accordian-1 .panel-title a .fa-fusion-box:before{ font-size: 16px;width: 16px;}.fusion-accordian #accordian-1 .panel-title a .fa-fusion-box{ color: var(--awb-color5);}.fusion-accordian  #accordian-1 .panel-title a{font-size:16px;font-family:\"Lexend Deca\";font-style:normal;font-weight:300;}.fusion-accordian  #accordian-1 .panel-title a:not(:hover){}.fusion-accordian  #accordian-1 .toggle-content{font-family:var(--awb-typography4-font-family);font-weight:var(--awb-typography4-font-weight);font-style:var(--awb-typography4-font-style);}.fusion-accordian #accordian-1 .panel-title a:hover,.fusion-accordian #accordian-1 .panel-title a.hover { color: var(--awb-color3);}.fusion-faq-shortcode .fusion-accordian #accordian-1 .fusion-toggle-boxed-mode:hover .panel-title a { color: var(--awb-color3);}.fusion-accordian #accordian-1.fusion-toggle-icon-unboxed .panel-title a:hover .fa-fusion-box,.fusion-accordian #accordian-1.fusion-toggle-icon-unboxed .panel-title a.hover .fa-fusion-box { color: var(--awb-color3); }.fusion-faqs-wrapper .fusion-accordian #accordian-1 .panel-title a.active{ color: var(--awb-color3) !important;}.fusion-faqs-wrapper .fusion-accordian  #accordian-1.fusion-toggle-icon-unboxed .fusion-panel .panel-title a.active .fa-fusion-box{ color: var(--awb-color3) !important;}<\/style><div class=\"fusion-faq-shortcode\" style=\"\"><div class=\"fusion-faqs-wrapper\"><div class=\"accordian fusion-accordian\"><div class=\"panel-group  fusion-toggle-icon-unboxed\" id=\"accordian-1\"><div class=\"fusion-panel fusion-toggle-no-divider fusion-toggle-boxed-mode panel-default fusion-faq-post fusion-faq-post-4393 despre-procedurile-de-transplant-de-par \"><span class=\"entry-title rich-snippet-hidden\">Ce este un transplant de p\u0103r?<\/span><span class=\"vcard rich-snippet-hidden\"><span class=\"fn\"><a href=\"https:\/\/rehaira.com\/ro\/author\/admin_3a81wdyw\/\" title=\"Articole de admin\" rel=\"author\">admin<\/a><\/span><\/span><span class=\"updated rich-snippet-hidden\">2025-09-06T05:44:12+03:00<\/span><div class=\"panel-heading\"><h4 id=\"faq_1-4393\" class=\"panel-title toggle\"><a data-toggle=\"collapse\" class=\"collapsed\" data-parent=\"#accordian-1\" data-target=\"#collapse-1-4393\" href=\"#collapse-1-4393\" aria-expanded=\"false\"><div class=\"fusion-toggle-icon-wrapper\"><div class=\"fusion-toggle-icon-wrapper-main\"><div class=\"fusion-toggle-icon-wrapper-sub\"><i class=\"fa-fusion-box active-icon awb-icon-minus\" aria-hidden=\"true\"><\/i><i class=\"fa-fusion-box inactive-icon awb-icon-plus\" aria-hidden=\"true\"><\/i><\/div><\/div><\/div><div class=\"fusion-toggle-heading\">Ce este un transplant de p\u0103r?<\/div><\/a><\/h4><\/div><div id=\"collapse-1-4393\" aria-labelledby=\"faq_1-4393\" class=\"panel-collapse collapse\"><div class=\"panel-body toggle-content post-content\"><p>Un transplant de p\u0103r este o procedur\u0103 medical\u0103 care relocalizeaz\u0103 foliculii de p\u0103r s\u0103n\u0103to\u0219i dintr-o zon\u0103 cu cre\u0219tere puternic\u0103, cunoscut\u0103 ca zona donatoare, \u00een zonele afectate de sub\u021biere sau chelie. Odat\u0103 transplanta\u021bi, ace\u0219ti foliculi continu\u0103 s\u0103 creasc\u0103 \u00een mod natural pe toat\u0103 durata vie\u021bii. <\/p>\n<\/div><\/div><\/div><div class=\"fusion-panel fusion-toggle-no-divider fusion-toggle-boxed-mode panel-default fusion-faq-post fusion-faq-post-5050 despre-procedurile-de-transplant-de-par \"><span class=\"entry-title rich-snippet-hidden\">Cum func\u021bioneaz\u0103 un transplant de p\u0103r?<\/span><span class=\"vcard rich-snippet-hidden\"><span class=\"fn\"><a href=\"https:\/\/rehaira.com\/ro\/author\/admin_3a81wdyw\/\" title=\"Articole de admin\" rel=\"author\">admin<\/a><\/span><\/span><span class=\"updated rich-snippet-hidden\">2025-09-06T05:44:40+03:00<\/span><div class=\"panel-heading\"><h4 id=\"faq_1-5050\" class=\"panel-title toggle\"><a data-toggle=\"collapse\" class=\"collapsed\" data-parent=\"#accordian-1\" data-target=\"#collapse-1-5050\" href=\"#collapse-1-5050\" aria-expanded=\"false\"><div class=\"fusion-toggle-icon-wrapper\"><div class=\"fusion-toggle-icon-wrapper-main\"><div class=\"fusion-toggle-icon-wrapper-sub\"><i class=\"fa-fusion-box active-icon awb-icon-minus\" aria-hidden=\"true\"><\/i><i class=\"fa-fusion-box inactive-icon awb-icon-plus\" aria-hidden=\"true\"><\/i><\/div><\/div><\/div><div class=\"fusion-toggle-heading\">Cum func\u021bioneaz\u0103 un transplant de p\u0103r?<\/div><\/a><\/h4><\/div><div id=\"collapse-1-5050\" aria-labelledby=\"faq_1-5050\" class=\"panel-collapse collapse\"><div class=\"panel-body toggle-content post-content\"><p>Procesul implic\u0103 extragerea individual\u0103 a foliculilor de p\u0103r din zona donoare, de obicei din partea din spate sau lateral\u0103 a scalpului, \u0219i implantarea acestora \u00een zona receptoare. Fiecare folicul este plasat astfel \u00eenc\u00e2t s\u0103 se potriveasc\u0103 cu unghiul natural, direc\u021bia \u0219i densitatea p\u0103rului din jur pentru un rezultat armonios. <\/p>\n<\/div><\/div><\/div><div class=\"fusion-panel fusion-toggle-no-divider fusion-toggle-boxed-mode panel-default fusion-faq-post fusion-faq-post-5047 despre-procedurile-de-transplant-de-par \"><span class=\"entry-title rich-snippet-hidden\">Care sunt diferitele tehnici de transplant de p\u0103r disponibile?<\/span><span class=\"vcard rich-snippet-hidden\"><span class=\"fn\"><a href=\"https:\/\/rehaira.com\/ro\/author\/admin_3a81wdyw\/\" title=\"Articole de admin\" rel=\"author\">admin<\/a><\/span><\/span><span class=\"updated rich-snippet-hidden\">2025-09-06T05:45:15+03:00<\/span><div class=\"panel-heading\"><h4 id=\"faq_1-5047\" class=\"panel-title toggle\"><a data-toggle=\"collapse\" class=\"collapsed\" data-parent=\"#accordian-1\" data-target=\"#collapse-1-5047\" href=\"#collapse-1-5047\" aria-expanded=\"false\"><div class=\"fusion-toggle-icon-wrapper\"><div class=\"fusion-toggle-icon-wrapper-main\"><div class=\"fusion-toggle-icon-wrapper-sub\"><i class=\"fa-fusion-box active-icon awb-icon-minus\" aria-hidden=\"true\"><\/i><i class=\"fa-fusion-box inactive-icon awb-icon-plus\" aria-hidden=\"true\"><\/i><\/div><\/div><\/div><div class=\"fusion-toggle-heading\">Care sunt diferitele tehnici de transplant de p\u0103r disponibile?<\/div><\/a><\/h4><\/div><div id=\"collapse-1-5047\" aria-labelledby=\"faq_1-5047\" class=\"panel-collapse collapse\"><div class=\"panel-body toggle-content post-content\"><p>Principalele metode de implantare sunt DHI (Direct Hair Implantation) \u0219i implantarea Sapphire. \u00cen ambele metode, faza de extrac\u021bie este efectuat\u0103 folosind FUE (Follicular Unit Extraction). Diferen\u021ba const\u0103 \u00een modul \u00een care foliculii sunt implanta\u021bi.  <\/p>\n<\/div><\/div><\/div><div class=\"fusion-panel fusion-toggle-no-divider fusion-toggle-boxed-mode panel-default fusion-faq-post fusion-faq-post-5033 despre-procedurile-de-transplant-de-par \"><span class=\"entry-title rich-snippet-hidden\">Care este diferen\u021ba dintre FUE, DHI \u0219i FUE Sapphire?<\/span><span class=\"vcard rich-snippet-hidden\"><span class=\"fn\"><a href=\"https:\/\/rehaira.com\/ro\/author\/admin_3a81wdyw\/\" title=\"Articole de admin\" rel=\"author\">admin<\/a><\/span><\/span><span class=\"updated rich-snippet-hidden\">2025-09-06T05:46:10+03:00<\/span><div class=\"panel-heading\"><h4 id=\"faq_1-5033\" class=\"panel-title toggle\"><a data-toggle=\"collapse\" class=\"collapsed\" data-parent=\"#accordian-1\" data-target=\"#collapse-1-5033\" href=\"#collapse-1-5033\" aria-expanded=\"false\"><div class=\"fusion-toggle-icon-wrapper\"><div class=\"fusion-toggle-icon-wrapper-main\"><div class=\"fusion-toggle-icon-wrapper-sub\"><i class=\"fa-fusion-box active-icon awb-icon-minus\" aria-hidden=\"true\"><\/i><i class=\"fa-fusion-box inactive-icon awb-icon-plus\" aria-hidden=\"true\"><\/i><\/div><\/div><\/div><div class=\"fusion-toggle-heading\">Care este diferen\u021ba dintre FUE, DHI \u0219i FUE Sapphire?<\/div><\/a><\/h4><\/div><div id=\"collapse-1-5033\" aria-labelledby=\"faq_1-5033\" class=\"panel-collapse collapse\"><div class=\"panel-body toggle-content post-content\"><p>FUE se refer\u0103 doar la metoda de extrac\u021bie, \u00een care foliculii sunt extra\u0219i unul c\u00e2te unul din zona donoare. DHI \u0219i Sapphire descriu etapa de implantare. DHI folose\u0219te un stilou implantator Choi pentru plasarea direct\u0103 f\u0103r\u0103 deschiderea prealabil\u0103 a canalelor, \u00een timp ce Sapphire folose\u0219te instrumente cu v\u00e2rf de safir fin pentru a deschide canalele \u00eenainte de implantare, permi\u021b\u00e2nd o densitate mai mare \u00een zonele mai mari cu chelie.  <\/p>\n<\/div><\/div><\/div><div class=\"fusion-panel fusion-toggle-no-divider fusion-toggle-boxed-mode panel-default fusion-faq-post fusion-faq-post-5029 despre-procedurile-de-transplant-de-par \"><span class=\"entry-title rich-snippet-hidden\">Care tehnic\u0103 vi se potrive\u0219te cel mai bine?<\/span><span class=\"vcard rich-snippet-hidden\"><span class=\"fn\"><a href=\"https:\/\/rehaira.com\/ro\/author\/admin_3a81wdyw\/\" title=\"Articole de admin\" rel=\"author\">admin<\/a><\/span><\/span><span class=\"updated rich-snippet-hidden\">2025-09-06T05:46:35+03:00<\/span><div class=\"panel-heading\"><h4 id=\"faq_1-5029\" class=\"panel-title toggle\"><a data-toggle=\"collapse\" class=\"collapsed\" data-parent=\"#accordian-1\" data-target=\"#collapse-1-5029\" href=\"#collapse-1-5029\" aria-expanded=\"false\"><div class=\"fusion-toggle-icon-wrapper\"><div class=\"fusion-toggle-icon-wrapper-main\"><div class=\"fusion-toggle-icon-wrapper-sub\"><i class=\"fa-fusion-box active-icon awb-icon-minus\" aria-hidden=\"true\"><\/i><i class=\"fa-fusion-box inactive-icon awb-icon-plus\" aria-hidden=\"true\"><\/i><\/div><\/div><\/div><div class=\"fusion-toggle-heading\">Care tehnic\u0103 vi se potrive\u0219te cel mai bine?<\/div><\/a><\/h4><\/div><div id=\"collapse-1-5029\" aria-labelledby=\"faq_1-5029\" class=\"panel-collapse collapse\"><div class=\"panel-body toggle-content post-content\"><p>Alegerea depinde de modelul c\u0103derii p\u0103rului, de capacitatea zonei donatoare \u0219i de rezultatele dorite. DHI este adesea preferat\u0103 pentru cre\u0219terea densit\u0103\u021bii \u00een zonele cu p\u0103r existent, \u00een timp ce Sapphire este ideal\u0103 pentru a crea o acoperire cu densitate ridicat\u0103 \u00een zonele complet lipsite de p\u0103r. O consulta\u021bie am\u0103nun\u021bit\u0103 stabile\u0219te abordarea cea mai potrivit\u0103.  <\/p>\n<\/div><\/div><\/div><div class=\"fusion-panel fusion-toggle-no-divider fusion-toggle-boxed-mode panel-default fusion-faq-post fusion-faq-post-5024 despre-procedurile-de-transplant-de-par \"><span class=\"entry-title rich-snippet-hidden\">Metoda de extrac\u021bie este \u00eentotdeauna FUE, indiferent de tehnica de implantare?<\/span><span class=\"vcard rich-snippet-hidden\"><span class=\"fn\"><a href=\"https:\/\/rehaira.com\/ro\/author\/admin_3a81wdyw\/\" title=\"Articole de admin\" rel=\"author\">admin<\/a><\/span><\/span><span class=\"updated rich-snippet-hidden\">2025-09-06T06:01:29+03:00<\/span><div class=\"panel-heading\"><h4 id=\"faq_1-5024\" class=\"panel-title toggle\"><a data-toggle=\"collapse\" class=\"collapsed\" data-parent=\"#accordian-1\" data-target=\"#collapse-1-5024\" href=\"#collapse-1-5024\" aria-expanded=\"false\"><div class=\"fusion-toggle-icon-wrapper\"><div class=\"fusion-toggle-icon-wrapper-main\"><div class=\"fusion-toggle-icon-wrapper-sub\"><i class=\"fa-fusion-box active-icon awb-icon-minus\" aria-hidden=\"true\"><\/i><i class=\"fa-fusion-box inactive-icon awb-icon-plus\" aria-hidden=\"true\"><\/i><\/div><\/div><\/div><div class=\"fusion-toggle-heading\">Metoda de extrac\u021bie este \u00eentotdeauna FUE, indiferent de tehnica de implantare?<\/div><\/a><\/h4><\/div><div id=\"collapse-1-5024\" aria-labelledby=\"faq_1-5024\" class=\"panel-collapse collapse\"><div class=\"panel-body toggle-content post-content\"><p>Da. La Rehaira, to\u021bi foliculii sunt extra\u0219i folosind metoda FUE, indiferent dac\u0103 etapa de implantare este efectuat\u0103 cu DHI sau Sapphire. <\/p>\n<\/div><\/div><\/div><div class=\"fusion-panel fusion-toggle-no-divider fusion-toggle-boxed-mode panel-default fusion-faq-post fusion-faq-post-5021 despre-procedurile-de-transplant-de-par \"><span class=\"entry-title rich-snippet-hidden\">Cum stabili\u021bi dac\u0103 s\u0103 utiliza\u021bi DHI sau Sapphire pentru implantare?<\/span><span class=\"vcard rich-snippet-hidden\"><span class=\"fn\"><a href=\"https:\/\/rehaira.com\/ro\/author\/admin_3a81wdyw\/\" title=\"Articole de admin\" rel=\"author\">admin<\/a><\/span><\/span><span class=\"updated rich-snippet-hidden\">2025-09-06T06:02:08+03:00<\/span><div class=\"panel-heading\"><h4 id=\"faq_1-5021\" class=\"panel-title toggle\"><a data-toggle=\"collapse\" class=\"collapsed\" data-parent=\"#accordian-1\" data-target=\"#collapse-1-5021\" href=\"#collapse-1-5021\" aria-expanded=\"false\"><div class=\"fusion-toggle-icon-wrapper\"><div class=\"fusion-toggle-icon-wrapper-main\"><div class=\"fusion-toggle-icon-wrapper-sub\"><i class=\"fa-fusion-box active-icon awb-icon-minus\" aria-hidden=\"true\"><\/i><i class=\"fa-fusion-box inactive-icon awb-icon-plus\" aria-hidden=\"true\"><\/i><\/div><\/div><\/div><div class=\"fusion-toggle-heading\">Cum stabili\u021bi dac\u0103 s\u0103 utiliza\u021bi DHI sau Sapphire pentru implantare?<\/div><\/a><\/h4><\/div><div id=\"collapse-1-5021\" aria-labelledby=\"faq_1-5021\" class=\"panel-collapse collapse\"><div class=\"panel-body toggle-content post-content\"><p>Evalu\u0103m dimensiunea zonei, densitatea p\u0103rului existent \u0219i aspectul final dorit. DHI este utilizat\u0103 pentru lucr\u0103ri de precizie \u00een zonele cu p\u0103r existent, pentru a evita deteriorarea foliculilor nativi. Sapphire este utilizat\u0103 atunci c\u00e2nd este nevoie de o densitate mai mare \u0219i o acoperire mai larg\u0103.  <\/p>\n<\/div><\/div><\/div><div class=\"fusion-panel fusion-toggle-no-divider fusion-toggle-boxed-mode panel-default fusion-faq-post fusion-faq-post-5006 despre-procedurile-de-transplant-de-par \"><span class=\"entry-title rich-snippet-hidden\">Pot femeile s\u0103 beneficieze de transplant de p\u0103r?<\/span><span class=\"vcard rich-snippet-hidden\"><span class=\"fn\"><a href=\"https:\/\/rehaira.com\/ro\/author\/admin_3a81wdyw\/\" title=\"Articole de admin\" rel=\"author\">admin<\/a><\/span><\/span><span class=\"updated rich-snippet-hidden\">2025-09-06T06:02:36+03:00<\/span><div class=\"panel-heading\"><h4 id=\"faq_1-5006\" class=\"panel-title toggle\"><a data-toggle=\"collapse\" class=\"collapsed\" data-parent=\"#accordian-1\" data-target=\"#collapse-1-5006\" href=\"#collapse-1-5006\" aria-expanded=\"false\"><div class=\"fusion-toggle-icon-wrapper\"><div class=\"fusion-toggle-icon-wrapper-main\"><div class=\"fusion-toggle-icon-wrapper-sub\"><i class=\"fa-fusion-box active-icon awb-icon-minus\" aria-hidden=\"true\"><\/i><i class=\"fa-fusion-box inactive-icon awb-icon-plus\" aria-hidden=\"true\"><\/i><\/div><\/div><\/div><div class=\"fusion-toggle-heading\">Pot femeile s\u0103 beneficieze de transplant de p\u0103r?<\/div><\/a><\/h4><\/div><div id=\"collapse-1-5006\" aria-labelledby=\"faq_1-5006\" class=\"panel-collapse collapse\"><div class=\"panel-body toggle-content post-content\"><p>Da. Femeile pot beneficia de transplant de p\u0103r, mai ales pentru restabilirea densit\u0103\u021bii \u00een zonele rarefiate sau pentru remodelarea liniei p\u0103rului. Tehnici precum DHI sunt adesea preferate pentru paciente pentru a evita r\u0103derea \u0219i pentru a proteja p\u0103rul din jur.  <\/p>\n<\/div><\/div><\/div><div class=\"fusion-panel fusion-toggle-no-divider fusion-toggle-boxed-mode panel-default fusion-faq-post fusion-faq-post-5002 despre-procedurile-de-transplant-de-par \"><span class=\"entry-title rich-snippet-hidden\">Se poate face un transplant de p\u0103r f\u0103r\u0103 ras?<\/span><span class=\"vcard rich-snippet-hidden\"><span class=\"fn\"><a href=\"https:\/\/rehaira.com\/ro\/author\/admin_3a81wdyw\/\" title=\"Articole de admin\" rel=\"author\">admin<\/a><\/span><\/span><span class=\"updated rich-snippet-hidden\">2025-09-06T06:03:07+03:00<\/span><div class=\"panel-heading\"><h4 id=\"faq_1-5002\" class=\"panel-title toggle\"><a data-toggle=\"collapse\" class=\"collapsed\" data-parent=\"#accordian-1\" data-target=\"#collapse-1-5002\" href=\"#collapse-1-5002\" aria-expanded=\"false\"><div class=\"fusion-toggle-icon-wrapper\"><div class=\"fusion-toggle-icon-wrapper-main\"><div class=\"fusion-toggle-icon-wrapper-sub\"><i class=\"fa-fusion-box active-icon awb-icon-minus\" aria-hidden=\"true\"><\/i><i class=\"fa-fusion-box inactive-icon awb-icon-plus\" aria-hidden=\"true\"><\/i><\/div><\/div><\/div><div class=\"fusion-toggle-heading\">Se poate face un transplant de p\u0103r f\u0103r\u0103 ras?<\/div><\/a><\/h4><\/div><div id=\"collapse-1-5002\" aria-labelledby=\"faq_1-5002\" class=\"panel-collapse collapse\"><div class=\"panel-body toggle-content post-content\"><p>Da, \u00een multe cazuri este posibil\u0103 efectuarea unei proceduri par\u021biale sau complete f\u0103r\u0103 ras, \u00een special cu DHI. Cu toate acestea, eligibilitatea depinde de dimensiunea zonei care trebuie tratat\u0103 \u0219i de caracteristicile p\u0103rului. <\/p>\n<\/div><\/div><\/div><div class=\"fusion-panel fusion-toggle-no-divider fusion-toggle-boxed-mode panel-default fusion-faq-post fusion-faq-post-5000 despre-procedurile-de-transplant-de-par \"><span class=\"entry-title rich-snippet-hidden\">Cum se determin\u0103 zona donatoare?<\/span><span class=\"vcard rich-snippet-hidden\"><span class=\"fn\"><a href=\"https:\/\/rehaira.com\/ro\/author\/admin_3a81wdyw\/\" title=\"Articole de admin\" rel=\"author\">admin<\/a><\/span><\/span><span class=\"updated rich-snippet-hidden\">2025-09-06T06:03:27+03:00<\/span><div class=\"panel-heading\"><h4 id=\"faq_1-5000\" class=\"panel-title toggle\"><a data-toggle=\"collapse\" class=\"collapsed\" data-parent=\"#accordian-1\" data-target=\"#collapse-1-5000\" href=\"#collapse-1-5000\" aria-expanded=\"false\"><div class=\"fusion-toggle-icon-wrapper\"><div class=\"fusion-toggle-icon-wrapper-main\"><div class=\"fusion-toggle-icon-wrapper-sub\"><i class=\"fa-fusion-box active-icon awb-icon-minus\" aria-hidden=\"true\"><\/i><i class=\"fa-fusion-box inactive-icon awb-icon-plus\" aria-hidden=\"true\"><\/i><\/div><\/div><\/div><div class=\"fusion-toggle-heading\">Cum se determin\u0103 zona donatoare?<\/div><\/a><\/h4><\/div><div id=\"collapse-1-5000\" aria-labelledby=\"faq_1-5000\" class=\"panel-collapse collapse\"><div class=\"panel-body toggle-content post-content\"><p>Zona donatoare este de obicei situat\u0103 \u00een partea din spate \u0219i pe laturile scalpului, unde foliculii de p\u0103r sunt rezisten\u021bi genetic la c\u0103derea p\u0103rului. Evalu\u0103m densitatea, rezisten\u021ba \u0219i distribu\u021bia p\u0103rului din aceast\u0103 zon\u0103 pentru a asigura at\u00e2t o extrac\u021bie eficient\u0103, c\u00e2t \u0219i un aspect natural dup\u0103 vindecare. <\/p>\n<\/div><\/div><\/div><\/div><\/div><\/div><\/div><\/div><\/div><\/div><\/div>\n","protected":false},"excerpt":{"rendered":"<p>Informa\u021bii detaliate despre tehnicile \u0219i tehnologiile pe care le folosim la Rehaira.<\/p>\n","protected":false},"author":1,"featured_media":0,"parent":3437,"menu_order":0,"comment_status":"closed","ping_status":"closed","template":"100-width.php","meta":{"_acf_changed":false,"footnotes":""},"class_list":["post-3466","page","type-page","status-publish","hentry"],"acf":[],"_links":{"self":[{"href":"https:\/\/rehaira.com\/ro\/wp-json\/wp\/v2\/pages\/3466","targetHints":{"allow":["GET"]}}],"collection":[{"href":"https:\/\/rehaira.com\/ro\/wp-json\/wp\/v2\/pages"}],"about":[{"href":"https:\/\/rehaira.com\/ro\/wp-json\/wp\/v2\/types\/page"}],"author":[{"embeddable":true,"href":"https:\/\/rehaira.com\/ro\/wp-json\/wp\/v2\/users\/1"}],"replies":[{"embeddable":true,"href":"https:\/\/rehaira.com\/ro\/wp-json\/wp\/v2\/comments?post=3466"}],"version-history":[{"count":1,"href":"https:\/\/rehaira.com\/ro\/wp-json\/wp\/v2\/pages\/3466\/revisions"}],"predecessor-version":[{"id":3472,"href":"https:\/\/rehaira.com\/ro\/wp-json\/wp\/v2\/pages\/3466\/revisions\/3472"}],"up":[{"embeddable":true,"href":"https:\/\/rehaira.com\/ro\/wp-json\/wp\/v2\/pages\/3437"}],"wp:attachment":[{"href":"https:\/\/rehaira.com\/ro\/wp-json\/wp\/v2\/media?parent=3466"}],"curies":[{"name":"wp","href":"https:\/\/api.w.org\/{rel}","templated":true}]}}