{"id":3522,"date":"2025-08-03T13:59:13","date_gmt":"2025-08-03T10:59:13","guid":{"rendered":"https:\/\/rehaira.com\/intrebari-frecvente-faq\/ingrijire-post-operatorie-si-recuperare\/"},"modified":"2025-10-03T14:26:30","modified_gmt":"2025-10-03T11:26:30","slug":"ingrijire-post-operatorie-si-recuperare","status":"publish","type":"page","link":"https:\/\/rehaira.com\/ro\/intrebari-frecvente-faq\/ingrijire-post-operatorie-si-recuperare\/","title":{"rendered":"\u00cengrijire post-operatorie \u0219i recuperare"},"content":{"rendered":"<div class=\"fusion-fullwidth fullwidth-box fusion-builder-row-1 fusion-flex-container has-pattern-background has-mask-background nonhundred-percent-fullwidth non-hundred-percent-height-scrolling\" style=\"--awb-border-radius-top-left:0px;--awb-border-radius-top-right:0px;--awb-border-radius-bottom-right:0px;--awb-border-radius-bottom-left:0px;--awb-flex-wrap:wrap;\" ><div class=\"fusion-builder-row fusion-row fusion-flex-align-items-flex-start fusion-flex-content-wrap\" style=\"max-width:1248px;margin-left: calc(-4% \/ 2 );margin-right: calc(-4% \/ 2 );\"><div class=\"fusion-layout-column fusion_builder_column fusion-builder-column-0 fusion_builder_column_1_1 1_1 fusion-flex-column\" style=\"--awb-bg-size:cover;--awb-width-large:100%;--awb-margin-top-large:0px;--awb-spacing-right-large:1.92%;--awb-margin-bottom-large:20px;--awb-spacing-left-large:1.92%;--awb-width-medium:100%;--awb-order-medium:0;--awb-spacing-right-medium:1.92%;--awb-spacing-left-medium:1.92%;--awb-width-small:100%;--awb-order-small:0;--awb-spacing-right-small:1.92%;--awb-spacing-left-small:1.92%;\"><div class=\"fusion-column-wrapper fusion-column-has-shadow fusion-flex-justify-content-flex-start fusion-content-layout-column\"><\/div><\/div><\/div><\/div>\n","protected":false},"excerpt":{"rendered":"<p>Tot ce trebuie s\u0103 \u0219ti\u021bi despre vindecarea \u0219i \u00eengrijirea p\u0103rului dumneavoastr\u0103 dup\u0103 procedur\u0103.<\/p>\n","protected":false},"author":1,"featured_media":0,"parent":3437,"menu_order":0,"comment_status":"closed","ping_status":"closed","template":"100-width.php","meta":{"_acf_changed":false,"footnotes":""},"class_list":["post-3522","page","type-page","status-publish","hentry"],"acf":[],"_links":{"self":[{"href":"https:\/\/rehaira.com\/ro\/wp-json\/wp\/v2\/pages\/3522","targetHints":{"allow":["GET"]}}],"collection":[{"href":"https:\/\/rehaira.com\/ro\/wp-json\/wp\/v2\/pages"}],"about":[{"href":"https:\/\/rehaira.com\/ro\/wp-json\/wp\/v2\/types\/page"}],"author":[{"embeddable":true,"href":"https:\/\/rehaira.com\/ro\/wp-json\/wp\/v2\/users\/1"}],"replies":[{"embeddable":true,"href":"https:\/\/rehaira.com\/ro\/wp-json\/wp\/v2\/comments?post=3522"}],"version-history":[{"count":1,"href":"https:\/\/rehaira.com\/ro\/wp-json\/wp\/v2\/pages\/3522\/revisions"}],"predecessor-version":[{"id":3532,"href":"https:\/\/rehaira.com\/ro\/wp-json\/wp\/v2\/pages\/3522\/revisions\/3532"}],"up":[{"embeddable":true,"href":"https:\/\/rehaira.com\/ro\/wp-json\/wp\/v2\/pages\/3437"}],"wp:attachment":[{"href":"https:\/\/rehaira.com\/ro\/wp-json\/wp\/v2\/media?parent=3522"}],"curies":[{"name":"wp","href":"https:\/\/api.w.org\/{rel}","templated":true}]}}