{"id":3929,"date":"2025-08-03T14:00:46","date_gmt":"2025-08-03T11:00:46","guid":{"rendered":"https:\/\/rehaira.com\/intrebari-frecvente-faq\/preturi-calatorii\/"},"modified":"2025-10-03T14:29:14","modified_gmt":"2025-10-03T11:29:14","slug":"preturi-calatorii","status":"publish","type":"page","link":"https:\/\/rehaira.com\/ro\/intrebari-frecvente-faq\/preturi-calatorii\/","title":{"rendered":"Pre\u021buri &amp; c\u0103l\u0103torii"},"content":{"rendered":"<div class=\"fusion-fullwidth fullwidth-box fusion-builder-row-1 fusion-flex-container has-pattern-background has-mask-background nonhundred-percent-fullwidth non-hundred-percent-height-scrolling\" style=\"--awb-border-radius-top-left:0px;--awb-border-radius-top-right:0px;--awb-border-radius-bottom-right:0px;--awb-border-radius-bottom-left:0px;--awb-flex-wrap:wrap;\" ><div class=\"fusion-builder-row fusion-row fusion-flex-align-items-flex-start fusion-flex-content-wrap\" style=\"max-width:1248px;margin-left: calc(-4% \/ 2 );margin-right: calc(-4% \/ 2 );\"><div class=\"fusion-layout-column fusion_builder_column fusion-builder-column-0 fusion_builder_column_1_1 1_1 fusion-flex-column\" style=\"--awb-bg-size:cover;--awb-width-large:100%;--awb-margin-top-large:0px;--awb-spacing-right-large:1.92%;--awb-margin-bottom-large:20px;--awb-spacing-left-large:1.92%;--awb-width-medium:100%;--awb-order-medium:0;--awb-spacing-right-medium:1.92%;--awb-spacing-left-medium:1.92%;--awb-width-small:100%;--awb-order-small:0;--awb-spacing-right-small:1.92%;--awb-spacing-left-small:1.92%;\"><div class=\"fusion-column-wrapper fusion-column-has-shadow fusion-flex-justify-content-flex-start fusion-content-layout-column\"><style type=\"text\/css\">#accordian-1 .fusion-panel:hover,#accordian-1 .fusion-panel.hover{ background-color: var(--awb-custom_color_2) } #accordian-1 .fusion-panel { border-color:var(--awb-color6); border-width:1px; background-color:var(--awb-color6); }.fusion-accordian #accordian-1 .panel-title a .fa-fusion-box:before{ font-size: 16px;width: 16px;}.fusion-accordian #accordian-1 .panel-title a .fa-fusion-box{ color: var(--awb-color5);}.fusion-accordian  #accordian-1 .panel-title a{font-size:16px;font-family:\"Lexend Deca\";font-style:normal;font-weight:300;}.fusion-accordian  #accordian-1 .panel-title a:not(:hover){}.fusion-accordian  #accordian-1 .toggle-content{font-family:var(--awb-typography4-font-family);font-weight:var(--awb-typography4-font-weight);font-style:var(--awb-typography4-font-style);}.fusion-accordian #accordian-1 .panel-title a:hover,.fusion-accordian #accordian-1 .panel-title a.hover { color: var(--awb-color3);}.fusion-faq-shortcode .fusion-accordian #accordian-1 .fusion-toggle-boxed-mode:hover .panel-title a { color: var(--awb-color3);}.fusion-accordian #accordian-1.fusion-toggle-icon-unboxed .panel-title a:hover .fa-fusion-box,.fusion-accordian #accordian-1.fusion-toggle-icon-unboxed .panel-title a.hover .fa-fusion-box { color: var(--awb-color3); }.fusion-faqs-wrapper .fusion-accordian #accordian-1 .panel-title a.active{ color: var(--awb-color3) !important;}.fusion-faqs-wrapper .fusion-accordian  #accordian-1.fusion-toggle-icon-unboxed .fusion-panel .panel-title a.active .fa-fusion-box{ color: var(--awb-color3) !important;}<\/style><div class=\"fusion-faq-shortcode\" style=\"\"><div class=\"fusion-faqs-wrapper\"><div class=\"accordian fusion-accordian\"><div class=\"panel-group  fusion-toggle-icon-unboxed\" id=\"accordian-1\"><div class=\"fusion-panel fusion-toggle-no-divider fusion-toggle-boxed-mode panel-default fusion-faq-post fusion-faq-post-4845 preturi-calatorii preturi-si-pachete \"><span class=\"entry-title rich-snippet-hidden\">Cum se determin\u0103 costul unui transplant de p\u0103r?<\/span><span class=\"vcard rich-snippet-hidden\"><span class=\"fn\"><a href=\"https:\/\/rehaira.com\/ro\/author\/admin_3a81wdyw\/\" title=\"Articole de admin\" rel=\"author\">admin<\/a><\/span><\/span><span class=\"updated rich-snippet-hidden\">2025-09-06T06:24:53+03:00<\/span><div class=\"panel-heading\"><h4 id=\"faq_1-4845\" class=\"panel-title toggle\"><a data-toggle=\"collapse\" class=\"collapsed\" data-parent=\"#accordian-1\" data-target=\"#collapse-1-4845\" href=\"#collapse-1-4845\" aria-expanded=\"false\"><div class=\"fusion-toggle-icon-wrapper\"><div class=\"fusion-toggle-icon-wrapper-main\"><div class=\"fusion-toggle-icon-wrapper-sub\"><i class=\"fa-fusion-box active-icon awb-icon-minus\" aria-hidden=\"true\"><\/i><i class=\"fa-fusion-box inactive-icon awb-icon-plus\" aria-hidden=\"true\"><\/i><\/div><\/div><\/div><div class=\"fusion-toggle-heading\">Cum se determin\u0103 costul unui transplant de p\u0103r?<\/div><\/a><\/h4><\/div><div id=\"collapse-1-4845\" aria-labelledby=\"faq_1-4845\" class=\"panel-collapse collapse\"><div class=\"panel-body toggle-content post-content\"><p>Costul se bazeaz\u0103 pe mai mul\u021bi factori, inclusiv tehnica utilizat\u0103, complexitatea cazului \u0219i resursele necesare pentru procedur\u0103. Ne concentr\u0103m pe crearea unui plan de tratament sigur \u0219i de \u00eenalt\u0103 calitate, adaptat fiec\u0103rui pacient, mai degrab\u0103 dec\u00e2t s\u0103 tax\u0103m pur \u0219i simplu pe baza numerelor. <\/p>\n<\/div><\/div><\/div><div class=\"fusion-panel fusion-toggle-no-divider fusion-toggle-boxed-mode panel-default fusion-faq-post fusion-faq-post-4841 preturi-calatorii preturi-si-pachete \"><span class=\"entry-title rich-snippet-hidden\">Taxa\u021bi per folicul sau oferi\u021bi pachete cu pre\u021b fix?<\/span><span class=\"vcard rich-snippet-hidden\"><span class=\"fn\"><a href=\"https:\/\/rehaira.com\/ro\/author\/admin_3a81wdyw\/\" title=\"Articole de admin\" rel=\"author\">admin<\/a><\/span><\/span><span class=\"updated rich-snippet-hidden\">2025-09-06T06:25:57+03:00<\/span><div class=\"panel-heading\"><h4 id=\"faq_1-4841\" class=\"panel-title toggle\"><a data-toggle=\"collapse\" class=\"collapsed\" data-parent=\"#accordian-1\" data-target=\"#collapse-1-4841\" href=\"#collapse-1-4841\" aria-expanded=\"false\"><div class=\"fusion-toggle-icon-wrapper\"><div class=\"fusion-toggle-icon-wrapper-main\"><div class=\"fusion-toggle-icon-wrapper-sub\"><i class=\"fa-fusion-box active-icon awb-icon-minus\" aria-hidden=\"true\"><\/i><i class=\"fa-fusion-box inactive-icon awb-icon-plus\" aria-hidden=\"true\"><\/i><\/div><\/div><\/div><div class=\"fusion-toggle-heading\">Taxa\u021bi per folicul sau oferi\u021bi pachete cu pre\u021b fix?<\/div><\/a><\/h4><\/div><div id=\"collapse-1-4841\" aria-labelledby=\"faq_1-4841\" class=\"panel-collapse collapse\"><div class=\"panel-body toggle-content post-content\"><p>Nu tax\u0103m per folicul. \u00cen schimb, oferim pachete cu pre\u021b fix concepute pentru a acoperi toate aspectele tratamentului f\u0103r\u0103 costuri nea\u0219teptate. <\/p>\n<\/div><\/div><\/div><div class=\"fusion-panel fusion-toggle-no-divider fusion-toggle-boxed-mode panel-default fusion-faq-post fusion-faq-post-4836 preturi-calatorii preturi-si-pachete \"><span class=\"entry-title rich-snippet-hidden\">Dac\u0103 nu stabili\u021bi pre\u021bul per folicul, de ce poate varia costul \u00een cazurile cu volum mare?<\/span><span class=\"vcard rich-snippet-hidden\"><span class=\"fn\"><a href=\"https:\/\/rehaira.com\/ro\/author\/admin_3a81wdyw\/\" title=\"Articole de admin\" rel=\"author\">admin<\/a><\/span><\/span><span class=\"updated rich-snippet-hidden\">2025-09-06T06:27:38+03:00<\/span><div class=\"panel-heading\"><h4 id=\"faq_1-4836\" class=\"panel-title toggle\"><a data-toggle=\"collapse\" class=\"collapsed\" data-parent=\"#accordian-1\" data-target=\"#collapse-1-4836\" href=\"#collapse-1-4836\" aria-expanded=\"false\"><div class=\"fusion-toggle-icon-wrapper\"><div class=\"fusion-toggle-icon-wrapper-main\"><div class=\"fusion-toggle-icon-wrapper-sub\"><i class=\"fa-fusion-box active-icon awb-icon-minus\" aria-hidden=\"true\"><\/i><i class=\"fa-fusion-box inactive-icon awb-icon-plus\" aria-hidden=\"true\"><\/i><\/div><\/div><\/div><div class=\"fusion-toggle-heading\">Dac\u0103 nu stabili\u021bi pre\u021bul per folicul, de ce poate varia costul \u00een cazurile cu volum mare?<\/div><\/a><\/h4><\/div><div id=\"collapse-1-4836\" aria-labelledby=\"faq_1-4836\" class=\"panel-collapse collapse\"><div class=\"panel-body toggle-content post-content\"><p>\u00cen cazurile cu volum mare, poate fi necesar personal medical suplimentar, echipamente \u0219i instrumente pentru a se asigura c\u0103 foliculii sunt implanta\u021bi rapid \u0219i \u00een siguran\u021b\u0103, f\u0103r\u0103 a petrece prea mult timp \u00een afara corpului. Acest lucru ajut\u0103 la protejarea ratelor de supravie\u021buire a foliculilor, ceea ce poate afecta u\u0219or costul total. <\/p>\n<\/div><\/div><\/div><div class=\"fusion-panel fusion-toggle-no-divider fusion-toggle-boxed-mode panel-default fusion-faq-post fusion-faq-post-4822 preturi-calatorii preturi-si-pachete \"><span class=\"entry-title rich-snippet-hidden\">Ce este inclus \u00een pre\u021bul pachetului?<\/span><span class=\"vcard rich-snippet-hidden\"><span class=\"fn\"><a href=\"https:\/\/rehaira.com\/ro\/author\/admin_3a81wdyw\/\" title=\"Articole de admin\" rel=\"author\">admin<\/a><\/span><\/span><span class=\"updated rich-snippet-hidden\">2025-09-06T06:28:06+03:00<\/span><div class=\"panel-heading\"><h4 id=\"faq_1-4822\" class=\"panel-title toggle\"><a data-toggle=\"collapse\" class=\"collapsed\" data-parent=\"#accordian-1\" data-target=\"#collapse-1-4822\" href=\"#collapse-1-4822\" aria-expanded=\"false\"><div class=\"fusion-toggle-icon-wrapper\"><div class=\"fusion-toggle-icon-wrapper-main\"><div class=\"fusion-toggle-icon-wrapper-sub\"><i class=\"fa-fusion-box active-icon awb-icon-minus\" aria-hidden=\"true\"><\/i><i class=\"fa-fusion-box inactive-icon awb-icon-plus\" aria-hidden=\"true\"><\/i><\/div><\/div><\/div><div class=\"fusion-toggle-heading\">Ce este inclus \u00een pre\u021bul pachetului?<\/div><\/a><\/h4><\/div><div id=\"collapse-1-4822\" aria-labelledby=\"faq_1-4822\" class=\"panel-collapse collapse\"><div class=\"panel-body toggle-content post-content\"><p>Pachetele noastre includ de obicei procedura \u00een sine, toate materialele medicale, anestezia local\u0103, produsele pentru \u00eengrijire post-operatorie, consulta\u021biile post-operatorii, transferurile de la\/la aeroport \u0219i cazarea la hotel (dac\u0103 este cazul).<\/p>\n<\/div><\/div><\/div><div class=\"fusion-panel fusion-toggle-no-divider fusion-toggle-boxed-mode panel-default fusion-faq-post fusion-faq-post-4820 preturi-calatorii preturi-si-pachete \"><span class=\"entry-title rich-snippet-hidden\">Exist\u0103 costuri ascunse sau suplimentare pe care ar trebui s\u0103 le cunosc?<\/span><span class=\"vcard rich-snippet-hidden\"><span class=\"fn\"><a href=\"https:\/\/rehaira.com\/ro\/author\/admin_3a81wdyw\/\" title=\"Articole de admin\" rel=\"author\">admin<\/a><\/span><\/span><span class=\"updated rich-snippet-hidden\">2025-09-06T06:28:35+03:00<\/span><div class=\"panel-heading\"><h4 id=\"faq_1-4820\" class=\"panel-title toggle\"><a data-toggle=\"collapse\" class=\"collapsed\" data-parent=\"#accordian-1\" data-target=\"#collapse-1-4820\" href=\"#collapse-1-4820\" aria-expanded=\"false\"><div class=\"fusion-toggle-icon-wrapper\"><div class=\"fusion-toggle-icon-wrapper-main\"><div class=\"fusion-toggle-icon-wrapper-sub\"><i class=\"fa-fusion-box active-icon awb-icon-minus\" aria-hidden=\"true\"><\/i><i class=\"fa-fusion-box inactive-icon awb-icon-plus\" aria-hidden=\"true\"><\/i><\/div><\/div><\/div><div class=\"fusion-toggle-heading\">Exist\u0103 costuri ascunse sau suplimentare pe care ar trebui s\u0103 le cunosc?<\/div><\/a><\/h4><\/div><div id=\"collapse-1-4820\" aria-labelledby=\"faq_1-4820\" class=\"panel-collapse collapse\"><div class=\"panel-body toggle-content post-content\"><p>Nu. Credem \u00een transparen\u021b\u0103 total\u0103. Toate detaliile despre ce este inclus vor fi furnizate \u00een scris \u00eenainte de a lua orice decizie.  <\/p>\n<\/div><\/div><\/div><div class=\"fusion-panel fusion-toggle-no-divider fusion-toggle-boxed-mode panel-default fusion-faq-post fusion-faq-post-4814 preturi-calatorii preturi-si-pachete \"><span class=\"entry-title rich-snippet-hidden\">Au tehnicile diferite (FUE Sapphire, DHI) pre\u021buri diferite?<\/span><span class=\"vcard rich-snippet-hidden\"><span class=\"fn\"><a href=\"https:\/\/rehaira.com\/ro\/author\/admin_3a81wdyw\/\" title=\"Articole de admin\" rel=\"author\">admin<\/a><\/span><\/span><span class=\"updated rich-snippet-hidden\">2025-09-06T06:28:57+03:00<\/span><div class=\"panel-heading\"><h4 id=\"faq_1-4814\" class=\"panel-title toggle\"><a data-toggle=\"collapse\" class=\"collapsed\" data-parent=\"#accordian-1\" data-target=\"#collapse-1-4814\" href=\"#collapse-1-4814\" aria-expanded=\"false\"><div class=\"fusion-toggle-icon-wrapper\"><div class=\"fusion-toggle-icon-wrapper-main\"><div class=\"fusion-toggle-icon-wrapper-sub\"><i class=\"fa-fusion-box active-icon awb-icon-minus\" aria-hidden=\"true\"><\/i><i class=\"fa-fusion-box inactive-icon awb-icon-plus\" aria-hidden=\"true\"><\/i><\/div><\/div><\/div><div class=\"fusion-toggle-heading\">Au tehnicile diferite (FUE Sapphire, DHI) pre\u021buri diferite?<\/div><\/a><\/h4><\/div><div id=\"collapse-1-4814\" aria-labelledby=\"faq_1-4814\" class=\"panel-collapse collapse\"><div class=\"panel-body toggle-content post-content\"><p>Da, deoarece fiecare metod\u0103 implic\u0103 instrumentar distinct, dimensiuni diferite ale echipei \u0219i durate operatorii diferite, ceea ce poate afecta costul total.<\/p>\n<\/div><\/div><\/div><div class=\"fusion-panel fusion-toggle-no-divider fusion-toggle-boxed-mode panel-default fusion-faq-post fusion-faq-post-4810 preturi-calatorii preturi-si-pachete \"><span class=\"entry-title rich-snippet-hidden\">Exist\u0103 o diferen\u021b\u0103 de pre\u021b \u00eentre pacien\u021bii locali \u0219i cei interna\u021bionali?<\/span><span class=\"vcard rich-snippet-hidden\"><span class=\"fn\"><a href=\"https:\/\/rehaira.com\/ro\/author\/admin_3a81wdyw\/\" title=\"Articole de admin\" rel=\"author\">admin<\/a><\/span><\/span><span class=\"updated rich-snippet-hidden\">2025-09-06T06:29:21+03:00<\/span><div class=\"panel-heading\"><h4 id=\"faq_1-4810\" class=\"panel-title toggle\"><a data-toggle=\"collapse\" class=\"collapsed\" data-parent=\"#accordian-1\" data-target=\"#collapse-1-4810\" href=\"#collapse-1-4810\" aria-expanded=\"false\"><div class=\"fusion-toggle-icon-wrapper\"><div class=\"fusion-toggle-icon-wrapper-main\"><div class=\"fusion-toggle-icon-wrapper-sub\"><i class=\"fa-fusion-box active-icon awb-icon-minus\" aria-hidden=\"true\"><\/i><i class=\"fa-fusion-box inactive-icon awb-icon-plus\" aria-hidden=\"true\"><\/i><\/div><\/div><\/div><div class=\"fusion-toggle-heading\">Exist\u0103 o diferen\u021b\u0103 de pre\u021b \u00eentre pacien\u021bii locali \u0219i cei interna\u021bionali?<\/div><\/a><\/h4><\/div><div id=\"collapse-1-4810\" aria-labelledby=\"faq_1-4810\" class=\"panel-collapse collapse\"><div class=\"panel-body toggle-content post-content\"><p>Nu. Acelea\u0219i standarde medicale, \u00eengrijire \u0219i principii de stabilire a pre\u021burilor se aplic\u0103 tuturor pacien\u021bilor. <\/p>\n<\/div><\/div><\/div><div class=\"fusion-panel fusion-toggle-no-divider fusion-toggle-boxed-mode panel-default fusion-faq-post fusion-faq-post-4796 preturi-calatorii preturi-si-pachete \"><span class=\"entry-title rich-snippet-hidden\">C\u00e2t cost\u0103 un transplant de p\u0103r tipic \u00een Turcia?<\/span><span class=\"vcard rich-snippet-hidden\"><span class=\"fn\"><a href=\"https:\/\/rehaira.com\/ro\/author\/admin_3a81wdyw\/\" title=\"Articole de admin\" rel=\"author\">admin<\/a><\/span><\/span><span class=\"updated rich-snippet-hidden\">2025-09-06T06:29:45+03:00<\/span><div class=\"panel-heading\"><h4 id=\"faq_1-4796\" class=\"panel-title toggle\"><a data-toggle=\"collapse\" class=\"collapsed\" data-parent=\"#accordian-1\" data-target=\"#collapse-1-4796\" href=\"#collapse-1-4796\" aria-expanded=\"false\"><div class=\"fusion-toggle-icon-wrapper\"><div class=\"fusion-toggle-icon-wrapper-main\"><div class=\"fusion-toggle-icon-wrapper-sub\"><i class=\"fa-fusion-box active-icon awb-icon-minus\" aria-hidden=\"true\"><\/i><i class=\"fa-fusion-box inactive-icon awb-icon-plus\" aria-hidden=\"true\"><\/i><\/div><\/div><\/div><div class=\"fusion-toggle-heading\">C\u00e2t cost\u0103 un transplant de p\u0103r tipic \u00een Turcia?<\/div><\/a><\/h4><\/div><div id=\"collapse-1-4796\" aria-labelledby=\"faq_1-4796\" class=\"panel-collapse collapse\"><div class=\"panel-body toggle-content post-content\"><p>Pre\u021burile variaz\u0103 \u00eentre clinici \u00een func\u021bie de expertiz\u0103, tehnic\u0103 \u0219i calitatea serviciilor. Ne concentr\u0103m pe oferirea de valoare prin siguran\u021b\u0103 medical\u0103 \u0219i rezultate pe termen lung, mai degrab\u0103 dec\u00e2t pe concuren\u021ba la cel mai mic pre\u021b. <\/p>\n<\/div><\/div><\/div><div class=\"fusion-panel fusion-toggle-no-divider fusion-toggle-boxed-mode panel-default fusion-faq-post fusion-faq-post-4793 preturi-calatorii preturi-si-pachete \"><span class=\"entry-title rich-snippet-hidden\">Sunt consulta\u021biile gratuite?<\/span><span class=\"vcard rich-snippet-hidden\"><span class=\"fn\"><a href=\"https:\/\/rehaira.com\/ro\/author\/admin_3a81wdyw\/\" title=\"Articole de admin\" rel=\"author\">admin<\/a><\/span><\/span><span class=\"updated rich-snippet-hidden\">2025-09-06T06:30:05+03:00<\/span><div class=\"panel-heading\"><h4 id=\"faq_1-4793\" class=\"panel-title toggle\"><a data-toggle=\"collapse\" class=\"collapsed\" data-parent=\"#accordian-1\" data-target=\"#collapse-1-4793\" href=\"#collapse-1-4793\" aria-expanded=\"false\"><div class=\"fusion-toggle-icon-wrapper\"><div class=\"fusion-toggle-icon-wrapper-main\"><div class=\"fusion-toggle-icon-wrapper-sub\"><i class=\"fa-fusion-box active-icon awb-icon-minus\" aria-hidden=\"true\"><\/i><i class=\"fa-fusion-box inactive-icon awb-icon-plus\" aria-hidden=\"true\"><\/i><\/div><\/div><\/div><div class=\"fusion-toggle-heading\">Sunt consulta\u021biile gratuite?<\/div><\/a><\/h4><\/div><div id=\"collapse-1-4793\" aria-labelledby=\"faq_1-4793\" class=\"panel-collapse collapse\"><div class=\"panel-body toggle-content post-content\"><p>Da. Consulta\u021biile sunt gratuite \u0219i nu implic\u0103 nicio obliga\u021bie, indiferent dac\u0103 au loc \u00een persoan\u0103 sau online. <\/p>\n<\/div><\/div><\/div><\/div><\/div><\/div><\/div><\/div><\/div><\/div><\/div>\n","protected":false},"excerpt":{"rendered":"<p>Ob\u021bine\u021bi detalii despre pre\u021buri, ce este inclus \u00een pachetul dumneavoastr\u0103 \u0219i c\u0103l\u0103toria la Rehaira.<\/p>\n","protected":false},"author":1,"featured_media":0,"parent":3437,"menu_order":0,"comment_status":"closed","ping_status":"closed","template":"100-width.php","meta":{"_acf_changed":false,"footnotes":""},"class_list":["post-3929","page","type-page","status-publish","hentry"],"acf":[],"_links":{"self":[{"href":"https:\/\/rehaira.com\/ro\/wp-json\/wp\/v2\/pages\/3929","targetHints":{"allow":["GET"]}}],"collection":[{"href":"https:\/\/rehaira.com\/ro\/wp-json\/wp\/v2\/pages"}],"about":[{"href":"https:\/\/rehaira.com\/ro\/wp-json\/wp\/v2\/types\/page"}],"author":[{"embeddable":true,"href":"https:\/\/rehaira.com\/ro\/wp-json\/wp\/v2\/users\/1"}],"replies":[{"embeddable":true,"href":"https:\/\/rehaira.com\/ro\/wp-json\/wp\/v2\/comments?post=3929"}],"version-history":[{"count":1,"href":"https:\/\/rehaira.com\/ro\/wp-json\/wp\/v2\/pages\/3929\/revisions"}],"predecessor-version":[{"id":3934,"href":"https:\/\/rehaira.com\/ro\/wp-json\/wp\/v2\/pages\/3929\/revisions\/3934"}],"up":[{"embeddable":true,"href":"https:\/\/rehaira.com\/ro\/wp-json\/wp\/v2\/pages\/3437"}],"wp:attachment":[{"href":"https:\/\/rehaira.com\/ro\/wp-json\/wp\/v2\/media?parent=3929"}],"curies":[{"name":"wp","href":"https:\/\/api.w.org\/{rel}","templated":true}]}}