{"id":6736,"date":"2025-08-03T12:57:25","date_gmt":"2025-08-03T09:57:25","guid":{"rendered":"https:\/\/rehaira.com\/yardim\/"},"modified":"2025-08-03T12:57:25","modified_gmt":"2025-08-03T09:57:25","slug":"yardim","status":"publish","type":"page","link":"https:\/\/rehaira.com\/tr\/yardim\/","title":{"rendered":"Yard\u0131m"},"content":{"rendered":"","protected":false},"excerpt":{"rendered":"<p>Yard\u0131ma m\u0131 ihtiyac\u0131n\u0131z var? Yayg\u0131n sorunlar\u0131 ve faydal\u0131 kaynaklar\u0131 inceleyin. <\/p>\n","protected":false},"author":1,"featured_media":0,"parent":0,"menu_order":0,"comment_status":"closed","ping_status":"closed","template":"100-width.php","meta":{"_acf_changed":false,"footnotes":""},"class_list":["post-6736","page","type-page","status-publish","hentry"],"acf":[],"_links":{"self":[{"href":"https:\/\/rehaira.com\/tr\/wp-json\/wp\/v2\/pages\/6736","targetHints":{"allow":["GET"]}}],"collection":[{"href":"https:\/\/rehaira.com\/tr\/wp-json\/wp\/v2\/pages"}],"about":[{"href":"https:\/\/rehaira.com\/tr\/wp-json\/wp\/v2\/types\/page"}],"author":[{"embeddable":true,"href":"https:\/\/rehaira.com\/tr\/wp-json\/wp\/v2\/users\/1"}],"replies":[{"embeddable":true,"href":"https:\/\/rehaira.com\/tr\/wp-json\/wp\/v2\/comments?post=6736"}],"version-history":[{"count":0,"href":"https:\/\/rehaira.com\/tr\/wp-json\/wp\/v2\/pages\/6736\/revisions"}],"wp:attachment":[{"href":"https:\/\/rehaira.com\/tr\/wp-json\/wp\/v2\/media?parent=6736"}],"curies":[{"name":"wp","href":"https:\/\/api.w.org\/{rel}","templated":true}]}}