{"id":6744,"date":"2025-08-02T20:50:26","date_gmt":"2025-08-02T17:50:26","guid":{"rendered":"https:\/\/rehaira.com\/hukum-ve-kosullar\/"},"modified":"2025-08-02T20:50:26","modified_gmt":"2025-08-02T17:50:26","slug":"hukum-ve-kosullar","status":"publish","type":"page","link":"https:\/\/rehaira.com\/tr\/hukum-ve-kosullar\/","title":{"rendered":"H\u00fck\u00fcm ve ko\u015fullar"},"content":{"rendered":"","protected":false},"excerpt":{"rendered":"<p>Web sitemizi veya hizmetlerimizi kullanmadan \u00f6nce l\u00fctfen H\u00fck\u00fcm ve ko\u015fullar\u0131m\u0131z\u0131 dikkatlice inceleyiniz. Bu sayfa haklar\u0131n\u0131z\u0131, sorumluluklar\u0131n\u0131z\u0131 ve hizmet politikalar\u0131m\u0131z\u0131 a\u00e7\u0131klamaktad\u0131r. <\/p>\n","protected":false},"author":1,"featured_media":0,"parent":0,"menu_order":0,"comment_status":"closed","ping_status":"closed","template":"100-width.php","meta":{"_acf_changed":false,"footnotes":""},"class_list":["post-6744","page","type-page","status-publish","hentry"],"acf":[],"_links":{"self":[{"href":"https:\/\/rehaira.com\/tr\/wp-json\/wp\/v2\/pages\/6744","targetHints":{"allow":["GET"]}}],"collection":[{"href":"https:\/\/rehaira.com\/tr\/wp-json\/wp\/v2\/pages"}],"about":[{"href":"https:\/\/rehaira.com\/tr\/wp-json\/wp\/v2\/types\/page"}],"author":[{"embeddable":true,"href":"https:\/\/rehaira.com\/tr\/wp-json\/wp\/v2\/users\/1"}],"replies":[{"embeddable":true,"href":"https:\/\/rehaira.com\/tr\/wp-json\/wp\/v2\/comments?post=6744"}],"version-history":[{"count":0,"href":"https:\/\/rehaira.com\/tr\/wp-json\/wp\/v2\/pages\/6744\/revisions"}],"wp:attachment":[{"href":"https:\/\/rehaira.com\/tr\/wp-json\/wp\/v2\/media?parent=6744"}],"curies":[{"name":"wp","href":"https:\/\/api.w.org\/{rel}","templated":true}]}}