{"id":6745,"date":"2025-08-02T20:50:18","date_gmt":"2025-08-02T17:50:18","guid":{"rendered":"https:\/\/rehaira.com\/cerez-politikasi\/"},"modified":"2025-08-02T20:50:18","modified_gmt":"2025-08-02T17:50:18","slug":"cerez-politikasi","status":"publish","type":"page","link":"https:\/\/rehaira.com\/tr\/cerez-politikasi\/","title":{"rendered":"\u00c7erez politikas\u0131"},"content":{"rendered":"","protected":false},"excerpt":{"rendered":"<p>Web sitemizdeki deneyiminizi iyile\u015ftirmek i\u00e7in \u00e7erezleri nas\u0131l kulland\u0131\u011f\u0131m\u0131z\u0131 \u00f6\u011frenin.<\/p>\n","protected":false},"author":1,"featured_media":0,"parent":0,"menu_order":0,"comment_status":"closed","ping_status":"closed","template":"100-width.php","meta":{"_acf_changed":false,"footnotes":""},"class_list":["post-6745","page","type-page","status-publish","hentry"],"acf":[],"_links":{"self":[{"href":"https:\/\/rehaira.com\/tr\/wp-json\/wp\/v2\/pages\/6745","targetHints":{"allow":["GET"]}}],"collection":[{"href":"https:\/\/rehaira.com\/tr\/wp-json\/wp\/v2\/pages"}],"about":[{"href":"https:\/\/rehaira.com\/tr\/wp-json\/wp\/v2\/types\/page"}],"author":[{"embeddable":true,"href":"https:\/\/rehaira.com\/tr\/wp-json\/wp\/v2\/users\/1"}],"replies":[{"embeddable":true,"href":"https:\/\/rehaira.com\/tr\/wp-json\/wp\/v2\/comments?post=6745"}],"version-history":[{"count":0,"href":"https:\/\/rehaira.com\/tr\/wp-json\/wp\/v2\/pages\/6745\/revisions"}],"wp:attachment":[{"href":"https:\/\/rehaira.com\/tr\/wp-json\/wp\/v2\/media?parent=6745"}],"curies":[{"name":"wp","href":"https:\/\/api.w.org\/{rel}","templated":true}]}}