{"id":6746,"date":"2025-08-03T13:59:44","date_gmt":"2025-08-03T10:59:44","guid":{"rendered":"https:\/\/rehaira.com\/sss-sikca-sorulan-sorular\/tedavi-oncesi\/"},"modified":"2025-10-10T13:49:19","modified_gmt":"2025-10-10T10:49:19","slug":"tedavi-oncesi","status":"publish","type":"page","link":"https:\/\/rehaira.com\/tr\/sss-sikca-sorulan-sorular\/tedavi-oncesi\/","title":{"rendered":"Tedavi \u00f6ncesi"},"content":{"rendered":"<div class=\"fusion-fullwidth fullwidth-box fusion-builder-row-1 fusion-flex-container has-pattern-background has-mask-background nonhundred-percent-fullwidth non-hundred-percent-height-scrolling\" style=\"--awb-border-radius-top-left:0px;--awb-border-radius-top-right:0px;--awb-border-radius-bottom-right:0px;--awb-border-radius-bottom-left:0px;--awb-flex-wrap:wrap;\" ><div class=\"fusion-builder-row fusion-row fusion-flex-align-items-flex-start fusion-flex-content-wrap\" style=\"max-width:1248px;margin-left: calc(-4% \/ 2 );margin-right: calc(-4% \/ 2 );\"><div class=\"fusion-layout-column fusion_builder_column fusion-builder-column-0 fusion_builder_column_1_1 1_1 fusion-flex-column\" style=\"--awb-bg-size:cover;--awb-width-large:100%;--awb-margin-top-large:0px;--awb-spacing-right-large:1.92%;--awb-margin-bottom-large:20px;--awb-spacing-left-large:1.92%;--awb-width-medium:100%;--awb-order-medium:0;--awb-spacing-right-medium:1.92%;--awb-spacing-left-medium:1.92%;--awb-width-small:100%;--awb-order-small:0;--awb-spacing-right-small:1.92%;--awb-spacing-left-small:1.92%;\"><div class=\"fusion-column-wrapper fusion-column-has-shadow fusion-flex-justify-content-flex-start fusion-content-layout-column\"><style type=\"text\/css\">#accordian-1 .fusion-panel:hover,#accordian-1 .fusion-panel.hover{ background-color: var(--awb-custom_color_2) } #accordian-1 .fusion-panel { border-color:var(--awb-color6); border-width:1px; background-color:var(--awb-color6); }.fusion-accordian #accordian-1 .panel-title a .fa-fusion-box:before{ font-size: 16px;width: 16px;}.fusion-accordian #accordian-1 .panel-title a .fa-fusion-box{ color: var(--awb-color5);}.fusion-accordian  #accordian-1 .panel-title a{font-size:16px;font-family:\"Lexend Deca\";font-style:normal;font-weight:300;}.fusion-accordian  #accordian-1 .panel-title a:not(:hover){}.fusion-accordian  #accordian-1 .toggle-content{font-family:var(--awb-typography4-font-family);font-weight:var(--awb-typography4-font-weight);font-style:var(--awb-typography4-font-style);}.fusion-accordian #accordian-1 .panel-title a:hover,.fusion-accordian #accordian-1 .panel-title a.hover { color: var(--awb-color3);}.fusion-faq-shortcode .fusion-accordian #accordian-1 .fusion-toggle-boxed-mode:hover .panel-title a { color: var(--awb-color3);}.fusion-accordian #accordian-1.fusion-toggle-icon-unboxed .panel-title a:hover .fa-fusion-box,.fusion-accordian #accordian-1.fusion-toggle-icon-unboxed .panel-title a.hover .fa-fusion-box { color: var(--awb-color3); }.fusion-faqs-wrapper .fusion-accordian #accordian-1 .panel-title a.active{ color: var(--awb-color3) !important;}.fusion-faqs-wrapper .fusion-accordian  #accordian-1.fusion-toggle-icon-unboxed .fusion-panel .panel-title a.active .fa-fusion-box{ color: var(--awb-color3) !important;}<\/style><div class=\"fusion-faq-shortcode\" style=\"\"><div class=\"fusion-faqs-wrapper\"><div class=\"accordian fusion-accordian\"><div class=\"panel-group  fusion-toggle-icon-unboxed\" id=\"accordian-1\"><div class=\"fusion-panel fusion-toggle-no-divider fusion-toggle-boxed-mode panel-default fusion-faq-post fusion-faq-post-7434 tedavi-oncesi \"><span class=\"entry-title rich-snippet-hidden\">Sa\u00e7 ekimi i\u00e7in nas\u0131l haz\u0131rlanmal\u0131y\u0131m?<\/span><span class=\"vcard rich-snippet-hidden\"><span class=\"fn\"><a href=\"https:\/\/rehaira.com\/tr\/author\/admin_3a81wdyw\/\" title=\"admin taraf\u0131ndan yaz\u0131lan yaz\u0131lar\" rel=\"author\">admin<\/a><\/span><\/span><span class=\"updated rich-snippet-hidden\">2025-09-06T06:14:57+03:00<\/span><div class=\"panel-heading\"><h4 id=\"faq_1-7434\" class=\"panel-title toggle\"><a data-toggle=\"collapse\" class=\"collapsed\" data-parent=\"#accordian-1\" data-target=\"#collapse-1-7434\" href=\"#collapse-1-7434\" aria-expanded=\"false\"><div class=\"fusion-toggle-icon-wrapper\"><div class=\"fusion-toggle-icon-wrapper-main\"><div class=\"fusion-toggle-icon-wrapper-sub\"><i class=\"fa-fusion-box active-icon awb-icon-minus\" aria-hidden=\"true\"><\/i><i class=\"fa-fusion-box inactive-icon awb-icon-plus\" aria-hidden=\"true\"><\/i><\/div><\/div><\/div><div class=\"fusion-toggle-heading\">Sa\u00e7 ekimi i\u00e7in nas\u0131l haz\u0131rlanmal\u0131y\u0131m?<\/div><\/a><\/h4><\/div><div id=\"collapse-1-7434\" aria-labelledby=\"faq_1-7434\" class=\"panel-collapse collapse\"><div class=\"panel-body toggle-content post-content\"><p>Haz\u0131rl\u0131k birka\u00e7 basit ancak \u00f6nemli ad\u0131m\u0131 i\u00e7erir. T\u0131bbi ekibinizin tavsiye etti\u011fi \u015fekilde alkol, sigara ve belirli ila\u00e7lardan ka\u00e7\u0131n\u0131n. \u0130\u015flemden \u00f6nce sa\u00e7 derinizin temiz ve dinlenmi\u015f oldu\u011fundan emin olun. Program\u0131n\u0131z\u0131 sa\u00e7 ekiminden sonraki ilk birka\u00e7 g\u00fcn dinlenebilecek \u015fekilde planlay\u0131n.   <\/p>\n<\/div><\/div><\/div><div class=\"fusion-panel fusion-toggle-no-divider fusion-toggle-boxed-mode panel-default fusion-faq-post fusion-faq-post-7433 tedavi-oncesi \"><span class=\"entry-title rich-snippet-hidden\">\u0130\u015flem \u00f6ncesi herhangi bir ilac\u0131 b\u0131rakmam gerekiyor mu?<\/span><span class=\"vcard rich-snippet-hidden\"><span class=\"fn\"><a href=\"https:\/\/rehaira.com\/tr\/author\/admin_3a81wdyw\/\" title=\"admin taraf\u0131ndan yaz\u0131lan yaz\u0131lar\" rel=\"author\">admin<\/a><\/span><\/span><span class=\"updated rich-snippet-hidden\">2025-09-06T06:15:13+03:00<\/span><div class=\"panel-heading\"><h4 id=\"faq_1-7433\" class=\"panel-title toggle\"><a data-toggle=\"collapse\" class=\"collapsed\" data-parent=\"#accordian-1\" data-target=\"#collapse-1-7433\" href=\"#collapse-1-7433\" aria-expanded=\"false\"><div class=\"fusion-toggle-icon-wrapper\"><div class=\"fusion-toggle-icon-wrapper-main\"><div class=\"fusion-toggle-icon-wrapper-sub\"><i class=\"fa-fusion-box active-icon awb-icon-minus\" aria-hidden=\"true\"><\/i><i class=\"fa-fusion-box inactive-icon awb-icon-plus\" aria-hidden=\"true\"><\/i><\/div><\/div><\/div><div class=\"fusion-toggle-heading\">\u0130\u015flem \u00f6ncesi herhangi bir ilac\u0131 b\u0131rakmam gerekiyor mu?<\/div><\/a><\/h4><\/div><div id=\"collapse-1-7433\" aria-labelledby=\"faq_1-7433\" class=\"panel-collapse collapse\"><div class=\"panel-body toggle-content post-content\"><p>Evet, baz\u0131 ila\u00e7lar kanamay\u0131 art\u0131rabilir veya iyile\u015fmeyi etkileyebilir. Medikal ekibimiz mevcut re\u00e7etelerinizi inceleyecek ve i\u015flem \u00f6ncesi hangi ila\u00e7lar\u0131 ne kadar s\u00fcreyle b\u0131rakman\u0131z gerekti\u011fi konusunda sizi bilgilendirecektir. Herhangi bir ilac\u0131 b\u0131rakmadan \u00f6nce mutlaka profesyonel t\u0131bbi \u00f6nerilere uyunuz.  <\/p>\n<\/div><\/div><\/div><div class=\"fusion-panel fusion-toggle-no-divider fusion-toggle-boxed-mode panel-default fusion-faq-post fusion-faq-post-7309 tedavi-oncesi \"><span class=\"entry-title rich-snippet-hidden\">Bir sa\u011fl\u0131k durumum varsa sa\u00e7 ekimi yapt\u0131rabilir miyim?<\/span><span class=\"vcard rich-snippet-hidden\"><span class=\"fn\"><a href=\"https:\/\/rehaira.com\/tr\/author\/admin_3a81wdyw\/\" title=\"admin taraf\u0131ndan yaz\u0131lan yaz\u0131lar\" rel=\"author\">admin<\/a><\/span><\/span><span class=\"updated rich-snippet-hidden\">2025-09-06T06:15:33+03:00<\/span><div class=\"panel-heading\"><h4 id=\"faq_1-7309\" class=\"panel-title toggle\"><a data-toggle=\"collapse\" class=\"collapsed\" data-parent=\"#accordian-1\" data-target=\"#collapse-1-7309\" href=\"#collapse-1-7309\" aria-expanded=\"false\"><div class=\"fusion-toggle-icon-wrapper\"><div class=\"fusion-toggle-icon-wrapper-main\"><div class=\"fusion-toggle-icon-wrapper-sub\"><i class=\"fa-fusion-box active-icon awb-icon-minus\" aria-hidden=\"true\"><\/i><i class=\"fa-fusion-box inactive-icon awb-icon-plus\" aria-hidden=\"true\"><\/i><\/div><\/div><\/div><div class=\"fusion-toggle-heading\">Bir sa\u011fl\u0131k durumum varsa sa\u00e7 ekimi yapt\u0131rabilir miyim?<\/div><\/a><\/h4><\/div><div id=\"collapse-1-7309\" aria-labelledby=\"faq_1-7309\" class=\"panel-collapse collapse\"><div class=\"panel-body toggle-content post-content\"><p>\u00c7o\u011fu durumda evet, ancak bu spesifik rahats\u0131zl\u0131\u011fa ve kontrol\u00fcne ba\u011fl\u0131d\u0131r. Diyabet, kalp rahats\u0131zl\u0131klar\u0131 veya otoimm\u00fcn bozukluklar gibi kronik hastal\u0131klar\u0131 olan ki\u015filer, i\u015flemin kendileri i\u00e7in g\u00fcvenli oldu\u011fundan emin olmak i\u00e7in t\u0131bbi de\u011ferlendirmeden ge\u00e7melidir. <\/p>\n<\/div><\/div><\/div><div class=\"fusion-panel fusion-toggle-no-divider fusion-toggle-boxed-mode panel-default fusion-faq-post fusion-faq-post-7308 tedavi-oncesi \"><span class=\"entry-title rich-snippet-hidden\">Nakil \u00f6ncesi kan testi yapt\u0131rmam gerekiyor mu?<\/span><span class=\"vcard rich-snippet-hidden\"><span class=\"fn\"><a href=\"https:\/\/rehaira.com\/tr\/author\/admin_3a81wdyw\/\" title=\"admin taraf\u0131ndan yaz\u0131lan yaz\u0131lar\" rel=\"author\">admin<\/a><\/span><\/span><span class=\"updated rich-snippet-hidden\">2025-09-06T06:15:53+03:00<\/span><div class=\"panel-heading\"><h4 id=\"faq_1-7308\" class=\"panel-title toggle\"><a data-toggle=\"collapse\" class=\"collapsed\" data-parent=\"#accordian-1\" data-target=\"#collapse-1-7308\" href=\"#collapse-1-7308\" aria-expanded=\"false\"><div class=\"fusion-toggle-icon-wrapper\"><div class=\"fusion-toggle-icon-wrapper-main\"><div class=\"fusion-toggle-icon-wrapper-sub\"><i class=\"fa-fusion-box active-icon awb-icon-minus\" aria-hidden=\"true\"><\/i><i class=\"fa-fusion-box inactive-icon awb-icon-plus\" aria-hidden=\"true\"><\/i><\/div><\/div><\/div><div class=\"fusion-toggle-heading\">Nakil \u00f6ncesi kan testi yapt\u0131rmam gerekiyor mu?<\/div><\/a><\/h4><\/div><div id=\"collapse-1-7308\" aria-labelledby=\"faq_1-7308\" class=\"panel-collapse collapse\"><div class=\"panel-body toggle-content post-content\"><p>Evet, \u00e7o\u011fu klinik enfeksiyonlar\u0131, kan p\u0131ht\u0131la\u015fma yetene\u011fini ve genel sa\u011fl\u0131k durumunu kontrol etmek i\u00e7in rutin kan testleri talep etmektedir. Bu testler, g\u00fcvenli bir prosed\u00fcr ve sorunsuz bir iyile\u015fme s\u00fcreci sa\u011flamaya yard\u0131mc\u0131 olur. <\/p>\n<\/div><\/div><\/div><div class=\"fusion-panel fusion-toggle-no-divider fusion-toggle-boxed-mode panel-default fusion-faq-post fusion-faq-post-7307 tedavi-oncesi \"><span class=\"entry-title rich-snippet-hidden\">Sa\u00e7 ekimi \u00f6ncesi sa\u00e7lar\u0131m\u0131 kesmeli miyim yoksa t\u0131ra\u015f etmeli miyim?<\/span><span class=\"vcard rich-snippet-hidden\"><span class=\"fn\"><a href=\"https:\/\/rehaira.com\/tr\/author\/admin_3a81wdyw\/\" title=\"admin taraf\u0131ndan yaz\u0131lan yaz\u0131lar\" rel=\"author\">admin<\/a><\/span><\/span><span class=\"updated rich-snippet-hidden\">2025-09-06T06:16:13+03:00<\/span><div class=\"panel-heading\"><h4 id=\"faq_1-7307\" class=\"panel-title toggle\"><a data-toggle=\"collapse\" class=\"collapsed\" data-parent=\"#accordian-1\" data-target=\"#collapse-1-7307\" href=\"#collapse-1-7307\" aria-expanded=\"false\"><div class=\"fusion-toggle-icon-wrapper\"><div class=\"fusion-toggle-icon-wrapper-main\"><div class=\"fusion-toggle-icon-wrapper-sub\"><i class=\"fa-fusion-box active-icon awb-icon-minus\" aria-hidden=\"true\"><\/i><i class=\"fa-fusion-box inactive-icon awb-icon-plus\" aria-hidden=\"true\"><\/i><\/div><\/div><\/div><div class=\"fusion-toggle-heading\">Sa\u00e7 ekimi \u00f6ncesi sa\u00e7lar\u0131m\u0131 kesmeli miyim yoksa t\u0131ra\u015f etmeli miyim?<\/div><\/a><\/h4><\/div><div id=\"collapse-1-7307\" aria-labelledby=\"faq_1-7307\" class=\"panel-collapse collapse\"><div class=\"panel-body toggle-content post-content\"><p>\u00c7o\u011fu durumda, klinik i\u015flem i\u00e7in gerekli olan kesme veya t\u0131ra\u015f i\u015flemlerini halledecektir. DHI gibi baz\u0131 teknikler i\u00e7in t\u0131ra\u015f hi\u00e7 gerekli olmayabilir. T\u0131bbi ekibiniz, tedavi plan\u0131n\u0131za g\u00f6re size \u00f6zel talimatlar verecektir.  <\/p>\n<\/div><\/div><\/div><div class=\"fusion-panel fusion-toggle-no-divider fusion-toggle-boxed-mode panel-default fusion-faq-post fusion-faq-post-7306 tedavi-oncesi \"><span class=\"entry-title rich-snippet-hidden\">Sa\u00e7 ekimi \u00f6ncesi topikal sa\u00e7 d\u00f6k\u00fclmesi tedavisi kullanabilir miyim?<\/span><span class=\"vcard rich-snippet-hidden\"><span class=\"fn\"><a href=\"https:\/\/rehaira.com\/tr\/author\/admin_3a81wdyw\/\" title=\"admin taraf\u0131ndan yaz\u0131lan yaz\u0131lar\" rel=\"author\">admin<\/a><\/span><\/span><span class=\"updated rich-snippet-hidden\">2025-09-06T06:16:31+03:00<\/span><div class=\"panel-heading\"><h4 id=\"faq_1-7306\" class=\"panel-title toggle\"><a data-toggle=\"collapse\" class=\"collapsed\" data-parent=\"#accordian-1\" data-target=\"#collapse-1-7306\" href=\"#collapse-1-7306\" aria-expanded=\"false\"><div class=\"fusion-toggle-icon-wrapper\"><div class=\"fusion-toggle-icon-wrapper-main\"><div class=\"fusion-toggle-icon-wrapper-sub\"><i class=\"fa-fusion-box active-icon awb-icon-minus\" aria-hidden=\"true\"><\/i><i class=\"fa-fusion-box inactive-icon awb-icon-plus\" aria-hidden=\"true\"><\/i><\/div><\/div><\/div><div class=\"fusion-toggle-heading\">Sa\u00e7 ekimi \u00f6ncesi topikal sa\u00e7 d\u00f6k\u00fclmesi tedavisi kullanabilir miyim?<\/div><\/a><\/h4><\/div><div id=\"collapse-1-7306\" aria-labelledby=\"faq_1-7306\" class=\"panel-collapse collapse\"><div class=\"panel-body toggle-content post-content\"><p>Hafif topikal tedaviler genellikle ameliyattan birka\u00e7 g\u00fcn \u00f6ncesine kadar kullan\u0131labilir, ancak baz\u0131 \u00fcr\u00fcnler sa\u00e7 derisini tahri\u015f edebilir veya iyile\u015fmeyi etkileyebilir. Medikal ekibiniz, i\u015flem \u00f6ncesinde bu \u00fcr\u00fcnleri ne zaman b\u0131rakman\u0131z gerekti\u011fini size tam olarak bildirecektir. <\/p>\n<\/div><\/div><\/div><div class=\"fusion-panel fusion-toggle-no-divider fusion-toggle-boxed-mode panel-default fusion-faq-post fusion-faq-post-7305 tedavi-oncesi \"><span class=\"entry-title rich-snippet-hidden\">\u0130\u015flemden \u00f6nce yemek yemeli veya i\u00e7ecek i\u00e7meli miyim?<\/span><span class=\"vcard rich-snippet-hidden\"><span class=\"fn\"><a href=\"https:\/\/rehaira.com\/tr\/author\/admin_3a81wdyw\/\" title=\"admin taraf\u0131ndan yaz\u0131lan yaz\u0131lar\" rel=\"author\">admin<\/a><\/span><\/span><span class=\"updated rich-snippet-hidden\">2025-09-06T06:16:52+03:00<\/span><div class=\"panel-heading\"><h4 id=\"faq_1-7305\" class=\"panel-title toggle\"><a data-toggle=\"collapse\" class=\"collapsed\" data-parent=\"#accordian-1\" data-target=\"#collapse-1-7305\" href=\"#collapse-1-7305\" aria-expanded=\"false\"><div class=\"fusion-toggle-icon-wrapper\"><div class=\"fusion-toggle-icon-wrapper-main\"><div class=\"fusion-toggle-icon-wrapper-sub\"><i class=\"fa-fusion-box active-icon awb-icon-minus\" aria-hidden=\"true\"><\/i><i class=\"fa-fusion-box inactive-icon awb-icon-plus\" aria-hidden=\"true\"><\/i><\/div><\/div><\/div><div class=\"fusion-toggle-heading\">\u0130\u015flemden \u00f6nce yemek yemeli veya i\u00e7ecek i\u00e7meli miyim?<\/div><\/a><\/h4><\/div><div id=\"collapse-1-7305\" aria-labelledby=\"faq_1-7305\" class=\"panel-collapse collapse\"><div class=\"panel-body toggle-content post-content\"><p>Nakliniz lokal anestezi alt\u0131nda yap\u0131lacaksa, enerjinizi stabil tutmak i\u00e7in genellikle hafif bir \u00f6\u011f\u00fcn \u00f6nerilir. \u0130\u015flem sabah\u0131 \u00e7ok a\u011f\u0131r veya ya\u011fl\u0131 yiyeceklerden ka\u00e7\u0131n\u0131n\u0131z. <\/p>\n<\/div><\/div><\/div><div class=\"fusion-panel fusion-toggle-no-divider fusion-toggle-boxed-mode panel-default fusion-faq-post fusion-faq-post-7304 tedavi-oncesi \"><span class=\"entry-title rich-snippet-hidden\">Nakil \u00f6ncesi kafein t\u00fcketiminden ka\u00e7\u0131nmal\u0131 m\u0131y\u0131m?<\/span><span class=\"vcard rich-snippet-hidden\"><span class=\"fn\"><a href=\"https:\/\/rehaira.com\/tr\/author\/admin_3a81wdyw\/\" title=\"admin taraf\u0131ndan yaz\u0131lan yaz\u0131lar\" rel=\"author\">admin<\/a><\/span><\/span><span class=\"updated rich-snippet-hidden\">2025-09-06T06:17:13+03:00<\/span><div class=\"panel-heading\"><h4 id=\"faq_1-7304\" class=\"panel-title toggle\"><a data-toggle=\"collapse\" class=\"collapsed\" data-parent=\"#accordian-1\" data-target=\"#collapse-1-7304\" href=\"#collapse-1-7304\" aria-expanded=\"false\"><div class=\"fusion-toggle-icon-wrapper\"><div class=\"fusion-toggle-icon-wrapper-main\"><div class=\"fusion-toggle-icon-wrapper-sub\"><i class=\"fa-fusion-box active-icon awb-icon-minus\" aria-hidden=\"true\"><\/i><i class=\"fa-fusion-box inactive-icon awb-icon-plus\" aria-hidden=\"true\"><\/i><\/div><\/div><\/div><div class=\"fusion-toggle-heading\">Nakil \u00f6ncesi kafein t\u00fcketiminden ka\u00e7\u0131nmal\u0131 m\u0131y\u0131m?<\/div><\/a><\/h4><\/div><div id=\"collapse-1-7304\" aria-labelledby=\"faq_1-7304\" class=\"panel-collapse collapse\"><div class=\"panel-body toggle-content post-content\"><p>\u0130\u015flem g\u00fcn\u00fcnde hassasiyeti art\u0131rabilece\u011fi ve kanamay\u0131 etkileyebilece\u011fi i\u00e7in kafein t\u00fcketimini s\u0131n\u0131rland\u0131rman\u0131z \u00f6nerilir.<\/p>\n<\/div><\/div><\/div><div class=\"fusion-panel fusion-toggle-no-divider fusion-toggle-boxed-mode panel-default fusion-faq-post fusion-faq-post-7302 tedavi-oncesi \"><span class=\"entry-title rich-snippet-hidden\">Sa\u00e7 ekimi \u00f6ncesinde sa\u00e7\u0131m\u0131 \u015fekillendirebilir veya sa\u00e7 \u00fcr\u00fcnleri kullanabilir miyim?<\/span><span class=\"vcard rich-snippet-hidden\"><span class=\"fn\"><a href=\"https:\/\/rehaira.com\/tr\/author\/admin_3a81wdyw\/\" title=\"admin taraf\u0131ndan yaz\u0131lan yaz\u0131lar\" rel=\"author\">admin<\/a><\/span><\/span><span class=\"updated rich-snippet-hidden\">2025-09-06T06:17:32+03:00<\/span><div class=\"panel-heading\"><h4 id=\"faq_1-7302\" class=\"panel-title toggle\"><a data-toggle=\"collapse\" class=\"collapsed\" data-parent=\"#accordian-1\" data-target=\"#collapse-1-7302\" href=\"#collapse-1-7302\" aria-expanded=\"false\"><div class=\"fusion-toggle-icon-wrapper\"><div class=\"fusion-toggle-icon-wrapper-main\"><div class=\"fusion-toggle-icon-wrapper-sub\"><i class=\"fa-fusion-box active-icon awb-icon-minus\" aria-hidden=\"true\"><\/i><i class=\"fa-fusion-box inactive-icon awb-icon-plus\" aria-hidden=\"true\"><\/i><\/div><\/div><\/div><div class=\"fusion-toggle-heading\">Sa\u00e7 ekimi \u00f6ncesinde sa\u00e7\u0131m\u0131 \u015fekillendirebilir veya sa\u00e7 \u00fcr\u00fcnleri kullanabilir miyim?<\/div><\/a><\/h4><\/div><div id=\"collapse-1-7302\" aria-labelledby=\"faq_1-7302\" class=\"panel-collapse collapse\"><div class=\"panel-body toggle-content post-content\"><p>\u0130\u015flem g\u00fcn\u00fcnde, temiz ve \u00fcr\u00fcn kullan\u0131lmam\u0131\u015f sa\u00e7larla geliniz. Jel, sprey veya \u015fekillendirici kremler kullanmaktan ka\u00e7\u0131n\u0131n\u0131z, \u00e7\u00fcnk\u00fc bunlar cerrahi hassasiyeti etkileyebilir. <\/p>\n<\/div><\/div><\/div><div class=\"fusion-panel fusion-toggle-no-divider fusion-toggle-boxed-mode panel-default fusion-faq-post fusion-faq-post-7300 tedavi-oncesi \"><span class=\"entry-title rich-snippet-hidden\">\u0130\u015flem sonras\u0131 ula\u015f\u0131m ayarlamal\u0131 m\u0131y\u0131m?<\/span><span class=\"vcard rich-snippet-hidden\"><span class=\"fn\"><a href=\"https:\/\/rehaira.com\/tr\/author\/admin_3a81wdyw\/\" title=\"admin taraf\u0131ndan yaz\u0131lan yaz\u0131lar\" rel=\"author\">admin<\/a><\/span><\/span><span class=\"updated rich-snippet-hidden\">2025-09-06T06:17:52+03:00<\/span><div class=\"panel-heading\"><h4 id=\"faq_1-7300\" class=\"panel-title toggle\"><a data-toggle=\"collapse\" class=\"collapsed\" data-parent=\"#accordian-1\" data-target=\"#collapse-1-7300\" href=\"#collapse-1-7300\" aria-expanded=\"false\"><div class=\"fusion-toggle-icon-wrapper\"><div class=\"fusion-toggle-icon-wrapper-main\"><div class=\"fusion-toggle-icon-wrapper-sub\"><i class=\"fa-fusion-box active-icon awb-icon-minus\" aria-hidden=\"true\"><\/i><i class=\"fa-fusion-box inactive-icon awb-icon-plus\" aria-hidden=\"true\"><\/i><\/div><\/div><\/div><div class=\"fusion-toggle-heading\">\u0130\u015flem sonras\u0131 ula\u015f\u0131m ayarlamal\u0131 m\u0131y\u0131m?<\/div><\/a><\/h4><\/div><div id=\"collapse-1-7300\" aria-labelledby=\"faq_1-7300\" class=\"panel-collapse collapse\"><div class=\"panel-body toggle-content post-content\"><p>Evet, lokal anestezi kullan\u0131lsa bile, i\u015flemden sonra yorgun veya ba\u015f\u0131n\u0131z d\u00f6n\u00fcyor hissedebilirsiniz. Eve d\u00f6n\u00fc\u015f\u00fcn\u00fczde birinin sizi arabayla g\u00f6t\u00fcrmesi daha g\u00fcvenli ve rahat olacakt\u0131r. <\/p>\n<\/div><\/div><\/div><\/div><\/div><\/div><\/div><\/div><\/div><\/div><\/div>\n","protected":false},"excerpt":{"rendered":"<p>En iyi sonucu elde etmek i\u00e7in sa\u00e7 ekiminize nas\u0131l haz\u0131rlanaca\u011f\u0131n\u0131z\u0131 \u00f6\u011frenin.<\/p>\n","protected":false},"author":1,"featured_media":0,"parent":6743,"menu_order":0,"comment_status":"closed","ping_status":"closed","template":"100-width.php","meta":{"_acf_changed":false,"footnotes":""},"class_list":["post-6746","page","type-page","status-publish","hentry"],"acf":[],"_links":{"self":[{"href":"https:\/\/rehaira.com\/tr\/wp-json\/wp\/v2\/pages\/6746","targetHints":{"allow":["GET"]}}],"collection":[{"href":"https:\/\/rehaira.com\/tr\/wp-json\/wp\/v2\/pages"}],"about":[{"href":"https:\/\/rehaira.com\/tr\/wp-json\/wp\/v2\/types\/page"}],"author":[{"embeddable":true,"href":"https:\/\/rehaira.com\/tr\/wp-json\/wp\/v2\/users\/1"}],"replies":[{"embeddable":true,"href":"https:\/\/rehaira.com\/tr\/wp-json\/wp\/v2\/comments?post=6746"}],"version-history":[{"count":4,"href":"https:\/\/rehaira.com\/tr\/wp-json\/wp\/v2\/pages\/6746\/revisions"}],"predecessor-version":[{"id":6755,"href":"https:\/\/rehaira.com\/tr\/wp-json\/wp\/v2\/pages\/6746\/revisions\/6755"}],"up":[{"embeddable":true,"href":"https:\/\/rehaira.com\/tr\/wp-json\/wp\/v2\/pages\/6743"}],"wp:attachment":[{"href":"https:\/\/rehaira.com\/tr\/wp-json\/wp\/v2\/media?parent=6746"}],"curies":[{"name":"wp","href":"https:\/\/api.w.org\/{rel}","templated":true}]}}