{"id":6772,"date":"2025-08-03T13:39:31","date_gmt":"2025-08-03T10:39:31","guid":{"rendered":"https:\/\/rehaira.com\/sss-sikca-sorulan-sorular\/sac-ekimi-prosedurleri-hakkinda\/"},"modified":"2025-10-10T13:49:35","modified_gmt":"2025-10-10T10:49:35","slug":"sac-ekimi-prosedurleri-hakkinda","status":"publish","type":"page","link":"https:\/\/rehaira.com\/tr\/sss-sikca-sorulan-sorular\/sac-ekimi-prosedurleri-hakkinda\/","title":{"rendered":"Sa\u00e7 ekimi prosed\u00fcrleri hakk\u0131nda"},"content":{"rendered":"<div class=\"fusion-fullwidth fullwidth-box fusion-builder-row-1 fusion-flex-container has-pattern-background has-mask-background nonhundred-percent-fullwidth non-hundred-percent-height-scrolling\" style=\"--awb-border-radius-top-left:0px;--awb-border-radius-top-right:0px;--awb-border-radius-bottom-right:0px;--awb-border-radius-bottom-left:0px;--awb-flex-wrap:wrap;\" ><div class=\"fusion-builder-row fusion-row fusion-flex-align-items-flex-start fusion-flex-content-wrap\" style=\"max-width:1248px;margin-left: calc(-4% \/ 2 );margin-right: calc(-4% \/ 2 );\"><div class=\"fusion-layout-column fusion_builder_column fusion-builder-column-0 fusion_builder_column_1_1 1_1 fusion-flex-column\" style=\"--awb-bg-size:cover;--awb-width-large:100%;--awb-margin-top-large:0px;--awb-spacing-right-large:1.92%;--awb-margin-bottom-large:20px;--awb-spacing-left-large:1.92%;--awb-width-medium:100%;--awb-order-medium:0;--awb-spacing-right-medium:1.92%;--awb-spacing-left-medium:1.92%;--awb-width-small:100%;--awb-order-small:0;--awb-spacing-right-small:1.92%;--awb-spacing-left-small:1.92%;\"><div class=\"fusion-column-wrapper fusion-column-has-shadow fusion-flex-justify-content-flex-start fusion-content-layout-column\"><style type=\"text\/css\">#accordian-1 .fusion-panel:hover,#accordian-1 .fusion-panel.hover{ background-color: var(--awb-custom_color_2) } #accordian-1 .fusion-panel { border-color:var(--awb-color6); border-width:1px; background-color:var(--awb-color6); }.fusion-accordian #accordian-1 .panel-title a .fa-fusion-box:before{ font-size: 16px;width: 16px;}.fusion-accordian #accordian-1 .panel-title a .fa-fusion-box{ color: var(--awb-color5);}.fusion-accordian  #accordian-1 .panel-title a{font-size:16px;font-family:\"Lexend Deca\";font-style:normal;font-weight:300;}.fusion-accordian  #accordian-1 .panel-title a:not(:hover){}.fusion-accordian  #accordian-1 .toggle-content{font-family:var(--awb-typography4-font-family);font-weight:var(--awb-typography4-font-weight);font-style:var(--awb-typography4-font-style);}.fusion-accordian #accordian-1 .panel-title a:hover,.fusion-accordian #accordian-1 .panel-title a.hover { color: var(--awb-color3);}.fusion-faq-shortcode .fusion-accordian #accordian-1 .fusion-toggle-boxed-mode:hover .panel-title a { color: var(--awb-color3);}.fusion-accordian #accordian-1.fusion-toggle-icon-unboxed .panel-title a:hover .fa-fusion-box,.fusion-accordian #accordian-1.fusion-toggle-icon-unboxed .panel-title a.hover .fa-fusion-box { color: var(--awb-color3); }.fusion-faqs-wrapper .fusion-accordian #accordian-1 .panel-title a.active{ color: var(--awb-color3) !important;}.fusion-faqs-wrapper .fusion-accordian  #accordian-1.fusion-toggle-icon-unboxed .fusion-panel .panel-title a.active .fa-fusion-box{ color: var(--awb-color3) !important;}<\/style><div class=\"fusion-faq-shortcode\" style=\"\"><div class=\"fusion-faqs-wrapper\"><div class=\"accordian fusion-accordian\"><div class=\"panel-group  fusion-toggle-icon-unboxed\" id=\"accordian-1\"><div class=\"fusion-panel fusion-toggle-no-divider fusion-toggle-boxed-mode panel-default fusion-faq-post fusion-faq-post-7443 sac-ekimi-prosedurleri-hakkinda \"><span class=\"entry-title rich-snippet-hidden\">Sa\u00e7 ekimi nedir?<\/span><span class=\"vcard rich-snippet-hidden\"><span class=\"fn\"><a href=\"https:\/\/rehaira.com\/tr\/author\/admin_3a81wdyw\/\" title=\"admin taraf\u0131ndan yaz\u0131lan yaz\u0131lar\" rel=\"author\">admin<\/a><\/span><\/span><span class=\"updated rich-snippet-hidden\">2025-09-06T05:44:12+03:00<\/span><div class=\"panel-heading\"><h4 id=\"faq_1-7443\" class=\"panel-title toggle\"><a data-toggle=\"collapse\" class=\"collapsed\" data-parent=\"#accordian-1\" data-target=\"#collapse-1-7443\" href=\"#collapse-1-7443\" aria-expanded=\"false\"><div class=\"fusion-toggle-icon-wrapper\"><div class=\"fusion-toggle-icon-wrapper-main\"><div class=\"fusion-toggle-icon-wrapper-sub\"><i class=\"fa-fusion-box active-icon awb-icon-minus\" aria-hidden=\"true\"><\/i><i class=\"fa-fusion-box inactive-icon awb-icon-plus\" aria-hidden=\"true\"><\/i><\/div><\/div><\/div><div class=\"fusion-toggle-heading\">Sa\u00e7 ekimi nedir?<\/div><\/a><\/h4><\/div><div id=\"collapse-1-7443\" aria-labelledby=\"faq_1-7443\" class=\"panel-collapse collapse\"><div class=\"panel-body toggle-content post-content\"><p>Sa\u00e7 ekimi, sa\u011fl\u0131kl\u0131 sa\u00e7 k\u00f6klerinin, don\u00f6r b\u00f6lgesi olarak bilinen g\u00fc\u00e7l\u00fc b\u00fcy\u00fcme g\u00f6steren bir alandan, seyrelme veya kellik g\u00f6r\u00fclen b\u00f6lgelere aktar\u0131ld\u0131\u011f\u0131 t\u0131bbi bir i\u015flemdir. Nakledilen bu k\u00f6kler, \u00f6m\u00fcr boyu do\u011fal olarak b\u00fcy\u00fcmeye devam eder. <\/p>\n<\/div><\/div><\/div><div class=\"fusion-panel fusion-toggle-no-divider fusion-toggle-boxed-mode panel-default fusion-faq-post fusion-faq-post-7442 sac-ekimi-prosedurleri-hakkinda \"><span class=\"entry-title rich-snippet-hidden\">Sa\u00e7 ekimi nas\u0131l \u00e7al\u0131\u015f\u0131r?<\/span><span class=\"vcard rich-snippet-hidden\"><span class=\"fn\"><a href=\"https:\/\/rehaira.com\/tr\/author\/admin_3a81wdyw\/\" title=\"admin taraf\u0131ndan yaz\u0131lan yaz\u0131lar\" rel=\"author\">admin<\/a><\/span><\/span><span class=\"updated rich-snippet-hidden\">2025-09-06T05:44:40+03:00<\/span><div class=\"panel-heading\"><h4 id=\"faq_1-7442\" class=\"panel-title toggle\"><a data-toggle=\"collapse\" class=\"collapsed\" data-parent=\"#accordian-1\" data-target=\"#collapse-1-7442\" href=\"#collapse-1-7442\" aria-expanded=\"false\"><div class=\"fusion-toggle-icon-wrapper\"><div class=\"fusion-toggle-icon-wrapper-main\"><div class=\"fusion-toggle-icon-wrapper-sub\"><i class=\"fa-fusion-box active-icon awb-icon-minus\" aria-hidden=\"true\"><\/i><i class=\"fa-fusion-box inactive-icon awb-icon-plus\" aria-hidden=\"true\"><\/i><\/div><\/div><\/div><div class=\"fusion-toggle-heading\">Sa\u00e7 ekimi nas\u0131l \u00e7al\u0131\u015f\u0131r?<\/div><\/a><\/h4><\/div><div id=\"collapse-1-7442\" aria-labelledby=\"faq_1-7442\" class=\"panel-collapse collapse\"><div class=\"panel-body toggle-content post-content\"><p>\u0130\u015flem, genellikle kafan\u0131n arkas\u0131 veya yanlar\u0131ndan olan don\u00f6r b\u00f6lgeden sa\u00e7 folik\u00fcllerinin tek tek \u00e7\u0131kar\u0131lmas\u0131 ve al\u0131c\u0131 b\u00f6lgeye implante edilmesini i\u00e7erir. Her folik\u00fcl, kusursuz bir sonu\u00e7 i\u00e7in \u00e7evredeki sa\u00e7lar\u0131n do\u011fal a\u00e7\u0131s\u0131, y\u00f6n\u00fc ve yo\u011funlu\u011funa uyacak \u015fekilde yerle\u015ftirilir. <\/p>\n<\/div><\/div><\/div><div class=\"fusion-panel fusion-toggle-no-divider fusion-toggle-boxed-mode panel-default fusion-faq-post fusion-faq-post-7440 sac-ekimi-prosedurleri-hakkinda \"><span class=\"entry-title rich-snippet-hidden\">Mevcut sa\u00e7 ekimi teknikleri nelerdir?<\/span><span class=\"vcard rich-snippet-hidden\"><span class=\"fn\"><a href=\"https:\/\/rehaira.com\/tr\/author\/admin_3a81wdyw\/\" title=\"admin taraf\u0131ndan yaz\u0131lan yaz\u0131lar\" rel=\"author\">admin<\/a><\/span><\/span><span class=\"updated rich-snippet-hidden\">2025-09-06T05:45:15+03:00<\/span><div class=\"panel-heading\"><h4 id=\"faq_1-7440\" class=\"panel-title toggle\"><a data-toggle=\"collapse\" class=\"collapsed\" data-parent=\"#accordian-1\" data-target=\"#collapse-1-7440\" href=\"#collapse-1-7440\" aria-expanded=\"false\"><div class=\"fusion-toggle-icon-wrapper\"><div class=\"fusion-toggle-icon-wrapper-main\"><div class=\"fusion-toggle-icon-wrapper-sub\"><i class=\"fa-fusion-box active-icon awb-icon-minus\" aria-hidden=\"true\"><\/i><i class=\"fa-fusion-box inactive-icon awb-icon-plus\" aria-hidden=\"true\"><\/i><\/div><\/div><\/div><div class=\"fusion-toggle-heading\">Mevcut sa\u00e7 ekimi teknikleri nelerdir?<\/div><\/a><\/h4><\/div><div id=\"collapse-1-7440\" aria-labelledby=\"faq_1-7440\" class=\"panel-collapse collapse\"><div class=\"panel-body toggle-content post-content\"><p>Ana implantasyon y\u00f6ntemleri DHI (Direkt Sa\u00e7 Ekimi) ve Safir implantasyonudur. Her iki y\u00f6ntemde de \u00e7\u0131karma a\u015famas\u0131 FUE (Folik\u00fcler \u00dcnite Ekstraksiyonu) kullan\u0131larak ger\u00e7ekle\u015ftirilir. Fark, folik\u00fcllerin nas\u0131l implante edildi\u011findedir.  <\/p>\n<\/div><\/div><\/div><div class=\"fusion-panel fusion-toggle-no-divider fusion-toggle-boxed-mode panel-default fusion-faq-post fusion-faq-post-7438 sac-ekimi-prosedurleri-hakkinda \"><span class=\"entry-title rich-snippet-hidden\">FUE, DHI ve FUE Safir aras\u0131ndaki fark nedir?<\/span><span class=\"vcard rich-snippet-hidden\"><span class=\"fn\"><a href=\"https:\/\/rehaira.com\/tr\/author\/admin_3a81wdyw\/\" title=\"admin taraf\u0131ndan yaz\u0131lan yaz\u0131lar\" rel=\"author\">admin<\/a><\/span><\/span><span class=\"updated rich-snippet-hidden\">2025-09-06T05:46:10+03:00<\/span><div class=\"panel-heading\"><h4 id=\"faq_1-7438\" class=\"panel-title toggle\"><a data-toggle=\"collapse\" class=\"collapsed\" data-parent=\"#accordian-1\" data-target=\"#collapse-1-7438\" href=\"#collapse-1-7438\" aria-expanded=\"false\"><div class=\"fusion-toggle-icon-wrapper\"><div class=\"fusion-toggle-icon-wrapper-main\"><div class=\"fusion-toggle-icon-wrapper-sub\"><i class=\"fa-fusion-box active-icon awb-icon-minus\" aria-hidden=\"true\"><\/i><i class=\"fa-fusion-box inactive-icon awb-icon-plus\" aria-hidden=\"true\"><\/i><\/div><\/div><\/div><div class=\"fusion-toggle-heading\">FUE, DHI ve FUE Safir aras\u0131ndaki fark nedir?<\/div><\/a><\/h4><\/div><div id=\"collapse-1-7438\" aria-labelledby=\"faq_1-7438\" class=\"panel-collapse collapse\"><div class=\"panel-body toggle-content post-content\"><p>FUE sadece don\u00f6r b\u00f6lgeden folik\u00fcllerin tek tek \u00e7\u0131kar\u0131ld\u0131\u011f\u0131 ekstraksiyon y\u00f6ntemini ifade eder. DHI ve Safir ise implantasyon a\u015famas\u0131n\u0131 tan\u0131mlar. DHI, kanallar\u0131 \u00f6nceden a\u00e7madan do\u011frudan yerle\u015ftirme i\u00e7in Choi implanter kalemini kullan\u0131rken, Safir implantasyondan \u00f6nce kanallar\u0131 a\u00e7mak i\u00e7in safir u\u00e7lu hassas aletler kullan\u0131r ve bu sayede geni\u015f kel b\u00f6lgelerde daha y\u00fcksek yo\u011funluk sa\u011flar.  <\/p>\n<\/div><\/div><\/div><div class=\"fusion-panel fusion-toggle-no-divider fusion-toggle-boxed-mode panel-default fusion-faq-post fusion-faq-post-7436 sac-ekimi-prosedurleri-hakkinda \"><span class=\"entry-title rich-snippet-hidden\">Benim i\u00e7in hangi teknik en iyisi?<\/span><span class=\"vcard rich-snippet-hidden\"><span class=\"fn\"><a href=\"https:\/\/rehaira.com\/tr\/author\/admin_3a81wdyw\/\" title=\"admin taraf\u0131ndan yaz\u0131lan yaz\u0131lar\" rel=\"author\">admin<\/a><\/span><\/span><span class=\"updated rich-snippet-hidden\">2025-09-06T05:46:35+03:00<\/span><div class=\"panel-heading\"><h4 id=\"faq_1-7436\" class=\"panel-title toggle\"><a data-toggle=\"collapse\" class=\"collapsed\" data-parent=\"#accordian-1\" data-target=\"#collapse-1-7436\" href=\"#collapse-1-7436\" aria-expanded=\"false\"><div class=\"fusion-toggle-icon-wrapper\"><div class=\"fusion-toggle-icon-wrapper-main\"><div class=\"fusion-toggle-icon-wrapper-sub\"><i class=\"fa-fusion-box active-icon awb-icon-minus\" aria-hidden=\"true\"><\/i><i class=\"fa-fusion-box inactive-icon awb-icon-plus\" aria-hidden=\"true\"><\/i><\/div><\/div><\/div><div class=\"fusion-toggle-heading\">Benim i\u00e7in hangi teknik en iyisi?<\/div><\/a><\/h4><\/div><div id=\"collapse-1-7436\" aria-labelledby=\"faq_1-7436\" class=\"panel-collapse collapse\"><div class=\"panel-body toggle-content post-content\"><p>Se\u00e7im, sa\u00e7 d\u00f6k\u00fclme \u015feklinize, don\u00f6r kapasitenize ve istedi\u011finiz sonu\u00e7lara ba\u011fl\u0131d\u0131r. DHI genellikle mevcut sa\u00e7lar\u0131n oldu\u011fu b\u00f6lgelerde yo\u011funlu\u011fu art\u0131rmak i\u00e7in tercih edilirken, Safir tekni\u011fi tamamen kel b\u00f6lgelerde y\u00fcksek yo\u011funluklu kapsama alan\u0131 olu\u015fturmak i\u00e7in idealdir. Detayl\u0131 bir kons\u00fcltasyon en uygun yakla\u015f\u0131m\u0131 belirler.  <\/p>\n<\/div><\/div><\/div><div class=\"fusion-panel fusion-toggle-no-divider fusion-toggle-boxed-mode panel-default fusion-faq-post fusion-faq-post-7426 sac-ekimi-prosedurleri-hakkinda \"><span class=\"entry-title rich-snippet-hidden\">Sa\u00e7 ekimi y\u00f6ntemi ne olursa olsun, \u00e7\u0131karma y\u00f6ntemi her zaman FUE midir?<\/span><span class=\"vcard rich-snippet-hidden\"><span class=\"fn\"><a href=\"https:\/\/rehaira.com\/tr\/author\/admin_3a81wdyw\/\" title=\"admin taraf\u0131ndan yaz\u0131lan yaz\u0131lar\" rel=\"author\">admin<\/a><\/span><\/span><span class=\"updated rich-snippet-hidden\">2025-09-06T06:01:29+03:00<\/span><div class=\"panel-heading\"><h4 id=\"faq_1-7426\" class=\"panel-title toggle\"><a data-toggle=\"collapse\" class=\"collapsed\" data-parent=\"#accordian-1\" data-target=\"#collapse-1-7426\" href=\"#collapse-1-7426\" aria-expanded=\"false\"><div class=\"fusion-toggle-icon-wrapper\"><div class=\"fusion-toggle-icon-wrapper-main\"><div class=\"fusion-toggle-icon-wrapper-sub\"><i class=\"fa-fusion-box active-icon awb-icon-minus\" aria-hidden=\"true\"><\/i><i class=\"fa-fusion-box inactive-icon awb-icon-plus\" aria-hidden=\"true\"><\/i><\/div><\/div><\/div><div class=\"fusion-toggle-heading\">Sa\u00e7 ekimi y\u00f6ntemi ne olursa olsun, \u00e7\u0131karma y\u00f6ntemi her zaman FUE midir?<\/div><\/a><\/h4><\/div><div id=\"collapse-1-7426\" aria-labelledby=\"faq_1-7426\" class=\"panel-collapse collapse\"><div class=\"panel-body toggle-content post-content\"><p>Evet. Rehaira&#8217;da, ekim a\u015famas\u0131 DHI veya Safir ile yap\u0131ls\u0131n, t\u00fcm folik\u00fcller FUE y\u00f6ntemi ile \u00e7\u0131kar\u0131lmaktad\u0131r. <\/p>\n<\/div><\/div><\/div><div class=\"fusion-panel fusion-toggle-no-divider fusion-toggle-boxed-mode panel-default fusion-faq-post fusion-faq-post-7425 sac-ekimi-prosedurleri-hakkinda \"><span class=\"entry-title rich-snippet-hidden\">\u0130mplantasyon i\u00e7in DHI veya Sapphire tekni\u011fini kullanmaya nas\u0131l karar veriyorsunuz?<\/span><span class=\"vcard rich-snippet-hidden\"><span class=\"fn\"><a href=\"https:\/\/rehaira.com\/tr\/author\/admin_3a81wdyw\/\" title=\"admin taraf\u0131ndan yaz\u0131lan yaz\u0131lar\" rel=\"author\">admin<\/a><\/span><\/span><span class=\"updated rich-snippet-hidden\">2025-09-06T06:02:08+03:00<\/span><div class=\"panel-heading\"><h4 id=\"faq_1-7425\" class=\"panel-title toggle\"><a data-toggle=\"collapse\" class=\"collapsed\" data-parent=\"#accordian-1\" data-target=\"#collapse-1-7425\" href=\"#collapse-1-7425\" aria-expanded=\"false\"><div class=\"fusion-toggle-icon-wrapper\"><div class=\"fusion-toggle-icon-wrapper-main\"><div class=\"fusion-toggle-icon-wrapper-sub\"><i class=\"fa-fusion-box active-icon awb-icon-minus\" aria-hidden=\"true\"><\/i><i class=\"fa-fusion-box inactive-icon awb-icon-plus\" aria-hidden=\"true\"><\/i><\/div><\/div><\/div><div class=\"fusion-toggle-heading\">\u0130mplantasyon i\u00e7in DHI veya Sapphire tekni\u011fini kullanmaya nas\u0131l karar veriyorsunuz?<\/div><\/a><\/h4><\/div><div id=\"collapse-1-7425\" aria-labelledby=\"faq_1-7425\" class=\"panel-collapse collapse\"><div class=\"panel-body toggle-content post-content\"><p>Alan\u0131n b\u00fcy\u00fckl\u00fc\u011f\u00fcn\u00fc, mevcut sa\u00e7 yo\u011funlu\u011funu ve istenen son g\u00f6r\u00fcn\u00fcm\u00fc de\u011ferlendiriyoruz. DHI, mevcut sa\u00e7lar\u0131n bulundu\u011fu alanlarda do\u011fal folik\u00fcllere zarar vermemek i\u00e7in hassas \u00e7al\u0131\u015fmalarda kullan\u0131l\u0131r. Sapphire ise daha y\u00fcksek yo\u011funluk ve daha geni\u015f kaplama gerekti\u011finde kullan\u0131l\u0131r.  <\/p>\n<\/div><\/div><\/div><div class=\"fusion-panel fusion-toggle-no-divider fusion-toggle-boxed-mode panel-default fusion-faq-post fusion-faq-post-7319 sac-ekimi-prosedurleri-hakkinda \"><span class=\"entry-title rich-snippet-hidden\">Kad\u0131nlar sa\u00e7 ekimi yapt\u0131rabilir mi?<\/span><span class=\"vcard rich-snippet-hidden\"><span class=\"fn\"><a href=\"https:\/\/rehaira.com\/tr\/author\/admin_3a81wdyw\/\" title=\"admin taraf\u0131ndan yaz\u0131lan yaz\u0131lar\" rel=\"author\">admin<\/a><\/span><\/span><span class=\"updated rich-snippet-hidden\">2025-09-06T06:02:36+03:00<\/span><div class=\"panel-heading\"><h4 id=\"faq_1-7319\" class=\"panel-title toggle\"><a data-toggle=\"collapse\" class=\"collapsed\" data-parent=\"#accordian-1\" data-target=\"#collapse-1-7319\" href=\"#collapse-1-7319\" aria-expanded=\"false\"><div class=\"fusion-toggle-icon-wrapper\"><div class=\"fusion-toggle-icon-wrapper-main\"><div class=\"fusion-toggle-icon-wrapper-sub\"><i class=\"fa-fusion-box active-icon awb-icon-minus\" aria-hidden=\"true\"><\/i><i class=\"fa-fusion-box inactive-icon awb-icon-plus\" aria-hidden=\"true\"><\/i><\/div><\/div><\/div><div class=\"fusion-toggle-heading\">Kad\u0131nlar sa\u00e7 ekimi yapt\u0131rabilir mi?<\/div><\/a><\/h4><\/div><div id=\"collapse-1-7319\" aria-labelledby=\"faq_1-7319\" class=\"panel-collapse collapse\"><div class=\"panel-body toggle-content post-content\"><p>Evet. Kad\u0131nlar, \u00f6zellikle seyrelmi\u015f b\u00f6lgelerde yo\u011funlu\u011fu art\u0131rmak veya sa\u00e7 \u00e7izgisini yeniden \u015fekillendirmek i\u00e7in sa\u00e7 ekiminden faydalanabilirler. DHI gibi teknikler, t\u0131ra\u015f olmay\u0131 \u00f6nlemek ve \u00e7evredeki sa\u00e7lar\u0131 korumak i\u00e7in kad\u0131n hastalarda s\u0131kl\u0131kla tercih edilmektedir.  <\/p>\n<\/div><\/div><\/div><div class=\"fusion-panel fusion-toggle-no-divider fusion-toggle-boxed-mode panel-default fusion-faq-post fusion-faq-post-7316 sac-ekimi-prosedurleri-hakkinda \"><span class=\"entry-title rich-snippet-hidden\">Sa\u00e7 ekimi t\u0131ra\u015f olmadan yap\u0131labilir mi?<\/span><span class=\"vcard rich-snippet-hidden\"><span class=\"fn\"><a href=\"https:\/\/rehaira.com\/tr\/author\/admin_3a81wdyw\/\" title=\"admin taraf\u0131ndan yaz\u0131lan yaz\u0131lar\" rel=\"author\">admin<\/a><\/span><\/span><span class=\"updated rich-snippet-hidden\">2025-09-06T06:03:07+03:00<\/span><div class=\"panel-heading\"><h4 id=\"faq_1-7316\" class=\"panel-title toggle\"><a data-toggle=\"collapse\" class=\"collapsed\" data-parent=\"#accordian-1\" data-target=\"#collapse-1-7316\" href=\"#collapse-1-7316\" aria-expanded=\"false\"><div class=\"fusion-toggle-icon-wrapper\"><div class=\"fusion-toggle-icon-wrapper-main\"><div class=\"fusion-toggle-icon-wrapper-sub\"><i class=\"fa-fusion-box active-icon awb-icon-minus\" aria-hidden=\"true\"><\/i><i class=\"fa-fusion-box inactive-icon awb-icon-plus\" aria-hidden=\"true\"><\/i><\/div><\/div><\/div><div class=\"fusion-toggle-heading\">Sa\u00e7 ekimi t\u0131ra\u015f olmadan yap\u0131labilir mi?<\/div><\/a><\/h4><\/div><div id=\"collapse-1-7316\" aria-labelledby=\"faq_1-7316\" class=\"panel-collapse collapse\"><div class=\"panel-body toggle-content post-content\"><p>Evet, \u00f6zellikle DHI y\u00f6ntemiyle bir\u00e7ok vakada k\u0131smi veya tam t\u0131ra\u015fs\u0131z i\u015flem ger\u00e7ekle\u015ftirilebilmektedir. Ancak uygunluk, tedavi edilecek alan\u0131n b\u00fcy\u00fckl\u00fc\u011f\u00fcne ve sa\u00e7 \u00f6zelliklerine ba\u011fl\u0131d\u0131r. <\/p>\n<\/div><\/div><\/div><div class=\"fusion-panel fusion-toggle-no-divider fusion-toggle-boxed-mode panel-default fusion-faq-post fusion-faq-post-7315 sac-ekimi-prosedurleri-hakkinda \"><span class=\"entry-title rich-snippet-hidden\">Don\u00f6r alan nas\u0131l belirlenir?<\/span><span class=\"vcard rich-snippet-hidden\"><span class=\"fn\"><a href=\"https:\/\/rehaira.com\/tr\/author\/admin_3a81wdyw\/\" title=\"admin taraf\u0131ndan yaz\u0131lan yaz\u0131lar\" rel=\"author\">admin<\/a><\/span><\/span><span class=\"updated rich-snippet-hidden\">2025-09-06T06:03:27+03:00<\/span><div class=\"panel-heading\"><h4 id=\"faq_1-7315\" class=\"panel-title toggle\"><a data-toggle=\"collapse\" class=\"collapsed\" data-parent=\"#accordian-1\" data-target=\"#collapse-1-7315\" href=\"#collapse-1-7315\" aria-expanded=\"false\"><div class=\"fusion-toggle-icon-wrapper\"><div class=\"fusion-toggle-icon-wrapper-main\"><div class=\"fusion-toggle-icon-wrapper-sub\"><i class=\"fa-fusion-box active-icon awb-icon-minus\" aria-hidden=\"true\"><\/i><i class=\"fa-fusion-box inactive-icon awb-icon-plus\" aria-hidden=\"true\"><\/i><\/div><\/div><\/div><div class=\"fusion-toggle-heading\">Don\u00f6r alan nas\u0131l belirlenir?<\/div><\/a><\/h4><\/div><div id=\"collapse-1-7315\" aria-labelledby=\"faq_1-7315\" class=\"panel-collapse collapse\"><div class=\"panel-body toggle-content post-content\"><p>Don\u00f6r alan genellikle sa\u00e7 k\u00f6klerinin genetik olarak sa\u00e7 d\u00f6k\u00fclmesine diren\u00e7li oldu\u011fu kafan\u0131n arka ve yan k\u0131s\u0131mlar\u0131nda bulunur. Bu alandaki sa\u00e7\u0131n yo\u011funlu\u011funu, g\u00fcc\u00fcn\u00fc ve da\u011f\u0131l\u0131m\u0131n\u0131 de\u011ferlendirerek hem etkili \u00e7\u0131kar\u0131m hem de iyile\u015fme sonras\u0131 do\u011fal g\u00f6r\u00fcn\u00fcm sa\u011flar\u0131z. <\/p>\n<\/div><\/div><\/div><\/div><\/div><\/div><\/div><\/div><\/div><\/div><\/div>\n","protected":false},"excerpt":{"rendered":"<p>Rehaira&#8217;da kulland\u0131\u011f\u0131m\u0131z teknikler ve teknolojiler hakk\u0131nda detayl\u0131 bilgiler.<\/p>\n","protected":false},"author":1,"featured_media":0,"parent":6743,"menu_order":0,"comment_status":"closed","ping_status":"closed","template":"100-width.php","meta":{"_acf_changed":false,"footnotes":""},"class_list":["post-6772","page","type-page","status-publish","hentry"],"acf":[],"_links":{"self":[{"href":"https:\/\/rehaira.com\/tr\/wp-json\/wp\/v2\/pages\/6772","targetHints":{"allow":["GET"]}}],"collection":[{"href":"https:\/\/rehaira.com\/tr\/wp-json\/wp\/v2\/pages"}],"about":[{"href":"https:\/\/rehaira.com\/tr\/wp-json\/wp\/v2\/types\/page"}],"author":[{"embeddable":true,"href":"https:\/\/rehaira.com\/tr\/wp-json\/wp\/v2\/users\/1"}],"replies":[{"embeddable":true,"href":"https:\/\/rehaira.com\/tr\/wp-json\/wp\/v2\/comments?post=6772"}],"version-history":[{"count":6,"href":"https:\/\/rehaira.com\/tr\/wp-json\/wp\/v2\/pages\/6772\/revisions"}],"predecessor-version":[{"id":6800,"href":"https:\/\/rehaira.com\/tr\/wp-json\/wp\/v2\/pages\/6772\/revisions\/6800"}],"up":[{"embeddable":true,"href":"https:\/\/rehaira.com\/tr\/wp-json\/wp\/v2\/pages\/6743"}],"wp:attachment":[{"href":"https:\/\/rehaira.com\/tr\/wp-json\/wp\/v2\/media?parent=6772"}],"curies":[{"name":"wp","href":"https:\/\/api.w.org\/{rel}","templated":true}]}}