{"id":6779,"date":"2025-07-31T11:48:16","date_gmt":"2025-07-31T08:48:16","guid":{"rendered":"https:\/\/rehaira.com\/hizmetler\/"},"modified":"2026-02-24T13:01:13","modified_gmt":"2026-02-24T10:01:13","slug":"hizmetler","status":"publish","type":"page","link":"https:\/\/rehaira.com\/tr\/hizmetler\/","title":{"rendered":"Hizmetler"},"content":{"rendered":"<p><div class=\"fusion-fullwidth fullwidth-box fusion-builder-row-1 fusion-flex-container has-pattern-background has-mask-background nonhundred-percent-fullwidth non-hundred-percent-height-scrolling\" style=\"--awb-border-radius-top-left:0px;--awb-border-radius-top-right:0px;--awb-border-radius-bottom-right:0px;--awb-border-radius-bottom-left:0px;--awb-padding-top:2%;--awb-padding-bottom:2%;--awb-flex-wrap:wrap;\" ><div class=\"fusion-builder-row fusion-row fusion-flex-align-items-flex-start fusion-flex-justify-content-center fusion-flex-content-wrap\" style=\"max-width:1248px;margin-left: calc(-4% \/ 2 );margin-right: calc(-4% \/ 2 );\"><div class=\"fusion-layout-column fusion_builder_column fusion-builder-column-0 fusion_builder_column_4_5 4_5 fusion-flex-column\" style=\"--awb-bg-size:cover;--awb-width-large:80%;--awb-margin-top-large:0px;--awb-spacing-right-large:2.4%;--awb-margin-bottom-large:20px;--awb-spacing-left-large:2.4%;--awb-width-medium:80%;--awb-order-medium:0;--awb-spacing-right-medium:2.4%;--awb-spacing-left-medium:2.4%;--awb-width-small:100%;--awb-order-small:0;--awb-spacing-right-small:1.92%;--awb-spacing-left-small:1.92%;\" data-scroll-devices=\"small-visibility,medium-visibility,large-visibility\"><div class=\"fusion-column-wrapper fusion-column-has-shadow fusion-flex-justify-content-flex-start fusion-content-layout-column\"><div class=\"fusion-title title fusion-title-1 fusion-sep-none fusion-title-center fusion-title-text fusion-title-size-one\" style=\"--awb-font-size:58px;\"><h1 class=\"fusion-title-heading title-heading-center\" style=\"margin:0;font-size:1em;\"><p>Uzmanl\u0131k Alan\u0131m\u0131z<\/p>\n<p>Sa\u00e7 Restorasyonu<\/p><\/h1><\/div><div class=\"fusion-separator\" style=\"align-self: center;margin-left: auto;margin-right: auto;margin-bottom:20px;width:100%;max-width:250px;\"><div class=\"fusion-separator-border sep-single sep-solid\" style=\"--awb-height:20px;--awb-amount:20px;--awb-sep-color:var(--awb-color3);border-color:var(--awb-color3);border-top-width:1px;\"><\/div><\/div><div class=\"fusion-text fusion-text-1\" style=\"--awb-content-alignment:center;\"><p>Rehaira&#8217;da, bireysel ihtiya\u00e7lar\u0131n\u0131za g\u00f6re \u00f6zelle\u015ftirilmi\u015f tam geli\u015fmi\u015f sa\u00e7 restorasyon \u00e7\u00f6z\u00fcmleri sunuyoruz. Sa\u00e7 \u00e7izginizi restore etmek, y\u00fcz k\u0131llar\u0131n\u0131z\u0131 yeniden tan\u0131mlamak veya ka\u015flar\u0131n\u0131z\u0131 geli\u015ftirmek istiyorsan\u0131z, uzman ekibimiz her ad\u0131mda size rehberlik etmek i\u00e7in burada. <\/p>\n<\/div><\/div><\/div><\/div><\/div><div class=\"fusion-fullwidth fullwidth-box fusion-builder-row-2 fusion-flex-container has-pattern-background has-mask-background hundred-percent-fullwidth non-hundred-percent-height-scrolling\" style=\"--awb-border-radius-top-left:0px;--awb-border-radius-top-right:0px;--awb-border-radius-bottom-right:0px;--awb-border-radius-bottom-left:0px;--awb-padding-top:270px;--awb-margin-bottom:-170px;--awb-background-color:var(--awb-custom_color_2);--awb-flex-wrap:wrap;\" ><div class=\"fusion-builder-row fusion-row fusion-flex-align-items-flex-start fusion-flex-content-wrap\" style=\"width:104% !important;max-width:104% !important;margin-left: calc(-4% \/ 2 );margin-right: calc(-4% \/ 2 );\"><\/div><\/div><div class=\"fusion-fullwidth fullwidth-box fusion-builder-row-3 fusion-flex-container has-pattern-background has-mask-background nonhundred-percent-fullwidth non-hundred-percent-height-scrolling\" style=\"--awb-border-radius-top-left:0px;--awb-border-radius-top-right:0px;--awb-border-radius-bottom-right:0px;--awb-border-radius-bottom-left:0px;--awb-padding-bottom:30px;--awb-flex-wrap:wrap;\" ><div class=\"fusion-builder-row fusion-row fusion-flex-align-items-stretch fusion-flex-content-wrap\" style=\"max-width:1248px;margin-left: calc(-4% \/ 2 );margin-right: calc(-4% \/ 2 );\"><div class=\"fusion-layout-column fusion_builder_column fusion-builder-column-1 fusion_builder_column_1_1 1_1 fusion-flex-column\" style=\"--awb-padding-top:-5px;--awb-overflow:hidden;--awb-bg-color:var(--awb-color6);--awb-bg-color-hover:var(--awb-color6);--awb-bg-size:cover;--awb-border-radius:12px 12px 12px 12px;--awb-width-large:100%;--awb-margin-top-large:0px;--awb-spacing-right-large:1.92%;--awb-margin-bottom-large:20px;--awb-spacing-left-large:1.92%;--awb-width-medium:100%;--awb-order-medium:0;--awb-spacing-right-medium:1.92%;--awb-spacing-left-medium:1.92%;--awb-width-small:100%;--awb-order-small:0;--awb-spacing-right-small:1.92%;--awb-spacing-left-small:1.92%;\" data-scroll-devices=\"small-visibility,medium-visibility,large-visibility\"><div class=\"fusion-column-wrapper fusion-column-has-shadow fusion-flex-justify-content-flex-start fusion-content-layout-column\"><div class=\"fusion-tabs fusion-tabs-1 classic nav-is-justified services-tabs-icon horizontal-tabs icon-position-top mobile-mode-carousel mobile-sticky-tabs\" style=\"--icon-color:var(--awb-color3);--icon-active-color:var(--awb-color3);--awb-title-border-radius-top-left:8px;--awb-title-border-radius-top-right:8px;--awb-title-border-radius-bottom-right:8px;--awb-title-border-radius-bottom-left:8px;--awb-title-padding-right:15px;--awb-title-padding-left:15px;--awb-title-font-size:17px;--awb-alignment:center;--awb-inactive-color:var(--awb-color8);--awb-title-text-color:var(--awb-custom_color_1);--awb-title-active-text-color:var(--awb-custom_color_1);--awb-background-color:var(--awb-color6);--awb-border-color:rgba(28,31,41,0);--awb-active-border-color:rgba(28,31,41,0);\"><div class=\"nav\"><ul class=\"nav-tabs nav-justified\" role=\"tablist\"><li class=\"active\" role=\"presentation\"><a class=\"tab-link\" data-toggle=\"tab\" role=\"tab\" aria-controls=\"tab-6d54d1f945fab3efce8\" aria-selected=\"true\" id=\"fusion-tab-dhisa\u00e7ekimi\" href=\"#tab-6d54d1f945fab3efce8\"><h2 class=\"fusion-tab-heading\"><i class=\"fontawesome-icon hticon-dhi1\" aria-hidden=\"true\" style=\"font-size:36px;\"><\/i>DHI sa\u00e7 ekimi<\/h2><\/a><\/li><li role=\"presentation\"><a class=\"tab-link\" data-toggle=\"tab\" role=\"tab\" aria-controls=\"tab-ded16b73788f281211d\" aria-selected=\"false\" tabindex=\"-1\" id=\"fusion-tab-fuesafirsa\u00e7ekimi\" href=\"#tab-ded16b73788f281211d\"><h2 class=\"fusion-tab-heading\"><i class=\"fontawesome-icon hticon-sapphire\" aria-hidden=\"true\" style=\"font-size:36px;\"><\/i>FUE Safir sa\u00e7 ekimi<\/h2><\/a><\/li><li role=\"presentation\"><a class=\"tab-link\" data-toggle=\"tab\" role=\"tab\" aria-controls=\"tab-a6e2f70e83b0901c461\" aria-selected=\"false\" tabindex=\"-1\" id=\"fusion-tab-kad\u0131nsa\u00e7ekimi\" href=\"#tab-a6e2f70e83b0901c461\"><h2 class=\"fusion-tab-heading\"><i class=\"fontawesome-icon hticon-women\" aria-hidden=\"true\" style=\"font-size:36px;\"><\/i>Kad\u0131n sa\u00e7 ekimi<\/h2><\/a><\/li><li role=\"presentation\"><a class=\"tab-link\" data-toggle=\"tab\" role=\"tab\" aria-controls=\"tab-3205263088ab5ef221d\" aria-selected=\"false\" tabindex=\"-1\" id=\"fusion-tab-ka\u015fekimi\" href=\"#tab-3205263088ab5ef221d\"><h2 class=\"fusion-tab-heading\"><i class=\"fontawesome-icon hticon-eyebrow\" aria-hidden=\"true\" style=\"font-size:36px;\"><\/i>Ka\u015f ekimi<\/h2><\/a><\/li><li role=\"presentation\"><a class=\"tab-link\" data-toggle=\"tab\" role=\"tab\" aria-controls=\"tab-7aecf7cba2f47215791\" aria-selected=\"false\" tabindex=\"-1\" id=\"fusion-tab-sakalveb\u0131y\u0131kekimi\" href=\"#tab-7aecf7cba2f47215791\"><h2 class=\"fusion-tab-heading\"><i class=\"fontawesome-icon hticon-beard\" aria-hidden=\"true\" style=\"font-size:36px;\"><\/i>Sakal ve b\u0131y\u0131k ekimi<\/h2><\/a><\/li><\/ul><\/div><div class=\"tab-content\"><div class=\"tab-pane fade fusion-clearfix in active\" role=\"tabpanel\" tabindex=\"0\" aria-labelledby=\"fusion-tab-dhisa\u00e7ekimi\" id=\"tab-6d54d1f945fab3efce8\">\n<h4 data-start=\"316\" data-end=\"358\">Maksimum hassasiyet, t\u0131ra\u015f gerektirmez<\/h4>\n<ul data-start=\"360\" data-end=\"893\">\n<li data-start=\"360\" data-end=\"559\">\n<p data-start=\"362\" data-end=\"559\"><strong data-start=\"362\" data-end=\"377\">Nedir?<\/strong><br data-start=\"377\" data-end=\"380\">Direkt Sa\u00e7 \u0130mplantasyonu (DHI), sa\u00e7 folik\u00fcllerinin \u00f6nceden al\u0131c\u0131 kanallar a\u00e7\u0131lmaks\u0131z\u0131n \u00f6zel bir implanter kalem kullan\u0131larak do\u011frudan yerle\u015ftirildi\u011fi bir tekniktir.<\/p>\n<\/li>\n<li data-start=\"561\" data-end=\"714\">\n<p data-start=\"563\" data-end=\"714\"><strong data-start=\"563\" data-end=\"581\">Kimler i\u00e7in?<\/strong><br data-start=\"581\" data-end=\"584\">Daha rafine sa\u00e7 \u00e7izgisi tasar\u0131m\u0131 arayanlar veya i\u015flem \u00f6ncesi sa\u00e7lar\u0131n\u0131 t\u0131ra\u015f etmeyi tercih etmeyenler i\u00e7in idealdir.<\/p>\n<\/li>\n<li data-start=\"716\" data-end=\"893\">\n<p data-start=\"718\" data-end=\"893\"><strong data-start=\"718\" data-end=\"748\">Rehaira&#8217;da neden DHI?<\/strong><br data-start=\"748\" data-end=\"751\">Rehaira&#8217;daki DHI, do\u011fal y\u00f6n, dengeli yo\u011funluk ve ki\u015fiselle\u015ftirilmi\u015f sa\u00e7 \u00e7izgisi tasar\u0131m\u0131 sa\u011flayan olduk\u00e7a deneyimli bir ekip taraf\u0131ndan ger\u00e7ekle\u015ftirilir.<\/p>\n<\/li>\n<\/ul>\n<div class=\"fusion-alignright\"><a class=\"fusion-button button-flat fusion-button-default-size button-custom fusion-button-default button-1 fusion-button-default-span fusion-button-default-type awb-b-icon-pos-right\" style=\"--button_accent_color:var(--awb-custom_color_1);--button_accent_hover_color:var(--awb-color3);--button_border_hover_color:var(--awb-color8);--button_gradient_top_color:var(--awb-color6);--button_gradient_bottom_color:var(--awb-color6);--button_gradient_top_color_hover:var(--awb-color6);--button_gradient_bottom_color_hover:var(--awb-color6);--button_margin-top:20px;\" target=\"_self\" data-hover=\"icon_position\" href=\"https:\/\/rehaira.com\/tr\/service\/dhi-sac-ekimi\/\"><span class=\"fusion-button-text awb-button__text awb-button__text--default\">DHI sa\u00e7 ekimi hakk\u0131nda daha fazla bilgi edinin<\/span><i class=\"hticon-arrow-right awb-button__icon awb-button__icon--default button-icon-right\" aria-hidden=\"true\"><\/i><i class=\"hticon-arrow-right awb-button__icon awb-button__icon--default button-icon-right\" aria-hidden=\"true\"><\/i><\/a><\/div><\/div><div class=\"tab-pane fade fusion-clearfix\" role=\"tabpanel\" tabindex=\"0\" aria-labelledby=\"fusion-tab-fuesafirsa\u00e7ekimi\" id=\"tab-ded16b73788f281211d\">\n<h4 data-start=\"939\" data-end=\"987\">Safir hassasiyetiyle y\u00fcksek yo\u011funluklu sonu\u00e7lar<\/h4>\n<ul data-start=\"989\" data-end=\"1436\">\n<li data-start=\"989\" data-end=\"1154\">\n<p data-start=\"991\" data-end=\"1154\"><strong data-start=\"991\" data-end=\"1006\">Nedir?<\/strong><br data-start=\"1006\" data-end=\"1009\">Safir FUE, daha tan\u0131ml\u0131 yerle\u015ftirme i\u00e7in safir u\u00e7lu aletler kullan\u0131larak mikro kesiler olu\u015fturulan modern bir sa\u00e7 ekimi y\u00f6ntemidir.<\/p>\n<\/li>\n<li data-start=\"1156\" data-end=\"1281\">\n<p data-start=\"1158\" data-end=\"1281\"><strong data-start=\"1158\" data-end=\"1176\">Kimler i\u00e7in?<\/strong><br data-start=\"1176\" data-end=\"1179\">\u00d6zellikle p\u00fcr\u00fczs\u00fcz ve e\u015fit sonu\u00e7larla daha dolgun kaplama restore etmek isteyen bireyler i\u00e7in uygundur.<\/p>\n<\/li>\n<li data-start=\"1283\" data-end=\"1436\">\n<p data-start=\"1285\" data-end=\"1436\"><strong data-start=\"1285\" data-end=\"1301\">Neden Rehaira?<\/strong><br data-start=\"1301\" data-end=\"1304\">Ekibimiz geli\u015fmi\u015f kontrol, rafine yerle\u015ftirme ve daha h\u0131zl\u0131, daha konforlu iyile\u015fme s\u00fcreci sa\u011flamak i\u00e7in safir teknolojisini kullan\u0131r.<\/p>\n<\/li>\n<\/ul>\n<div class=\"fusion-alignright\"><a class=\"fusion-button button-flat fusion-button-default-size button-custom fusion-button-default button-2 fusion-button-default-span fusion-button-default-type awb-b-icon-pos-right\" style=\"--button_accent_color:var(--awb-custom_color_1);--button_accent_hover_color:var(--awb-color3);--button_border_hover_color:var(--awb-color8);--button_gradient_top_color:var(--awb-color6);--button_gradient_bottom_color:var(--awb-color6);--button_gradient_top_color_hover:var(--awb-color6);--button_gradient_bottom_color_hover:var(--awb-color6);--button_margin-top:20px;\" target=\"_self\" data-hover=\"icon_position\" href=\"https:\/\/rehaira.com\/tr\/service\/fue-safir-sac-ekimi\/\"><span class=\"fusion-button-text awb-button__text awb-button__text--default\">FUE Safir sa\u00e7 ekimini ke\u015ffedin<\/span><i class=\"hticon-arrow-right awb-button__icon awb-button__icon--default button-icon-right\" aria-hidden=\"true\"><\/i><i class=\"hticon-arrow-right awb-button__icon awb-button__icon--default button-icon-right\" aria-hidden=\"true\"><\/i><\/a><\/div><\/div><div class=\"tab-pane fade fusion-clearfix\" role=\"tabpanel\" tabindex=\"0\" aria-labelledby=\"fusion-tab-kad\u0131nsa\u00e7ekimi\" id=\"tab-a6e2f70e83b0901c461\">\n<h4 data-start=\"1476\" data-end=\"1519\">\u00d6zelle\u015ftirilmi\u015f restorasyon ile g\u00fcven<\/h4>\n<ul data-start=\"1521\" data-end=\"1973\">\n<li data-start=\"1521\" data-end=\"1680\">\n<p data-start=\"1523\" data-end=\"1680\"><strong data-start=\"1523\" data-end=\"1538\">Nedir?<\/strong><br data-start=\"1538\" data-end=\"1541\">\u0130\u015flemlerimiz kad\u0131nlardaki benzersiz sa\u00e7 restorasyon ihtiya\u00e7lar\u0131n\u0131 kar\u015f\u0131lamak i\u00e7in \u00f6zenle tasarlanm\u0131\u015f olup, hacim art\u0131r\u0131m\u0131 ve do\u011fal ak\u0131\u015fa odaklan\u0131r.<\/p>\n<\/li>\n<li data-start=\"1682\" data-end=\"1818\">\n<p data-start=\"1684\" data-end=\"1818\"><strong data-start=\"1684\" data-end=\"1702\">Kimler i\u00e7in?<\/strong><br data-start=\"1702\" data-end=\"1705\">T\u0131ra\u015f veya g\u00f6r\u00fcn\u00fcr tedavi belirtileri olmadan daha dolgun sa\u00e7 g\u00f6r\u00fcn\u00fcm\u00fc veya daha tan\u0131ml\u0131 sa\u00e7 \u00e7izgileri arayan kad\u0131nlar.<\/p>\n<\/li>\n<li data-start=\"1820\" data-end=\"1973\">\n<p data-start=\"1822\" data-end=\"1973\"><strong data-start=\"1822\" data-end=\"1838\">Neden Rehaira?<\/strong><br data-start=\"1838\" data-end=\"1841\">Yakla\u015f\u0131m\u0131m\u0131z gizli, estetik odakl\u0131 ve kad\u0131n sa\u00e7 desenlerinde deneyimli bir ekip taraf\u0131ndan \u00f6zen ve hassasiyetle \u00f6zelle\u015ftirilmi\u015ftir.<\/p>\n<\/li>\n<\/ul>\n<div class=\"fusion-alignright\"><a class=\"fusion-button button-flat fusion-button-default-size button-custom fusion-button-default button-3 fusion-button-default-span fusion-button-default-type awb-b-icon-pos-right\" style=\"--button_accent_color:var(--awb-custom_color_1);--button_accent_hover_color:var(--awb-color3);--button_border_hover_color:var(--awb-color8);--button_gradient_top_color:var(--awb-color6);--button_gradient_bottom_color:var(--awb-color6);--button_gradient_top_color_hover:var(--awb-color6);--button_gradient_bottom_color_hover:var(--awb-color6);--button_margin-top:20px;\" target=\"_self\" data-hover=\"icon_position\" href=\"https:\/\/rehaira.com\/tr\/service\/kadin-sac-ekimi\/\"><span class=\"fusion-button-text awb-button__text awb-button__text--default\">Kad\u0131n sa\u00e7 ekimi \u00e7\u00f6z\u00fcmlerini ke\u015ffedin<\/span><i class=\"hticon-arrow-right awb-button__icon awb-button__icon--default button-icon-right\" aria-hidden=\"true\"><\/i><i class=\"hticon-arrow-right awb-button__icon awb-button__icon--default button-icon-right\" aria-hidden=\"true\"><\/i><\/a><\/div><\/div><div class=\"tab-pane fade fusion-clearfix\" role=\"tabpanel\" tabindex=\"0\" aria-labelledby=\"fusion-tab-ka\u015fekimi\" id=\"tab-3205263088ab5ef221d\">\n<h4 data-start=\"2009\" data-end=\"2060\">Do\u011fal uyumla ifadenizi yeniden tan\u0131mlama<\/h4>\n<ul data-start=\"2062\" data-end=\"2440\">\n<li data-start=\"2062\" data-end=\"2212\">\n<p data-start=\"2064\" data-end=\"2212\"><strong data-start=\"2064\" data-end=\"2079\">Nedir?<\/strong><br data-start=\"2079\" data-end=\"2082\">Ka\u015f ekimi, y\u00fcz hatlar\u0131n\u0131za uygun daha dolgun, iyi \u015fekillendirilmi\u015f ka\u015flar olu\u015fturmak i\u00e7in sa\u00e7 folik\u00fcllerinin \u00f6zenle yerle\u015ftirilmesini i\u00e7erir.<\/p>\n<\/li>\n<li data-start=\"2214\" data-end=\"2316\">\n<p data-start=\"2216\" data-end=\"2316\"><strong data-start=\"2216\" data-end=\"2234\">Kimler i\u00e7in?<\/strong><br data-start=\"2234\" data-end=\"2237\">Daha tan\u0131ml\u0131 ve ifadeli bir g\u00f6r\u00fcn\u00fcm i\u00e7in ka\u015flar\u0131n\u0131 geli\u015ftirmek isteyen herkes.<\/p>\n<\/li>\n<li data-start=\"2318\" data-end=\"2440\">\n<p data-start=\"2320\" data-end=\"2440\"><strong data-start=\"2320\" data-end=\"2336\">Neden Rehaira?<\/strong><br data-start=\"2336\" data-end=\"2339\">Ekibimiz her ka\u015f \u015feklini simetri ve incelikle tasarlayarak g\u00fczel do\u011fal sonu\u00e7lar elde eder.<\/p>\n<\/li>\n<\/ul>\n<div class=\"fusion-alignright\"><a class=\"fusion-button button-flat fusion-button-default-size button-custom fusion-button-default button-4 fusion-button-default-span fusion-button-default-type awb-b-icon-pos-right\" style=\"--button_accent_color:var(--awb-custom_color_1);--button_accent_hover_color:var(--awb-color3);--button_border_hover_color:var(--awb-color8);--button_gradient_top_color:var(--awb-color6);--button_gradient_bottom_color:var(--awb-color6);--button_gradient_top_color_hover:var(--awb-color6);--button_gradient_bottom_color_hover:var(--awb-color6);--button_margin-top:20px;\" target=\"_self\" data-hover=\"icon_position\" href=\"https:\/\/rehaira.com\/tr\/service\/kas-ekimi\/\"><span class=\"fusion-button-text awb-button__text awb-button__text--default\">Ka\u015f ekiminin nas\u0131l \u00e7al\u0131\u015ft\u0131\u011f\u0131n\u0131 g\u00f6r\u00fcn<\/span><i class=\"hticon-arrow-right awb-button__icon awb-button__icon--default button-icon-right\" aria-hidden=\"true\"><\/i><i class=\"hticon-arrow-right awb-button__icon awb-button__icon--default button-icon-right\" aria-hidden=\"true\"><\/i><\/a><\/div><\/div><div class=\"tab-pane fade fusion-clearfix\" role=\"tabpanel\" tabindex=\"0\" aria-labelledby=\"fusion-tab-sakalveb\u0131y\u0131kekimi\" id=\"tab-7aecf7cba2f47215791\">\n<h4 data-start=\"2485\" data-end=\"2514\">\u0130mza g\u00f6r\u00fcn\u00fcm\u00fcn\u00fcz\u00fc \u015fekillendirin<\/h4>\n<ul data-start=\"2516\" data-end=\"2941\">\n<li data-start=\"2516\" data-end=\"2672\">\n<p data-start=\"2518\" data-end=\"2672\"><strong data-start=\"2518\" data-end=\"2533\">Nedir?<\/strong><br data-start=\"2533\" data-end=\"2536\">Bu i\u015flem, tan\u0131m istenilen alanlara sa\u00e7 folik\u00fclleri yerle\u015ftirerek dolgun, dengeli bir sakal ve b\u0131y\u0131\u011f\u0131 geli\u015ftirir veya olu\u015fturur.<\/p>\n<\/li>\n<li data-start=\"2674\" data-end=\"2792\">\n<p data-start=\"2676\" data-end=\"2792\"><strong data-start=\"2676\" data-end=\"2694\">Kimler i\u00e7in?<\/strong><br data-start=\"2694\" data-end=\"2697\">Y\u00fcz \u00e7er\u00e7evelemesini geli\u015ftirmek isteyen, ister seyrek alanlar\u0131 doldurmak ister yeni bir stil tasarlamak isteyen erkekler.<\/p>\n<\/li>\n<li data-start=\"2794\" data-end=\"2941\">\n<p data-start=\"2796\" data-end=\"2941\"><strong data-start=\"2796\" data-end=\"2812\">Neden Rehaira?<\/strong><br data-start=\"2812\" data-end=\"2815\">\u00d6zelliklerinizi tamamlayan mask\u00fclen, otantik sonu\u00e7lar sunmak i\u00e7in sanatsal planlama ile teknik uzmanl\u0131\u011f\u0131 birle\u015ftiriyoruz.<\/p>\n<\/li>\n<\/ul>\n<div class=\"fusion-alignright\"><a class=\"fusion-button button-flat fusion-button-default-size button-custom fusion-button-default button-5 fusion-button-default-span fusion-button-default-type awb-b-icon-pos-right\" style=\"--button_accent_color:var(--awb-custom_color_1);--button_accent_hover_color:var(--awb-color3);--button_border_hover_color:var(--awb-color8);--button_gradient_top_color:var(--awb-color6);--button_gradient_bottom_color:var(--awb-color6);--button_gradient_top_color_hover:var(--awb-color6);--button_gradient_bottom_color_hover:var(--awb-color6);--button_margin-top:20px;\" target=\"_self\" data-hover=\"icon_position\" href=\"https:\/\/rehaira.com\/tr\/service\/sakal-ve-biyik-ekimi\/\"><span class=\"fusion-button-text awb-button__text awb-button__text--default\">Sakal ve b\u0131y\u0131k ekimi hakk\u0131nda daha fazla bilgi edinin<\/span><i class=\"hticon-arrow-right awb-button__icon awb-button__icon--default button-icon-right\" aria-hidden=\"true\"><\/i><i class=\"hticon-arrow-right awb-button__icon awb-button__icon--default button-icon-right\" aria-hidden=\"true\"><\/i><\/a><\/div><\/div><\/div><\/div><\/div><\/div><\/div><\/div><div class=\"fusion-fullwidth fullwidth-box fusion-builder-row-4 fusion-flex-container has-pattern-background has-mask-background nonhundred-percent-fullwidth non-hundred-percent-height-scrolling\" style=\"--awb-border-radius-top-left:0px;--awb-border-radius-top-right:0px;--awb-border-radius-bottom-right:0px;--awb-border-radius-bottom-left:0px;--awb-flex-wrap:wrap;\" ><div class=\"fusion-builder-row fusion-row fusion-flex-align-items-flex-start fusion-flex-content-wrap\" style=\"max-width:1248px;margin-left: calc(-4% \/ 2 );margin-right: calc(-4% \/ 2 );\"><div class=\"fusion-layout-column fusion_builder_column fusion-builder-column-2 fusion_builder_column_1_1 1_1 fusion-flex-column\" style=\"--awb-bg-size:cover;--awb-width-large:100%;--awb-margin-top-large:20px;--awb-spacing-right-large:1.92%;--awb-margin-bottom-large:20px;--awb-spacing-left-large:1.92%;--awb-width-medium:100%;--awb-order-medium:0;--awb-spacing-right-medium:1.92%;--awb-spacing-left-medium:1.92%;--awb-width-small:100%;--awb-order-small:0;--awb-spacing-right-small:1.92%;--awb-spacing-left-small:1.92%;\" data-scroll-devices=\"small-visibility,medium-visibility,large-visibility\"><div class=\"fusion-column-wrapper fusion-column-has-shadow fusion-flex-justify-content-flex-start fusion-content-layout-column\"><div class=\"fusion-title title fusion-title-2 fusion-sep-none fusion-title-center fusion-title-text fusion-title-size-three\"><h3 class=\"fusion-title-heading title-heading-center\" style=\"margin:0;\">Ki\u015fiselle\u015ftirilmi\u015f bir \u00e7\u00f6z\u00fcme mi ihtiyac\u0131n\u0131z var?<\/h3><\/div><\/div><\/div><\/div><\/div><div class=\"fusion-fullwidth fullwidth-box fusion-builder-row-5 fusion-flex-container has-pattern-background has-mask-background nonhundred-percent-fullwidth non-hundred-percent-height-scrolling\" style=\"--awb-border-sizes-top:8px;--awb-border-color:hsla(var(--awb-color5-h),var(--awb-color5-s),var(--awb-color5-l),calc(var(--awb-color5-a) - 50%));--awb-border-radius-top-left:0px;--awb-border-radius-top-right:0px;--awb-border-radius-bottom-right:0px;--awb-border-radius-bottom-left:0px;--awb-padding-top:80px;--awb-padding-bottom:80px;--awb-padding-bottom-small:80px;--awb-margin-bottom:0px;--awb-margin-bottom-medium:0px;--awb-margin-bottom-small:0px;--awb-background-color:var(--awb-color6);--awb-flex-wrap:wrap;\" ><div class=\"fusion-builder-row fusion-row fusion-flex-align-items-flex-start fusion-flex-content-wrap\" style=\"max-width:1248px;margin-left: calc(-4% \/ 2 );margin-right: calc(-4% \/ 2 );\"><div class=\"fusion-layout-column fusion_builder_column fusion-builder-column-3 fusion_builder_column_1_1 1_1 fusion-flex-column\" style=\"--awb-padding-bottom-small:0px;--awb-bg-size:cover;--awb-width-large:100%;--awb-margin-top-large:0px;--awb-spacing-right-large:1.92%;--awb-margin-bottom-large:20px;--awb-spacing-left-large:1.92%;--awb-width-medium:100%;--awb-order-medium:0;--awb-spacing-right-medium:1.92%;--awb-spacing-left-medium:1.92%;--awb-width-small:100%;--awb-order-small:0;--awb-spacing-right-small:1.92%;--awb-margin-bottom-small:0px;--awb-spacing-left-small:1.92%;\" data-scroll-devices=\"small-visibility,medium-visibility,large-visibility\"><div class=\"fusion-column-wrapper fusion-column-has-shadow fusion-flex-justify-content-flex-start fusion-content-layout-column\"><div class=\"fusion-title title fusion-title-3 fusion-sep-none fusion-title-center fusion-title-text fusion-title-size-two\"><h2 class=\"fusion-title-heading title-heading-center\" style=\"margin:0;\">\u00dccretsiz \u00e7evrimi\u00e7i kons\u00fcltasyonunuzu al\u0131n<\/h2><\/div><div class=\"fusion-separator\" style=\"align-self: center;margin-left: auto;margin-right: auto;margin-bottom:0px;width:100%;max-width:350px;\"><div class=\"fusion-separator-border sep-single sep-solid\" style=\"--awb-height:20px;--awb-amount:20px;--awb-sep-color:hsla(var(--awb-color5-h),var(--awb-color5-s),var(--awb-color5-l),calc(var(--awb-color5-a) - 70%));border-color:hsla(var(--awb-color5-h),var(--awb-color5-s),var(--awb-color5-l),calc(var(--awb-color5-a) - 70%));border-top-width:1px;\"><\/div><\/div><div class=\"fusion-text fusion-text-2\" style=\"--awb-content-alignment:center;--awb-margin-top:30px;\"><p>Sa\u00e7 durumunuza g\u00f6re doktorumuzdan sadece 10 dakika i\u00e7inde ki\u015fiselle\u015ftirilmi\u015f tedavi veya bak\u0131m \u00f6nerisi al\u0131n.<\/p>\n<p>Taahh\u00fct yok <span style=\"color: #c8b3a7;\">\u2022<\/span> G\u00fcvenli ve gizli <span style=\"color: #c8b3a7;\">\u2022<\/span> \u0130htiya\u00e7lar\u0131n\u0131za \u00f6zel<\/p>\n<\/div><div style=\"text-align:center;\"><a class=\"fusion-button button-flat fusion-button-default-size button-default fusion-button-default button-6 fusion-button-default-span fusion-button-default-type\" style=\"--button_margin-top:30px;\" target=\"_self\" href=\"https:\/\/rehaira.com\/tr\/free-hair-analysis\/\"><span class=\"fusion-button-text awb-button__text awb-button__text--default\">\u00dccretsiz analizimi ba\u015flat<\/span><\/a><\/div><\/div><\/div><\/div><\/div>\n<\/p>\n","protected":false},"excerpt":{"rendered":"<p>Erkek ve kad\u0131nlar i\u00e7in sundu\u011fumuz tam sa\u00e7 restorasyon hizmetleri yelpazesini ke\u015ffedin.<\/p>\n","protected":false},"author":1,"featured_media":0,"parent":0,"menu_order":0,"comment_status":"closed","ping_status":"closed","template":"100-width.php","meta":{"_acf_changed":false,"footnotes":""},"class_list":["post-6779","page","type-page","status-publish","hentry"],"acf":[],"_links":{"self":[{"href":"https:\/\/rehaira.com\/tr\/wp-json\/wp\/v2\/pages\/6779","targetHints":{"allow":["GET"]}}],"collection":[{"href":"https:\/\/rehaira.com\/tr\/wp-json\/wp\/v2\/pages"}],"about":[{"href":"https:\/\/rehaira.com\/tr\/wp-json\/wp\/v2\/types\/page"}],"author":[{"embeddable":true,"href":"https:\/\/rehaira.com\/tr\/wp-json\/wp\/v2\/users\/1"}],"replies":[{"embeddable":true,"href":"https:\/\/rehaira.com\/tr\/wp-json\/wp\/v2\/comments?post=6779"}],"version-history":[{"count":11,"href":"https:\/\/rehaira.com\/tr\/wp-json\/wp\/v2\/pages\/6779\/revisions"}],"predecessor-version":[{"id":11804,"href":"https:\/\/rehaira.com\/tr\/wp-json\/wp\/v2\/pages\/6779\/revisions\/11804"}],"wp:attachment":[{"href":"https:\/\/rehaira.com\/tr\/wp-json\/wp\/v2\/media?parent=6779"}],"curies":[{"name":"wp","href":"https:\/\/api.w.org\/{rel}","templated":true}]}}