{"id":7420,"date":"2025-08-02T20:50:10","date_gmt":"2025-08-02T17:50:10","guid":{"rendered":"https:\/\/rehaira.com\/gizlilik-politikasi\/"},"modified":"2025-10-23T10:26:40","modified_gmt":"2025-10-23T07:26:40","slug":"gizlilik-politikasi","status":"publish","type":"page","link":"https:\/\/rehaira.com\/tr\/gizlilik-politikasi\/","title":{"rendered":"Gizlilik Politikas\u0131"},"content":{"rendered":"<h1 data-start=\"380\" data-end=\"402\"><strong data-start=\"382\" data-end=\"400\">Gizlilik Politikas\u0131<\/strong><\/h1>\n<p data-start=\"403\" data-end=\"478\"><strong data-start=\"403\" data-end=\"422\">Y\u00fcr\u00fcrl\u00fck Tarihi:<\/strong> 23 Ekim 2025<br data-start=\"439\" data-end=\"442\"><strong data-start=\"442\" data-end=\"459\">Son G\u00fcncelleme:<\/strong> 23 Ekim 2025<\/p>\n<h2 data-start=\"480\" data-end=\"500\">1. Giri\u015f<\/h2>\n<p data-start=\"501\" data-end=\"902\">Bu Gizlilik Politikas\u0131, <strong data-start=\"534\" data-end=\"608\">REHA\u0130RA SA\u011eLIK TUR\u0130ZM \u0130N\u015eAAT TEKST\u0130L SANAY\u0130 VE T\u0130CARET L\u0130M\u0130TED \u015e\u0130RKET\u0130<\/strong>, <strong data-start=\"641\" data-end=\"664\">Rehaira Hair Clinic<\/strong> markas\u0131 alt\u0131nda faaliyet g\u00f6steren (\u201c<strong data-start=\"667\" data-end=\"678\">Rehaira<\/strong>\u201d, \u201c<strong data-start=\"682\" data-end=\"688\">biz<\/strong>\u201d, \u201c<strong data-start=\"692\" data-end=\"699\">bizim<\/strong>\u201d veya \u201c<strong data-start=\"706\" data-end=\"720\">klinik<\/strong>\u201d), web sitemizi ziyaret etti\u011finizde, hizmetlerimizi kulland\u0131\u011f\u0131n\u0131zda veya reklamlar\u0131m\u0131z ve dijital ileti\u015fim kanallar\u0131m\u0131zla etkile\u015fimde bulundu\u011funuzda ki\u015fisel verilerinizi nas\u0131l toplad\u0131\u011f\u0131n\u0131, kulland\u0131\u011f\u0131n\u0131, if\u015fa etti\u011fini ve korudu\u011funu a\u00e7\u0131klar.<\/p>\n<p data-start=\"904\" data-end=\"1168\">Rehaira, gizlili\u011finizi korumaya ve ki\u015fisel verilerinizin <strong data-start=\"1023\" data-end=\"1071\">AB Genel Veri Koruma Y\u00f6netmeli\u011fi (GDPR)<\/strong>, <strong data-start=\"1077\" data-end=\"1108\">Birle\u015fik Krall\u0131k Veri Koruma Yasas\u0131 2018<\/strong> ve <strong data-start=\"1118\" data-end=\"1165\">T\u00fcrk Ki\u015fisel Verilerin Korunmas\u0131 Kanunu (KVKK)<\/strong> ile uyumlu olarak i\u015flenmesini sa\u011flamaya kararl\u0131d\u0131r.<\/p>\n<hr data-start=\"1170\" data-end=\"1173\">\n<h2 data-start=\"1175\" data-end=\"1198\">2. Toplad\u0131\u011f\u0131m\u0131z Veriler<\/h2>\n<p data-start=\"1199\" data-end=\"1309\">Bizimle nas\u0131l etkile\u015fimde bulundu\u011funuza ba\u011fl\u0131 olarak, a\u015fa\u011f\u0131daki ki\u015fisel veri kategorilerini toplay\u0131p i\u015fleyebiliriz:<\/p>\n<ul data-start=\"1311\" data-end=\"1793\">\n<li data-start=\"1311\" data-end=\"1374\">\n<p data-start=\"1313\" data-end=\"1374\"><strong data-start=\"1313\" data-end=\"1338\">Kimlik Bilgileri:<\/strong> Tam ad, do\u011fum tarihi, cinsiyet.<\/p>\n<\/li>\n<li data-start=\"1375\" data-end=\"1451\">\n<p data-start=\"1377\" data-end=\"1451\"><strong data-start=\"1377\" data-end=\"1401\">\u0130leti\u015fim Bilgileri:<\/strong> E-posta adresi, telefon numaras\u0131, \u00fclke ve \u015fehir.<\/p>\n<\/li>\n<li data-start=\"1452\" data-end=\"1602\">\n<p data-start=\"1454\" data-end=\"1602\"><strong data-start=\"1454\" data-end=\"1478\">T\u0131bbi Bilgiler:<\/strong> Sa\u00e7 d\u00f6k\u00fclmesi durumu, sa\u00e7 derisi analizi detaylar\u0131 ve ilgili t\u0131bbi ge\u00e7mi\u015f (yaln\u0131zca a\u00e7\u0131k r\u0131zan\u0131zla i\u015flenir).<\/p>\n<\/li>\n<li data-start=\"1603\" data-end=\"1693\">\n<p data-start=\"1605\" data-end=\"1693\"><strong data-start=\"1605\" data-end=\"1624\">Teknik Veriler:<\/strong> IP adresi, cihaz detaylar\u0131, taray\u0131c\u0131 t\u00fcr\u00fc, \u00e7erezler ve kullan\u0131m kay\u0131tlar\u0131.<\/p>\n<\/li>\n<li data-start=\"1694\" data-end=\"1793\">\n<p data-start=\"1696\" data-end=\"1793\"><strong data-start=\"1696\" data-end=\"1715\">Pazarlama Verileri:<\/strong> Tercihler, geri bildirimler ve reklamlar\u0131m\u0131z veya \u00e7evrimi\u00e7i formlar\u0131m\u0131zdan elde edilen etkile\u015fim ge\u00e7mi\u015fi.<\/p>\n<\/li>\n<\/ul>\n<hr data-start=\"1795\" data-end=\"1798\">\n<h2 data-start=\"1800\" data-end=\"1834\">3. Veri \u0130\u015fleme Amac\u0131<\/h2>\n<p data-start=\"1835\" data-end=\"1865\">Ki\u015fisel verileri \u015fu ama\u00e7larla i\u015fleriz:<\/p>\n<ul data-start=\"1867\" data-end=\"2153\">\n<li data-start=\"1867\" data-end=\"1930\">\n<p data-start=\"1869\" data-end=\"1930\">Sa\u00e7 analizi, dan\u0131\u015fmanl\u0131k ve t\u0131bbi planlama sa\u011flamak,<\/p>\n<\/li>\n<li data-start=\"1931\" data-end=\"1993\">\n<p data-start=\"1933\" data-end=\"1993\">Randevular ve sorular hakk\u0131nda sizinle ileti\u015fim kurmak,<\/p>\n<\/li>\n<li data-start=\"1994\" data-end=\"2042\">\n<p data-start=\"1996\" data-end=\"2042\">Hizmetlerimizi ve hasta deneyimini iyile\u015ftirmek,<\/p>\n<\/li>\n<li data-start=\"2043\" data-end=\"2090\">\n<p data-start=\"2045\" data-end=\"2090\">Reklam ve pazarlama kampanyalar\u0131n\u0131 y\u00f6netmek,<\/p>\n<\/li>\n<li data-start=\"2091\" data-end=\"2153\">\n<p data-start=\"2093\" data-end=\"2153\">Yasal y\u00fck\u00fcml\u00fcl\u00fcklerimizi yerine getirmek ve hasta kay\u0131tlar\u0131n\u0131 tutmak.<\/p>\n<\/li>\n<\/ul>\n<hr data-start=\"2155\" data-end=\"2158\">\n<h2 data-start=\"2160\" data-end=\"2194\">4. \u0130\u015fleme i\u00e7in Yasal Dayanak<\/h2>\n<p data-start=\"2195\" data-end=\"2256\">Ki\u015fisel verilerinizi a\u015fa\u011f\u0131daki yasal dayanaklara g\u00f6re i\u015fleriz:<\/p>\n<ul data-start=\"2258\" data-end=\"2493\">\n<li data-start=\"2258\" data-end=\"2288\">\n<p data-start=\"2260\" data-end=\"2288\"><strong data-start=\"2260\" data-end=\"2285\">A\u00e7\u0131k r\u0131zan\u0131z<\/strong>,<\/p>\n<\/li>\n<li data-start=\"2289\" data-end=\"2366\">\n<p data-start=\"2291\" data-end=\"2366\"><strong data-start=\"2291\" data-end=\"2320\">Bir s\u00f6zle\u015fmenin ifas\u0131<\/strong> (\u00f6rn. dan\u0131\u015fmanl\u0131k veya tedavi planlamas\u0131),<\/p>\n<\/li>\n<li data-start=\"2367\" data-end=\"2409\">\n<p data-start=\"2369\" data-end=\"2409\"><strong data-start=\"2369\" data-end=\"2406\">Yasal y\u00fck\u00fcml\u00fcl\u00fcklere uyum<\/strong>,<\/p>\n<\/li>\n<li data-start=\"2410\" data-end=\"2493\">\n<p data-start=\"2412\" data-end=\"2493\"><strong data-start=\"2412\" data-end=\"2436\">Hizmet kalitesini ve hasta memnuniyetini art\u0131rmada me\u015fru menfaatler<\/strong>.<\/p>\n<\/li>\n<\/ul>\n<hr data-start=\"2495\" data-end=\"2498\">\n<h2 data-start=\"2500\" data-end=\"2527\">5. Verileri Nas\u0131l Toplar\u0131z<\/h2>\n<p data-start=\"2528\" data-end=\"2565\">Verileriniz \u015fu yollarla toplanabilir:<\/p>\n<ul data-start=\"2567\" data-end=\"2842\">\n<li data-start=\"2567\" data-end=\"2643\">\n<p data-start=\"2569\" data-end=\"2643\">Web sitemizdeki \u00e7evrimi\u00e7i formlar (\u00f6rn. \u00fccretsiz sa\u00e7 analizi veya ileti\u015fim formlar\u0131),<\/p>\n<\/li>\n<li data-start=\"2644\" data-end=\"2716\">\n<p data-start=\"2646\" data-end=\"2716\">Mesajla\u015fma platformlar\u0131 (WhatsApp, Instagram, Facebook Messenger vb.),<\/p>\n<\/li>\n<li data-start=\"2717\" data-end=\"2774\">\n<p data-start=\"2719\" data-end=\"2774\">Reklam kampanyalar\u0131 (Meta, Google Ads, TikTok Ads),<\/p>\n<\/li>\n<li data-start=\"2775\" data-end=\"2842\">\n<p data-start=\"2777\" data-end=\"2842\">E-posta, telefon veya temsilcilerimizle do\u011frudan ileti\u015fim.<\/p>\n<\/li>\n<\/ul>\n<hr data-start=\"2844\" data-end=\"2847\">\n<h2 data-start=\"2849\" data-end=\"2897\">6. Veri Payla\u015f\u0131m\u0131 ve Uluslararas\u0131 Transferler<\/h2>\n<p data-start=\"2898\" data-end=\"3016\">Yukar\u0131da belirtilen ama\u00e7lar do\u011frultusunda ki\u015fisel verileri g\u00fcvenilir ortaklar ve hizmet sa\u011flay\u0131c\u0131larla payla\u015fabiliriz. Bunlar \u015funlar\u0131 i\u00e7erir: <\/p>\n<ul data-start=\"3018\" data-end=\"3245\">\n<li data-start=\"3018\" data-end=\"3096\">\n<p data-start=\"3020\" data-end=\"3096\"><strong data-start=\"3020\" data-end=\"3065\">T\u0131p uzmanlar\u0131 ve ortak klinikler<\/strong>, tedavi koordinasyonu i\u00e7in,<\/p>\n<\/li>\n<li data-start=\"3097\" data-end=\"3179\">\n<p data-start=\"3099\" data-end=\"3179\"><strong data-start=\"3099\" data-end=\"3144\">Dijital pazarlama ve analiz sa\u011flay\u0131c\u0131lar\u0131<\/strong>, \u00e7evrimi\u00e7i performans\u0131 optimize etmek i\u00e7in,<\/p>\n<\/li>\n<li data-start=\"3180\" data-end=\"3245\">\n<p data-start=\"3182\" data-end=\"3245\"><strong data-start=\"3182\" data-end=\"3220\">Yasal ve resmi makamlar<\/strong>, kanun gere\u011fi oldu\u011funda.<\/p>\n<\/li>\n<\/ul>\n<p data-start=\"3247\" data-end=\"3451\">Veriler Avrupa Ekonomik Alan\u0131 (AEA) d\u0131\u015f\u0131na transfer edildi\u011finde, Avrupa Komisyonu taraf\u0131ndan onaylanm\u0131\u015f <strong data-start=\"3373\" data-end=\"3412\">Standart S\u00f6zle\u015fme Maddeleri (SCC&#8217;ler)<\/strong> gibi uygun g\u00fcvenlik \u00f6nlemlerinin al\u0131nd\u0131\u011f\u0131ndan emin oluruz.<\/p>\n<p data-start=\"3453\" data-end=\"3515\">Ki\u015fisel verileriniz asla \u00fc\u00e7\u00fcnc\u00fc taraflara sat\u0131lmaz veya kiralanmaz.<\/p>\n<hr data-start=\"3517\" data-end=\"3520\">\n<h2 data-start=\"3522\" data-end=\"3563\">7. \u00c7erezler ve \u0130zleme Teknolojileri<\/h2>\n<p data-start=\"3564\" data-end=\"3739\">Web sitemiz, kullan\u0131c\u0131 deneyimini iyile\u015ftirmek, trafi\u011fi analiz etmek ve i\u00e7eri\u011fi ki\u015fiselle\u015ftirmek i\u00e7in \u00e7erezler kullan\u0131r.<br data-start=\"3658\" data-end=\"3661\">\u00c7erezleri taray\u0131c\u0131 ayarlar\u0131n\u0131z arac\u0131l\u0131\u011f\u0131yla istedi\u011finiz zaman y\u00f6netebilir veya devre d\u0131\u015f\u0131 b\u0131rakabilirsiniz.<\/p>\n<hr data-start=\"3741\" data-end=\"3744\">\n<h2 data-start=\"3746\" data-end=\"3768\">8. Veri Saklama<\/h2>\n<p data-start=\"3769\" data-end=\"3984\">Ki\u015fisel verileri yaln\u0131zca bu politikada a\u00e7\u0131klanan ama\u00e7lar\u0131 ger\u00e7ekle\u015ftirmek i\u00e7in gerekli olan s\u00fcre boyunca veya y\u00fcr\u00fcrl\u00fckteki yasalar\u0131n gerektirdi\u011fi \u015fekilde saklar\u0131z. Saklama s\u00fcreleri sona erdi\u011finde, veriler g\u00fcvenli bir \u015fekilde silinir veya anonimle\u015ftirilir. <\/p>\n<hr data-start=\"3986\" data-end=\"3989\">\n<h2 data-start=\"3991\" data-end=\"4023\">9. Haklar\u0131n\u0131z (GDPR Kapsam\u0131nda)<\/h2>\n<p data-start=\"4024\" data-end=\"4085\">Ki\u015fisel verilerinizle ilgili a\u015fa\u011f\u0131daki haklara sahipsiniz:<\/p>\n<ul data-start=\"4087\" data-end=\"4299\">\n<li data-start=\"4087\" data-end=\"4117\">\n<p data-start=\"4089\" data-end=\"4117\">Ki\u015fisel verilerinize eri\u015fim,<\/p>\n<\/li>\n<li data-start=\"4118\" data-end=\"4153\">\n<p data-start=\"4120\" data-end=\"4153\">D\u00fczeltme veya silme talep etme,<\/p>\n<\/li>\n<li data-start=\"4154\" data-end=\"4191\">\n<p data-start=\"4156\" data-end=\"4191\">\u0130\u015flemeyi k\u0131s\u0131tlama veya i\u015flemeye itiraz etme,<\/p>\n<\/li>\n<li data-start=\"4192\" data-end=\"4221\">\n<p data-start=\"4194\" data-end=\"4221\">Veri ta\u015f\u0131nabilirli\u011fi talep etme,<\/p>\n<\/li>\n<li data-start=\"4222\" data-end=\"4299\">\n<p data-start=\"4224\" data-end=\"4299\">\u0130stedi\u011finiz zaman r\u0131zan\u0131z\u0131 geri \u00e7ekme (\u00f6nceki yasal i\u015flemeleri etkilemez).<\/p>\n<\/li>\n<\/ul>\n<p data-start=\"4301\" data-end=\"4364\">Bu haklar\u0131 kullanmak i\u00e7in <strong data-start=\"4341\" data-end=\"4361\"><a class=\"decorated-link cursor-pointer\" rel=\"noopener\" data-start=\"4343\" data-end=\"4359\">info@rehaira.com<\/a><\/strong> adresinden bizimle ileti\u015fime ge\u00e7in.<\/p>\n<hr data-start=\"4366\" data-end=\"4369\">\n<h2 data-start=\"4371\" data-end=\"4393\">10. Veri G\u00fcvenli\u011fi<\/h2>\n<p data-start=\"4394\" data-end=\"4640\">Rehaira, ki\u015fisel verilerinizi yetkisiz eri\u015fime, de\u011fi\u015fikli\u011fe, if\u015faya veya imhaya kar\u015f\u0131 korumak i\u00e7in uygun teknik ve organizasyonel \u00f6nlemler al\u0131r.<br data-start=\"4558\" data-end=\"4561\">Web sitemiz \u00fczerinden yap\u0131lan t\u00fcm veri transferleri <strong data-start=\"4619\" data-end=\"4637\">SSL \u015fifreleme<\/strong> ile korunmaktad\u0131r.<\/p>\n<hr data-start=\"4642\" data-end=\"4645\">\n<h2 data-start=\"4647\" data-end=\"4678\">11. Bu Politikadaki G\u00fcncellemeler<\/h2>\n<p data-start=\"4679\" data-end=\"4942\">Bu Gizlilik Politikas\u0131n\u0131 yasal veya operasyonel de\u011fi\u015fiklikleri yans\u0131tmak i\u00e7in periyodik olarak g\u00fcncelleyebiliriz.<br data-start=\"4766\" data-end=\"4769\">En son versiyon her zaman <a class=\"decorated-link\" href=\"https:\/\/www.rehaira.com\" target=\"_new\" rel=\"noopener\" data-start=\"4816\" data-end=\"4858\">www.rehaira.com<\/a> adresinde mevcut olacakt\u0131r.<br data-start=\"4859\" data-end=\"4862\">\u00d6nemli g\u00fcncellemeler olmas\u0131 durumunda, sizi e-posta yoluyla veya web sitemiz \u00fczerinden bilgilendirece\u011fiz.<\/p>\n<hr data-start=\"4944\" data-end=\"4947\">\n<h2 data-start=\"4949\" data-end=\"4977\">12. \u0130leti\u015fim Bilgileri<\/h2>\n<p data-start=\"4978\" data-end=\"5296\"><strong data-start=\"4978\" data-end=\"4998\">Veri Sorumlusu:<\/strong><br data-start=\"4998\" data-end=\"5001\"><strong data-start=\"5001\" data-end=\"5075\">REHA\u0130RA SA\u011eLIK TUR\u0130ZM \u0130N\u015eAAT TEKST\u0130L SANAY\u0130 VE T\u0130CARET L\u0130M\u0130TED \u015e\u0130RKET\u0130<\/strong><br data-start=\"5075\" data-end=\"5078\"><strong data-start=\"5078\" data-end=\"5093\">Marka Ad\u0131:<\/strong> Rehaira Hair Clinic<br data-start=\"5113\" data-end=\"5116\"><strong data-start=\"5116\" data-end=\"5126\">E-posta:<\/strong> <a class=\"decorated-link cursor-pointer\" rel=\"noopener\" data-start=\"5127\" data-end=\"5143\">info@rehaira.com<\/a><br data-start=\"5143\" data-end=\"5146\"><strong data-start=\"5146\" data-end=\"5156\">Telefon:<\/strong> +90 501 005 44 99<br data-start=\"5174\" data-end=\"5177\"><strong data-start=\"5177\" data-end=\"5189\">Web sitesi:<\/strong> <a class=\"decorated-link\" href=\"https:\/\/www.rehaira.com\" target=\"_new\" rel=\"noopener\" data-start=\"5190\" data-end=\"5232\">www.rehaira.com<\/a><br data-start=\"5232\" data-end=\"5235\"><strong data-start=\"5235\" data-end=\"5247\">Adres:<\/strong> Cihangir Mahallesi, E5 Yan yol, Londra Asfalt\u0131 Caddesi, B Blok No: 291\/1G, 34310 Avc\u0131lar\/\u0130stanbul<\/p>\n","protected":false},"excerpt":{"rendered":"<p>Gizlili\u011finiz \u00f6nemlidir. Ki\u015fisel verilerinizi nas\u0131l toplad\u0131\u011f\u0131m\u0131z\u0131, saklad\u0131\u011f\u0131m\u0131z\u0131 ve korudu\u011fumuzu okuyunuz. <\/p>\n","protected":false},"author":1,"featured_media":0,"parent":0,"menu_order":0,"comment_status":"closed","ping_status":"closed","template":"100-width.php","meta":{"_acf_changed":false,"footnotes":""},"class_list":["post-7420","page","type-page","status-publish","hentry"],"acf":[],"_links":{"self":[{"href":"https:\/\/rehaira.com\/tr\/wp-json\/wp\/v2\/pages\/7420","targetHints":{"allow":["GET"]}}],"collection":[{"href":"https:\/\/rehaira.com\/tr\/wp-json\/wp\/v2\/pages"}],"about":[{"href":"https:\/\/rehaira.com\/tr\/wp-json\/wp\/v2\/types\/page"}],"author":[{"embeddable":true,"href":"https:\/\/rehaira.com\/tr\/wp-json\/wp\/v2\/users\/1"}],"replies":[{"embeddable":true,"href":"https:\/\/rehaira.com\/tr\/wp-json\/wp\/v2\/comments?post=7420"}],"version-history":[{"count":2,"href":"https:\/\/rehaira.com\/tr\/wp-json\/wp\/v2\/pages\/7420\/revisions"}],"predecessor-version":[{"id":9230,"href":"https:\/\/rehaira.com\/tr\/wp-json\/wp\/v2\/pages\/7420\/revisions\/9230"}],"wp:attachment":[{"href":"https:\/\/rehaira.com\/tr\/wp-json\/wp\/v2\/media?parent=7420"}],"curies":[{"name":"wp","href":"https:\/\/api.w.org\/{rel}","templated":true}]}}